{"id":423542,"date":"2024-07-24T08:34:06","date_gmt":"2024-07-24T08:34:06","guid":{"rendered":"https:\/\/www.erresse-shop.it\/?post_type=product&#038;p=423542"},"modified":"2025-01-17T07:42:11","modified_gmt":"2025-01-17T07:42:11","slug":"imperia-nudelmaschine-electric-ipasta-rot","status":"publish","type":"product","link":"https:\/\/www.erresse-shop.it\/de\/shop\/kuche\/nudelmaschinen\/imperia-nudelmaschine-electric-ipasta-rot\/","title":{"rendered":"IMPERIA Nudelmaschine Electric iPasta Rot"},"content":{"rendered":"<p>Die Imperia Electric Classica verbindet traditionelle Handwerkskunst mit modernem Komfort. Die aus verchromtem Stahl gefertigte Maschine ist ein Synonym f\u00fcr Robustheit und Langlebigkeit. Sie ist mit dem innovativen PastaFacile-Motor ausgestattet, der ein gleichm\u00e4\u00dfiges und m\u00fcheloses Ausrollen der Teigbl\u00e4tter gew\u00e4hrleistet. Die elektrische Classica ist mit sechs in der Dicke einstellbaren Walzen ausgestattet, die eine pr\u00e4zise Kontrolle der Dicke erm\u00f6glichen. Au\u00dferdem ist sie mit dem vielseitigen Duplex-Schneider ausgestattet, mit dem zwei beliebte Nudelsorten hergestellt werden k\u00f6nnen: Tagliatelle und Fettuccine. Der PastaFacile-Motor erleichtert nicht nur die Nudelherstellung, sondern sorgt auch daf\u00fcr, dass der Teig jedes Mal glatt wird. Das praktische Design umfasst eine Arbeitsplattenklemme, die f\u00fcr Stabilit\u00e4t sorgt, und einen Trichter, der das Einf\u00fcllen erleichtert.<\/p>\n<p><strong>Hauptmerkmale:<\/strong><\/p>\n<p><strong>Farbe:<\/strong> Klassisches Imperia-Rot<br \/>\n<strong>Verchromter Stahlrahmen:<\/strong> Bietet St\u00e4rke und Haltbarkeit<br \/>\n<strong>Duplex-Schneider:<\/strong> Erm\u00f6glicht die Herstellung von Tagliatelle und Fettuccine<br \/>\n<strong>PastaFacile-Motor:<\/strong> Sorgt f\u00fcr ein gleichm\u00e4\u00dfiges und m\u00fcheloses Ausrollen der Nudelbl\u00e4tter<br \/>\n<strong>230V<\/strong><\/p>\n","protected":false},"excerpt":{"rendered":"<p>Die Imperia Electric Classica verbindet traditionelle Handwerkskunst mit modernem Komfort. Die aus verchromtem Stahl gefertigte Maschine ist ein Synonym f\u00fcr<\/p>\n","protected":false},"featured_media":456800,"template":"","meta":{"_acf_changed":false,"inline_featured_image":false},"product_cat":[6742,12942],"product_tag":[23275,14833,23276],"acf":[],"yoast_head":"<!-- This site is optimized with the Yoast SEO Premium plugin v18.6 (Yoast SEO v19.13) - https:\/\/yoast.com\/wordpress\/plugins\/seo\/ -->\n<title>IMPERIA Nudelmaschine Electric iPasta Rot<\/title>\n<meta name=\"description\" content=\"Entdecken Sie IMPERIA Nudelmaschine Electric iPasta Rot bei ErresseShop. Qualit\u00e4t, Stil und Funktionalit\u00e4t \u2013 jetzt online bestellen!\" \/>\n<meta name=\"robots\" content=\"index, follow, max-snippet:-1, max-image-preview:large, max-video-preview:-1\" \/>\n<link rel=\"canonical\" href=\"https:\/\/www.erresse-shop.it\/de\/shop\/kuche\/nudelmaschinen\/imperia-nudelmaschine-electric-ipasta-rot\/\" \/>\n<meta property=\"og:locale\" content=\"de_DE\" \/>\n<meta property=\"og:type\" content=\"article\" \/>\n<meta property=\"og:title\" content=\"IMPERIA Nudelmaschine Electric iPasta Rot\" \/>\n<meta property=\"og:description\" content=\"Entdecken Sie IMPERIA Nudelmaschine Electric iPasta Rot bei ErresseShop. Qualit\u00e4t, Stil und Funktionalit\u00e4t \u2013 jetzt online bestellen!\" \/>\n<meta property=\"og:url\" content=\"https:\/\/www.erresse-shop.it\/de\/shop\/kuche\/nudelmaschinen\/imperia-nudelmaschine-electric-ipasta-rot\/\" \/>\n<meta property=\"og:site_name\" content=\"Erresse Shop\" \/>\n<meta property=\"article:modified_time\" content=\"2025-01-17T07:42:11+00:00\" \/>\n<meta property=\"og:image\" content=\"https:\/\/www.erresse-shop.it\/wp-content\/uploads\/2024\/07\/IMPERIA-Macchina-per-Pasta-Electric-iPasta-Rosso.jpg\" \/>\n\t<meta property=\"og:image:width\" content=\"1200\" \/>\n\t<meta property=\"og:image:height\" content=\"1200\" \/>\n\t<meta property=\"og:image:type\" content=\"image\/jpeg\" \/>\n<meta name=\"twitter:card\" content=\"summary_large_image\" \/>\n<script type=\"application\/ld+json\" class=\"yoast-schema-graph\">{\"@context\":\"https:\/\/schema.org\",\"@graph\":[{\"@type\":\"WebPage\",\"@id\":\"https:\/\/www.erresse-shop.it\/de\/shop\/kuche\/nudelmaschinen\/imperia-nudelmaschine-electric-ipasta-rot\/\",\"url\":\"https:\/\/www.erresse-shop.it\/de\/shop\/kuche\/nudelmaschinen\/imperia-nudelmaschine-electric-ipasta-rot\/\",\"name\":\"IMPERIA Nudelmaschine Electric iPasta Rot\",\"isPartOf\":{\"@id\":\"https:\/\/www.erresse-shop.it\/de\/#website\"},\"datePublished\":\"2024-07-24T08:34:06+00:00\",\"dateModified\":\"2025-01-17T07:42:11+00:00\",\"description\":\"Entdecken Sie IMPERIA Nudelmaschine Electric iPasta Rot bei ErresseShop. Qualit\u00e4t, Stil und Funktionalit\u00e4t \u2013 jetzt online bestellen!\",\"breadcrumb\":{\"@id\":\"https:\/\/www.erresse-shop.it\/de\/shop\/kuche\/nudelmaschinen\/imperia-nudelmaschine-electric-ipasta-rot\/#breadcrumb\"},\"inLanguage\":\"de-DE\",\"potentialAction\":[{\"@type\":\"ReadAction\",\"target\":[\"https:\/\/www.erresse-shop.it\/de\/shop\/kuche\/nudelmaschinen\/imperia-nudelmaschine-electric-ipasta-rot\/\"]}]},{\"@type\":\"BreadcrumbList\",\"@id\":\"https:\/\/www.erresse-shop.it\/de\/shop\/kuche\/nudelmaschinen\/imperia-nudelmaschine-electric-ipasta-rot\/#breadcrumb\",\"itemListElement\":[{\"@type\":\"ListItem\",\"position\":1,\"name\":\"Home\",\"item\":\"https:\/\/www.erresse-shop.it\/de\/\"},{\"@type\":\"ListItem\",\"position\":2,\"name\":\"Shop\",\"item\":\"https:\/\/www.erresse-shop.it\/de\/shop\/\"},{\"@type\":\"ListItem\",\"position\":3,\"name\":\"IMPERIA Nudelmaschine Electric iPasta Rot\"}]},{\"@type\":\"WebSite\",\"@id\":\"https:\/\/www.erresse-shop.it\/de\/#website\",\"url\":\"https:\/\/www.erresse-shop.it\/de\/\",\"name\":\"Erresse Shop\",\"description\":\"Articoli di qualit\u00e0 per la casa\",\"potentialAction\":[{\"@type\":\"SearchAction\",\"target\":{\"@type\":\"EntryPoint\",\"urlTemplate\":\"https:\/\/www.erresse-shop.it\/de\/?s={search_term_string}\"},\"query-input\":\"required name=search_term_string\"}],\"inLanguage\":\"de-DE\"}]}<\/script>\n<!-- \/ Yoast SEO Premium plugin. -->","yoast_head_json":{"title":"IMPERIA Nudelmaschine Electric iPasta Rot","description":"Entdecken Sie IMPERIA Nudelmaschine Electric iPasta Rot bei ErresseShop. Qualit\u00e4t, Stil und Funktionalit\u00e4t \u2013 jetzt online bestellen!","robots":{"index":"index","follow":"follow","max-snippet":"max-snippet:-1","max-image-preview":"max-image-preview:large","max-video-preview":"max-video-preview:-1"},"canonical":"https:\/\/www.erresse-shop.it\/de\/shop\/kuche\/nudelmaschinen\/imperia-nudelmaschine-electric-ipasta-rot\/","og_locale":"de_DE","og_type":"article","og_title":"IMPERIA Nudelmaschine Electric iPasta Rot","og_description":"Entdecken Sie IMPERIA Nudelmaschine Electric iPasta Rot bei ErresseShop. Qualit\u00e4t, Stil und Funktionalit\u00e4t \u2013 jetzt online bestellen!","og_url":"https:\/\/www.erresse-shop.it\/de\/shop\/kuche\/nudelmaschinen\/imperia-nudelmaschine-electric-ipasta-rot\/","og_site_name":"Erresse Shop","article_modified_time":"2025-01-17T07:42:11+00:00","og_image":[{"width":1200,"height":1200,"url":"https:\/\/www.erresse-shop.it\/wp-content\/uploads\/2024\/07\/IMPERIA-Macchina-per-Pasta-Electric-iPasta-Rosso.jpg","type":"image\/jpeg"}],"twitter_card":"summary_large_image","schema":{"@context":"https:\/\/schema.org","@graph":[{"@type":"WebPage","@id":"https:\/\/www.erresse-shop.it\/de\/shop\/kuche\/nudelmaschinen\/imperia-nudelmaschine-electric-ipasta-rot\/","url":"https:\/\/www.erresse-shop.it\/de\/shop\/kuche\/nudelmaschinen\/imperia-nudelmaschine-electric-ipasta-rot\/","name":"IMPERIA Nudelmaschine Electric iPasta Rot","isPartOf":{"@id":"https:\/\/www.erresse-shop.it\/de\/#website"},"datePublished":"2024-07-24T08:34:06+00:00","dateModified":"2025-01-17T07:42:11+00:00","description":"Entdecken Sie IMPERIA Nudelmaschine Electric iPasta Rot bei ErresseShop. Qualit\u00e4t, Stil und Funktionalit\u00e4t \u2013 jetzt online bestellen!","breadcrumb":{"@id":"https:\/\/www.erresse-shop.it\/de\/shop\/kuche\/nudelmaschinen\/imperia-nudelmaschine-electric-ipasta-rot\/#breadcrumb"},"inLanguage":"de-DE","potentialAction":[{"@type":"ReadAction","target":["https:\/\/www.erresse-shop.it\/de\/shop\/kuche\/nudelmaschinen\/imperia-nudelmaschine-electric-ipasta-rot\/"]}]},{"@type":"BreadcrumbList","@id":"https:\/\/www.erresse-shop.it\/de\/shop\/kuche\/nudelmaschinen\/imperia-nudelmaschine-electric-ipasta-rot\/#breadcrumb","itemListElement":[{"@type":"ListItem","position":1,"name":"Home","item":"https:\/\/www.erresse-shop.it\/de\/"},{"@type":"ListItem","position":2,"name":"Shop","item":"https:\/\/www.erresse-shop.it\/de\/shop\/"},{"@type":"ListItem","position":3,"name":"IMPERIA Nudelmaschine Electric iPasta Rot"}]},{"@type":"WebSite","@id":"https:\/\/www.erresse-shop.it\/de\/#website","url":"https:\/\/www.erresse-shop.it\/de\/","name":"Erresse Shop","description":"Articoli di qualit\u00e0 per la casa","potentialAction":[{"@type":"SearchAction","target":{"@type":"EntryPoint","urlTemplate":"https:\/\/www.erresse-shop.it\/de\/?s={search_term_string}"},"query-input":"required name=search_term_string"}],"inLanguage":"de-DE"}]}},"df_price":110,"df_sale_price":110,"df_regular_price":220,"df_image_link":"https:\/\/www.erresse-shop.it\/wp-content\/uploads\/2024\/07\/IMPERIA-Macchina-per-Pasta-Electric-iPasta-Rosso-300x300.jpg","_links":{"self":[{"href":"https:\/\/www.erresse-shop.it\/de\/wp-json\/wp\/v2\/product\/423542"}],"collection":[{"href":"https:\/\/www.erresse-shop.it\/de\/wp-json\/wp\/v2\/product"}],"about":[{"href":"https:\/\/www.erresse-shop.it\/de\/wp-json\/wp\/v2\/types\/product"}],"wp:featuredmedia":[{"embeddable":true,"href":"https:\/\/www.erresse-shop.it\/de\/wp-json\/wp\/v2\/media\/456800"}],"wp:attachment":[{"href":"https:\/\/www.erresse-shop.it\/de\/wp-json\/wp\/v2\/media?parent=423542"}],"wp:term":[{"taxonomy":"product_cat","embeddable":true,"href":"https:\/\/www.erresse-shop.it\/de\/wp-json\/wp\/v2\/product_cat?post=423542"},{"taxonomy":"product_tag","embeddable":true,"href":"https:\/\/www.erresse-shop.it\/de\/wp-json\/wp\/v2\/product_tag?post=423542"}],"curies":[{"name":"wp","href":"https:\/\/api.w.org\/{rel}","templated":true}]}}