{"id":423506,"date":"2024-07-24T07:56:23","date_gmt":"2024-07-24T07:56:24","guid":{"rendered":"https:\/\/www.erresse-shop.it\/?post_type=product&#038;p=423506"},"modified":"2025-06-23T19:38:10","modified_gmt":"2025-06-23T19:38:10","slug":"imperia-nudelmaschine-ipasta-rot-copia","status":"publish","type":"product","link":"https:\/\/www.erresse-shop.it\/de\/shop\/kuche\/nudelmaschinen\/imperia-nudelmaschine-ipasta-rot-copia\/","title":{"rendered":"IMPERIA Nudelmaschine iPasta Creme"},"content":{"rendered":"<p>Die iPasta Classica ist eine wahre Verk\u00f6rperung italienischer Spitzenleistungen in der Pastaherstellung. Diese Maschine ist sorgf\u00e4ltig aus verchromtem Stahl gefertigt, um Eleganz und Langlebigkeit zu garantieren. Sie wird in Italien hergestellt und ist ein Beweis f\u00fcr die handwerkliche Kunstfertigkeit und Sorgfalt, die in ihrer Produktion steckt. Die iPasta Classica ist mit verstellbaren Walzen mit sechs St\u00e4rken ausgestattet, die Vielseitigkeit und Pr\u00e4zision f\u00fcr verschiedene Pastaformen gew\u00e4hrleisten. Au\u00dferdem ist sie mit dem Duplex-Schneider ausgestattet, der die Herstellung von zwei beliebten Nudelsorten erm\u00f6glicht: Tagliatelle und Fettuccine. Die Maschine wurde f\u00fcr maximalen Komfort entwickelt und verf\u00fcgt \u00fcber eine Arbeitsplattenklemme f\u00fcr einen sicheren Betrieb und einen Trichter f\u00fcr eine rationelle Nudelzufuhr. Diese Maschine verbindet traditionelle Techniken der Nudelherstellung mit moderner Funktionalit\u00e4t und ist damit ein unverzichtbares Werkzeug f\u00fcr jeden Nudelliebhaber.<\/p>\n<p><strong>Hauptmerkmale:<\/strong><\/p>\n<p><strong>Farbe:<\/strong> Elegantes Creme<br \/>\n<strong>Hochwertige Verarbeitung:<\/strong> Die verchromte Stahlkonstruktion mit italienischer Handwerkskunst garantiert eine lange Lebensdauer.<br \/>\n<strong>Duplex-Schneider:<\/strong> Bietet die M\u00f6glichkeit, sowohl Tagliatelle als auch Fettuccine herzustellen<br \/>\n<strong>Benutzerfreundliches Design:<\/strong> Enth\u00e4lt eine Arbeitsplattenklemme und einen Trichter f\u00fcr eine einfache Handhabung.<\/p>\n","protected":false},"excerpt":{"rendered":"<p>Die iPasta Classica ist eine wahre Verk\u00f6rperung italienischer Spitzenleistungen in der Pastaherstellung. Diese Maschine ist sorgf\u00e4ltig aus verchromtem Stahl gefertigt,<\/p>\n","protected":false},"featured_media":460357,"template":"","meta":{"_acf_changed":false,"inline_featured_image":false},"product_cat":[6742,12942],"product_tag":[23275,14833,23276],"acf":[],"yoast_head":"<!-- This site is optimized with the Yoast SEO Premium plugin v18.6 (Yoast SEO v19.13) - https:\/\/yoast.com\/wordpress\/plugins\/seo\/ -->\n<title>IMPERIA Nudelmaschine iPasta Creme<\/title>\n<meta name=\"description\" content=\"Entdecken Sie IMPERIA Nudelmaschine iPasta Creme bei ErresseShop. Qualit\u00e4t, Stil und Funktionalit\u00e4t \u2013 jetzt online bestellen!\" \/>\n<meta name=\"robots\" content=\"index, follow, max-snippet:-1, max-image-preview:large, max-video-preview:-1\" \/>\n<link rel=\"canonical\" href=\"https:\/\/www.erresse-shop.it\/de\/shop\/kuche\/nudelmaschinen\/imperia-nudelmaschine-ipasta-rot-copia\/\" \/>\n<meta property=\"og:locale\" content=\"de_DE\" \/>\n<meta property=\"og:type\" content=\"article\" \/>\n<meta property=\"og:title\" content=\"IMPERIA Nudelmaschine iPasta Creme\" \/>\n<meta property=\"og:description\" content=\"Entdecken Sie IMPERIA Nudelmaschine iPasta Creme bei ErresseShop. Qualit\u00e4t, Stil und Funktionalit\u00e4t \u2013 jetzt online bestellen!\" \/>\n<meta property=\"og:url\" content=\"https:\/\/www.erresse-shop.it\/de\/shop\/kuche\/nudelmaschinen\/imperia-nudelmaschine-ipasta-rot-copia\/\" \/>\n<meta property=\"og:site_name\" content=\"Erresse Shop\" \/>\n<meta property=\"article:modified_time\" content=\"2025-06-23T19:38:10+00:00\" \/>\n<meta property=\"og:image\" content=\"https:\/\/www.erresse-shop.it\/wp-content\/uploads\/2024\/07\/IMPERIA-Macchina-per-Pasta-iPasta-Crema.jpg\" \/>\n\t<meta property=\"og:image:width\" content=\"1200\" \/>\n\t<meta property=\"og:image:height\" content=\"1200\" \/>\n\t<meta property=\"og:image:type\" content=\"image\/jpeg\" \/>\n<meta name=\"twitter:card\" content=\"summary_large_image\" \/>\n<script type=\"application\/ld+json\" class=\"yoast-schema-graph\">{\"@context\":\"https:\/\/schema.org\",\"@graph\":[{\"@type\":\"WebPage\",\"@id\":\"https:\/\/www.erresse-shop.it\/de\/shop\/kuche\/nudelmaschinen\/imperia-nudelmaschine-ipasta-rot-copia\/\",\"url\":\"https:\/\/www.erresse-shop.it\/de\/shop\/kuche\/nudelmaschinen\/imperia-nudelmaschine-ipasta-rot-copia\/\",\"name\":\"IMPERIA Nudelmaschine iPasta Creme\",\"isPartOf\":{\"@id\":\"https:\/\/www.erresse-shop.it\/de\/#website\"},\"datePublished\":\"2024-07-24T07:56:24+00:00\",\"dateModified\":\"2025-06-23T19:38:10+00:00\",\"description\":\"Entdecken Sie IMPERIA Nudelmaschine iPasta Creme bei ErresseShop. Qualit\u00e4t, Stil und Funktionalit\u00e4t \u2013 jetzt online bestellen!\",\"breadcrumb\":{\"@id\":\"https:\/\/www.erresse-shop.it\/de\/shop\/kuche\/nudelmaschinen\/imperia-nudelmaschine-ipasta-rot-copia\/#breadcrumb\"},\"inLanguage\":\"de-DE\",\"potentialAction\":[{\"@type\":\"ReadAction\",\"target\":[\"https:\/\/www.erresse-shop.it\/de\/shop\/kuche\/nudelmaschinen\/imperia-nudelmaschine-ipasta-rot-copia\/\"]}]},{\"@type\":\"BreadcrumbList\",\"@id\":\"https:\/\/www.erresse-shop.it\/de\/shop\/kuche\/nudelmaschinen\/imperia-nudelmaschine-ipasta-rot-copia\/#breadcrumb\",\"itemListElement\":[{\"@type\":\"ListItem\",\"position\":1,\"name\":\"Home\",\"item\":\"https:\/\/www.erresse-shop.it\/de\/\"},{\"@type\":\"ListItem\",\"position\":2,\"name\":\"Shop\",\"item\":\"https:\/\/www.erresse-shop.it\/de\/shop\/\"},{\"@type\":\"ListItem\",\"position\":3,\"name\":\"IMPERIA Nudelmaschine iPasta Creme\"}]},{\"@type\":\"WebSite\",\"@id\":\"https:\/\/www.erresse-shop.it\/de\/#website\",\"url\":\"https:\/\/www.erresse-shop.it\/de\/\",\"name\":\"Erresse Shop\",\"description\":\"Articoli di qualit\u00e0 per la casa\",\"potentialAction\":[{\"@type\":\"SearchAction\",\"target\":{\"@type\":\"EntryPoint\",\"urlTemplate\":\"https:\/\/www.erresse-shop.it\/de\/?s={search_term_string}\"},\"query-input\":\"required name=search_term_string\"}],\"inLanguage\":\"de-DE\"}]}<\/script>\n<!-- \/ Yoast SEO Premium plugin. -->","yoast_head_json":{"title":"IMPERIA Nudelmaschine iPasta Creme","description":"Entdecken Sie IMPERIA Nudelmaschine iPasta Creme bei ErresseShop. Qualit\u00e4t, Stil und Funktionalit\u00e4t \u2013 jetzt online bestellen!","robots":{"index":"index","follow":"follow","max-snippet":"max-snippet:-1","max-image-preview":"max-image-preview:large","max-video-preview":"max-video-preview:-1"},"canonical":"https:\/\/www.erresse-shop.it\/de\/shop\/kuche\/nudelmaschinen\/imperia-nudelmaschine-ipasta-rot-copia\/","og_locale":"de_DE","og_type":"article","og_title":"IMPERIA Nudelmaschine iPasta Creme","og_description":"Entdecken Sie IMPERIA Nudelmaschine iPasta Creme bei ErresseShop. Qualit\u00e4t, Stil und Funktionalit\u00e4t \u2013 jetzt online bestellen!","og_url":"https:\/\/www.erresse-shop.it\/de\/shop\/kuche\/nudelmaschinen\/imperia-nudelmaschine-ipasta-rot-copia\/","og_site_name":"Erresse Shop","article_modified_time":"2025-06-23T19:38:10+00:00","og_image":[{"width":1200,"height":1200,"url":"https:\/\/www.erresse-shop.it\/wp-content\/uploads\/2024\/07\/IMPERIA-Macchina-per-Pasta-iPasta-Crema.jpg","type":"image\/jpeg"}],"twitter_card":"summary_large_image","schema":{"@context":"https:\/\/schema.org","@graph":[{"@type":"WebPage","@id":"https:\/\/www.erresse-shop.it\/de\/shop\/kuche\/nudelmaschinen\/imperia-nudelmaschine-ipasta-rot-copia\/","url":"https:\/\/www.erresse-shop.it\/de\/shop\/kuche\/nudelmaschinen\/imperia-nudelmaschine-ipasta-rot-copia\/","name":"IMPERIA Nudelmaschine iPasta Creme","isPartOf":{"@id":"https:\/\/www.erresse-shop.it\/de\/#website"},"datePublished":"2024-07-24T07:56:24+00:00","dateModified":"2025-06-23T19:38:10+00:00","description":"Entdecken Sie IMPERIA Nudelmaschine iPasta Creme bei ErresseShop. Qualit\u00e4t, Stil und Funktionalit\u00e4t \u2013 jetzt online bestellen!","breadcrumb":{"@id":"https:\/\/www.erresse-shop.it\/de\/shop\/kuche\/nudelmaschinen\/imperia-nudelmaschine-ipasta-rot-copia\/#breadcrumb"},"inLanguage":"de-DE","potentialAction":[{"@type":"ReadAction","target":["https:\/\/www.erresse-shop.it\/de\/shop\/kuche\/nudelmaschinen\/imperia-nudelmaschine-ipasta-rot-copia\/"]}]},{"@type":"BreadcrumbList","@id":"https:\/\/www.erresse-shop.it\/de\/shop\/kuche\/nudelmaschinen\/imperia-nudelmaschine-ipasta-rot-copia\/#breadcrumb","itemListElement":[{"@type":"ListItem","position":1,"name":"Home","item":"https:\/\/www.erresse-shop.it\/de\/"},{"@type":"ListItem","position":2,"name":"Shop","item":"https:\/\/www.erresse-shop.it\/de\/shop\/"},{"@type":"ListItem","position":3,"name":"IMPERIA Nudelmaschine iPasta Creme"}]},{"@type":"WebSite","@id":"https:\/\/www.erresse-shop.it\/de\/#website","url":"https:\/\/www.erresse-shop.it\/de\/","name":"Erresse Shop","description":"Articoli di qualit\u00e0 per la casa","potentialAction":[{"@type":"SearchAction","target":{"@type":"EntryPoint","urlTemplate":"https:\/\/www.erresse-shop.it\/de\/?s={search_term_string}"},"query-input":"required name=search_term_string"}],"inLanguage":"de-DE"}]}},"df_price":54.95,"df_sale_price":54.95,"df_regular_price":104.95,"df_image_link":"https:\/\/www.erresse-shop.it\/wp-content\/uploads\/2024\/07\/IMPERIA-Macchina-per-Pasta-iPasta-Crema-300x300.jpg","_links":{"self":[{"href":"https:\/\/www.erresse-shop.it\/de\/wp-json\/wp\/v2\/product\/423506"}],"collection":[{"href":"https:\/\/www.erresse-shop.it\/de\/wp-json\/wp\/v2\/product"}],"about":[{"href":"https:\/\/www.erresse-shop.it\/de\/wp-json\/wp\/v2\/types\/product"}],"wp:featuredmedia":[{"embeddable":true,"href":"https:\/\/www.erresse-shop.it\/de\/wp-json\/wp\/v2\/media\/460357"}],"wp:attachment":[{"href":"https:\/\/www.erresse-shop.it\/de\/wp-json\/wp\/v2\/media?parent=423506"}],"wp:term":[{"taxonomy":"product_cat","embeddable":true,"href":"https:\/\/www.erresse-shop.it\/de\/wp-json\/wp\/v2\/product_cat?post=423506"},{"taxonomy":"product_tag","embeddable":true,"href":"https:\/\/www.erresse-shop.it\/de\/wp-json\/wp\/v2\/product_tag?post=423506"}],"curies":[{"name":"wp","href":"https:\/\/api.w.org\/{rel}","templated":true}]}}