{"id":423444,"date":"2024-07-24T06:21:19","date_gmt":"2024-07-24T06:21:20","guid":{"rendered":"https:\/\/www.erresse-shop.it\/?post_type=product&#038;p=423444"},"modified":"2025-01-17T07:42:07","modified_gmt":"2025-01-17T07:42:07","slug":"imperia-nudelmaschine-pastapresto-gourmet-anthrazitgrau","status":"publish","type":"product","link":"https:\/\/www.erresse-shop.it\/de\/shop\/kuche\/nudelmaschinen\/imperia-nudelmaschine-pastapresto-gourmet-anthrazitgrau\/","title":{"rendered":"IMPERIA Nudelmaschine Pastapresto Gourmet Anthrazitgrau"},"content":{"rendered":"<p>Wir stellen Ihnen Imperia Pasta Presto vor, eine motorisierte Nudelmaschine mit exklusivem und elegantem Design, die Funktionalit\u00e4t, Tradition und Innovation perfekt miteinander verbindet. Diese Maschine zeichnet sich durch ihr elegantes und benutzerfreundliches Design aus, das die Pastazubereitung einfach und angenehm macht. Pasta Presto ist nicht nur robust gebaut, sondern auch mit fortschrittlichen Funktionen ausgestattet, darunter die einzigartige F\u00e4higkeit, Pasta mit einer rustikalen Textur herzustellen, die ideal ist, um die Haftung von So\u00dfen zu verbessern und Gerichten eine neue Dimension zu verleihen.<\/p>\n<p>Das vereinfachte Verfahren der Maschine erm\u00f6glicht die Herstellung verschiedener Nudelsorten, die das authentische Gef\u00fchl und den Geschmack traditioneller italienischer Pasta beibehalten, aber zus\u00e4tzlich mit einer strukturierten Oberfl\u00e4che versehen sind. Die Imperia Pasta Presto ist sowohl f\u00fcr Anf\u00e4nger als auch f\u00fcr erfahrene Nudelhersteller geeignet und ein Muss f\u00fcr jeden, der die Qualit\u00e4t, das Erbe und die Innovation hausgemachter Pasta zu sch\u00e4tzen wei\u00df.<\/p>\n<p><strong>Hauptmerkmale:<\/strong><\/p>\n<p><strong>Farbe:<\/strong> undurchsichtiges Dunkelgrau<br \/>\n<strong>Elegantes und effizientes Design:<\/strong> Kombiniert moderne \u00c4sthetik mit praktischer Funktionalit\u00e4t<br \/>\n<strong>Motorisierter Komfort:<\/strong> Vereinfacht die Pastazubereitung und bietet Leichtigkeit und Effizienz<br \/>\n<strong>Authentisches Pasta-Erlebnis:<\/strong> Bewahrt die Tradition der hausgemachten italienischen Pasta mit der M\u00f6glichkeit, rustikale, strukturierte Pasta herzustellen.<br \/>\n<strong>230V<\/strong><\/p>\n","protected":false},"excerpt":{"rendered":"<p>Wir stellen Ihnen Imperia Pasta Presto vor, eine motorisierte Nudelmaschine mit exklusivem und elegantem Design, die Funktionalit\u00e4t, Tradition und Innovation<\/p>\n","protected":false},"featured_media":457187,"template":"","meta":{"_acf_changed":false,"inline_featured_image":false},"product_cat":[6742,12942],"product_tag":[23275,14833,23276],"acf":[],"yoast_head":"<!-- This site is optimized with the Yoast SEO Premium plugin v18.6 (Yoast SEO v19.13) - https:\/\/yoast.com\/wordpress\/plugins\/seo\/ -->\n<title>IMPERIA Nudelmaschine Pastapresto Gourmet Anthrazitgrau<\/title>\n<meta name=\"description\" content=\"Entdecken Sie IMPERIA Nudelmaschine Pastapresto Gourmet Anthrazitgrau bei ErresseShop. Qualit\u00e4t, Stil und Funktionalit\u00e4t \u2013 jetzt online bestellen!\" \/>\n<meta name=\"robots\" content=\"index, follow, max-snippet:-1, max-image-preview:large, max-video-preview:-1\" \/>\n<link rel=\"canonical\" href=\"https:\/\/www.erresse-shop.it\/de\/shop\/kuche\/nudelmaschinen\/imperia-nudelmaschine-pastapresto-gourmet-anthrazitgrau\/\" \/>\n<meta property=\"og:locale\" content=\"de_DE\" \/>\n<meta property=\"og:type\" content=\"article\" \/>\n<meta property=\"og:title\" content=\"IMPERIA Nudelmaschine Pastapresto Gourmet Anthrazitgrau\" \/>\n<meta property=\"og:description\" content=\"Entdecken Sie IMPERIA Nudelmaschine Pastapresto Gourmet Anthrazitgrau bei ErresseShop. Qualit\u00e4t, Stil und Funktionalit\u00e4t \u2013 jetzt online bestellen!\" \/>\n<meta property=\"og:url\" content=\"https:\/\/www.erresse-shop.it\/de\/shop\/kuche\/nudelmaschinen\/imperia-nudelmaschine-pastapresto-gourmet-anthrazitgrau\/\" \/>\n<meta property=\"og:site_name\" content=\"Erresse Shop\" \/>\n<meta property=\"article:modified_time\" content=\"2025-01-17T07:42:07+00:00\" \/>\n<meta property=\"og:image\" content=\"https:\/\/www.erresse-shop.it\/wp-content\/uploads\/2024\/07\/IMPERIA-Macchina-per-Pasta-Pastapresto-Gourmet-Grigio-Antracite.jpg\" \/>\n\t<meta property=\"og:image:width\" content=\"1200\" \/>\n\t<meta property=\"og:image:height\" content=\"1200\" \/>\n\t<meta property=\"og:image:type\" content=\"image\/jpeg\" \/>\n<meta name=\"twitter:card\" content=\"summary_large_image\" \/>\n<script type=\"application\/ld+json\" class=\"yoast-schema-graph\">{\"@context\":\"https:\/\/schema.org\",\"@graph\":[{\"@type\":\"WebPage\",\"@id\":\"https:\/\/www.erresse-shop.it\/de\/shop\/kuche\/nudelmaschinen\/imperia-nudelmaschine-pastapresto-gourmet-anthrazitgrau\/\",\"url\":\"https:\/\/www.erresse-shop.it\/de\/shop\/kuche\/nudelmaschinen\/imperia-nudelmaschine-pastapresto-gourmet-anthrazitgrau\/\",\"name\":\"IMPERIA Nudelmaschine Pastapresto Gourmet Anthrazitgrau\",\"isPartOf\":{\"@id\":\"https:\/\/www.erresse-shop.it\/de\/#website\"},\"datePublished\":\"2024-07-24T06:21:20+00:00\",\"dateModified\":\"2025-01-17T07:42:07+00:00\",\"description\":\"Entdecken Sie IMPERIA Nudelmaschine Pastapresto Gourmet Anthrazitgrau bei ErresseShop. Qualit\u00e4t, Stil und Funktionalit\u00e4t \u2013 jetzt online bestellen!\",\"breadcrumb\":{\"@id\":\"https:\/\/www.erresse-shop.it\/de\/shop\/kuche\/nudelmaschinen\/imperia-nudelmaschine-pastapresto-gourmet-anthrazitgrau\/#breadcrumb\"},\"inLanguage\":\"de-DE\",\"potentialAction\":[{\"@type\":\"ReadAction\",\"target\":[\"https:\/\/www.erresse-shop.it\/de\/shop\/kuche\/nudelmaschinen\/imperia-nudelmaschine-pastapresto-gourmet-anthrazitgrau\/\"]}]},{\"@type\":\"BreadcrumbList\",\"@id\":\"https:\/\/www.erresse-shop.it\/de\/shop\/kuche\/nudelmaschinen\/imperia-nudelmaschine-pastapresto-gourmet-anthrazitgrau\/#breadcrumb\",\"itemListElement\":[{\"@type\":\"ListItem\",\"position\":1,\"name\":\"Home\",\"item\":\"https:\/\/www.erresse-shop.it\/de\/\"},{\"@type\":\"ListItem\",\"position\":2,\"name\":\"Shop\",\"item\":\"https:\/\/www.erresse-shop.it\/de\/shop\/\"},{\"@type\":\"ListItem\",\"position\":3,\"name\":\"IMPERIA Nudelmaschine Pastapresto Gourmet Anthrazitgrau\"}]},{\"@type\":\"WebSite\",\"@id\":\"https:\/\/www.erresse-shop.it\/de\/#website\",\"url\":\"https:\/\/www.erresse-shop.it\/de\/\",\"name\":\"Erresse Shop\",\"description\":\"Articoli di qualit\u00e0 per la casa\",\"potentialAction\":[{\"@type\":\"SearchAction\",\"target\":{\"@type\":\"EntryPoint\",\"urlTemplate\":\"https:\/\/www.erresse-shop.it\/de\/?s={search_term_string}\"},\"query-input\":\"required name=search_term_string\"}],\"inLanguage\":\"de-DE\"}]}<\/script>\n<!-- \/ Yoast SEO Premium plugin. -->","yoast_head_json":{"title":"IMPERIA Nudelmaschine Pastapresto Gourmet Anthrazitgrau","description":"Entdecken Sie IMPERIA Nudelmaschine Pastapresto Gourmet Anthrazitgrau bei ErresseShop. Qualit\u00e4t, Stil und Funktionalit\u00e4t \u2013 jetzt online bestellen!","robots":{"index":"index","follow":"follow","max-snippet":"max-snippet:-1","max-image-preview":"max-image-preview:large","max-video-preview":"max-video-preview:-1"},"canonical":"https:\/\/www.erresse-shop.it\/de\/shop\/kuche\/nudelmaschinen\/imperia-nudelmaschine-pastapresto-gourmet-anthrazitgrau\/","og_locale":"de_DE","og_type":"article","og_title":"IMPERIA Nudelmaschine Pastapresto Gourmet Anthrazitgrau","og_description":"Entdecken Sie IMPERIA Nudelmaschine Pastapresto Gourmet Anthrazitgrau bei ErresseShop. Qualit\u00e4t, Stil und Funktionalit\u00e4t \u2013 jetzt online bestellen!","og_url":"https:\/\/www.erresse-shop.it\/de\/shop\/kuche\/nudelmaschinen\/imperia-nudelmaschine-pastapresto-gourmet-anthrazitgrau\/","og_site_name":"Erresse Shop","article_modified_time":"2025-01-17T07:42:07+00:00","og_image":[{"width":1200,"height":1200,"url":"https:\/\/www.erresse-shop.it\/wp-content\/uploads\/2024\/07\/IMPERIA-Macchina-per-Pasta-Pastapresto-Gourmet-Grigio-Antracite.jpg","type":"image\/jpeg"}],"twitter_card":"summary_large_image","schema":{"@context":"https:\/\/schema.org","@graph":[{"@type":"WebPage","@id":"https:\/\/www.erresse-shop.it\/de\/shop\/kuche\/nudelmaschinen\/imperia-nudelmaschine-pastapresto-gourmet-anthrazitgrau\/","url":"https:\/\/www.erresse-shop.it\/de\/shop\/kuche\/nudelmaschinen\/imperia-nudelmaschine-pastapresto-gourmet-anthrazitgrau\/","name":"IMPERIA Nudelmaschine Pastapresto Gourmet Anthrazitgrau","isPartOf":{"@id":"https:\/\/www.erresse-shop.it\/de\/#website"},"datePublished":"2024-07-24T06:21:20+00:00","dateModified":"2025-01-17T07:42:07+00:00","description":"Entdecken Sie IMPERIA Nudelmaschine Pastapresto Gourmet Anthrazitgrau bei ErresseShop. Qualit\u00e4t, Stil und Funktionalit\u00e4t \u2013 jetzt online bestellen!","breadcrumb":{"@id":"https:\/\/www.erresse-shop.it\/de\/shop\/kuche\/nudelmaschinen\/imperia-nudelmaschine-pastapresto-gourmet-anthrazitgrau\/#breadcrumb"},"inLanguage":"de-DE","potentialAction":[{"@type":"ReadAction","target":["https:\/\/www.erresse-shop.it\/de\/shop\/kuche\/nudelmaschinen\/imperia-nudelmaschine-pastapresto-gourmet-anthrazitgrau\/"]}]},{"@type":"BreadcrumbList","@id":"https:\/\/www.erresse-shop.it\/de\/shop\/kuche\/nudelmaschinen\/imperia-nudelmaschine-pastapresto-gourmet-anthrazitgrau\/#breadcrumb","itemListElement":[{"@type":"ListItem","position":1,"name":"Home","item":"https:\/\/www.erresse-shop.it\/de\/"},{"@type":"ListItem","position":2,"name":"Shop","item":"https:\/\/www.erresse-shop.it\/de\/shop\/"},{"@type":"ListItem","position":3,"name":"IMPERIA Nudelmaschine Pastapresto Gourmet Anthrazitgrau"}]},{"@type":"WebSite","@id":"https:\/\/www.erresse-shop.it\/de\/#website","url":"https:\/\/www.erresse-shop.it\/de\/","name":"Erresse Shop","description":"Articoli di qualit\u00e0 per la casa","potentialAction":[{"@type":"SearchAction","target":{"@type":"EntryPoint","urlTemplate":"https:\/\/www.erresse-shop.it\/de\/?s={search_term_string}"},"query-input":"required name=search_term_string"}],"inLanguage":"de-DE"}]}},"df_price":175,"df_sale_price":175,"df_regular_price":350,"df_image_link":"https:\/\/www.erresse-shop.it\/wp-content\/uploads\/2024\/07\/IMPERIA-Macchina-per-Pasta-Pastapresto-Gourmet-Grigio-Antracite-300x300.jpg","_links":{"self":[{"href":"https:\/\/www.erresse-shop.it\/de\/wp-json\/wp\/v2\/product\/423444"}],"collection":[{"href":"https:\/\/www.erresse-shop.it\/de\/wp-json\/wp\/v2\/product"}],"about":[{"href":"https:\/\/www.erresse-shop.it\/de\/wp-json\/wp\/v2\/types\/product"}],"wp:featuredmedia":[{"embeddable":true,"href":"https:\/\/www.erresse-shop.it\/de\/wp-json\/wp\/v2\/media\/457187"}],"wp:attachment":[{"href":"https:\/\/www.erresse-shop.it\/de\/wp-json\/wp\/v2\/media?parent=423444"}],"wp:term":[{"taxonomy":"product_cat","embeddable":true,"href":"https:\/\/www.erresse-shop.it\/de\/wp-json\/wp\/v2\/product_cat?post=423444"},{"taxonomy":"product_tag","embeddable":true,"href":"https:\/\/www.erresse-shop.it\/de\/wp-json\/wp\/v2\/product_tag?post=423444"}],"curies":[{"name":"wp","href":"https:\/\/api.w.org\/{rel}","templated":true}]}}