{"id":423291,"date":"2024-07-23T11:59:20","date_gmt":"2024-07-23T11:59:20","guid":{"rendered":"https:\/\/www.erresse-shop.it\/?post_type=product&#038;p=423291"},"modified":"2025-01-17T08:03:18","modified_gmt":"2025-01-17T08:03:18","slug":"kitchenaid-artisan-planetenmischer-mit-liegendem-kopf-48-l-apfelrot","status":"publish","type":"product","link":"https:\/\/www.erresse-shop.it\/de\/shop\/kleine-elektrogeraete\/knetmaschinen\/kitchenaid-artisan-planetenmischer-mit-liegendem-kopf-48-l-apfelrot\/","title":{"rendered":"KITCHENAID Artisan Planetenmischer mit liegendem Kopf 4,8 L Apfelrot"},"content":{"rendered":"<p>Die Artisan-K\u00fcchenmaschine ist ein legend\u00e4res KitchenAid-Modell und steht f\u00fcr \u00fcber 100 Jahre Innovation.<br \/>\nIhr einzigartiges und langlebiges Design macht sie zu einer Verl\u00e4ngerung Ihrer H\u00e4nde und erm\u00f6glicht es Ihnen, sich beim Kochen auszudr\u00fccken.<br \/>\nDer 300-Watt-Motor mit Direktantrieb ist leise und f\u00fcr eine lange Lebensdauer ausgelegt, ohne Leistungsverluste zwischen Motor und Zubeh\u00f6r.<br \/>\nEr kann bis zu 1 kg Mehl, 1 l Schlagsahne und 1,5 kg Kartoffelp\u00fcree verarbeiten.<\/p>\n<ul>\n<li>Design mit neigbarem Kopf<\/li>\n<li>Planetengetriebe und 10 Geschwindigkeiten<\/li>\n<li>Robustes Geh\u00e4use aus Metalldruckguss<\/li>\n<li>Leistung: 300 W<\/li>\n<li>Fassungsverm\u00f6gen: 4,8 l<\/li>\n<\/ul>\n<p>Zus\u00e4tzlich zum Standardzubeh\u00f6r (Schneebesen, Flachr\u00fchrer und Knethaken)<br \/>\nDer Artisan 4.8L Planetenr\u00fchrer enth\u00e4lt das folgende Zubeh\u00f6r in der Packung:<\/p>\n<ul>\n<li>4,8-Liter-Edelstahlsch\u00fcssel<\/li>\n<li>3-Liter-Edelstahlsch\u00fcssel<\/li>\n<li>Spritzwassergesch\u00fctzter Ausgie\u00dfdeckel<\/li>\n<li>Silikon-Schneebesen<\/li>\n<\/ul>\n","protected":false},"excerpt":{"rendered":"<p>Die Artisan-K\u00fcchenmaschine ist ein legend\u00e4res KitchenAid-Modell und steht f\u00fcr \u00fcber 100 Jahre Innovation. Ihr einzigartiges und langlebiges Design macht sie<\/p>\n","protected":false},"featured_media":457345,"template":"","meta":{"_acf_changed":false,"inline_featured_image":false},"product_cat":[6703,14475],"product_tag":[15614,12358,14837],"acf":[],"yoast_head":"<!-- This site is optimized with the Yoast SEO Premium plugin v18.6 (Yoast SEO v19.13) - https:\/\/yoast.com\/wordpress\/plugins\/seo\/ -->\n<title>KITCHENAID Artisan Planetenmischer mit liegendem Kopf 4,8 L Apfelrot<\/title>\n<meta name=\"description\" content=\"Entdecken Sie KITCHENAID Artisan Planetenmischer mit liegendem Kopf 4,8 L Apfelrot bei ErresseShop. Qualit\u00e4t, Stil und Funktionalit\u00e4t \u2013 jetzt online bestellen!\" \/>\n<meta name=\"robots\" content=\"index, follow, max-snippet:-1, max-image-preview:large, max-video-preview:-1\" \/>\n<link rel=\"canonical\" href=\"https:\/\/www.erresse-shop.it\/de\/shop\/kleine-elektrogeraete\/knetmaschinen\/kitchenaid-artisan-planetenmischer-mit-liegendem-kopf-48-l-apfelrot\/\" \/>\n<meta property=\"og:locale\" content=\"de_DE\" \/>\n<meta property=\"og:type\" content=\"article\" \/>\n<meta property=\"og:title\" content=\"KITCHENAID Artisan Planetenmischer mit liegendem Kopf 4,8 L Apfelrot\" \/>\n<meta property=\"og:description\" content=\"Entdecken Sie KITCHENAID Artisan Planetenmischer mit liegendem Kopf 4,8 L Apfelrot bei ErresseShop. Qualit\u00e4t, Stil und Funktionalit\u00e4t \u2013 jetzt online bestellen!\" \/>\n<meta property=\"og:url\" content=\"https:\/\/www.erresse-shop.it\/de\/shop\/kleine-elektrogeraete\/knetmaschinen\/kitchenaid-artisan-planetenmischer-mit-liegendem-kopf-48-l-apfelrot\/\" \/>\n<meta property=\"og:site_name\" content=\"Erresse Shop\" \/>\n<meta property=\"article:modified_time\" content=\"2025-01-17T08:03:18+00:00\" \/>\n<meta property=\"og:image\" content=\"https:\/\/www.erresse-shop.it\/wp-content\/uploads\/2024\/07\/KITCHENAID-Artisan-Planetaria-con-Testa-Reclinabile-48-L-Rosso-Mela.jpg\" \/>\n\t<meta property=\"og:image:width\" content=\"1200\" \/>\n\t<meta property=\"og:image:height\" content=\"1200\" \/>\n\t<meta property=\"og:image:type\" content=\"image\/jpeg\" \/>\n<meta name=\"twitter:card\" content=\"summary_large_image\" \/>\n<script type=\"application\/ld+json\" class=\"yoast-schema-graph\">{\"@context\":\"https:\/\/schema.org\",\"@graph\":[{\"@type\":\"WebPage\",\"@id\":\"https:\/\/www.erresse-shop.it\/de\/shop\/kleine-elektrogeraete\/knetmaschinen\/kitchenaid-artisan-planetenmischer-mit-liegendem-kopf-48-l-apfelrot\/\",\"url\":\"https:\/\/www.erresse-shop.it\/de\/shop\/kleine-elektrogeraete\/knetmaschinen\/kitchenaid-artisan-planetenmischer-mit-liegendem-kopf-48-l-apfelrot\/\",\"name\":\"KITCHENAID Artisan Planetenmischer mit liegendem Kopf 4,8 L Apfelrot\",\"isPartOf\":{\"@id\":\"https:\/\/www.erresse-shop.it\/de\/#website\"},\"datePublished\":\"2024-07-23T11:59:20+00:00\",\"dateModified\":\"2025-01-17T08:03:18+00:00\",\"description\":\"Entdecken Sie KITCHENAID Artisan Planetenmischer mit liegendem Kopf 4,8 L Apfelrot bei ErresseShop. Qualit\u00e4t, Stil und Funktionalit\u00e4t \u2013 jetzt online bestellen!\",\"breadcrumb\":{\"@id\":\"https:\/\/www.erresse-shop.it\/de\/shop\/kleine-elektrogeraete\/knetmaschinen\/kitchenaid-artisan-planetenmischer-mit-liegendem-kopf-48-l-apfelrot\/#breadcrumb\"},\"inLanguage\":\"de-DE\",\"potentialAction\":[{\"@type\":\"ReadAction\",\"target\":[\"https:\/\/www.erresse-shop.it\/de\/shop\/kleine-elektrogeraete\/knetmaschinen\/kitchenaid-artisan-planetenmischer-mit-liegendem-kopf-48-l-apfelrot\/\"]}]},{\"@type\":\"BreadcrumbList\",\"@id\":\"https:\/\/www.erresse-shop.it\/de\/shop\/kleine-elektrogeraete\/knetmaschinen\/kitchenaid-artisan-planetenmischer-mit-liegendem-kopf-48-l-apfelrot\/#breadcrumb\",\"itemListElement\":[{\"@type\":\"ListItem\",\"position\":1,\"name\":\"Home\",\"item\":\"https:\/\/www.erresse-shop.it\/de\/\"},{\"@type\":\"ListItem\",\"position\":2,\"name\":\"Shop\",\"item\":\"https:\/\/www.erresse-shop.it\/de\/shop\/\"},{\"@type\":\"ListItem\",\"position\":3,\"name\":\"KITCHENAID Artisan Planetenmischer mit liegendem Kopf 4,8 L Apfelrot\"}]},{\"@type\":\"WebSite\",\"@id\":\"https:\/\/www.erresse-shop.it\/de\/#website\",\"url\":\"https:\/\/www.erresse-shop.it\/de\/\",\"name\":\"Erresse Shop\",\"description\":\"Articoli di qualit\u00e0 per la casa\",\"potentialAction\":[{\"@type\":\"SearchAction\",\"target\":{\"@type\":\"EntryPoint\",\"urlTemplate\":\"https:\/\/www.erresse-shop.it\/de\/?s={search_term_string}\"},\"query-input\":\"required name=search_term_string\"}],\"inLanguage\":\"de-DE\"}]}<\/script>\n<!-- \/ Yoast SEO Premium plugin. -->","yoast_head_json":{"title":"KITCHENAID Artisan Planetenmischer mit liegendem Kopf 4,8 L Apfelrot","description":"Entdecken Sie KITCHENAID Artisan Planetenmischer mit liegendem Kopf 4,8 L Apfelrot bei ErresseShop. Qualit\u00e4t, Stil und Funktionalit\u00e4t \u2013 jetzt online bestellen!","robots":{"index":"index","follow":"follow","max-snippet":"max-snippet:-1","max-image-preview":"max-image-preview:large","max-video-preview":"max-video-preview:-1"},"canonical":"https:\/\/www.erresse-shop.it\/de\/shop\/kleine-elektrogeraete\/knetmaschinen\/kitchenaid-artisan-planetenmischer-mit-liegendem-kopf-48-l-apfelrot\/","og_locale":"de_DE","og_type":"article","og_title":"KITCHENAID Artisan Planetenmischer mit liegendem Kopf 4,8 L Apfelrot","og_description":"Entdecken Sie KITCHENAID Artisan Planetenmischer mit liegendem Kopf 4,8 L Apfelrot bei ErresseShop. Qualit\u00e4t, Stil und Funktionalit\u00e4t \u2013 jetzt online bestellen!","og_url":"https:\/\/www.erresse-shop.it\/de\/shop\/kleine-elektrogeraete\/knetmaschinen\/kitchenaid-artisan-planetenmischer-mit-liegendem-kopf-48-l-apfelrot\/","og_site_name":"Erresse Shop","article_modified_time":"2025-01-17T08:03:18+00:00","og_image":[{"width":1200,"height":1200,"url":"https:\/\/www.erresse-shop.it\/wp-content\/uploads\/2024\/07\/KITCHENAID-Artisan-Planetaria-con-Testa-Reclinabile-48-L-Rosso-Mela.jpg","type":"image\/jpeg"}],"twitter_card":"summary_large_image","schema":{"@context":"https:\/\/schema.org","@graph":[{"@type":"WebPage","@id":"https:\/\/www.erresse-shop.it\/de\/shop\/kleine-elektrogeraete\/knetmaschinen\/kitchenaid-artisan-planetenmischer-mit-liegendem-kopf-48-l-apfelrot\/","url":"https:\/\/www.erresse-shop.it\/de\/shop\/kleine-elektrogeraete\/knetmaschinen\/kitchenaid-artisan-planetenmischer-mit-liegendem-kopf-48-l-apfelrot\/","name":"KITCHENAID Artisan Planetenmischer mit liegendem Kopf 4,8 L Apfelrot","isPartOf":{"@id":"https:\/\/www.erresse-shop.it\/de\/#website"},"datePublished":"2024-07-23T11:59:20+00:00","dateModified":"2025-01-17T08:03:18+00:00","description":"Entdecken Sie KITCHENAID Artisan Planetenmischer mit liegendem Kopf 4,8 L Apfelrot bei ErresseShop. Qualit\u00e4t, Stil und Funktionalit\u00e4t \u2013 jetzt online bestellen!","breadcrumb":{"@id":"https:\/\/www.erresse-shop.it\/de\/shop\/kleine-elektrogeraete\/knetmaschinen\/kitchenaid-artisan-planetenmischer-mit-liegendem-kopf-48-l-apfelrot\/#breadcrumb"},"inLanguage":"de-DE","potentialAction":[{"@type":"ReadAction","target":["https:\/\/www.erresse-shop.it\/de\/shop\/kleine-elektrogeraete\/knetmaschinen\/kitchenaid-artisan-planetenmischer-mit-liegendem-kopf-48-l-apfelrot\/"]}]},{"@type":"BreadcrumbList","@id":"https:\/\/www.erresse-shop.it\/de\/shop\/kleine-elektrogeraete\/knetmaschinen\/kitchenaid-artisan-planetenmischer-mit-liegendem-kopf-48-l-apfelrot\/#breadcrumb","itemListElement":[{"@type":"ListItem","position":1,"name":"Home","item":"https:\/\/www.erresse-shop.it\/de\/"},{"@type":"ListItem","position":2,"name":"Shop","item":"https:\/\/www.erresse-shop.it\/de\/shop\/"},{"@type":"ListItem","position":3,"name":"KITCHENAID Artisan Planetenmischer mit liegendem Kopf 4,8 L Apfelrot"}]},{"@type":"WebSite","@id":"https:\/\/www.erresse-shop.it\/de\/#website","url":"https:\/\/www.erresse-shop.it\/de\/","name":"Erresse Shop","description":"Articoli di qualit\u00e0 per la casa","potentialAction":[{"@type":"SearchAction","target":{"@type":"EntryPoint","urlTemplate":"https:\/\/www.erresse-shop.it\/de\/?s={search_term_string}"},"query-input":"required name=search_term_string"}],"inLanguage":"de-DE"}]}},"df_price":614.25,"df_sale_price":614.25,"df_regular_price":819,"df_image_link":"https:\/\/www.erresse-shop.it\/wp-content\/uploads\/2024\/07\/KITCHENAID-Artisan-Planetaria-con-Testa-Reclinabile-48-L-Rosso-Mela-300x300.jpg","_links":{"self":[{"href":"https:\/\/www.erresse-shop.it\/de\/wp-json\/wp\/v2\/product\/423291"}],"collection":[{"href":"https:\/\/www.erresse-shop.it\/de\/wp-json\/wp\/v2\/product"}],"about":[{"href":"https:\/\/www.erresse-shop.it\/de\/wp-json\/wp\/v2\/types\/product"}],"wp:featuredmedia":[{"embeddable":true,"href":"https:\/\/www.erresse-shop.it\/de\/wp-json\/wp\/v2\/media\/457345"}],"wp:attachment":[{"href":"https:\/\/www.erresse-shop.it\/de\/wp-json\/wp\/v2\/media?parent=423291"}],"wp:term":[{"taxonomy":"product_cat","embeddable":true,"href":"https:\/\/www.erresse-shop.it\/de\/wp-json\/wp\/v2\/product_cat?post=423291"},{"taxonomy":"product_tag","embeddable":true,"href":"https:\/\/www.erresse-shop.it\/de\/wp-json\/wp\/v2\/product_tag?post=423291"}],"curies":[{"name":"wp","href":"https:\/\/api.w.org\/{rel}","templated":true}]}}