{"id":423241,"date":"2024-07-23T10:32:51","date_gmt":"2024-07-23T10:32:51","guid":{"rendered":"https:\/\/www.erresse-shop.it\/?post_type=product&#038;p=423241"},"modified":"2025-01-17T07:55:02","modified_gmt":"2025-01-17T07:55:02","slug":"kitchenaid-artisan-toaster-4-scheiben-apfelrot","status":"publish","type":"product","link":"https:\/\/www.erresse-shop.it\/de\/shop\/kleine-elektrogeraete\/toaster\/kitchenaid-artisan-toaster-4-scheiben-apfelrot\/","title":{"rendered":"KITCHENAID Artisan Toaster 4 Scheiben Apfelrot"},"content":{"rendered":"<p>4-Scheiben-Toaster im Retro-Design mit 4 unabh\u00e4ngigen, extragro\u00dfen F\u00e4chern.<br \/>\nIdeal f\u00fcr den t\u00e4glichen Gebrauch, um Brot, Bagels und vieles mehr perfekt zu toasten.<br \/>\nPraktische Toastzange in der Verpackung enthalten.<\/p>\n<ul>\n<li>Geh\u00e4use aus Metalldruckguss<\/li>\n<li>7 verschiedene Br\u00e4unungsstufen<\/li>\n<li>LED-Countdown-Timer<\/li>\n<li>Automatisches Anheben und Absenken<\/li>\n<li>Temperaturerhaltung<\/li>\n<li>Auftaubetrieb<\/li>\n<li>Bagel-Modus<\/li>\n<li>Kr\u00fcmelfach<\/li>\n<\/ul>\n","protected":false},"excerpt":{"rendered":"<p>4-Scheiben-Toaster im Retro-Design mit 4 unabh\u00e4ngigen, extragro\u00dfen F\u00e4chern. Ideal f\u00fcr den t\u00e4glichen Gebrauch, um Brot, Bagels und vieles mehr perfekt<\/p>\n","protected":false},"featured_media":466475,"template":"","meta":{"_acf_changed":false,"inline_featured_image":false},"product_cat":[6703,6865],"product_tag":[11652,15614,11471,11417],"acf":[],"yoast_head":"<!-- This site is optimized with the Yoast SEO Premium plugin v18.6 (Yoast SEO v19.13) - https:\/\/yoast.com\/wordpress\/plugins\/seo\/ -->\n<title>KITCHENAID Artisan Toaster 4 Scheiben Apfelrot<\/title>\n<meta name=\"description\" content=\"Entdecken Sie KITCHENAID Artisan Toaster 4 Scheiben Apfelrot bei ErresseShop. Qualit\u00e4t, Stil und Funktionalit\u00e4t \u2013 jetzt online bestellen!\" \/>\n<meta name=\"robots\" content=\"index, follow, max-snippet:-1, max-image-preview:large, max-video-preview:-1\" \/>\n<link rel=\"canonical\" href=\"https:\/\/www.erresse-shop.it\/de\/shop\/kleine-elektrogeraete\/toaster\/kitchenaid-artisan-toaster-4-scheiben-apfelrot\/\" \/>\n<meta property=\"og:locale\" content=\"de_DE\" \/>\n<meta property=\"og:type\" content=\"article\" \/>\n<meta property=\"og:title\" content=\"KITCHENAID Artisan Toaster 4 Scheiben Apfelrot\" \/>\n<meta property=\"og:description\" content=\"Entdecken Sie KITCHENAID Artisan Toaster 4 Scheiben Apfelrot bei ErresseShop. Qualit\u00e4t, Stil und Funktionalit\u00e4t \u2013 jetzt online bestellen!\" \/>\n<meta property=\"og:url\" content=\"https:\/\/www.erresse-shop.it\/de\/shop\/kleine-elektrogeraete\/toaster\/kitchenaid-artisan-toaster-4-scheiben-apfelrot\/\" \/>\n<meta property=\"og:site_name\" content=\"Erresse Shop\" \/>\n<meta property=\"article:modified_time\" content=\"2025-01-17T07:55:02+00:00\" \/>\n<meta property=\"og:image\" content=\"https:\/\/www.erresse-shop.it\/wp-content\/uploads\/2024\/07\/KITCHENAID-Artisan-Tostapane-4-Fette-Rosso-Mela.png\" \/>\n\t<meta property=\"og:image:width\" content=\"800\" \/>\n\t<meta property=\"og:image:height\" content=\"800\" \/>\n\t<meta property=\"og:image:type\" content=\"image\/png\" \/>\n<meta name=\"twitter:card\" content=\"summary_large_image\" \/>\n<script type=\"application\/ld+json\" class=\"yoast-schema-graph\">{\"@context\":\"https:\/\/schema.org\",\"@graph\":[{\"@type\":\"WebPage\",\"@id\":\"https:\/\/www.erresse-shop.it\/de\/shop\/kleine-elektrogeraete\/toaster\/kitchenaid-artisan-toaster-4-scheiben-apfelrot\/\",\"url\":\"https:\/\/www.erresse-shop.it\/de\/shop\/kleine-elektrogeraete\/toaster\/kitchenaid-artisan-toaster-4-scheiben-apfelrot\/\",\"name\":\"KITCHENAID Artisan Toaster 4 Scheiben Apfelrot\",\"isPartOf\":{\"@id\":\"https:\/\/www.erresse-shop.it\/de\/#website\"},\"datePublished\":\"2024-07-23T10:32:51+00:00\",\"dateModified\":\"2025-01-17T07:55:02+00:00\",\"description\":\"Entdecken Sie KITCHENAID Artisan Toaster 4 Scheiben Apfelrot bei ErresseShop. Qualit\u00e4t, Stil und Funktionalit\u00e4t \u2013 jetzt online bestellen!\",\"breadcrumb\":{\"@id\":\"https:\/\/www.erresse-shop.it\/de\/shop\/kleine-elektrogeraete\/toaster\/kitchenaid-artisan-toaster-4-scheiben-apfelrot\/#breadcrumb\"},\"inLanguage\":\"de-DE\",\"potentialAction\":[{\"@type\":\"ReadAction\",\"target\":[\"https:\/\/www.erresse-shop.it\/de\/shop\/kleine-elektrogeraete\/toaster\/kitchenaid-artisan-toaster-4-scheiben-apfelrot\/\"]}]},{\"@type\":\"BreadcrumbList\",\"@id\":\"https:\/\/www.erresse-shop.it\/de\/shop\/kleine-elektrogeraete\/toaster\/kitchenaid-artisan-toaster-4-scheiben-apfelrot\/#breadcrumb\",\"itemListElement\":[{\"@type\":\"ListItem\",\"position\":1,\"name\":\"Home\",\"item\":\"https:\/\/www.erresse-shop.it\/de\/\"},{\"@type\":\"ListItem\",\"position\":2,\"name\":\"Shop\",\"item\":\"https:\/\/www.erresse-shop.it\/de\/shop\/\"},{\"@type\":\"ListItem\",\"position\":3,\"name\":\"KITCHENAID Artisan Toaster 4 Scheiben Apfelrot\"}]},{\"@type\":\"WebSite\",\"@id\":\"https:\/\/www.erresse-shop.it\/de\/#website\",\"url\":\"https:\/\/www.erresse-shop.it\/de\/\",\"name\":\"Erresse Shop\",\"description\":\"Articoli di qualit\u00e0 per la casa\",\"potentialAction\":[{\"@type\":\"SearchAction\",\"target\":{\"@type\":\"EntryPoint\",\"urlTemplate\":\"https:\/\/www.erresse-shop.it\/de\/?s={search_term_string}\"},\"query-input\":\"required name=search_term_string\"}],\"inLanguage\":\"de-DE\"}]}<\/script>\n<!-- \/ Yoast SEO Premium plugin. -->","yoast_head_json":{"title":"KITCHENAID Artisan Toaster 4 Scheiben Apfelrot","description":"Entdecken Sie KITCHENAID Artisan Toaster 4 Scheiben Apfelrot bei ErresseShop. Qualit\u00e4t, Stil und Funktionalit\u00e4t \u2013 jetzt online bestellen!","robots":{"index":"index","follow":"follow","max-snippet":"max-snippet:-1","max-image-preview":"max-image-preview:large","max-video-preview":"max-video-preview:-1"},"canonical":"https:\/\/www.erresse-shop.it\/de\/shop\/kleine-elektrogeraete\/toaster\/kitchenaid-artisan-toaster-4-scheiben-apfelrot\/","og_locale":"de_DE","og_type":"article","og_title":"KITCHENAID Artisan Toaster 4 Scheiben Apfelrot","og_description":"Entdecken Sie KITCHENAID Artisan Toaster 4 Scheiben Apfelrot bei ErresseShop. Qualit\u00e4t, Stil und Funktionalit\u00e4t \u2013 jetzt online bestellen!","og_url":"https:\/\/www.erresse-shop.it\/de\/shop\/kleine-elektrogeraete\/toaster\/kitchenaid-artisan-toaster-4-scheiben-apfelrot\/","og_site_name":"Erresse Shop","article_modified_time":"2025-01-17T07:55:02+00:00","og_image":[{"width":800,"height":800,"url":"https:\/\/www.erresse-shop.it\/wp-content\/uploads\/2024\/07\/KITCHENAID-Artisan-Tostapane-4-Fette-Rosso-Mela.png","type":"image\/png"}],"twitter_card":"summary_large_image","schema":{"@context":"https:\/\/schema.org","@graph":[{"@type":"WebPage","@id":"https:\/\/www.erresse-shop.it\/de\/shop\/kleine-elektrogeraete\/toaster\/kitchenaid-artisan-toaster-4-scheiben-apfelrot\/","url":"https:\/\/www.erresse-shop.it\/de\/shop\/kleine-elektrogeraete\/toaster\/kitchenaid-artisan-toaster-4-scheiben-apfelrot\/","name":"KITCHENAID Artisan Toaster 4 Scheiben Apfelrot","isPartOf":{"@id":"https:\/\/www.erresse-shop.it\/de\/#website"},"datePublished":"2024-07-23T10:32:51+00:00","dateModified":"2025-01-17T07:55:02+00:00","description":"Entdecken Sie KITCHENAID Artisan Toaster 4 Scheiben Apfelrot bei ErresseShop. Qualit\u00e4t, Stil und Funktionalit\u00e4t \u2013 jetzt online bestellen!","breadcrumb":{"@id":"https:\/\/www.erresse-shop.it\/de\/shop\/kleine-elektrogeraete\/toaster\/kitchenaid-artisan-toaster-4-scheiben-apfelrot\/#breadcrumb"},"inLanguage":"de-DE","potentialAction":[{"@type":"ReadAction","target":["https:\/\/www.erresse-shop.it\/de\/shop\/kleine-elektrogeraete\/toaster\/kitchenaid-artisan-toaster-4-scheiben-apfelrot\/"]}]},{"@type":"BreadcrumbList","@id":"https:\/\/www.erresse-shop.it\/de\/shop\/kleine-elektrogeraete\/toaster\/kitchenaid-artisan-toaster-4-scheiben-apfelrot\/#breadcrumb","itemListElement":[{"@type":"ListItem","position":1,"name":"Home","item":"https:\/\/www.erresse-shop.it\/de\/"},{"@type":"ListItem","position":2,"name":"Shop","item":"https:\/\/www.erresse-shop.it\/de\/shop\/"},{"@type":"ListItem","position":3,"name":"KITCHENAID Artisan Toaster 4 Scheiben Apfelrot"}]},{"@type":"WebSite","@id":"https:\/\/www.erresse-shop.it\/de\/#website","url":"https:\/\/www.erresse-shop.it\/de\/","name":"Erresse Shop","description":"Articoli di qualit\u00e0 per la casa","potentialAction":[{"@type":"SearchAction","target":{"@type":"EntryPoint","urlTemplate":"https:\/\/www.erresse-shop.it\/de\/?s={search_term_string}"},"query-input":"required name=search_term_string"}],"inLanguage":"de-DE"}]}},"df_price":321.75,"df_sale_price":321.75,"df_regular_price":429,"df_image_link":"https:\/\/www.erresse-shop.it\/wp-content\/uploads\/2024\/07\/KITCHENAID-Artisan-Tostapane-4-Fette-Rosso-Mela-300x300.jpg","_links":{"self":[{"href":"https:\/\/www.erresse-shop.it\/de\/wp-json\/wp\/v2\/product\/423241"}],"collection":[{"href":"https:\/\/www.erresse-shop.it\/de\/wp-json\/wp\/v2\/product"}],"about":[{"href":"https:\/\/www.erresse-shop.it\/de\/wp-json\/wp\/v2\/types\/product"}],"wp:featuredmedia":[{"embeddable":true,"href":"https:\/\/www.erresse-shop.it\/de\/wp-json\/wp\/v2\/media\/466475"}],"wp:attachment":[{"href":"https:\/\/www.erresse-shop.it\/de\/wp-json\/wp\/v2\/media?parent=423241"}],"wp:term":[{"taxonomy":"product_cat","embeddable":true,"href":"https:\/\/www.erresse-shop.it\/de\/wp-json\/wp\/v2\/product_cat?post=423241"},{"taxonomy":"product_tag","embeddable":true,"href":"https:\/\/www.erresse-shop.it\/de\/wp-json\/wp\/v2\/product_tag?post=423241"}],"curies":[{"name":"wp","href":"https:\/\/api.w.org\/{rel}","templated":true}]}}