{"id":423132,"date":"2024-07-23T08:34:37","date_gmt":"2024-07-23T08:34:38","guid":{"rendered":"https:\/\/www.erresse-shop.it\/?post_type=product&#038;p=423132"},"modified":"2025-01-17T07:54:59","modified_gmt":"2025-01-17T07:54:59","slug":"kitchenaid-kessel-17-l-kaiserrot","status":"publish","type":"product","link":"https:\/\/www.erresse-shop.it\/de\/shop\/kleine-elektrogeraete\/elektrische-wasserkocher\/kitchenaid-kessel-17-l-kaiserrot\/","title":{"rendered":"KITCHENAID Kessel 1,7 L Kaiserrot"},"content":{"rendered":"<p>Elektrischer Wasserkocher 1,7 l: Ger\u00e4uschlose Technologie und optimale Leistung<\/p>\n<p>Der 1,7-Liter-Wasserkocher wurde entwickelt, um schnell und leise zu kochen und sicherzustellen, dass das Wasser effizient die gew\u00fcnschte Temperatur erreicht. Dank der automatischen Heiztechnologie \u00fcberwacht der Wasserkocher den Kochvorgang und schaltet sich automatisch ab, wenn er beendet ist.<br \/>\nMit seinen gro\u00dfz\u00fcgigen Abmessungen kann dieser Wasserkocher Wasser f\u00fcr mehrere Tassen Tee, Kaffee, M\u00fcsli und mehr erhitzen und ist damit ideal f\u00fcr den t\u00e4glichen Gebrauch in der K\u00fcche. Die praktische Ausl\u00f6setaste erleichtert das Bef\u00fcllen, w\u00e4hrend das Wasserstandsfenster den F\u00fcllstand im Blick beh\u00e4lt.<\/p>\n<p>Ein angenehmes akustisches Signal zeigt Ihnen an, wenn das Wasser die ideale Temperatur f\u00fcr jeden Br\u00fchvorgang erreicht hat, so dass Sie immer perfekte Ergebnisse erzielen. Dar\u00fcber hinaus ist der Wasserkocher mit einem herausnehmbaren und waschbaren Kalkfilter ausgestattet, der das Wasser rein h\u00e4lt und Kalkablagerungen reduziert. Die Kabelaufwicklung am Sockel sorgt f\u00fcr Ordnung im Kabel und nimmt Platz auf der Arbeitsfl\u00e4che weg, so dass die Bedienung bequem und \u00fcbersichtlich ist.<\/p>\n<ul>\n<li>360\u00b0-Sockel f\u00fcr einfachen Zugang<\/li>\n<li>7 verschiedene Einstellungen f\u00fcr die Wassererw\u00e4rmung<\/li>\n<li>Temperaturbereich: 50\u00b0C-100\u00b0C<\/li>\n<li>Herausnehmbarer Kalkfilter Wasserkocher<\/li>\n<\/ul>\n","protected":false},"excerpt":{"rendered":"<p>Elektrischer Wasserkocher 1,7 l: Ger\u00e4uschlose Technologie und optimale Leistung Der 1,7-Liter-Wasserkocher wurde entwickelt, um schnell und leise zu kochen und<\/p>\n","protected":false},"featured_media":460594,"template":"","meta":{"_acf_changed":false,"inline_featured_image":false},"product_cat":[6874,6703],"product_tag":[11652,11877,15614],"acf":[],"yoast_head":"<!-- This site is optimized with the Yoast SEO Premium plugin v18.6 (Yoast SEO v19.13) - https:\/\/yoast.com\/wordpress\/plugins\/seo\/ -->\n<title>KITCHENAID Kessel 1,7 L Kaiserrot<\/title>\n<meta name=\"description\" content=\"Entdecken Sie KITCHENAID Kessel 1,7 L Kaiserrot bei ErresseShop. Qualit\u00e4t, Stil und Funktionalit\u00e4t \u2013 jetzt online bestellen!\" \/>\n<meta name=\"robots\" content=\"index, follow, max-snippet:-1, max-image-preview:large, max-video-preview:-1\" \/>\n<link rel=\"canonical\" href=\"https:\/\/www.erresse-shop.it\/de\/shop\/kleine-elektrogeraete\/elektrische-wasserkocher\/kitchenaid-kessel-17-l-kaiserrot\/\" \/>\n<meta property=\"og:locale\" content=\"de_DE\" \/>\n<meta property=\"og:type\" content=\"article\" \/>\n<meta property=\"og:title\" content=\"KITCHENAID Kessel 1,7 L Kaiserrot\" \/>\n<meta property=\"og:description\" content=\"Entdecken Sie KITCHENAID Kessel 1,7 L Kaiserrot bei ErresseShop. Qualit\u00e4t, Stil und Funktionalit\u00e4t \u2013 jetzt online bestellen!\" \/>\n<meta property=\"og:url\" content=\"https:\/\/www.erresse-shop.it\/de\/shop\/kleine-elektrogeraete\/elektrische-wasserkocher\/kitchenaid-kessel-17-l-kaiserrot\/\" \/>\n<meta property=\"og:site_name\" content=\"Erresse Shop\" \/>\n<meta property=\"article:modified_time\" content=\"2025-01-17T07:54:59+00:00\" \/>\n<meta property=\"og:image\" content=\"https:\/\/www.erresse-shop.it\/wp-content\/uploads\/2024\/07\/KITCHENAID-Bollitore-17-L-Rosso-Imperiale.jpg\" \/>\n\t<meta property=\"og:image:width\" content=\"1200\" \/>\n\t<meta property=\"og:image:height\" content=\"1200\" \/>\n\t<meta property=\"og:image:type\" content=\"image\/jpeg\" \/>\n<meta name=\"twitter:card\" content=\"summary_large_image\" \/>\n<script type=\"application\/ld+json\" class=\"yoast-schema-graph\">{\"@context\":\"https:\/\/schema.org\",\"@graph\":[{\"@type\":\"WebPage\",\"@id\":\"https:\/\/www.erresse-shop.it\/de\/shop\/kleine-elektrogeraete\/elektrische-wasserkocher\/kitchenaid-kessel-17-l-kaiserrot\/\",\"url\":\"https:\/\/www.erresse-shop.it\/de\/shop\/kleine-elektrogeraete\/elektrische-wasserkocher\/kitchenaid-kessel-17-l-kaiserrot\/\",\"name\":\"KITCHENAID Kessel 1,7 L Kaiserrot\",\"isPartOf\":{\"@id\":\"https:\/\/www.erresse-shop.it\/de\/#website\"},\"datePublished\":\"2024-07-23T08:34:38+00:00\",\"dateModified\":\"2025-01-17T07:54:59+00:00\",\"description\":\"Entdecken Sie KITCHENAID Kessel 1,7 L Kaiserrot bei ErresseShop. Qualit\u00e4t, Stil und Funktionalit\u00e4t \u2013 jetzt online bestellen!\",\"breadcrumb\":{\"@id\":\"https:\/\/www.erresse-shop.it\/de\/shop\/kleine-elektrogeraete\/elektrische-wasserkocher\/kitchenaid-kessel-17-l-kaiserrot\/#breadcrumb\"},\"inLanguage\":\"de-DE\",\"potentialAction\":[{\"@type\":\"ReadAction\",\"target\":[\"https:\/\/www.erresse-shop.it\/de\/shop\/kleine-elektrogeraete\/elektrische-wasserkocher\/kitchenaid-kessel-17-l-kaiserrot\/\"]}]},{\"@type\":\"BreadcrumbList\",\"@id\":\"https:\/\/www.erresse-shop.it\/de\/shop\/kleine-elektrogeraete\/elektrische-wasserkocher\/kitchenaid-kessel-17-l-kaiserrot\/#breadcrumb\",\"itemListElement\":[{\"@type\":\"ListItem\",\"position\":1,\"name\":\"Home\",\"item\":\"https:\/\/www.erresse-shop.it\/de\/\"},{\"@type\":\"ListItem\",\"position\":2,\"name\":\"Shop\",\"item\":\"https:\/\/www.erresse-shop.it\/de\/shop\/\"},{\"@type\":\"ListItem\",\"position\":3,\"name\":\"KITCHENAID Kessel 1,7 L Kaiserrot\"}]},{\"@type\":\"WebSite\",\"@id\":\"https:\/\/www.erresse-shop.it\/de\/#website\",\"url\":\"https:\/\/www.erresse-shop.it\/de\/\",\"name\":\"Erresse Shop\",\"description\":\"Articoli di qualit\u00e0 per la casa\",\"potentialAction\":[{\"@type\":\"SearchAction\",\"target\":{\"@type\":\"EntryPoint\",\"urlTemplate\":\"https:\/\/www.erresse-shop.it\/de\/?s={search_term_string}\"},\"query-input\":\"required name=search_term_string\"}],\"inLanguage\":\"de-DE\"}]}<\/script>\n<!-- \/ Yoast SEO Premium plugin. -->","yoast_head_json":{"title":"KITCHENAID Kessel 1,7 L Kaiserrot","description":"Entdecken Sie KITCHENAID Kessel 1,7 L Kaiserrot bei ErresseShop. Qualit\u00e4t, Stil und Funktionalit\u00e4t \u2013 jetzt online bestellen!","robots":{"index":"index","follow":"follow","max-snippet":"max-snippet:-1","max-image-preview":"max-image-preview:large","max-video-preview":"max-video-preview:-1"},"canonical":"https:\/\/www.erresse-shop.it\/de\/shop\/kleine-elektrogeraete\/elektrische-wasserkocher\/kitchenaid-kessel-17-l-kaiserrot\/","og_locale":"de_DE","og_type":"article","og_title":"KITCHENAID Kessel 1,7 L Kaiserrot","og_description":"Entdecken Sie KITCHENAID Kessel 1,7 L Kaiserrot bei ErresseShop. Qualit\u00e4t, Stil und Funktionalit\u00e4t \u2013 jetzt online bestellen!","og_url":"https:\/\/www.erresse-shop.it\/de\/shop\/kleine-elektrogeraete\/elektrische-wasserkocher\/kitchenaid-kessel-17-l-kaiserrot\/","og_site_name":"Erresse Shop","article_modified_time":"2025-01-17T07:54:59+00:00","og_image":[{"width":1200,"height":1200,"url":"https:\/\/www.erresse-shop.it\/wp-content\/uploads\/2024\/07\/KITCHENAID-Bollitore-17-L-Rosso-Imperiale.jpg","type":"image\/jpeg"}],"twitter_card":"summary_large_image","schema":{"@context":"https:\/\/schema.org","@graph":[{"@type":"WebPage","@id":"https:\/\/www.erresse-shop.it\/de\/shop\/kleine-elektrogeraete\/elektrische-wasserkocher\/kitchenaid-kessel-17-l-kaiserrot\/","url":"https:\/\/www.erresse-shop.it\/de\/shop\/kleine-elektrogeraete\/elektrische-wasserkocher\/kitchenaid-kessel-17-l-kaiserrot\/","name":"KITCHENAID Kessel 1,7 L Kaiserrot","isPartOf":{"@id":"https:\/\/www.erresse-shop.it\/de\/#website"},"datePublished":"2024-07-23T08:34:38+00:00","dateModified":"2025-01-17T07:54:59+00:00","description":"Entdecken Sie KITCHENAID Kessel 1,7 L Kaiserrot bei ErresseShop. Qualit\u00e4t, Stil und Funktionalit\u00e4t \u2013 jetzt online bestellen!","breadcrumb":{"@id":"https:\/\/www.erresse-shop.it\/de\/shop\/kleine-elektrogeraete\/elektrische-wasserkocher\/kitchenaid-kessel-17-l-kaiserrot\/#breadcrumb"},"inLanguage":"de-DE","potentialAction":[{"@type":"ReadAction","target":["https:\/\/www.erresse-shop.it\/de\/shop\/kleine-elektrogeraete\/elektrische-wasserkocher\/kitchenaid-kessel-17-l-kaiserrot\/"]}]},{"@type":"BreadcrumbList","@id":"https:\/\/www.erresse-shop.it\/de\/shop\/kleine-elektrogeraete\/elektrische-wasserkocher\/kitchenaid-kessel-17-l-kaiserrot\/#breadcrumb","itemListElement":[{"@type":"ListItem","position":1,"name":"Home","item":"https:\/\/www.erresse-shop.it\/de\/"},{"@type":"ListItem","position":2,"name":"Shop","item":"https:\/\/www.erresse-shop.it\/de\/shop\/"},{"@type":"ListItem","position":3,"name":"KITCHENAID Kessel 1,7 L Kaiserrot"}]},{"@type":"WebSite","@id":"https:\/\/www.erresse-shop.it\/de\/#website","url":"https:\/\/www.erresse-shop.it\/de\/","name":"Erresse Shop","description":"Articoli di qualit\u00e0 per la casa","potentialAction":[{"@type":"SearchAction","target":{"@type":"EntryPoint","urlTemplate":"https:\/\/www.erresse-shop.it\/de\/?s={search_term_string}"},"query-input":"required name=search_term_string"}],"inLanguage":"de-DE"}]}},"df_price":149.25,"df_sale_price":149.25,"df_regular_price":199,"df_image_link":"https:\/\/www.erresse-shop.it\/wp-content\/uploads\/2024\/07\/KITCHENAID-Bollitore-17-L-Rosso-Imperiale-300x300.jpg","_links":{"self":[{"href":"https:\/\/www.erresse-shop.it\/de\/wp-json\/wp\/v2\/product\/423132"}],"collection":[{"href":"https:\/\/www.erresse-shop.it\/de\/wp-json\/wp\/v2\/product"}],"about":[{"href":"https:\/\/www.erresse-shop.it\/de\/wp-json\/wp\/v2\/types\/product"}],"wp:featuredmedia":[{"embeddable":true,"href":"https:\/\/www.erresse-shop.it\/de\/wp-json\/wp\/v2\/media\/460594"}],"wp:attachment":[{"href":"https:\/\/www.erresse-shop.it\/de\/wp-json\/wp\/v2\/media?parent=423132"}],"wp:term":[{"taxonomy":"product_cat","embeddable":true,"href":"https:\/\/www.erresse-shop.it\/de\/wp-json\/wp\/v2\/product_cat?post=423132"},{"taxonomy":"product_tag","embeddable":true,"href":"https:\/\/www.erresse-shop.it\/de\/wp-json\/wp\/v2\/product_tag?post=423132"}],"curies":[{"name":"wp","href":"https:\/\/api.w.org\/{rel}","templated":true}]}}