{"id":423102,"date":"2024-07-23T07:54:41","date_gmt":"2024-07-23T07:54:42","guid":{"rendered":"https:\/\/www.erresse-shop.it\/?post_type=product&#038;p=423102"},"modified":"2025-01-17T07:54:58","modified_gmt":"2025-01-17T07:54:58","slug":"kitchenaid-elektrischer-schneebesen-9-geschwindigkeiten-empire-rot-copia","status":"publish","type":"product","link":"https:\/\/www.erresse-shop.it\/de\/shop\/kleine-elektrogeraete\/elektrische-wasserkocher\/kitchenaid-elektrischer-schneebesen-9-geschwindigkeiten-empire-rot-copia\/","title":{"rendered":"KITCHENAID Kessel 1,5 L Silber Medaillon Silber"},"content":{"rendered":"<p>Elektrischer Wasserkocher: Stellen Sie die ideale Temperatur f\u00fcr Ihr Getr\u00e4nk ein<br \/>\nDieser Wasserkocher ist das perfekte Zubeh\u00f6r, um Hei\u00dfgetr\u00e4nke mit Pr\u00e4zision und Komfort zuzubereiten. Dank seiner F\u00e4higkeit, die Temperatur von 50\u00b0C bis 100\u00b0C einzustellen, k\u00f6nnen Sie Ihren schwarzen Tee, Kr\u00e4utertee, gr\u00fcnen Tee oder wei\u00dfen Tee genau richtig zubereiten. Dieses intelligente Ger\u00e4t verhindert nicht nur, dass das Wasser kocht und bewahrt so den Geschmack Ihres Getr\u00e4nks, sondern bietet auch eine Temperaturerhaltungsfunktion, mit der Sie Ihr Getr\u00e4nk bis zu einer halben Stunde lang bei der richtigen Temperatur genie\u00dfen k\u00f6nnen.<br \/>\nUnser Wasserkocher ist mit einer eleganten seitlichen Temperaturanzeige ausgestattet und verf\u00fcgt \u00fcber eine doppelwandige Isolierung, die die Au\u00dfenseite k\u00fchl h\u00e4lt und die Ger\u00e4uschentwicklung beim Erhitzen reduziert. Mit seinem zeitlosen Design, das in verschiedenen Farbt\u00f6nen erh\u00e4ltlich ist, passt dieser Wasserkocher perfekt zu jedem K\u00fcchenstil, egal ob retro oder modern. Mit herausnehmbarem Kalkfilter, Softgrip-Griff und praktischer Kabelaufwicklung ist unser Wasserkocher ein Muss f\u00fcr alle Liebhaber von Hei\u00dfgetr\u00e4nken.<\/p>\n<ul>\n<li>360\u00b0-Sockel f\u00fcr leichten Zugang<\/li>\n<li>Elegante analoge Temperaturanzeige<\/li>\n<li>7 verschiedene Einstellungen f\u00fcr die Wassererw\u00e4rmung<\/li>\n<li>Temperaturbereich: 50\u00b0C-100\u00b0C<\/li>\n<\/ul>\n","protected":false},"excerpt":{"rendered":"<p>Elektrischer Wasserkocher: Stellen Sie die ideale Temperatur f\u00fcr Ihr Getr\u00e4nk ein Dieser Wasserkocher ist das perfekte Zubeh\u00f6r, um Hei\u00dfgetr\u00e4nke mit<\/p>\n","protected":false},"featured_media":460537,"template":"","meta":{"_acf_changed":false,"inline_featured_image":false},"product_cat":[6874,6703],"product_tag":[11652,11877,15614],"acf":[],"yoast_head":"<!-- This site is optimized with the Yoast SEO Premium plugin v18.6 (Yoast SEO v19.13) - https:\/\/yoast.com\/wordpress\/plugins\/seo\/ -->\n<title>KITCHENAID Kessel 1,5 L Silber Medaillon Silber<\/title>\n<meta name=\"description\" content=\"Entdecken Sie KITCHENAID Kessel 1,5 L Silber Medaillon Silber bei ErresseShop. Qualit\u00e4t, Stil und Funktionalit\u00e4t \u2013 jetzt online bestellen!\" \/>\n<meta name=\"robots\" content=\"index, follow, max-snippet:-1, max-image-preview:large, max-video-preview:-1\" \/>\n<link rel=\"canonical\" href=\"https:\/\/www.erresse-shop.it\/de\/shop\/kleine-elektrogeraete\/elektrische-wasserkocher\/kitchenaid-elektrischer-schneebesen-9-geschwindigkeiten-empire-rot-copia\/\" \/>\n<meta property=\"og:locale\" content=\"de_DE\" \/>\n<meta property=\"og:type\" content=\"article\" \/>\n<meta property=\"og:title\" content=\"KITCHENAID Kessel 1,5 L Silber Medaillon Silber\" \/>\n<meta property=\"og:description\" content=\"Entdecken Sie KITCHENAID Kessel 1,5 L Silber Medaillon Silber bei ErresseShop. Qualit\u00e4t, Stil und Funktionalit\u00e4t \u2013 jetzt online bestellen!\" \/>\n<meta property=\"og:url\" content=\"https:\/\/www.erresse-shop.it\/de\/shop\/kleine-elektrogeraete\/elektrische-wasserkocher\/kitchenaid-elektrischer-schneebesen-9-geschwindigkeiten-empire-rot-copia\/\" \/>\n<meta property=\"og:site_name\" content=\"Erresse Shop\" \/>\n<meta property=\"article:modified_time\" content=\"2025-01-17T07:54:58+00:00\" \/>\n<meta property=\"og:image\" content=\"https:\/\/www.erresse-shop.it\/wp-content\/uploads\/2024\/07\/KITCHENAID-Bollitore-15-L-Argento-Medaglia.jpg\" \/>\n\t<meta property=\"og:image:width\" content=\"1200\" \/>\n\t<meta property=\"og:image:height\" content=\"1200\" \/>\n\t<meta property=\"og:image:type\" content=\"image\/jpeg\" \/>\n<meta name=\"twitter:card\" content=\"summary_large_image\" \/>\n<script type=\"application\/ld+json\" class=\"yoast-schema-graph\">{\"@context\":\"https:\/\/schema.org\",\"@graph\":[{\"@type\":\"WebPage\",\"@id\":\"https:\/\/www.erresse-shop.it\/de\/shop\/kleine-elektrogeraete\/elektrische-wasserkocher\/kitchenaid-elektrischer-schneebesen-9-geschwindigkeiten-empire-rot-copia\/\",\"url\":\"https:\/\/www.erresse-shop.it\/de\/shop\/kleine-elektrogeraete\/elektrische-wasserkocher\/kitchenaid-elektrischer-schneebesen-9-geschwindigkeiten-empire-rot-copia\/\",\"name\":\"KITCHENAID Kessel 1,5 L Silber Medaillon Silber\",\"isPartOf\":{\"@id\":\"https:\/\/www.erresse-shop.it\/de\/#website\"},\"datePublished\":\"2024-07-23T07:54:42+00:00\",\"dateModified\":\"2025-01-17T07:54:58+00:00\",\"description\":\"Entdecken Sie KITCHENAID Kessel 1,5 L Silber Medaillon Silber bei ErresseShop. Qualit\u00e4t, Stil und Funktionalit\u00e4t \u2013 jetzt online bestellen!\",\"breadcrumb\":{\"@id\":\"https:\/\/www.erresse-shop.it\/de\/shop\/kleine-elektrogeraete\/elektrische-wasserkocher\/kitchenaid-elektrischer-schneebesen-9-geschwindigkeiten-empire-rot-copia\/#breadcrumb\"},\"inLanguage\":\"de-DE\",\"potentialAction\":[{\"@type\":\"ReadAction\",\"target\":[\"https:\/\/www.erresse-shop.it\/de\/shop\/kleine-elektrogeraete\/elektrische-wasserkocher\/kitchenaid-elektrischer-schneebesen-9-geschwindigkeiten-empire-rot-copia\/\"]}]},{\"@type\":\"BreadcrumbList\",\"@id\":\"https:\/\/www.erresse-shop.it\/de\/shop\/kleine-elektrogeraete\/elektrische-wasserkocher\/kitchenaid-elektrischer-schneebesen-9-geschwindigkeiten-empire-rot-copia\/#breadcrumb\",\"itemListElement\":[{\"@type\":\"ListItem\",\"position\":1,\"name\":\"Home\",\"item\":\"https:\/\/www.erresse-shop.it\/de\/\"},{\"@type\":\"ListItem\",\"position\":2,\"name\":\"Shop\",\"item\":\"https:\/\/www.erresse-shop.it\/de\/shop\/\"},{\"@type\":\"ListItem\",\"position\":3,\"name\":\"KITCHENAID Kessel 1,5 L Silber Medaillon Silber\"}]},{\"@type\":\"WebSite\",\"@id\":\"https:\/\/www.erresse-shop.it\/de\/#website\",\"url\":\"https:\/\/www.erresse-shop.it\/de\/\",\"name\":\"Erresse Shop\",\"description\":\"Articoli di qualit\u00e0 per la casa\",\"potentialAction\":[{\"@type\":\"SearchAction\",\"target\":{\"@type\":\"EntryPoint\",\"urlTemplate\":\"https:\/\/www.erresse-shop.it\/de\/?s={search_term_string}\"},\"query-input\":\"required name=search_term_string\"}],\"inLanguage\":\"de-DE\"}]}<\/script>\n<!-- \/ Yoast SEO Premium plugin. -->","yoast_head_json":{"title":"KITCHENAID Kessel 1,5 L Silber Medaillon Silber","description":"Entdecken Sie KITCHENAID Kessel 1,5 L Silber Medaillon Silber bei ErresseShop. Qualit\u00e4t, Stil und Funktionalit\u00e4t \u2013 jetzt online bestellen!","robots":{"index":"index","follow":"follow","max-snippet":"max-snippet:-1","max-image-preview":"max-image-preview:large","max-video-preview":"max-video-preview:-1"},"canonical":"https:\/\/www.erresse-shop.it\/de\/shop\/kleine-elektrogeraete\/elektrische-wasserkocher\/kitchenaid-elektrischer-schneebesen-9-geschwindigkeiten-empire-rot-copia\/","og_locale":"de_DE","og_type":"article","og_title":"KITCHENAID Kessel 1,5 L Silber Medaillon Silber","og_description":"Entdecken Sie KITCHENAID Kessel 1,5 L Silber Medaillon Silber bei ErresseShop. Qualit\u00e4t, Stil und Funktionalit\u00e4t \u2013 jetzt online bestellen!","og_url":"https:\/\/www.erresse-shop.it\/de\/shop\/kleine-elektrogeraete\/elektrische-wasserkocher\/kitchenaid-elektrischer-schneebesen-9-geschwindigkeiten-empire-rot-copia\/","og_site_name":"Erresse Shop","article_modified_time":"2025-01-17T07:54:58+00:00","og_image":[{"width":1200,"height":1200,"url":"https:\/\/www.erresse-shop.it\/wp-content\/uploads\/2024\/07\/KITCHENAID-Bollitore-15-L-Argento-Medaglia.jpg","type":"image\/jpeg"}],"twitter_card":"summary_large_image","schema":{"@context":"https:\/\/schema.org","@graph":[{"@type":"WebPage","@id":"https:\/\/www.erresse-shop.it\/de\/shop\/kleine-elektrogeraete\/elektrische-wasserkocher\/kitchenaid-elektrischer-schneebesen-9-geschwindigkeiten-empire-rot-copia\/","url":"https:\/\/www.erresse-shop.it\/de\/shop\/kleine-elektrogeraete\/elektrische-wasserkocher\/kitchenaid-elektrischer-schneebesen-9-geschwindigkeiten-empire-rot-copia\/","name":"KITCHENAID Kessel 1,5 L Silber Medaillon Silber","isPartOf":{"@id":"https:\/\/www.erresse-shop.it\/de\/#website"},"datePublished":"2024-07-23T07:54:42+00:00","dateModified":"2025-01-17T07:54:58+00:00","description":"Entdecken Sie KITCHENAID Kessel 1,5 L Silber Medaillon Silber bei ErresseShop. Qualit\u00e4t, Stil und Funktionalit\u00e4t \u2013 jetzt online bestellen!","breadcrumb":{"@id":"https:\/\/www.erresse-shop.it\/de\/shop\/kleine-elektrogeraete\/elektrische-wasserkocher\/kitchenaid-elektrischer-schneebesen-9-geschwindigkeiten-empire-rot-copia\/#breadcrumb"},"inLanguage":"de-DE","potentialAction":[{"@type":"ReadAction","target":["https:\/\/www.erresse-shop.it\/de\/shop\/kleine-elektrogeraete\/elektrische-wasserkocher\/kitchenaid-elektrischer-schneebesen-9-geschwindigkeiten-empire-rot-copia\/"]}]},{"@type":"BreadcrumbList","@id":"https:\/\/www.erresse-shop.it\/de\/shop\/kleine-elektrogeraete\/elektrische-wasserkocher\/kitchenaid-elektrischer-schneebesen-9-geschwindigkeiten-empire-rot-copia\/#breadcrumb","itemListElement":[{"@type":"ListItem","position":1,"name":"Home","item":"https:\/\/www.erresse-shop.it\/de\/"},{"@type":"ListItem","position":2,"name":"Shop","item":"https:\/\/www.erresse-shop.it\/de\/shop\/"},{"@type":"ListItem","position":3,"name":"KITCHENAID Kessel 1,5 L Silber Medaillon Silber"}]},{"@type":"WebSite","@id":"https:\/\/www.erresse-shop.it\/de\/#website","url":"https:\/\/www.erresse-shop.it\/de\/","name":"Erresse Shop","description":"Articoli di qualit\u00e0 per la casa","potentialAction":[{"@type":"SearchAction","target":{"@type":"EntryPoint","urlTemplate":"https:\/\/www.erresse-shop.it\/de\/?s={search_term_string}"},"query-input":"required name=search_term_string"}],"inLanguage":"de-DE"}]}},"df_price":186.75,"df_sale_price":186.75,"df_regular_price":249,"df_image_link":"https:\/\/www.erresse-shop.it\/wp-content\/uploads\/2024\/07\/KITCHENAID-Bollitore-15-L-Argento-Medaglia-300x300.jpg","_links":{"self":[{"href":"https:\/\/www.erresse-shop.it\/de\/wp-json\/wp\/v2\/product\/423102"}],"collection":[{"href":"https:\/\/www.erresse-shop.it\/de\/wp-json\/wp\/v2\/product"}],"about":[{"href":"https:\/\/www.erresse-shop.it\/de\/wp-json\/wp\/v2\/types\/product"}],"wp:featuredmedia":[{"embeddable":true,"href":"https:\/\/www.erresse-shop.it\/de\/wp-json\/wp\/v2\/media\/460537"}],"wp:attachment":[{"href":"https:\/\/www.erresse-shop.it\/de\/wp-json\/wp\/v2\/media?parent=423102"}],"wp:term":[{"taxonomy":"product_cat","embeddable":true,"href":"https:\/\/www.erresse-shop.it\/de\/wp-json\/wp\/v2\/product_cat?post=423102"},{"taxonomy":"product_tag","embeddable":true,"href":"https:\/\/www.erresse-shop.it\/de\/wp-json\/wp\/v2\/product_tag?post=423102"}],"curies":[{"name":"wp","href":"https:\/\/api.w.org\/{rel}","templated":true}]}}