{"id":423016,"date":"2024-07-23T05:32:31","date_gmt":"2024-07-23T05:32:32","guid":{"rendered":"https:\/\/www.erresse-shop.it\/?post_type=product&#038;p=423016"},"modified":"2025-01-22T06:41:44","modified_gmt":"2025-01-22T06:41:44","slug":"yaxell-ran-kiritsuke-messer-20-cm","status":"publish","type":"product","link":"https:\/\/www.erresse-shop.it\/de\/shop\/kuche\/messer\/yaxell-ran-kiritsuke-messer-20-cm\/","title":{"rendered":"YAXELL Ran Kiritsuke Messer 20 cm"},"content":{"rendered":"<p>Das <strong>Yaxell Kiritsuke 20 cm<\/strong> ist ein praktisches und elegantes japanisches K\u00fcchenmesser. Das Kiritsuke wurde als vielseitiges Messer f\u00fcr die Zubereitung asiatischer Gerichte konzipiert. Dazu wurde die Klinge eines Nakiri (Gem\u00fcsemesser) mit der eines Sujihiki (Fischmesser) kombiniert. Diese Kombination sorgt daf\u00fcr, dass viele verschiedene Zutaten mit einem Messer geschnitten werden k\u00f6nnen.<\/p>\n<p>Spezifikationen<br \/>\nH\u00f6he der Klinge 4,6 Cm<br \/>\nKlingenl\u00e4nge 20 Cm<br \/>\nGesamtl\u00e4nge 34 Cm<br \/>\nGewicht 250 g<\/p>\n<p><strong>Hergestellt in Japan<\/strong><\/p>\n","protected":false},"excerpt":{"rendered":"<p>Das Yaxell Kiritsuke 20 cm ist ein praktisches und elegantes japanisches K\u00fcchenmesser. Das Kiritsuke wurde als vielseitiges Messer f\u00fcr die<\/p>\n","protected":false},"featured_media":512641,"template":"","meta":{"_acf_changed":false,"inline_featured_image":false},"product_cat":[6742,6706,14454],"product_tag":[11395,11529,21624],"acf":[],"yoast_head":"<!-- This site is optimized with the Yoast SEO Premium plugin v18.6 (Yoast SEO v19.13) - https:\/\/yoast.com\/wordpress\/plugins\/seo\/ -->\n<title>YAXELL Ran Kiritsuke Messer 20 cm<\/title>\n<meta name=\"description\" content=\"Entdecken Sie YAXELL Ran Kiritsuke Messer 20 cm bei ErresseShop. Qualit\u00e4t, Stil und Funktionalit\u00e4t \u2013 jetzt online bestellen!\" \/>\n<meta name=\"robots\" content=\"index, follow, max-snippet:-1, max-image-preview:large, max-video-preview:-1\" \/>\n<link rel=\"canonical\" href=\"https:\/\/www.erresse-shop.it\/de\/shop\/kuche\/messer\/yaxell-ran-kiritsuke-messer-20-cm\/\" \/>\n<meta property=\"og:locale\" content=\"de_DE\" \/>\n<meta property=\"og:type\" content=\"article\" \/>\n<meta property=\"og:title\" content=\"YAXELL Ran Kiritsuke Messer 20 cm\" \/>\n<meta property=\"og:description\" content=\"Entdecken Sie YAXELL Ran Kiritsuke Messer 20 cm bei ErresseShop. Qualit\u00e4t, Stil und Funktionalit\u00e4t \u2013 jetzt online bestellen!\" \/>\n<meta property=\"og:url\" content=\"https:\/\/www.erresse-shop.it\/de\/shop\/kuche\/messer\/yaxell-ran-kiritsuke-messer-20-cm\/\" \/>\n<meta property=\"og:site_name\" content=\"Erresse Shop\" \/>\n<meta property=\"article:modified_time\" content=\"2025-01-22T06:41:44+00:00\" \/>\n<meta property=\"og:image\" content=\"https:\/\/www.erresse-shop.it\/wp-content\/uploads\/2024\/07\/YAXELL-Ran-Kiritsuke-Coltello-20-cm.png\" \/>\n\t<meta property=\"og:image:width\" content=\"800\" \/>\n\t<meta property=\"og:image:height\" content=\"800\" \/>\n\t<meta property=\"og:image:type\" content=\"image\/png\" \/>\n<meta name=\"twitter:card\" content=\"summary_large_image\" \/>\n<script type=\"application\/ld+json\" class=\"yoast-schema-graph\">{\"@context\":\"https:\/\/schema.org\",\"@graph\":[{\"@type\":\"WebPage\",\"@id\":\"https:\/\/www.erresse-shop.it\/de\/shop\/kuche\/messer\/yaxell-ran-kiritsuke-messer-20-cm\/\",\"url\":\"https:\/\/www.erresse-shop.it\/de\/shop\/kuche\/messer\/yaxell-ran-kiritsuke-messer-20-cm\/\",\"name\":\"YAXELL Ran Kiritsuke Messer 20 cm\",\"isPartOf\":{\"@id\":\"https:\/\/www.erresse-shop.it\/de\/#website\"},\"datePublished\":\"2024-07-23T05:32:32+00:00\",\"dateModified\":\"2025-01-22T06:41:44+00:00\",\"description\":\"Entdecken Sie YAXELL Ran Kiritsuke Messer 20 cm bei ErresseShop. Qualit\u00e4t, Stil und Funktionalit\u00e4t \u2013 jetzt online bestellen!\",\"breadcrumb\":{\"@id\":\"https:\/\/www.erresse-shop.it\/de\/shop\/kuche\/messer\/yaxell-ran-kiritsuke-messer-20-cm\/#breadcrumb\"},\"inLanguage\":\"de-DE\",\"potentialAction\":[{\"@type\":\"ReadAction\",\"target\":[\"https:\/\/www.erresse-shop.it\/de\/shop\/kuche\/messer\/yaxell-ran-kiritsuke-messer-20-cm\/\"]}]},{\"@type\":\"BreadcrumbList\",\"@id\":\"https:\/\/www.erresse-shop.it\/de\/shop\/kuche\/messer\/yaxell-ran-kiritsuke-messer-20-cm\/#breadcrumb\",\"itemListElement\":[{\"@type\":\"ListItem\",\"position\":1,\"name\":\"Home\",\"item\":\"https:\/\/www.erresse-shop.it\/de\/\"},{\"@type\":\"ListItem\",\"position\":2,\"name\":\"Shop\",\"item\":\"https:\/\/www.erresse-shop.it\/de\/shop\/\"},{\"@type\":\"ListItem\",\"position\":3,\"name\":\"YAXELL Ran Kiritsuke Messer 20 cm\"}]},{\"@type\":\"WebSite\",\"@id\":\"https:\/\/www.erresse-shop.it\/de\/#website\",\"url\":\"https:\/\/www.erresse-shop.it\/de\/\",\"name\":\"Erresse Shop\",\"description\":\"Articoli di qualit\u00e0 per la casa\",\"potentialAction\":[{\"@type\":\"SearchAction\",\"target\":{\"@type\":\"EntryPoint\",\"urlTemplate\":\"https:\/\/www.erresse-shop.it\/de\/?s={search_term_string}\"},\"query-input\":\"required name=search_term_string\"}],\"inLanguage\":\"de-DE\"}]}<\/script>\n<!-- \/ Yoast SEO Premium plugin. -->","yoast_head_json":{"title":"YAXELL Ran Kiritsuke Messer 20 cm","description":"Entdecken Sie YAXELL Ran Kiritsuke Messer 20 cm bei ErresseShop. Qualit\u00e4t, Stil und Funktionalit\u00e4t \u2013 jetzt online bestellen!","robots":{"index":"index","follow":"follow","max-snippet":"max-snippet:-1","max-image-preview":"max-image-preview:large","max-video-preview":"max-video-preview:-1"},"canonical":"https:\/\/www.erresse-shop.it\/de\/shop\/kuche\/messer\/yaxell-ran-kiritsuke-messer-20-cm\/","og_locale":"de_DE","og_type":"article","og_title":"YAXELL Ran Kiritsuke Messer 20 cm","og_description":"Entdecken Sie YAXELL Ran Kiritsuke Messer 20 cm bei ErresseShop. Qualit\u00e4t, Stil und Funktionalit\u00e4t \u2013 jetzt online bestellen!","og_url":"https:\/\/www.erresse-shop.it\/de\/shop\/kuche\/messer\/yaxell-ran-kiritsuke-messer-20-cm\/","og_site_name":"Erresse Shop","article_modified_time":"2025-01-22T06:41:44+00:00","og_image":[{"width":800,"height":800,"url":"https:\/\/www.erresse-shop.it\/wp-content\/uploads\/2024\/07\/YAXELL-Ran-Kiritsuke-Coltello-20-cm.png","type":"image\/png"}],"twitter_card":"summary_large_image","schema":{"@context":"https:\/\/schema.org","@graph":[{"@type":"WebPage","@id":"https:\/\/www.erresse-shop.it\/de\/shop\/kuche\/messer\/yaxell-ran-kiritsuke-messer-20-cm\/","url":"https:\/\/www.erresse-shop.it\/de\/shop\/kuche\/messer\/yaxell-ran-kiritsuke-messer-20-cm\/","name":"YAXELL Ran Kiritsuke Messer 20 cm","isPartOf":{"@id":"https:\/\/www.erresse-shop.it\/de\/#website"},"datePublished":"2024-07-23T05:32:32+00:00","dateModified":"2025-01-22T06:41:44+00:00","description":"Entdecken Sie YAXELL Ran Kiritsuke Messer 20 cm bei ErresseShop. Qualit\u00e4t, Stil und Funktionalit\u00e4t \u2013 jetzt online bestellen!","breadcrumb":{"@id":"https:\/\/www.erresse-shop.it\/de\/shop\/kuche\/messer\/yaxell-ran-kiritsuke-messer-20-cm\/#breadcrumb"},"inLanguage":"de-DE","potentialAction":[{"@type":"ReadAction","target":["https:\/\/www.erresse-shop.it\/de\/shop\/kuche\/messer\/yaxell-ran-kiritsuke-messer-20-cm\/"]}]},{"@type":"BreadcrumbList","@id":"https:\/\/www.erresse-shop.it\/de\/shop\/kuche\/messer\/yaxell-ran-kiritsuke-messer-20-cm\/#breadcrumb","itemListElement":[{"@type":"ListItem","position":1,"name":"Home","item":"https:\/\/www.erresse-shop.it\/de\/"},{"@type":"ListItem","position":2,"name":"Shop","item":"https:\/\/www.erresse-shop.it\/de\/shop\/"},{"@type":"ListItem","position":3,"name":"YAXELL Ran Kiritsuke Messer 20 cm"}]},{"@type":"WebSite","@id":"https:\/\/www.erresse-shop.it\/de\/#website","url":"https:\/\/www.erresse-shop.it\/de\/","name":"Erresse Shop","description":"Articoli di qualit\u00e0 per la casa","potentialAction":[{"@type":"SearchAction","target":{"@type":"EntryPoint","urlTemplate":"https:\/\/www.erresse-shop.it\/de\/?s={search_term_string}"},"query-input":"required name=search_term_string"}],"inLanguage":"de-DE"}]}},"df_price":175.20000000000002,"df_sale_price":175.20000000000002,"df_regular_price":219,"df_image_link":"https:\/\/www.erresse-shop.it\/wp-content\/uploads\/2024\/07\/YAXELL-Ran-Kiritsuke-Coltello-20-cm-300x300.jpg","_links":{"self":[{"href":"https:\/\/www.erresse-shop.it\/de\/wp-json\/wp\/v2\/product\/423016"}],"collection":[{"href":"https:\/\/www.erresse-shop.it\/de\/wp-json\/wp\/v2\/product"}],"about":[{"href":"https:\/\/www.erresse-shop.it\/de\/wp-json\/wp\/v2\/types\/product"}],"wp:featuredmedia":[{"embeddable":true,"href":"https:\/\/www.erresse-shop.it\/de\/wp-json\/wp\/v2\/media\/512641"}],"wp:attachment":[{"href":"https:\/\/www.erresse-shop.it\/de\/wp-json\/wp\/v2\/media?parent=423016"}],"wp:term":[{"taxonomy":"product_cat","embeddable":true,"href":"https:\/\/www.erresse-shop.it\/de\/wp-json\/wp\/v2\/product_cat?post=423016"},{"taxonomy":"product_tag","embeddable":true,"href":"https:\/\/www.erresse-shop.it\/de\/wp-json\/wp\/v2\/product_tag?post=423016"}],"curies":[{"name":"wp","href":"https:\/\/api.w.org\/{rel}","templated":true}]}}