{"id":422914,"date":"2024-07-19T13:19:29","date_gmt":"2024-07-19T13:19:29","guid":{"rendered":"https:\/\/www.erresse-shop.it\/?post_type=product&#038;p=422914"},"modified":"2025-01-22T07:21:42","modified_gmt":"2025-01-22T07:21:42","slug":"zwilling-pro-schneebesen-28-cm","status":"publish","type":"product","link":"https:\/\/www.erresse-shop.it\/de\/shop\/kuche\/werkzeuge\/zwilling-pro-schneebesen-28-cm\/","title":{"rendered":"ZWILLING PRO Schneebesen 28 cm"},"content":{"rendered":"<p>Was w\u00e4re ein saftiger Braten ohne die dazugeh\u00f6rige Sauce? Oder ein leckeres Dessert ohne Schlagsahne? Genau! Deshalb ist der Schneebesen ein unverzichtbares Accessoire in jeder K\u00fcche. Der gro\u00dfe Schneebesen aus der ZWILLING Pro-Kollektion ist das ideale K\u00fcchenzubeh\u00f6r f\u00fcr alle Zubereitungen, die eine besonders luftige Konsistenz erfordern. Dank des ergonomisch geformten Satingriffs ist es einfach zu handhaben. Das abgerundete Griffende dr\u00fcckt nicht auf die Handfl\u00e4che und erm\u00f6glicht ein langes, erm\u00fcdungsfreies Arbeiten. Dieses K\u00fcchenaccessoire besteht aus pflegeleichtem Edelstahl und weist ein ungew\u00f6hnliches Design auf: Die Stahldr\u00e4hte sind besonders flexibel und \u00fcberlappen sich zu einem Tropfen. Dadurch erzielen Sie bessere Ergebnisse und der Schneebesen kann sogar alleine stehen. Dar\u00fcber hinaus ist das besondere Design ein besonderer Hingucker und verleiht ihm eine pr\u00e4chtige Dekoration. Die Pro-Kollektion wurde vollst\u00e4ndig von den weltber\u00fchmten Designern Matteo Thun und Antonio Rodriguez entworfen. Sie kreierten einen minimalistischen Look, der dank feiner Verarbeitung und bester Materialien modern, zeitlos und nahezu unverw\u00fcstlich war.<\/p>\n<ul>\n<li>Minimalistisches Design von Matteo Thun und Antonio Rodriguez<\/li>\n<li>Hergestellt aus hochwertigem Edelstahl<\/li>\n<li>Ergonomisch geformte Griffe f\u00fcr erm\u00fcdungsfreies Arbeiten, mit durchgehendem \u00dcbergang zum Stiel, der maximale Hygiene garantiert<\/li>\n<li>Innovatives Design f\u00fcr eine besonders cremige Konsistenz<\/li>\n<li>Die acht sternf\u00f6rmig angeordneten Edelstahlringe erh\u00f6hen die Luftmenge, die Sie einarbeiten k\u00f6nnen. Die Symmetrie dieser Konstellation erm\u00f6glicht es der Peitsche, selbstst\u00e4ndig in einer vertikalen Position zu bleiben. Teige und So\u00dfen bleiben nicht zwischen den Ringen h\u00e4ngen. Sp\u00fclmaschinenfest. Ideal zum Schlagen, Mischen und Schlagen<\/li>\n<\/ul>\n","protected":false},"excerpt":{"rendered":"<p>Was w\u00e4re ein saftiger Braten ohne die dazugeh\u00f6rige Sauce? Oder ein leckeres Dessert ohne Schlagsahne? Genau! Deshalb ist der Schneebesen<\/p>\n","protected":false},"featured_media":507003,"template":"","meta":{"_acf_changed":false,"inline_featured_image":false},"product_cat":[6742,25334],"product_tag":[25038,17114,15404,21612],"acf":[],"yoast_head":"<!-- This site is optimized with the Yoast SEO Premium plugin v18.6 (Yoast SEO v19.13) - https:\/\/yoast.com\/wordpress\/plugins\/seo\/ -->\n<title>ZWILLING PRO Schneebesen 28 cm<\/title>\n<meta name=\"description\" content=\"Entdecken Sie ZWILLING PRO Schneebesen 28 cm bei ErresseShop. Qualit\u00e4t, Stil und Funktionalit\u00e4t \u2013 jetzt online bestellen!\" \/>\n<meta name=\"robots\" content=\"index, follow, max-snippet:-1, max-image-preview:large, max-video-preview:-1\" \/>\n<link rel=\"canonical\" href=\"https:\/\/www.erresse-shop.it\/de\/shop\/kuche\/werkzeuge\/zwilling-pro-schneebesen-28-cm\/\" \/>\n<meta property=\"og:locale\" content=\"de_DE\" \/>\n<meta property=\"og:type\" content=\"article\" \/>\n<meta property=\"og:title\" content=\"ZWILLING PRO Schneebesen 28 cm\" \/>\n<meta property=\"og:description\" content=\"Entdecken Sie ZWILLING PRO Schneebesen 28 cm bei ErresseShop. Qualit\u00e4t, Stil und Funktionalit\u00e4t \u2013 jetzt online bestellen!\" \/>\n<meta property=\"og:url\" content=\"https:\/\/www.erresse-shop.it\/de\/shop\/kuche\/werkzeuge\/zwilling-pro-schneebesen-28-cm\/\" \/>\n<meta property=\"og:site_name\" content=\"Erresse Shop\" \/>\n<meta property=\"article:modified_time\" content=\"2025-01-22T07:21:42+00:00\" \/>\n<meta property=\"og:image\" content=\"https:\/\/www.erresse-shop.it\/wp-content\/uploads\/2024\/07\/ZWILLING-PRO-Frusta-28-cm.png\" \/>\n\t<meta property=\"og:image:width\" content=\"800\" \/>\n\t<meta property=\"og:image:height\" content=\"800\" \/>\n\t<meta property=\"og:image:type\" content=\"image\/png\" \/>\n<meta name=\"twitter:card\" content=\"summary_large_image\" \/>\n<script type=\"application\/ld+json\" class=\"yoast-schema-graph\">{\"@context\":\"https:\/\/schema.org\",\"@graph\":[{\"@type\":\"WebPage\",\"@id\":\"https:\/\/www.erresse-shop.it\/de\/shop\/kuche\/werkzeuge\/zwilling-pro-schneebesen-28-cm\/\",\"url\":\"https:\/\/www.erresse-shop.it\/de\/shop\/kuche\/werkzeuge\/zwilling-pro-schneebesen-28-cm\/\",\"name\":\"ZWILLING PRO Schneebesen 28 cm\",\"isPartOf\":{\"@id\":\"https:\/\/www.erresse-shop.it\/de\/#website\"},\"datePublished\":\"2024-07-19T13:19:29+00:00\",\"dateModified\":\"2025-01-22T07:21:42+00:00\",\"description\":\"Entdecken Sie ZWILLING PRO Schneebesen 28 cm bei ErresseShop. Qualit\u00e4t, Stil und Funktionalit\u00e4t \u2013 jetzt online bestellen!\",\"breadcrumb\":{\"@id\":\"https:\/\/www.erresse-shop.it\/de\/shop\/kuche\/werkzeuge\/zwilling-pro-schneebesen-28-cm\/#breadcrumb\"},\"inLanguage\":\"de-DE\",\"potentialAction\":[{\"@type\":\"ReadAction\",\"target\":[\"https:\/\/www.erresse-shop.it\/de\/shop\/kuche\/werkzeuge\/zwilling-pro-schneebesen-28-cm\/\"]}]},{\"@type\":\"BreadcrumbList\",\"@id\":\"https:\/\/www.erresse-shop.it\/de\/shop\/kuche\/werkzeuge\/zwilling-pro-schneebesen-28-cm\/#breadcrumb\",\"itemListElement\":[{\"@type\":\"ListItem\",\"position\":1,\"name\":\"Home\",\"item\":\"https:\/\/www.erresse-shop.it\/de\/\"},{\"@type\":\"ListItem\",\"position\":2,\"name\":\"Shop\",\"item\":\"https:\/\/www.erresse-shop.it\/de\/shop\/\"},{\"@type\":\"ListItem\",\"position\":3,\"name\":\"ZWILLING PRO Schneebesen 28 cm\"}]},{\"@type\":\"WebSite\",\"@id\":\"https:\/\/www.erresse-shop.it\/de\/#website\",\"url\":\"https:\/\/www.erresse-shop.it\/de\/\",\"name\":\"Erresse Shop\",\"description\":\"Articoli di qualit\u00e0 per la casa\",\"potentialAction\":[{\"@type\":\"SearchAction\",\"target\":{\"@type\":\"EntryPoint\",\"urlTemplate\":\"https:\/\/www.erresse-shop.it\/de\/?s={search_term_string}\"},\"query-input\":\"required name=search_term_string\"}],\"inLanguage\":\"de-DE\"}]}<\/script>\n<!-- \/ Yoast SEO Premium plugin. -->","yoast_head_json":{"title":"ZWILLING PRO Schneebesen 28 cm","description":"Entdecken Sie ZWILLING PRO Schneebesen 28 cm bei ErresseShop. Qualit\u00e4t, Stil und Funktionalit\u00e4t \u2013 jetzt online bestellen!","robots":{"index":"index","follow":"follow","max-snippet":"max-snippet:-1","max-image-preview":"max-image-preview:large","max-video-preview":"max-video-preview:-1"},"canonical":"https:\/\/www.erresse-shop.it\/de\/shop\/kuche\/werkzeuge\/zwilling-pro-schneebesen-28-cm\/","og_locale":"de_DE","og_type":"article","og_title":"ZWILLING PRO Schneebesen 28 cm","og_description":"Entdecken Sie ZWILLING PRO Schneebesen 28 cm bei ErresseShop. Qualit\u00e4t, Stil und Funktionalit\u00e4t \u2013 jetzt online bestellen!","og_url":"https:\/\/www.erresse-shop.it\/de\/shop\/kuche\/werkzeuge\/zwilling-pro-schneebesen-28-cm\/","og_site_name":"Erresse Shop","article_modified_time":"2025-01-22T07:21:42+00:00","og_image":[{"width":800,"height":800,"url":"https:\/\/www.erresse-shop.it\/wp-content\/uploads\/2024\/07\/ZWILLING-PRO-Frusta-28-cm.png","type":"image\/png"}],"twitter_card":"summary_large_image","schema":{"@context":"https:\/\/schema.org","@graph":[{"@type":"WebPage","@id":"https:\/\/www.erresse-shop.it\/de\/shop\/kuche\/werkzeuge\/zwilling-pro-schneebesen-28-cm\/","url":"https:\/\/www.erresse-shop.it\/de\/shop\/kuche\/werkzeuge\/zwilling-pro-schneebesen-28-cm\/","name":"ZWILLING PRO Schneebesen 28 cm","isPartOf":{"@id":"https:\/\/www.erresse-shop.it\/de\/#website"},"datePublished":"2024-07-19T13:19:29+00:00","dateModified":"2025-01-22T07:21:42+00:00","description":"Entdecken Sie ZWILLING PRO Schneebesen 28 cm bei ErresseShop. Qualit\u00e4t, Stil und Funktionalit\u00e4t \u2013 jetzt online bestellen!","breadcrumb":{"@id":"https:\/\/www.erresse-shop.it\/de\/shop\/kuche\/werkzeuge\/zwilling-pro-schneebesen-28-cm\/#breadcrumb"},"inLanguage":"de-DE","potentialAction":[{"@type":"ReadAction","target":["https:\/\/www.erresse-shop.it\/de\/shop\/kuche\/werkzeuge\/zwilling-pro-schneebesen-28-cm\/"]}]},{"@type":"BreadcrumbList","@id":"https:\/\/www.erresse-shop.it\/de\/shop\/kuche\/werkzeuge\/zwilling-pro-schneebesen-28-cm\/#breadcrumb","itemListElement":[{"@type":"ListItem","position":1,"name":"Home","item":"https:\/\/www.erresse-shop.it\/de\/"},{"@type":"ListItem","position":2,"name":"Shop","item":"https:\/\/www.erresse-shop.it\/de\/shop\/"},{"@type":"ListItem","position":3,"name":"ZWILLING PRO Schneebesen 28 cm"}]},{"@type":"WebSite","@id":"https:\/\/www.erresse-shop.it\/de\/#website","url":"https:\/\/www.erresse-shop.it\/de\/","name":"Erresse Shop","description":"Articoli di qualit\u00e0 per la casa","potentialAction":[{"@type":"SearchAction","target":{"@type":"EntryPoint","urlTemplate":"https:\/\/www.erresse-shop.it\/de\/?s={search_term_string}"},"query-input":"required name=search_term_string"}],"inLanguage":"de-DE"}]}},"df_price":17.95,"df_sale_price":17.95,"df_regular_price":22.95,"df_image_link":"https:\/\/www.erresse-shop.it\/wp-content\/uploads\/2024\/07\/ZWILLING-PRO-Frusta-28-cm-300x300.jpg","_links":{"self":[{"href":"https:\/\/www.erresse-shop.it\/de\/wp-json\/wp\/v2\/product\/422914"}],"collection":[{"href":"https:\/\/www.erresse-shop.it\/de\/wp-json\/wp\/v2\/product"}],"about":[{"href":"https:\/\/www.erresse-shop.it\/de\/wp-json\/wp\/v2\/types\/product"}],"wp:featuredmedia":[{"embeddable":true,"href":"https:\/\/www.erresse-shop.it\/de\/wp-json\/wp\/v2\/media\/507003"}],"wp:attachment":[{"href":"https:\/\/www.erresse-shop.it\/de\/wp-json\/wp\/v2\/media?parent=422914"}],"wp:term":[{"taxonomy":"product_cat","embeddable":true,"href":"https:\/\/www.erresse-shop.it\/de\/wp-json\/wp\/v2\/product_cat?post=422914"},{"taxonomy":"product_tag","embeddable":true,"href":"https:\/\/www.erresse-shop.it\/de\/wp-json\/wp\/v2\/product_tag?post=422914"}],"curies":[{"name":"wp","href":"https:\/\/api.w.org\/{rel}","templated":true}]}}