{"id":422850,"date":"2024-07-19T10:57:44","date_gmt":"2024-07-19T10:57:45","guid":{"rendered":"https:\/\/www.erresse-shop.it\/?post_type=product&#038;p=422850"},"modified":"2025-01-17T07:54:18","modified_gmt":"2025-01-17T07:54:18","slug":"joseph-joseph-compo-4-speiserestebehaelter-stein","status":"publish","type":"product","link":"https:\/\/www.erresse-shop.it\/de\/shop\/kuche\/zubehor-fur-die-kuche\/joseph-joseph-compo-4-speiserestebehaelter-stein\/","title":{"rendered":"JOSEPH JOSEPH Compo 4 Speiserestebeh\u00e4lter Stein"},"content":{"rendered":"<p>Dieser schlanke Beh\u00e4lter f\u00fcr Lebensmittelabf\u00e4lle erleichtert das Sammeln von Essensresten dank seines praktischen Klappdeckels und seiner sehr breiten \u00d6ffnung.<\/p>\n<ul>\n<li>Die breite \u00d6ffnung erleichtert das Abkratzen von Essensresten vom Geschirr<\/li>\n<li>Verstellbarer Luftauslass: offen &#8211; hilft Feuchtigkeit und Geruchsbildung zu reduzieren; geschlossen &#8211; bietet eine Barriere f\u00fcr Insekten<\/li>\n<li>Schlankes Design &#8211; perfekt f\u00fcr die Aufbewahrung auf Arbeitsplatten oder in Schr\u00e4nken<\/li>\n<li>Inklusive Halterung f\u00fcr die T\u00fcr<\/li>\n<li>Fassungsverm\u00f6gen: 4 Liter<\/li>\n<\/ul>\n<p><strong>Pflege und Gebrauch:<\/strong><\/p>\n<ul>\n<li>Von Hand waschen und trocknen<\/li>\n<li>Kann mit IW2-Beh\u00e4ltern verwendet werden (kann auch mit Standardbeh\u00e4ltern verwendet werden)<\/li>\n<li>BPA-frei<\/li>\n<\/ul>\n<p><strong>Abmessungen:<\/strong> H17,3 x B29,7 x T12cm (H7 x B11\u00be x T4\u00be Zoll)<\/p>\n<p><strong>Gewicht:<\/strong> 0,65 kg<\/p>\n<p><strong>Entwerfer:<\/strong> PearsonLloyd<\/p>\n","protected":false},"excerpt":{"rendered":"<p>Dieser schlanke Beh\u00e4lter f\u00fcr Lebensmittelabf\u00e4lle erleichtert das Sammeln von Essensresten dank seines praktischen Klappdeckels und seiner sehr breiten \u00d6ffnung. Die<\/p>\n","protected":false},"featured_media":432764,"template":"","meta":{"_acf_changed":false,"inline_featured_image":false},"product_cat":[6742,6745],"product_tag":[25027,21226,13487,21227,25022],"acf":[],"yoast_head":"<!-- This site is optimized with the Yoast SEO Premium plugin v18.6 (Yoast SEO v19.13) - https:\/\/yoast.com\/wordpress\/plugins\/seo\/ -->\n<title>JOSEPH JOSEPH Compo 4 Speiserestebeh\u00e4lter Stein<\/title>\n<meta name=\"description\" content=\"Entdecken Sie JOSEPH JOSEPH Compo 4 Speiserestebeh\u00e4lter Stein bei ErresseShop. Qualit\u00e4t, Stil und Funktionalit\u00e4t \u2013 jetzt online bestellen!\" \/>\n<meta name=\"robots\" content=\"index, follow, max-snippet:-1, max-image-preview:large, max-video-preview:-1\" \/>\n<link rel=\"canonical\" href=\"https:\/\/www.erresse-shop.it\/de\/shop\/kuche\/zubehor-fur-die-kuche\/joseph-joseph-compo-4-speiserestebehaelter-stein\/\" \/>\n<meta property=\"og:locale\" content=\"de_DE\" \/>\n<meta property=\"og:type\" content=\"article\" \/>\n<meta property=\"og:title\" content=\"JOSEPH JOSEPH Compo 4 Speiserestebeh\u00e4lter Stein\" \/>\n<meta property=\"og:description\" content=\"Entdecken Sie JOSEPH JOSEPH Compo 4 Speiserestebeh\u00e4lter Stein bei ErresseShop. Qualit\u00e4t, Stil und Funktionalit\u00e4t \u2013 jetzt online bestellen!\" \/>\n<meta property=\"og:url\" content=\"https:\/\/www.erresse-shop.it\/de\/shop\/kuche\/zubehor-fur-die-kuche\/joseph-joseph-compo-4-speiserestebehaelter-stein\/\" \/>\n<meta property=\"og:site_name\" content=\"Erresse Shop\" \/>\n<meta property=\"article:modified_time\" content=\"2025-01-17T07:54:18+00:00\" \/>\n<meta property=\"og:image\" content=\"https:\/\/www.erresse-shop.it\/wp-content\/uploads\/2024\/07\/JOSEPH-JOSEPH-Compo-4-Contenitore-Rifiuti-Alimentari-Pietra.webp\" \/>\n\t<meta property=\"og:image:width\" content=\"1200\" \/>\n\t<meta property=\"og:image:height\" content=\"1200\" \/>\n\t<meta property=\"og:image:type\" content=\"image\/webp\" \/>\n<meta name=\"twitter:card\" content=\"summary_large_image\" \/>\n<script type=\"application\/ld+json\" class=\"yoast-schema-graph\">{\"@context\":\"https:\/\/schema.org\",\"@graph\":[{\"@type\":\"WebPage\",\"@id\":\"https:\/\/www.erresse-shop.it\/de\/shop\/kuche\/zubehor-fur-die-kuche\/joseph-joseph-compo-4-speiserestebehaelter-stein\/\",\"url\":\"https:\/\/www.erresse-shop.it\/de\/shop\/kuche\/zubehor-fur-die-kuche\/joseph-joseph-compo-4-speiserestebehaelter-stein\/\",\"name\":\"JOSEPH JOSEPH Compo 4 Speiserestebeh\u00e4lter Stein\",\"isPartOf\":{\"@id\":\"https:\/\/www.erresse-shop.it\/de\/#website\"},\"datePublished\":\"2024-07-19T10:57:45+00:00\",\"dateModified\":\"2025-01-17T07:54:18+00:00\",\"description\":\"Entdecken Sie JOSEPH JOSEPH Compo 4 Speiserestebeh\u00e4lter Stein bei ErresseShop. Qualit\u00e4t, Stil und Funktionalit\u00e4t \u2013 jetzt online bestellen!\",\"breadcrumb\":{\"@id\":\"https:\/\/www.erresse-shop.it\/de\/shop\/kuche\/zubehor-fur-die-kuche\/joseph-joseph-compo-4-speiserestebehaelter-stein\/#breadcrumb\"},\"inLanguage\":\"de-DE\",\"potentialAction\":[{\"@type\":\"ReadAction\",\"target\":[\"https:\/\/www.erresse-shop.it\/de\/shop\/kuche\/zubehor-fur-die-kuche\/joseph-joseph-compo-4-speiserestebehaelter-stein\/\"]}]},{\"@type\":\"BreadcrumbList\",\"@id\":\"https:\/\/www.erresse-shop.it\/de\/shop\/kuche\/zubehor-fur-die-kuche\/joseph-joseph-compo-4-speiserestebehaelter-stein\/#breadcrumb\",\"itemListElement\":[{\"@type\":\"ListItem\",\"position\":1,\"name\":\"Home\",\"item\":\"https:\/\/www.erresse-shop.it\/de\/\"},{\"@type\":\"ListItem\",\"position\":2,\"name\":\"Shop\",\"item\":\"https:\/\/www.erresse-shop.it\/de\/shop\/\"},{\"@type\":\"ListItem\",\"position\":3,\"name\":\"JOSEPH JOSEPH Compo 4 Speiserestebeh\u00e4lter Stein\"}]},{\"@type\":\"WebSite\",\"@id\":\"https:\/\/www.erresse-shop.it\/de\/#website\",\"url\":\"https:\/\/www.erresse-shop.it\/de\/\",\"name\":\"Erresse Shop\",\"description\":\"Articoli di qualit\u00e0 per la casa\",\"potentialAction\":[{\"@type\":\"SearchAction\",\"target\":{\"@type\":\"EntryPoint\",\"urlTemplate\":\"https:\/\/www.erresse-shop.it\/de\/?s={search_term_string}\"},\"query-input\":\"required name=search_term_string\"}],\"inLanguage\":\"de-DE\"}]}<\/script>\n<!-- \/ Yoast SEO Premium plugin. -->","yoast_head_json":{"title":"JOSEPH JOSEPH Compo 4 Speiserestebeh\u00e4lter Stein","description":"Entdecken Sie JOSEPH JOSEPH Compo 4 Speiserestebeh\u00e4lter Stein bei ErresseShop. Qualit\u00e4t, Stil und Funktionalit\u00e4t \u2013 jetzt online bestellen!","robots":{"index":"index","follow":"follow","max-snippet":"max-snippet:-1","max-image-preview":"max-image-preview:large","max-video-preview":"max-video-preview:-1"},"canonical":"https:\/\/www.erresse-shop.it\/de\/shop\/kuche\/zubehor-fur-die-kuche\/joseph-joseph-compo-4-speiserestebehaelter-stein\/","og_locale":"de_DE","og_type":"article","og_title":"JOSEPH JOSEPH Compo 4 Speiserestebeh\u00e4lter Stein","og_description":"Entdecken Sie JOSEPH JOSEPH Compo 4 Speiserestebeh\u00e4lter Stein bei ErresseShop. Qualit\u00e4t, Stil und Funktionalit\u00e4t \u2013 jetzt online bestellen!","og_url":"https:\/\/www.erresse-shop.it\/de\/shop\/kuche\/zubehor-fur-die-kuche\/joseph-joseph-compo-4-speiserestebehaelter-stein\/","og_site_name":"Erresse Shop","article_modified_time":"2025-01-17T07:54:18+00:00","og_image":[{"width":1200,"height":1200,"url":"https:\/\/www.erresse-shop.it\/wp-content\/uploads\/2024\/07\/JOSEPH-JOSEPH-Compo-4-Contenitore-Rifiuti-Alimentari-Pietra.webp","type":"image\/webp"}],"twitter_card":"summary_large_image","schema":{"@context":"https:\/\/schema.org","@graph":[{"@type":"WebPage","@id":"https:\/\/www.erresse-shop.it\/de\/shop\/kuche\/zubehor-fur-die-kuche\/joseph-joseph-compo-4-speiserestebehaelter-stein\/","url":"https:\/\/www.erresse-shop.it\/de\/shop\/kuche\/zubehor-fur-die-kuche\/joseph-joseph-compo-4-speiserestebehaelter-stein\/","name":"JOSEPH JOSEPH Compo 4 Speiserestebeh\u00e4lter Stein","isPartOf":{"@id":"https:\/\/www.erresse-shop.it\/de\/#website"},"datePublished":"2024-07-19T10:57:45+00:00","dateModified":"2025-01-17T07:54:18+00:00","description":"Entdecken Sie JOSEPH JOSEPH Compo 4 Speiserestebeh\u00e4lter Stein bei ErresseShop. Qualit\u00e4t, Stil und Funktionalit\u00e4t \u2013 jetzt online bestellen!","breadcrumb":{"@id":"https:\/\/www.erresse-shop.it\/de\/shop\/kuche\/zubehor-fur-die-kuche\/joseph-joseph-compo-4-speiserestebehaelter-stein\/#breadcrumb"},"inLanguage":"de-DE","potentialAction":[{"@type":"ReadAction","target":["https:\/\/www.erresse-shop.it\/de\/shop\/kuche\/zubehor-fur-die-kuche\/joseph-joseph-compo-4-speiserestebehaelter-stein\/"]}]},{"@type":"BreadcrumbList","@id":"https:\/\/www.erresse-shop.it\/de\/shop\/kuche\/zubehor-fur-die-kuche\/joseph-joseph-compo-4-speiserestebehaelter-stein\/#breadcrumb","itemListElement":[{"@type":"ListItem","position":1,"name":"Home","item":"https:\/\/www.erresse-shop.it\/de\/"},{"@type":"ListItem","position":2,"name":"Shop","item":"https:\/\/www.erresse-shop.it\/de\/shop\/"},{"@type":"ListItem","position":3,"name":"JOSEPH JOSEPH Compo 4 Speiserestebeh\u00e4lter Stein"}]},{"@type":"WebSite","@id":"https:\/\/www.erresse-shop.it\/de\/#website","url":"https:\/\/www.erresse-shop.it\/de\/","name":"Erresse Shop","description":"Articoli di qualit\u00e0 per la casa","potentialAction":[{"@type":"SearchAction","target":{"@type":"EntryPoint","urlTemplate":"https:\/\/www.erresse-shop.it\/de\/?s={search_term_string}"},"query-input":"required name=search_term_string"}],"inLanguage":"de-DE"}]}},"df_price":26.95,"df_sale_price":26.95,"df_regular_price":34.99,"df_image_link":"https:\/\/www.erresse-shop.it\/wp-content\/uploads\/2024\/07\/JOSEPH-JOSEPH-Compo-4-Contenitore-Rifiuti-Alimentari-Pietra-300x300.webp","_links":{"self":[{"href":"https:\/\/www.erresse-shop.it\/de\/wp-json\/wp\/v2\/product\/422850"}],"collection":[{"href":"https:\/\/www.erresse-shop.it\/de\/wp-json\/wp\/v2\/product"}],"about":[{"href":"https:\/\/www.erresse-shop.it\/de\/wp-json\/wp\/v2\/types\/product"}],"wp:featuredmedia":[{"embeddable":true,"href":"https:\/\/www.erresse-shop.it\/de\/wp-json\/wp\/v2\/media\/432764"}],"wp:attachment":[{"href":"https:\/\/www.erresse-shop.it\/de\/wp-json\/wp\/v2\/media?parent=422850"}],"wp:term":[{"taxonomy":"product_cat","embeddable":true,"href":"https:\/\/www.erresse-shop.it\/de\/wp-json\/wp\/v2\/product_cat?post=422850"},{"taxonomy":"product_tag","embeddable":true,"href":"https:\/\/www.erresse-shop.it\/de\/wp-json\/wp\/v2\/product_tag?post=422850"}],"curies":[{"name":"wp","href":"https:\/\/api.w.org\/{rel}","templated":true}]}}