{"id":422771,"date":"2024-07-19T09:41:15","date_gmt":"2024-07-19T09:41:15","guid":{"rendered":"https:\/\/www.erresse-shop.it\/?post_type=product&#038;p=422771"},"modified":"2025-01-17T07:54:16","modified_gmt":"2025-01-17T07:54:16","slug":"joseph-joseph-nest-werkzeugsatz-aus-stahl","status":"publish","type":"product","link":"https:\/\/www.erresse-shop.it\/de\/shop\/kuche\/werkzeuge\/joseph-joseph-nest-werkzeugsatz-aus-stahl\/","title":{"rendered":"JOSEPH JOSEPH Nest Werkzeugsatz aus Stahl"},"content":{"rendered":"<p>Nest\u2122 bewahrt alle Ihre K\u00fcchenutensilien an einem leicht zug\u00e4nglichen Ort auf. Sein einzigartiges Design erm\u00f6glicht es Ihnen, f\u00fcnf Utensilien mit Edelstahlzungen auf einem kompakten Edelstahlst\u00e4nder aufzubewahren, wodurch Sie weniger Platz auf der Arbeitsfl\u00e4che ben\u00f6tigen und Zeit bei der Suche nach dem Gew\u00fcnschten sparen.<\/p>\n<ul>\n<li>Das Set enth\u00e4lt einen Pfannenwender, eine Spaghettisch\u00fcssel, einen Schauml\u00f6ffel, einen festen L\u00f6ffel und eine Sch\u00f6pfkelle.<\/li>\n<li>Magnetische Griffe halten die Utensilien in einem kompakten, platzsparenden Design fest zusammen.<\/li>\n<li>Speziell entwickelter St\u00e4nder zur Aufbewahrung<\/li>\n<li>Hitzebest\u00e4ndige Utensilien bis zu 200\u00b0C (392\u00b0F)<\/li>\n<\/ul>\n<p><strong>Pflege und Gebrauch:<\/strong><\/p>\n<ul>\n<li>Sp\u00fclmaschinengeeignet<\/li>\n<li>Utensilien w\u00e4hrend des Kochens nicht in der Pfanne lassen<\/li>\n<li>Um Flecken auf dem Kochgeschirr zu vermeiden, vermeiden Sie die<\/li>\n<li>Verwendung von starken Farbstoffen wie Kurkuma.<\/li>\n<li>BPA-frei<\/li>\n<\/ul>\n<p><strong>Abmessungen:<\/strong><\/p>\n<p>H33,5 x B12 x T12cm (H13\u00bd x L4\u00be x T4\u00be Zoll)<\/p>\n<p><strong>Designer:<\/strong> Studio17 Design<\/p>\n","protected":false},"excerpt":{"rendered":"<p>Nest\u2122 bewahrt alle Ihre K\u00fcchenutensilien an einem leicht zug\u00e4nglichen Ort auf. Sein einzigartiges Design erm\u00f6glicht es Ihnen, f\u00fcnf Utensilien mit<\/p>\n","protected":false},"featured_media":443114,"template":"","meta":{"_acf_changed":false,"inline_featured_image":false},"product_cat":[6742,25334],"product_tag":[25027,11453,25022,18367],"acf":[],"yoast_head":"<!-- This site is optimized with the Yoast SEO Premium plugin v18.6 (Yoast SEO v19.13) - https:\/\/yoast.com\/wordpress\/plugins\/seo\/ -->\n<title>JOSEPH JOSEPH Nest Werkzeugsatz aus Stahl<\/title>\n<meta name=\"description\" content=\"Entdecken Sie JOSEPH JOSEPH Nest Werkzeugsatz aus Stahl bei ErresseShop. Qualit\u00e4t, Stil und Funktionalit\u00e4t \u2013 jetzt online bestellen!\" \/>\n<meta name=\"robots\" content=\"index, follow, max-snippet:-1, max-image-preview:large, max-video-preview:-1\" \/>\n<link rel=\"canonical\" href=\"https:\/\/www.erresse-shop.it\/de\/shop\/kuche\/werkzeuge\/joseph-joseph-nest-werkzeugsatz-aus-stahl\/\" \/>\n<meta property=\"og:locale\" content=\"de_DE\" \/>\n<meta property=\"og:type\" content=\"article\" \/>\n<meta property=\"og:title\" content=\"JOSEPH JOSEPH Nest Werkzeugsatz aus Stahl\" \/>\n<meta property=\"og:description\" content=\"Entdecken Sie JOSEPH JOSEPH Nest Werkzeugsatz aus Stahl bei ErresseShop. Qualit\u00e4t, Stil und Funktionalit\u00e4t \u2013 jetzt online bestellen!\" \/>\n<meta property=\"og:url\" content=\"https:\/\/www.erresse-shop.it\/de\/shop\/kuche\/werkzeuge\/joseph-joseph-nest-werkzeugsatz-aus-stahl\/\" \/>\n<meta property=\"og:site_name\" content=\"Erresse Shop\" \/>\n<meta property=\"article:modified_time\" content=\"2025-01-17T07:54:16+00:00\" \/>\n<meta property=\"og:image\" content=\"https:\/\/www.erresse-shop.it\/wp-content\/uploads\/2024\/07\/JOSEPH-JOSEPH-Nest-Set-Utensili-in-Acciaio.jpg\" \/>\n\t<meta property=\"og:image:width\" content=\"1200\" \/>\n\t<meta property=\"og:image:height\" content=\"1200\" \/>\n\t<meta property=\"og:image:type\" content=\"image\/jpeg\" \/>\n<meta name=\"twitter:card\" content=\"summary_large_image\" \/>\n<script type=\"application\/ld+json\" class=\"yoast-schema-graph\">{\"@context\":\"https:\/\/schema.org\",\"@graph\":[{\"@type\":\"WebPage\",\"@id\":\"https:\/\/www.erresse-shop.it\/de\/shop\/kuche\/werkzeuge\/joseph-joseph-nest-werkzeugsatz-aus-stahl\/\",\"url\":\"https:\/\/www.erresse-shop.it\/de\/shop\/kuche\/werkzeuge\/joseph-joseph-nest-werkzeugsatz-aus-stahl\/\",\"name\":\"JOSEPH JOSEPH Nest Werkzeugsatz aus Stahl\",\"isPartOf\":{\"@id\":\"https:\/\/www.erresse-shop.it\/de\/#website\"},\"datePublished\":\"2024-07-19T09:41:15+00:00\",\"dateModified\":\"2025-01-17T07:54:16+00:00\",\"description\":\"Entdecken Sie JOSEPH JOSEPH Nest Werkzeugsatz aus Stahl bei ErresseShop. Qualit\u00e4t, Stil und Funktionalit\u00e4t \u2013 jetzt online bestellen!\",\"breadcrumb\":{\"@id\":\"https:\/\/www.erresse-shop.it\/de\/shop\/kuche\/werkzeuge\/joseph-joseph-nest-werkzeugsatz-aus-stahl\/#breadcrumb\"},\"inLanguage\":\"de-DE\",\"potentialAction\":[{\"@type\":\"ReadAction\",\"target\":[\"https:\/\/www.erresse-shop.it\/de\/shop\/kuche\/werkzeuge\/joseph-joseph-nest-werkzeugsatz-aus-stahl\/\"]}]},{\"@type\":\"BreadcrumbList\",\"@id\":\"https:\/\/www.erresse-shop.it\/de\/shop\/kuche\/werkzeuge\/joseph-joseph-nest-werkzeugsatz-aus-stahl\/#breadcrumb\",\"itemListElement\":[{\"@type\":\"ListItem\",\"position\":1,\"name\":\"Home\",\"item\":\"https:\/\/www.erresse-shop.it\/de\/\"},{\"@type\":\"ListItem\",\"position\":2,\"name\":\"Shop\",\"item\":\"https:\/\/www.erresse-shop.it\/de\/shop\/\"},{\"@type\":\"ListItem\",\"position\":3,\"name\":\"JOSEPH JOSEPH Nest Werkzeugsatz aus Stahl\"}]},{\"@type\":\"WebSite\",\"@id\":\"https:\/\/www.erresse-shop.it\/de\/#website\",\"url\":\"https:\/\/www.erresse-shop.it\/de\/\",\"name\":\"Erresse Shop\",\"description\":\"Articoli di qualit\u00e0 per la casa\",\"potentialAction\":[{\"@type\":\"SearchAction\",\"target\":{\"@type\":\"EntryPoint\",\"urlTemplate\":\"https:\/\/www.erresse-shop.it\/de\/?s={search_term_string}\"},\"query-input\":\"required name=search_term_string\"}],\"inLanguage\":\"de-DE\"}]}<\/script>\n<!-- \/ Yoast SEO Premium plugin. -->","yoast_head_json":{"title":"JOSEPH JOSEPH Nest Werkzeugsatz aus Stahl","description":"Entdecken Sie JOSEPH JOSEPH Nest Werkzeugsatz aus Stahl bei ErresseShop. Qualit\u00e4t, Stil und Funktionalit\u00e4t \u2013 jetzt online bestellen!","robots":{"index":"index","follow":"follow","max-snippet":"max-snippet:-1","max-image-preview":"max-image-preview:large","max-video-preview":"max-video-preview:-1"},"canonical":"https:\/\/www.erresse-shop.it\/de\/shop\/kuche\/werkzeuge\/joseph-joseph-nest-werkzeugsatz-aus-stahl\/","og_locale":"de_DE","og_type":"article","og_title":"JOSEPH JOSEPH Nest Werkzeugsatz aus Stahl","og_description":"Entdecken Sie JOSEPH JOSEPH Nest Werkzeugsatz aus Stahl bei ErresseShop. Qualit\u00e4t, Stil und Funktionalit\u00e4t \u2013 jetzt online bestellen!","og_url":"https:\/\/www.erresse-shop.it\/de\/shop\/kuche\/werkzeuge\/joseph-joseph-nest-werkzeugsatz-aus-stahl\/","og_site_name":"Erresse Shop","article_modified_time":"2025-01-17T07:54:16+00:00","og_image":[{"width":1200,"height":1200,"url":"https:\/\/www.erresse-shop.it\/wp-content\/uploads\/2024\/07\/JOSEPH-JOSEPH-Nest-Set-Utensili-in-Acciaio.jpg","type":"image\/jpeg"}],"twitter_card":"summary_large_image","schema":{"@context":"https:\/\/schema.org","@graph":[{"@type":"WebPage","@id":"https:\/\/www.erresse-shop.it\/de\/shop\/kuche\/werkzeuge\/joseph-joseph-nest-werkzeugsatz-aus-stahl\/","url":"https:\/\/www.erresse-shop.it\/de\/shop\/kuche\/werkzeuge\/joseph-joseph-nest-werkzeugsatz-aus-stahl\/","name":"JOSEPH JOSEPH Nest Werkzeugsatz aus Stahl","isPartOf":{"@id":"https:\/\/www.erresse-shop.it\/de\/#website"},"datePublished":"2024-07-19T09:41:15+00:00","dateModified":"2025-01-17T07:54:16+00:00","description":"Entdecken Sie JOSEPH JOSEPH Nest Werkzeugsatz aus Stahl bei ErresseShop. Qualit\u00e4t, Stil und Funktionalit\u00e4t \u2013 jetzt online bestellen!","breadcrumb":{"@id":"https:\/\/www.erresse-shop.it\/de\/shop\/kuche\/werkzeuge\/joseph-joseph-nest-werkzeugsatz-aus-stahl\/#breadcrumb"},"inLanguage":"de-DE","potentialAction":[{"@type":"ReadAction","target":["https:\/\/www.erresse-shop.it\/de\/shop\/kuche\/werkzeuge\/joseph-joseph-nest-werkzeugsatz-aus-stahl\/"]}]},{"@type":"BreadcrumbList","@id":"https:\/\/www.erresse-shop.it\/de\/shop\/kuche\/werkzeuge\/joseph-joseph-nest-werkzeugsatz-aus-stahl\/#breadcrumb","itemListElement":[{"@type":"ListItem","position":1,"name":"Home","item":"https:\/\/www.erresse-shop.it\/de\/"},{"@type":"ListItem","position":2,"name":"Shop","item":"https:\/\/www.erresse-shop.it\/de\/shop\/"},{"@type":"ListItem","position":3,"name":"JOSEPH JOSEPH Nest Werkzeugsatz aus Stahl"}]},{"@type":"WebSite","@id":"https:\/\/www.erresse-shop.it\/de\/#website","url":"https:\/\/www.erresse-shop.it\/de\/","name":"Erresse Shop","description":"Articoli di qualit\u00e0 per la casa","potentialAction":[{"@type":"SearchAction","target":{"@type":"EntryPoint","urlTemplate":"https:\/\/www.erresse-shop.it\/de\/?s={search_term_string}"},"query-input":"required name=search_term_string"}],"inLanguage":"de-DE"}]}},"df_price":36.95,"df_sale_price":36.95,"df_regular_price":54.99,"df_image_link":"https:\/\/www.erresse-shop.it\/wp-content\/uploads\/2024\/07\/JOSEPH-JOSEPH-Nest-Set-Utensili-in-Acciaio-300x300.jpg","_links":{"self":[{"href":"https:\/\/www.erresse-shop.it\/de\/wp-json\/wp\/v2\/product\/422771"}],"collection":[{"href":"https:\/\/www.erresse-shop.it\/de\/wp-json\/wp\/v2\/product"}],"about":[{"href":"https:\/\/www.erresse-shop.it\/de\/wp-json\/wp\/v2\/types\/product"}],"wp:featuredmedia":[{"embeddable":true,"href":"https:\/\/www.erresse-shop.it\/de\/wp-json\/wp\/v2\/media\/443114"}],"wp:attachment":[{"href":"https:\/\/www.erresse-shop.it\/de\/wp-json\/wp\/v2\/media?parent=422771"}],"wp:term":[{"taxonomy":"product_cat","embeddable":true,"href":"https:\/\/www.erresse-shop.it\/de\/wp-json\/wp\/v2\/product_cat?post=422771"},{"taxonomy":"product_tag","embeddable":true,"href":"https:\/\/www.erresse-shop.it\/de\/wp-json\/wp\/v2\/product_tag?post=422771"}],"curies":[{"name":"wp","href":"https:\/\/api.w.org\/{rel}","templated":true}]}}