{"id":422666,"date":"2024-07-19T05:36:42","date_gmt":"2024-07-19T05:36:43","guid":{"rendered":"https:\/\/www.erresse-shop.it\/?post_type=product&#038;p=422666"},"modified":"2025-01-17T07:54:13","modified_gmt":"2025-01-17T07:54:13","slug":"joseph-joseph-elevate-carousel-werkzeugsatz-aus-stahl","status":"publish","type":"product","link":"https:\/\/www.erresse-shop.it\/de\/shop\/kuche\/werkzeuge\/joseph-joseph-elevate-carousel-werkzeugsatz-aus-stahl\/","title":{"rendered":"JOSEPH JOSEPH Elevate Carousel Werkzeugsatz aus Stahl"},"content":{"rendered":"<p>Unsere Elevate\u2122-Utensilien sind mit beschwerten Griffen und integrierten Utensilienablagen ausgestattet und minimieren das Durcheinander in der K\u00fcche, da der Utensilienkopf beim Ablegen erh\u00f6ht bleibt. Das Elevate\u2122 Steel-Karussell besteht aus einem Schauml\u00f6ffel, einem Drehteller, einer Spaghettizange, einem massiven L\u00f6ffel, einer Sch\u00f6pfkelle und einem Schauml\u00f6ffel, die alle aus langlebigem Edelstahl und hitzebest\u00e4ndigem Silikon an den Griffen bestehen. Das Drehkarussell sorgt daf\u00fcr, dass jedes Utensil bei Bedarf leicht zu greifen ist.<\/p>\n<ul>\n<li>Das Set enth\u00e4lt einen Schauml\u00f6ffel, eine Spaghetti-Zange, einen massiven L\u00f6ffel, eine Sch\u00f6pfkelle, einen Schauml\u00f6ffel und ein Drehkarussell.<\/li>\n<li>Die Elevate\u2122-Technologie wurde entwickelt, um die Hygiene zu verbessern und Unordnung zu vermeiden.<\/li>\n<li>Beschwerte Griffe und integrierte Utensilienablagen verhindern, dass der Utensilienkopf die Arbeitsfl\u00e4che ber\u00fchrt, wenn er abgesetzt wird.<\/li>\n<li>Langlebige, hitzebest\u00e4ndige K\u00f6pfe aus Edelstahl<\/li>\n<li>Hitzebest\u00e4ndige Silikongriffe bis zu 270\u00b0C \/ 520\u00b0F<\/li>\n<\/ul>\n<p><strong>Pflege und Gebrauch:<\/strong><\/p>\n<ul>\n<li>Sp\u00fclmaschinenfest<\/li>\n<li>Utensilien w\u00e4hrend des Kochens nicht in der Pfanne lassen.<\/li>\n<\/ul>\n<p><strong>Abmessungen:<\/strong><\/p>\n<p>H35 x B21,5 x T21cm (H11 x L9 x T8\u00bd Zoll)<\/p>\n<p><strong>Entwerfer:<\/strong> Derek Roberts<\/p>\n","protected":false},"excerpt":{"rendered":"<p>Unsere Elevate\u2122-Utensilien sind mit beschwerten Griffen und integrierten Utensilienablagen ausgestattet und minimieren das Durcheinander in der K\u00fcche, da der Utensilienkopf<\/p>\n","protected":false},"featured_media":516568,"template":"","meta":{"_acf_changed":false,"inline_featured_image":false},"product_cat":[6742,25334],"product_tag":[25027,21636,11453,11750,25022],"acf":[],"yoast_head":"<!-- This site is optimized with the Yoast SEO Premium plugin v18.6 (Yoast SEO v19.13) - https:\/\/yoast.com\/wordpress\/plugins\/seo\/ -->\n<title>JOSEPH JOSEPH Elevate Carousel Werkzeugsatz aus Stahl<\/title>\n<meta name=\"description\" content=\"Entdecken Sie JOSEPH JOSEPH Elevate Carousel Werkzeugsatz aus Stahl bei ErresseShop. Qualit\u00e4t, Stil und Funktionalit\u00e4t \u2013 jetzt online bestellen!\" \/>\n<meta name=\"robots\" content=\"index, follow, max-snippet:-1, max-image-preview:large, max-video-preview:-1\" \/>\n<link rel=\"canonical\" href=\"https:\/\/www.erresse-shop.it\/de\/shop\/kuche\/werkzeuge\/joseph-joseph-elevate-carousel-werkzeugsatz-aus-stahl\/\" \/>\n<meta property=\"og:locale\" content=\"de_DE\" \/>\n<meta property=\"og:type\" content=\"article\" \/>\n<meta property=\"og:title\" content=\"JOSEPH JOSEPH Elevate Carousel Werkzeugsatz aus Stahl\" \/>\n<meta property=\"og:description\" content=\"Entdecken Sie JOSEPH JOSEPH Elevate Carousel Werkzeugsatz aus Stahl bei ErresseShop. Qualit\u00e4t, Stil und Funktionalit\u00e4t \u2013 jetzt online bestellen!\" \/>\n<meta property=\"og:url\" content=\"https:\/\/www.erresse-shop.it\/de\/shop\/kuche\/werkzeuge\/joseph-joseph-elevate-carousel-werkzeugsatz-aus-stahl\/\" \/>\n<meta property=\"og:site_name\" content=\"Erresse Shop\" \/>\n<meta property=\"article:modified_time\" content=\"2025-01-17T07:54:13+00:00\" \/>\n<meta property=\"og:image\" content=\"https:\/\/www.erresse-shop.it\/wp-content\/uploads\/2024\/07\/JOSEPH-JOSEPH-Elevate-Carousel-Set-Utensili-in-Acciaio.jpg\" \/>\n\t<meta property=\"og:image:width\" content=\"1200\" \/>\n\t<meta property=\"og:image:height\" content=\"1200\" \/>\n\t<meta property=\"og:image:type\" content=\"image\/jpeg\" \/>\n<meta name=\"twitter:card\" content=\"summary_large_image\" \/>\n<script type=\"application\/ld+json\" class=\"yoast-schema-graph\">{\"@context\":\"https:\/\/schema.org\",\"@graph\":[{\"@type\":\"WebPage\",\"@id\":\"https:\/\/www.erresse-shop.it\/de\/shop\/kuche\/werkzeuge\/joseph-joseph-elevate-carousel-werkzeugsatz-aus-stahl\/\",\"url\":\"https:\/\/www.erresse-shop.it\/de\/shop\/kuche\/werkzeuge\/joseph-joseph-elevate-carousel-werkzeugsatz-aus-stahl\/\",\"name\":\"JOSEPH JOSEPH Elevate Carousel Werkzeugsatz aus Stahl\",\"isPartOf\":{\"@id\":\"https:\/\/www.erresse-shop.it\/de\/#website\"},\"datePublished\":\"2024-07-19T05:36:43+00:00\",\"dateModified\":\"2025-01-17T07:54:13+00:00\",\"description\":\"Entdecken Sie JOSEPH JOSEPH Elevate Carousel Werkzeugsatz aus Stahl bei ErresseShop. Qualit\u00e4t, Stil und Funktionalit\u00e4t \u2013 jetzt online bestellen!\",\"breadcrumb\":{\"@id\":\"https:\/\/www.erresse-shop.it\/de\/shop\/kuche\/werkzeuge\/joseph-joseph-elevate-carousel-werkzeugsatz-aus-stahl\/#breadcrumb\"},\"inLanguage\":\"de-DE\",\"potentialAction\":[{\"@type\":\"ReadAction\",\"target\":[\"https:\/\/www.erresse-shop.it\/de\/shop\/kuche\/werkzeuge\/joseph-joseph-elevate-carousel-werkzeugsatz-aus-stahl\/\"]}]},{\"@type\":\"BreadcrumbList\",\"@id\":\"https:\/\/www.erresse-shop.it\/de\/shop\/kuche\/werkzeuge\/joseph-joseph-elevate-carousel-werkzeugsatz-aus-stahl\/#breadcrumb\",\"itemListElement\":[{\"@type\":\"ListItem\",\"position\":1,\"name\":\"Home\",\"item\":\"https:\/\/www.erresse-shop.it\/de\/\"},{\"@type\":\"ListItem\",\"position\":2,\"name\":\"Shop\",\"item\":\"https:\/\/www.erresse-shop.it\/de\/shop\/\"},{\"@type\":\"ListItem\",\"position\":3,\"name\":\"JOSEPH JOSEPH Elevate Carousel Werkzeugsatz aus Stahl\"}]},{\"@type\":\"WebSite\",\"@id\":\"https:\/\/www.erresse-shop.it\/de\/#website\",\"url\":\"https:\/\/www.erresse-shop.it\/de\/\",\"name\":\"Erresse Shop\",\"description\":\"Articoli di qualit\u00e0 per la casa\",\"potentialAction\":[{\"@type\":\"SearchAction\",\"target\":{\"@type\":\"EntryPoint\",\"urlTemplate\":\"https:\/\/www.erresse-shop.it\/de\/?s={search_term_string}\"},\"query-input\":\"required name=search_term_string\"}],\"inLanguage\":\"de-DE\"}]}<\/script>\n<!-- \/ Yoast SEO Premium plugin. -->","yoast_head_json":{"title":"JOSEPH JOSEPH Elevate Carousel Werkzeugsatz aus Stahl","description":"Entdecken Sie JOSEPH JOSEPH Elevate Carousel Werkzeugsatz aus Stahl bei ErresseShop. Qualit\u00e4t, Stil und Funktionalit\u00e4t \u2013 jetzt online bestellen!","robots":{"index":"index","follow":"follow","max-snippet":"max-snippet:-1","max-image-preview":"max-image-preview:large","max-video-preview":"max-video-preview:-1"},"canonical":"https:\/\/www.erresse-shop.it\/de\/shop\/kuche\/werkzeuge\/joseph-joseph-elevate-carousel-werkzeugsatz-aus-stahl\/","og_locale":"de_DE","og_type":"article","og_title":"JOSEPH JOSEPH Elevate Carousel Werkzeugsatz aus Stahl","og_description":"Entdecken Sie JOSEPH JOSEPH Elevate Carousel Werkzeugsatz aus Stahl bei ErresseShop. Qualit\u00e4t, Stil und Funktionalit\u00e4t \u2013 jetzt online bestellen!","og_url":"https:\/\/www.erresse-shop.it\/de\/shop\/kuche\/werkzeuge\/joseph-joseph-elevate-carousel-werkzeugsatz-aus-stahl\/","og_site_name":"Erresse Shop","article_modified_time":"2025-01-17T07:54:13+00:00","og_image":[{"width":1200,"height":1200,"url":"https:\/\/www.erresse-shop.it\/wp-content\/uploads\/2024\/07\/JOSEPH-JOSEPH-Elevate-Carousel-Set-Utensili-in-Acciaio.jpg","type":"image\/jpeg"}],"twitter_card":"summary_large_image","schema":{"@context":"https:\/\/schema.org","@graph":[{"@type":"WebPage","@id":"https:\/\/www.erresse-shop.it\/de\/shop\/kuche\/werkzeuge\/joseph-joseph-elevate-carousel-werkzeugsatz-aus-stahl\/","url":"https:\/\/www.erresse-shop.it\/de\/shop\/kuche\/werkzeuge\/joseph-joseph-elevate-carousel-werkzeugsatz-aus-stahl\/","name":"JOSEPH JOSEPH Elevate Carousel Werkzeugsatz aus Stahl","isPartOf":{"@id":"https:\/\/www.erresse-shop.it\/de\/#website"},"datePublished":"2024-07-19T05:36:43+00:00","dateModified":"2025-01-17T07:54:13+00:00","description":"Entdecken Sie JOSEPH JOSEPH Elevate Carousel Werkzeugsatz aus Stahl bei ErresseShop. Qualit\u00e4t, Stil und Funktionalit\u00e4t \u2013 jetzt online bestellen!","breadcrumb":{"@id":"https:\/\/www.erresse-shop.it\/de\/shop\/kuche\/werkzeuge\/joseph-joseph-elevate-carousel-werkzeugsatz-aus-stahl\/#breadcrumb"},"inLanguage":"de-DE","potentialAction":[{"@type":"ReadAction","target":["https:\/\/www.erresse-shop.it\/de\/shop\/kuche\/werkzeuge\/joseph-joseph-elevate-carousel-werkzeugsatz-aus-stahl\/"]}]},{"@type":"BreadcrumbList","@id":"https:\/\/www.erresse-shop.it\/de\/shop\/kuche\/werkzeuge\/joseph-joseph-elevate-carousel-werkzeugsatz-aus-stahl\/#breadcrumb","itemListElement":[{"@type":"ListItem","position":1,"name":"Home","item":"https:\/\/www.erresse-shop.it\/de\/"},{"@type":"ListItem","position":2,"name":"Shop","item":"https:\/\/www.erresse-shop.it\/de\/shop\/"},{"@type":"ListItem","position":3,"name":"JOSEPH JOSEPH Elevate Carousel Werkzeugsatz aus Stahl"}]},{"@type":"WebSite","@id":"https:\/\/www.erresse-shop.it\/de\/#website","url":"https:\/\/www.erresse-shop.it\/de\/","name":"Erresse Shop","description":"Articoli di qualit\u00e0 per la casa","potentialAction":[{"@type":"SearchAction","target":{"@type":"EntryPoint","urlTemplate":"https:\/\/www.erresse-shop.it\/de\/?s={search_term_string}"},"query-input":"required name=search_term_string"}],"inLanguage":"de-DE"}]}},"df_price":74.995,"df_sale_price":74.995,"df_regular_price":149.99,"df_image_link":"https:\/\/www.erresse-shop.it\/wp-content\/uploads\/2024\/07\/JOSEPH-JOSEPH-Elevate-Carousel-Set-Utensili-in-Acciaio-1-300x300.jpg","_links":{"self":[{"href":"https:\/\/www.erresse-shop.it\/de\/wp-json\/wp\/v2\/product\/422666"}],"collection":[{"href":"https:\/\/www.erresse-shop.it\/de\/wp-json\/wp\/v2\/product"}],"about":[{"href":"https:\/\/www.erresse-shop.it\/de\/wp-json\/wp\/v2\/types\/product"}],"wp:featuredmedia":[{"embeddable":true,"href":"https:\/\/www.erresse-shop.it\/de\/wp-json\/wp\/v2\/media\/516568"}],"wp:attachment":[{"href":"https:\/\/www.erresse-shop.it\/de\/wp-json\/wp\/v2\/media?parent=422666"}],"wp:term":[{"taxonomy":"product_cat","embeddable":true,"href":"https:\/\/www.erresse-shop.it\/de\/wp-json\/wp\/v2\/product_cat?post=422666"},{"taxonomy":"product_tag","embeddable":true,"href":"https:\/\/www.erresse-shop.it\/de\/wp-json\/wp\/v2\/product_tag?post=422666"}],"curies":[{"name":"wp","href":"https:\/\/api.w.org\/{rel}","templated":true}]}}