{"id":422402,"date":"2024-07-18T09:10:22","date_gmt":"2024-07-18T09:10:24","guid":{"rendered":"https:\/\/www.erresse-shop.it\/?post_type=product&#038;p=422402"},"modified":"2025-05-21T07:21:53","modified_gmt":"2025-05-21T07:21:53","slug":"joseph-elevate-fusion-set-3-kuchenutensilien-aus-edelstahl-copia","status":"publish","type":"product","link":"https:\/\/www.erresse-shop.it\/de\/shop\/kuche\/zubehor-fur-die-kuche\/joseph-elevate-fusion-set-3-kuchenutensilien-aus-edelstahl-copia\/","title":{"rendered":"JOSEPH JOSEPH Multi-Prep Salatvorbereitungsset 4 Teile Multicolour"},"content":{"rendered":"<p>Multi-Prep\u2122 vereint alles, was Sie f\u00fcr die Zubereitung k\u00f6stlicher Salate brauchen, in einem intelligenten Design. Sie enth\u00e4lt vier austauschbare Scheiben f\u00fcr verschiedene Salatzubereitungsaufgaben, einschlie\u00dflich Schleudern, Spiralisieren, Reiben und Schneiden. Nach der Zubereitung l\u00e4sst sich alles platzsparend in der Sch\u00fcssel verstauen.<\/p>\n<ul>\n<li>Enth\u00e4lt vier austauschbare Scheiben f\u00fcr verschiedene Aufgaben: Salatschleuder, Spiralisierer, Hobel und Reibe.<\/li>\n<li>Setzen Sie einfach die gew\u00fcnschte Scheibe in den Deckel ein.<\/li>\n<li>Inklusive Fingerschutz f\u00fcr sicheres Schneiden und Spiralisieren<\/li>\n<li>Rutschfester Boden<\/li>\n<li>Das Zubeh\u00f6r l\u00e4sst sich f\u00fcr eine kompakte Aufbewahrung in der Hauptsch\u00fcssel stapeln<\/li>\n<\/ul>\n<p><strong>Pflege und Gebrauch:<\/strong><\/p>\n<ul>\n<li>Nur von Hand waschen<\/li>\n<li>Achtung: Scharfe Klingen &#8211; mit Vorsicht behandeln<\/li>\n<li>W\u00e4hrend des Gebrauchs und der Reinigung die Finger von den Klingen fernhalten<\/li>\n<li>Au\u00dferhalb der Reichweite von Kindern aufbewahren<\/li>\n<li>Nur f\u00fcr die Zubereitung von Lebensmitteln &#8211; nicht f\u00fcr die Lagerung von Lebensmitteln geeignet<\/li>\n<li>Nicht f\u00fcr die Mikrowelle geeignet<\/li>\n<li>BPA-frei<\/li>\n<\/ul>\n<p><strong>Abmessungen:<\/strong><\/p>\n<p>H15,5 x B24 x T24 cm (H6\u00bc x L9\u00bd x T9\u00bd Zoll)<\/p>\n","protected":false},"excerpt":{"rendered":"<p>Multi-Prep\u2122 vereint alles, was Sie f\u00fcr die Zubereitung k\u00f6stlicher Salate brauchen, in einem intelligenten Design. Sie enth\u00e4lt vier austauschbare Scheiben<\/p>\n","protected":false},"featured_media":499706,"template":"","meta":{"_acf_changed":false,"inline_featured_image":false},"product_cat":[6742,6745],"product_tag":[25027,21842,14258,21265,25022],"acf":[],"yoast_head":"<!-- This site is optimized with the Yoast SEO Premium plugin v18.6 (Yoast SEO v19.13) - https:\/\/yoast.com\/wordpress\/plugins\/seo\/ -->\n<title>JOSEPH JOSEPH Multi-Prep\u2122 Salatvorbereitungsset 4 Teile Multicolour<\/title>\n<meta name=\"description\" content=\"Entdecken Sie JOSEPH JOSEPH Multi-Prep\u2122 Salatvorbereitungsset 4 Teile Multicolour bei ErresseShop. Qualit\u00e4t, Stil und Funktionalit\u00e4t \u2013 jetzt online bestellen!\" \/>\n<meta name=\"robots\" content=\"index, follow, max-snippet:-1, max-image-preview:large, max-video-preview:-1\" \/>\n<link rel=\"canonical\" href=\"https:\/\/www.erresse-shop.it\/de\/shop\/kuche\/zubehor-fur-die-kuche\/joseph-elevate-fusion-set-3-kuchenutensilien-aus-edelstahl-copia\/\" \/>\n<meta property=\"og:locale\" content=\"de_DE\" \/>\n<meta property=\"og:type\" content=\"article\" \/>\n<meta property=\"og:title\" content=\"JOSEPH JOSEPH Multi-Prep Salatvorbereitungsset 4 Teile Multicolour\" \/>\n<meta property=\"og:description\" content=\"Entdecken Sie JOSEPH JOSEPH Multi-Prep\u2122 Salatvorbereitungsset 4 Teile Multicolour bei ErresseShop. Qualit\u00e4t, Stil und Funktionalit\u00e4t \u2013 jetzt online bestellen!\" \/>\n<meta property=\"og:url\" content=\"https:\/\/www.erresse-shop.it\/de\/shop\/kuche\/zubehor-fur-die-kuche\/joseph-elevate-fusion-set-3-kuchenutensilien-aus-edelstahl-copia\/\" \/>\n<meta property=\"og:site_name\" content=\"Erresse Shop\" \/>\n<meta property=\"article:modified_time\" content=\"2025-05-21T07:21:53+00:00\" \/>\n<meta property=\"og:image\" content=\"https:\/\/www.erresse-shop.it\/wp-content\/uploads\/2024\/07\/JOSEPH-JOSEPH-Set-4-Pezzi-Preparazione-Insalata-Multicolore.jpg\" \/>\n\t<meta property=\"og:image:width\" content=\"1200\" \/>\n\t<meta property=\"og:image:height\" content=\"1200\" \/>\n\t<meta property=\"og:image:type\" content=\"image\/jpeg\" \/>\n<meta name=\"twitter:card\" content=\"summary_large_image\" \/>\n<script type=\"application\/ld+json\" class=\"yoast-schema-graph\">{\"@context\":\"https:\/\/schema.org\",\"@graph\":[{\"@type\":\"WebPage\",\"@id\":\"https:\/\/www.erresse-shop.it\/de\/shop\/kuche\/zubehor-fur-die-kuche\/joseph-elevate-fusion-set-3-kuchenutensilien-aus-edelstahl-copia\/\",\"url\":\"https:\/\/www.erresse-shop.it\/de\/shop\/kuche\/zubehor-fur-die-kuche\/joseph-elevate-fusion-set-3-kuchenutensilien-aus-edelstahl-copia\/\",\"name\":\"JOSEPH JOSEPH Multi-Prep\u2122 Salatvorbereitungsset 4 Teile Multicolour\",\"isPartOf\":{\"@id\":\"https:\/\/www.erresse-shop.it\/de\/#website\"},\"datePublished\":\"2024-07-18T09:10:24+00:00\",\"dateModified\":\"2025-05-21T07:21:53+00:00\",\"description\":\"Entdecken Sie JOSEPH JOSEPH Multi-Prep\u2122 Salatvorbereitungsset 4 Teile Multicolour bei ErresseShop. Qualit\u00e4t, Stil und Funktionalit\u00e4t \u2013 jetzt online bestellen!\",\"breadcrumb\":{\"@id\":\"https:\/\/www.erresse-shop.it\/de\/shop\/kuche\/zubehor-fur-die-kuche\/joseph-elevate-fusion-set-3-kuchenutensilien-aus-edelstahl-copia\/#breadcrumb\"},\"inLanguage\":\"de-DE\",\"potentialAction\":[{\"@type\":\"ReadAction\",\"target\":[\"https:\/\/www.erresse-shop.it\/de\/shop\/kuche\/zubehor-fur-die-kuche\/joseph-elevate-fusion-set-3-kuchenutensilien-aus-edelstahl-copia\/\"]}]},{\"@type\":\"BreadcrumbList\",\"@id\":\"https:\/\/www.erresse-shop.it\/de\/shop\/kuche\/zubehor-fur-die-kuche\/joseph-elevate-fusion-set-3-kuchenutensilien-aus-edelstahl-copia\/#breadcrumb\",\"itemListElement\":[{\"@type\":\"ListItem\",\"position\":1,\"name\":\"Home\",\"item\":\"https:\/\/www.erresse-shop.it\/de\/\"},{\"@type\":\"ListItem\",\"position\":2,\"name\":\"Shop\",\"item\":\"https:\/\/www.erresse-shop.it\/de\/shop\/\"},{\"@type\":\"ListItem\",\"position\":3,\"name\":\"JOSEPH JOSEPH Multi-Prep Salatvorbereitungsset 4 Teile Multicolour\"}]},{\"@type\":\"WebSite\",\"@id\":\"https:\/\/www.erresse-shop.it\/de\/#website\",\"url\":\"https:\/\/www.erresse-shop.it\/de\/\",\"name\":\"Erresse Shop\",\"description\":\"Articoli di qualit\u00e0 per la casa\",\"potentialAction\":[{\"@type\":\"SearchAction\",\"target\":{\"@type\":\"EntryPoint\",\"urlTemplate\":\"https:\/\/www.erresse-shop.it\/de\/?s={search_term_string}\"},\"query-input\":\"required name=search_term_string\"}],\"inLanguage\":\"de-DE\"}]}<\/script>\n<!-- \/ Yoast SEO Premium plugin. -->","yoast_head_json":{"title":"JOSEPH JOSEPH Multi-Prep\u2122 Salatvorbereitungsset 4 Teile Multicolour","description":"Entdecken Sie JOSEPH JOSEPH Multi-Prep\u2122 Salatvorbereitungsset 4 Teile Multicolour bei ErresseShop. Qualit\u00e4t, Stil und Funktionalit\u00e4t \u2013 jetzt online bestellen!","robots":{"index":"index","follow":"follow","max-snippet":"max-snippet:-1","max-image-preview":"max-image-preview:large","max-video-preview":"max-video-preview:-1"},"canonical":"https:\/\/www.erresse-shop.it\/de\/shop\/kuche\/zubehor-fur-die-kuche\/joseph-elevate-fusion-set-3-kuchenutensilien-aus-edelstahl-copia\/","og_locale":"de_DE","og_type":"article","og_title":"JOSEPH JOSEPH Multi-Prep Salatvorbereitungsset 4 Teile Multicolour","og_description":"Entdecken Sie JOSEPH JOSEPH Multi-Prep\u2122 Salatvorbereitungsset 4 Teile Multicolour bei ErresseShop. Qualit\u00e4t, Stil und Funktionalit\u00e4t \u2013 jetzt online bestellen!","og_url":"https:\/\/www.erresse-shop.it\/de\/shop\/kuche\/zubehor-fur-die-kuche\/joseph-elevate-fusion-set-3-kuchenutensilien-aus-edelstahl-copia\/","og_site_name":"Erresse Shop","article_modified_time":"2025-05-21T07:21:53+00:00","og_image":[{"width":1200,"height":1200,"url":"https:\/\/www.erresse-shop.it\/wp-content\/uploads\/2024\/07\/JOSEPH-JOSEPH-Set-4-Pezzi-Preparazione-Insalata-Multicolore.jpg","type":"image\/jpeg"}],"twitter_card":"summary_large_image","schema":{"@context":"https:\/\/schema.org","@graph":[{"@type":"WebPage","@id":"https:\/\/www.erresse-shop.it\/de\/shop\/kuche\/zubehor-fur-die-kuche\/joseph-elevate-fusion-set-3-kuchenutensilien-aus-edelstahl-copia\/","url":"https:\/\/www.erresse-shop.it\/de\/shop\/kuche\/zubehor-fur-die-kuche\/joseph-elevate-fusion-set-3-kuchenutensilien-aus-edelstahl-copia\/","name":"JOSEPH JOSEPH Multi-Prep\u2122 Salatvorbereitungsset 4 Teile Multicolour","isPartOf":{"@id":"https:\/\/www.erresse-shop.it\/de\/#website"},"datePublished":"2024-07-18T09:10:24+00:00","dateModified":"2025-05-21T07:21:53+00:00","description":"Entdecken Sie JOSEPH JOSEPH Multi-Prep\u2122 Salatvorbereitungsset 4 Teile Multicolour bei ErresseShop. Qualit\u00e4t, Stil und Funktionalit\u00e4t \u2013 jetzt online bestellen!","breadcrumb":{"@id":"https:\/\/www.erresse-shop.it\/de\/shop\/kuche\/zubehor-fur-die-kuche\/joseph-elevate-fusion-set-3-kuchenutensilien-aus-edelstahl-copia\/#breadcrumb"},"inLanguage":"de-DE","potentialAction":[{"@type":"ReadAction","target":["https:\/\/www.erresse-shop.it\/de\/shop\/kuche\/zubehor-fur-die-kuche\/joseph-elevate-fusion-set-3-kuchenutensilien-aus-edelstahl-copia\/"]}]},{"@type":"BreadcrumbList","@id":"https:\/\/www.erresse-shop.it\/de\/shop\/kuche\/zubehor-fur-die-kuche\/joseph-elevate-fusion-set-3-kuchenutensilien-aus-edelstahl-copia\/#breadcrumb","itemListElement":[{"@type":"ListItem","position":1,"name":"Home","item":"https:\/\/www.erresse-shop.it\/de\/"},{"@type":"ListItem","position":2,"name":"Shop","item":"https:\/\/www.erresse-shop.it\/de\/shop\/"},{"@type":"ListItem","position":3,"name":"JOSEPH JOSEPH Multi-Prep Salatvorbereitungsset 4 Teile Multicolour"}]},{"@type":"WebSite","@id":"https:\/\/www.erresse-shop.it\/de\/#website","url":"https:\/\/www.erresse-shop.it\/de\/","name":"Erresse Shop","description":"Articoli di qualit\u00e0 per la casa","potentialAction":[{"@type":"SearchAction","target":{"@type":"EntryPoint","urlTemplate":"https:\/\/www.erresse-shop.it\/de\/?s={search_term_string}"},"query-input":"required name=search_term_string"}],"inLanguage":"de-DE"}]}},"df_price":39,"df_sale_price":39,"df_regular_price":59.99,"df_image_link":"https:\/\/www.erresse-shop.it\/wp-content\/uploads\/2024\/07\/JOSEPH-JOSEPH-Set-4-Pezzi-Preparazione-Insalata-Multicolore-300x300.jpg","_links":{"self":[{"href":"https:\/\/www.erresse-shop.it\/de\/wp-json\/wp\/v2\/product\/422402"}],"collection":[{"href":"https:\/\/www.erresse-shop.it\/de\/wp-json\/wp\/v2\/product"}],"about":[{"href":"https:\/\/www.erresse-shop.it\/de\/wp-json\/wp\/v2\/types\/product"}],"wp:featuredmedia":[{"embeddable":true,"href":"https:\/\/www.erresse-shop.it\/de\/wp-json\/wp\/v2\/media\/499706"}],"wp:attachment":[{"href":"https:\/\/www.erresse-shop.it\/de\/wp-json\/wp\/v2\/media?parent=422402"}],"wp:term":[{"taxonomy":"product_cat","embeddable":true,"href":"https:\/\/www.erresse-shop.it\/de\/wp-json\/wp\/v2\/product_cat?post=422402"},{"taxonomy":"product_tag","embeddable":true,"href":"https:\/\/www.erresse-shop.it\/de\/wp-json\/wp\/v2\/product_tag?post=422402"}],"curies":[{"name":"wp","href":"https:\/\/api.w.org\/{rel}","templated":true}]}}