{"id":422257,"date":"2024-07-18T06:10:55","date_gmt":"2024-07-18T06:10:56","guid":{"rendered":"https:\/\/www.erresse-shop.it\/?post_type=product&#038;p=422257"},"modified":"2025-01-17T08:03:48","modified_gmt":"2025-01-17T08:03:48","slug":"lavazza-216-a-modo-mio-qualita-rossa","status":"publish","type":"product","link":"https:\/\/www.erresse-shop.it\/de\/shop\/kaffe\/kaffeepads-und-kapseln\/lavazza-216-a-modo-mio-qualita-rossa\/","title":{"rendered":"LAVAZZA 216 A Modo Mio Qualita Rossa"},"content":{"rendered":"<p>Der Qualit\u00e0 Rossa vereint die Seele S\u00fcdamerikas und das Herz Schwarzafrikas: Die nat\u00fcrlichen brasilianischen Arabicas verleihen ihm einen reichen K\u00f6rper und s\u00fc\u00dfe Noten, w\u00e4hrend die afrikanischen Robustas ihm Intensit\u00e4t und einen schokoladigen Nachgeschmack verleihen. Das Ergebnis ist ein Kaffee mit einem durchdringenden Aroma und einem vollen, anhaltenden Geschmack.<\/p>\n<p><strong>Einzelheiten zum Produkt:<\/strong><\/p>\n<ul>\n<li>4 Packungen mit 54 Kapseln<\/li>\n<li>Zusammensetzung 60% Arabica<\/li>\n<li>Mittlere R\u00f6stung<\/li>\n<\/ul>\n<p>&nbsp;<\/p>\n<p><strong>Lavazza ist nicht mit Nespresso verbunden und wird nicht von Nespresso gef\u00f6rdert oder gesponsert.<\/strong><br \/>\n<strong>Nescaf\u00e8\u00ae, Dolce Gusto\u00ae und Melody I sind Marken Dritter und stehen in keiner Verbindung zu Luigi Lavazza S.p.A.<\/strong><\/p>\n","protected":false},"excerpt":{"rendered":"<p>Der Qualit\u00e0 Rossa vereint die Seele S\u00fcdamerikas und das Herz Schwarzafrikas: Die nat\u00fcrlichen brasilianischen Arabicas verleihen ihm einen reichen K\u00f6rper<\/p>\n","protected":false},"featured_media":456771,"template":"","meta":{"_acf_changed":false,"inline_featured_image":false},"product_cat":[25351,25392],"product_tag":[11638,23564,23230],"acf":[],"yoast_head":"<!-- This site is optimized with the Yoast SEO Premium plugin v18.6 (Yoast SEO v19.13) - https:\/\/yoast.com\/wordpress\/plugins\/seo\/ -->\n<title>LAVAZZA 216 A Modo Mio Qualita Rossa<\/title>\n<meta name=\"description\" content=\"Entdecken Sie LAVAZZA 216 A Modo Mio Qualita Rossa bei ErresseShop. Qualit\u00e4t, Stil und Funktionalit\u00e4t \u2013 jetzt online bestellen!\" \/>\n<meta name=\"robots\" content=\"index, follow, max-snippet:-1, max-image-preview:large, max-video-preview:-1\" \/>\n<link rel=\"canonical\" href=\"https:\/\/www.erresse-shop.it\/de\/shop\/kaffe\/kaffeepads-und-kapseln\/lavazza-216-a-modo-mio-qualita-rossa\/\" \/>\n<meta property=\"og:locale\" content=\"de_DE\" \/>\n<meta property=\"og:type\" content=\"article\" \/>\n<meta property=\"og:title\" content=\"LAVAZZA 216 A Modo Mio Qualita Rossa\" \/>\n<meta property=\"og:description\" content=\"Entdecken Sie LAVAZZA 216 A Modo Mio Qualita Rossa bei ErresseShop. Qualit\u00e4t, Stil und Funktionalit\u00e4t \u2013 jetzt online bestellen!\" \/>\n<meta property=\"og:url\" content=\"https:\/\/www.erresse-shop.it\/de\/shop\/kaffe\/kaffeepads-und-kapseln\/lavazza-216-a-modo-mio-qualita-rossa\/\" \/>\n<meta property=\"og:site_name\" content=\"Erresse Shop\" \/>\n<meta property=\"article:modified_time\" content=\"2025-01-17T08:03:48+00:00\" \/>\n<meta property=\"og:image\" content=\"https:\/\/www.erresse-shop.it\/wp-content\/uploads\/2024\/07\/LAVAZZA-216-capsule-A-Modo-Mio-Qualita-Rossa.jpg\" \/>\n\t<meta property=\"og:image:width\" content=\"1200\" \/>\n\t<meta property=\"og:image:height\" content=\"1200\" \/>\n\t<meta property=\"og:image:type\" content=\"image\/jpeg\" \/>\n<meta name=\"twitter:card\" content=\"summary_large_image\" \/>\n<script type=\"application\/ld+json\" class=\"yoast-schema-graph\">{\"@context\":\"https:\/\/schema.org\",\"@graph\":[{\"@type\":\"WebPage\",\"@id\":\"https:\/\/www.erresse-shop.it\/de\/shop\/kaffe\/kaffeepads-und-kapseln\/lavazza-216-a-modo-mio-qualita-rossa\/\",\"url\":\"https:\/\/www.erresse-shop.it\/de\/shop\/kaffe\/kaffeepads-und-kapseln\/lavazza-216-a-modo-mio-qualita-rossa\/\",\"name\":\"LAVAZZA 216 A Modo Mio Qualita Rossa\",\"isPartOf\":{\"@id\":\"https:\/\/www.erresse-shop.it\/de\/#website\"},\"datePublished\":\"2024-07-18T06:10:56+00:00\",\"dateModified\":\"2025-01-17T08:03:48+00:00\",\"description\":\"Entdecken Sie LAVAZZA 216 A Modo Mio Qualita Rossa bei ErresseShop. Qualit\u00e4t, Stil und Funktionalit\u00e4t \u2013 jetzt online bestellen!\",\"breadcrumb\":{\"@id\":\"https:\/\/www.erresse-shop.it\/de\/shop\/kaffe\/kaffeepads-und-kapseln\/lavazza-216-a-modo-mio-qualita-rossa\/#breadcrumb\"},\"inLanguage\":\"de-DE\",\"potentialAction\":[{\"@type\":\"ReadAction\",\"target\":[\"https:\/\/www.erresse-shop.it\/de\/shop\/kaffe\/kaffeepads-und-kapseln\/lavazza-216-a-modo-mio-qualita-rossa\/\"]}]},{\"@type\":\"BreadcrumbList\",\"@id\":\"https:\/\/www.erresse-shop.it\/de\/shop\/kaffe\/kaffeepads-und-kapseln\/lavazza-216-a-modo-mio-qualita-rossa\/#breadcrumb\",\"itemListElement\":[{\"@type\":\"ListItem\",\"position\":1,\"name\":\"Home\",\"item\":\"https:\/\/www.erresse-shop.it\/de\/\"},{\"@type\":\"ListItem\",\"position\":2,\"name\":\"Shop\",\"item\":\"https:\/\/www.erresse-shop.it\/de\/shop\/\"},{\"@type\":\"ListItem\",\"position\":3,\"name\":\"LAVAZZA 216 A Modo Mio Qualita Rossa\"}]},{\"@type\":\"WebSite\",\"@id\":\"https:\/\/www.erresse-shop.it\/de\/#website\",\"url\":\"https:\/\/www.erresse-shop.it\/de\/\",\"name\":\"Erresse Shop\",\"description\":\"Articoli di qualit\u00e0 per la casa\",\"potentialAction\":[{\"@type\":\"SearchAction\",\"target\":{\"@type\":\"EntryPoint\",\"urlTemplate\":\"https:\/\/www.erresse-shop.it\/de\/?s={search_term_string}\"},\"query-input\":\"required name=search_term_string\"}],\"inLanguage\":\"de-DE\"}]}<\/script>\n<!-- \/ Yoast SEO Premium plugin. -->","yoast_head_json":{"title":"LAVAZZA 216 A Modo Mio Qualita Rossa","description":"Entdecken Sie LAVAZZA 216 A Modo Mio Qualita Rossa bei ErresseShop. Qualit\u00e4t, Stil und Funktionalit\u00e4t \u2013 jetzt online bestellen!","robots":{"index":"index","follow":"follow","max-snippet":"max-snippet:-1","max-image-preview":"max-image-preview:large","max-video-preview":"max-video-preview:-1"},"canonical":"https:\/\/www.erresse-shop.it\/de\/shop\/kaffe\/kaffeepads-und-kapseln\/lavazza-216-a-modo-mio-qualita-rossa\/","og_locale":"de_DE","og_type":"article","og_title":"LAVAZZA 216 A Modo Mio Qualita Rossa","og_description":"Entdecken Sie LAVAZZA 216 A Modo Mio Qualita Rossa bei ErresseShop. Qualit\u00e4t, Stil und Funktionalit\u00e4t \u2013 jetzt online bestellen!","og_url":"https:\/\/www.erresse-shop.it\/de\/shop\/kaffe\/kaffeepads-und-kapseln\/lavazza-216-a-modo-mio-qualita-rossa\/","og_site_name":"Erresse Shop","article_modified_time":"2025-01-17T08:03:48+00:00","og_image":[{"width":1200,"height":1200,"url":"https:\/\/www.erresse-shop.it\/wp-content\/uploads\/2024\/07\/LAVAZZA-216-capsule-A-Modo-Mio-Qualita-Rossa.jpg","type":"image\/jpeg"}],"twitter_card":"summary_large_image","schema":{"@context":"https:\/\/schema.org","@graph":[{"@type":"WebPage","@id":"https:\/\/www.erresse-shop.it\/de\/shop\/kaffe\/kaffeepads-und-kapseln\/lavazza-216-a-modo-mio-qualita-rossa\/","url":"https:\/\/www.erresse-shop.it\/de\/shop\/kaffe\/kaffeepads-und-kapseln\/lavazza-216-a-modo-mio-qualita-rossa\/","name":"LAVAZZA 216 A Modo Mio Qualita Rossa","isPartOf":{"@id":"https:\/\/www.erresse-shop.it\/de\/#website"},"datePublished":"2024-07-18T06:10:56+00:00","dateModified":"2025-01-17T08:03:48+00:00","description":"Entdecken Sie LAVAZZA 216 A Modo Mio Qualita Rossa bei ErresseShop. Qualit\u00e4t, Stil und Funktionalit\u00e4t \u2013 jetzt online bestellen!","breadcrumb":{"@id":"https:\/\/www.erresse-shop.it\/de\/shop\/kaffe\/kaffeepads-und-kapseln\/lavazza-216-a-modo-mio-qualita-rossa\/#breadcrumb"},"inLanguage":"de-DE","potentialAction":[{"@type":"ReadAction","target":["https:\/\/www.erresse-shop.it\/de\/shop\/kaffe\/kaffeepads-und-kapseln\/lavazza-216-a-modo-mio-qualita-rossa\/"]}]},{"@type":"BreadcrumbList","@id":"https:\/\/www.erresse-shop.it\/de\/shop\/kaffe\/kaffeepads-und-kapseln\/lavazza-216-a-modo-mio-qualita-rossa\/#breadcrumb","itemListElement":[{"@type":"ListItem","position":1,"name":"Home","item":"https:\/\/www.erresse-shop.it\/de\/"},{"@type":"ListItem","position":2,"name":"Shop","item":"https:\/\/www.erresse-shop.it\/de\/shop\/"},{"@type":"ListItem","position":3,"name":"LAVAZZA 216 A Modo Mio Qualita Rossa"}]},{"@type":"WebSite","@id":"https:\/\/www.erresse-shop.it\/de\/#website","url":"https:\/\/www.erresse-shop.it\/de\/","name":"Erresse Shop","description":"Articoli di qualit\u00e0 per la casa","potentialAction":[{"@type":"SearchAction","target":{"@type":"EntryPoint","urlTemplate":"https:\/\/www.erresse-shop.it\/de\/?s={search_term_string}"},"query-input":"required name=search_term_string"}],"inLanguage":"de-DE"}]}},"df_price":45,"df_sale_price":45,"df_regular_price":45,"df_image_link":"https:\/\/www.erresse-shop.it\/wp-content\/uploads\/2024\/07\/LAVAZZA-216-capsule-A-Modo-Mio-Qualita-Rossa-300x300.jpg","_links":{"self":[{"href":"https:\/\/www.erresse-shop.it\/de\/wp-json\/wp\/v2\/product\/422257"}],"collection":[{"href":"https:\/\/www.erresse-shop.it\/de\/wp-json\/wp\/v2\/product"}],"about":[{"href":"https:\/\/www.erresse-shop.it\/de\/wp-json\/wp\/v2\/types\/product"}],"wp:featuredmedia":[{"embeddable":true,"href":"https:\/\/www.erresse-shop.it\/de\/wp-json\/wp\/v2\/media\/456771"}],"wp:attachment":[{"href":"https:\/\/www.erresse-shop.it\/de\/wp-json\/wp\/v2\/media?parent=422257"}],"wp:term":[{"taxonomy":"product_cat","embeddable":true,"href":"https:\/\/www.erresse-shop.it\/de\/wp-json\/wp\/v2\/product_cat?post=422257"},{"taxonomy":"product_tag","embeddable":true,"href":"https:\/\/www.erresse-shop.it\/de\/wp-json\/wp\/v2\/product_tag?post=422257"}],"curies":[{"name":"wp","href":"https:\/\/api.w.org\/{rel}","templated":true}]}}