{"id":422107,"date":"2024-07-17T10:12:20","date_gmt":"2024-07-17T10:12:21","guid":{"rendered":"https:\/\/www.erresse-shop.it\/?post_type=product&#038;p=422107"},"modified":"2025-01-16T08:56:00","modified_gmt":"2025-01-16T08:56:00","slug":"borbone-2-packungen-mit-100-respresso-red-kapseln","status":"publish","type":"product","link":"https:\/\/www.erresse-shop.it\/de\/shop\/kaffe\/kaffeepads-und-kapseln\/borbone-2-packungen-mit-100-respresso-red-kapseln\/","title":{"rendered":"BORBONE 100 REspresso Red-Kapseln"},"content":{"rendered":"<p><strong>100 Kapseln Caff\u00e8 Borbone Respresso-Mischung rot, kompatibel mit Nespresso-Haushaltsmaschinen.<\/strong><\/p>\n<p>Mit den kompatiblen Kapseln von Respresso Red Blend k\u00f6nnen Sie einen Kaffee mit einem starken und entschlossenen Charakter genie\u00dfen, der pure Energie im Geschmack ist.<br \/>\nG\u00f6nnen Sie Ihrem Gaumen ein intensives Vergn\u00fcgen und entscheiden Sie sich f\u00fcr einen cremigen Espresso mit einem k\u00f6stlich anhaltenden Geschmack, den man nicht vergessen kann.<\/p>\n<p><strong>Einzelheiten zum Produkt<\/strong><\/p>\n<ul>\n<li>Ger\u00f6steter und gemahlener Kaffee<\/li>\n<li>In einer Schutzatmosph\u00e4re verpackt<\/li>\n<li>100% ausgew\u00e4hlter Robusta<\/li>\n<\/ul>\n<p>&nbsp;<\/p>\n<p><strong>*Nespresso\u00ae und *Nescaf\u00e9\u00ae *Dolce Gusto\u00ae sind eingetragene Marken der Societ\u00e8 des Produits Nestl\u00e8\u00ae S.A. Caff\u00e8 Borbone Srl ist ein unabh\u00e4ngiger Hersteller, der nicht mit der Societ\u00e8 des Produits Nestl\u00e8\u00ae S.A. verbunden ist. Die Kompatibilit\u00e4t der Caff\u00e8 Borbone Kapseln ist f\u00fcr die Verwendung mit Nespresso\u00ae &#8211; Nescaf\u00e9\u00ae Dolce Gusto\u00ae Kaffeemaschinen f\u00fcr den Heimgebrauch bestimmt.<\/strong><\/p>\n","protected":false},"excerpt":{"rendered":"<p>100 Kapseln Caff\u00e8 Borbone Respresso-Mischung rot, kompatibel mit Nespresso-Haushaltsmaschinen. Mit den kompatiblen Kapseln von Respresso Red Blend k\u00f6nnen Sie einen<\/p>\n","protected":false},"featured_media":465768,"template":"","meta":{"_acf_changed":false,"inline_featured_image":false},"product_cat":[25351,25392],"product_tag":[11638,23564,23304],"acf":[],"yoast_head":"<!-- This site is optimized with the Yoast SEO Premium plugin v18.6 (Yoast SEO v19.13) - https:\/\/yoast.com\/wordpress\/plugins\/seo\/ -->\n<title>BORBONE 100 REspresso Red-Kapseln<\/title>\n<meta name=\"description\" content=\"Entdecken Sie BORBONE 100 REspresso Red-Kapseln bei ErresseShop. Qualit\u00e4t, Stil und Funktionalit\u00e4t \u2013 jetzt online bestellen!\" \/>\n<meta name=\"robots\" content=\"index, follow, max-snippet:-1, max-image-preview:large, max-video-preview:-1\" \/>\n<link rel=\"canonical\" href=\"https:\/\/www.erresse-shop.it\/de\/shop\/kaffe\/kaffeepads-und-kapseln\/borbone-2-packungen-mit-100-respresso-red-kapseln\/\" \/>\n<meta property=\"og:locale\" content=\"de_DE\" \/>\n<meta property=\"og:type\" content=\"article\" \/>\n<meta property=\"og:title\" content=\"BORBONE 100 REspresso Red-Kapseln\" \/>\n<meta property=\"og:description\" content=\"Entdecken Sie BORBONE 100 REspresso Red-Kapseln bei ErresseShop. Qualit\u00e4t, Stil und Funktionalit\u00e4t \u2013 jetzt online bestellen!\" \/>\n<meta property=\"og:url\" content=\"https:\/\/www.erresse-shop.it\/de\/shop\/kaffe\/kaffeepads-und-kapseln\/borbone-2-packungen-mit-100-respresso-red-kapseln\/\" \/>\n<meta property=\"og:site_name\" content=\"Erresse Shop\" \/>\n<meta property=\"article:modified_time\" content=\"2025-01-16T08:56:00+00:00\" \/>\n<meta property=\"og:image\" content=\"https:\/\/www.erresse-shop.it\/wp-content\/uploads\/2024\/07\/BORBONE-2-Confezioni-da-100-Capsule-REspresso-Rossa.png\" \/>\n\t<meta property=\"og:image:width\" content=\"800\" \/>\n\t<meta property=\"og:image:height\" content=\"800\" \/>\n\t<meta property=\"og:image:type\" content=\"image\/png\" \/>\n<meta name=\"twitter:card\" content=\"summary_large_image\" \/>\n<script type=\"application\/ld+json\" class=\"yoast-schema-graph\">{\"@context\":\"https:\/\/schema.org\",\"@graph\":[{\"@type\":\"WebPage\",\"@id\":\"https:\/\/www.erresse-shop.it\/de\/shop\/kaffe\/kaffeepads-und-kapseln\/borbone-2-packungen-mit-100-respresso-red-kapseln\/\",\"url\":\"https:\/\/www.erresse-shop.it\/de\/shop\/kaffe\/kaffeepads-und-kapseln\/borbone-2-packungen-mit-100-respresso-red-kapseln\/\",\"name\":\"BORBONE 100 REspresso Red-Kapseln\",\"isPartOf\":{\"@id\":\"https:\/\/www.erresse-shop.it\/de\/#website\"},\"datePublished\":\"2024-07-17T10:12:21+00:00\",\"dateModified\":\"2025-01-16T08:56:00+00:00\",\"description\":\"Entdecken Sie BORBONE 100 REspresso Red-Kapseln bei ErresseShop. Qualit\u00e4t, Stil und Funktionalit\u00e4t \u2013 jetzt online bestellen!\",\"breadcrumb\":{\"@id\":\"https:\/\/www.erresse-shop.it\/de\/shop\/kaffe\/kaffeepads-und-kapseln\/borbone-2-packungen-mit-100-respresso-red-kapseln\/#breadcrumb\"},\"inLanguage\":\"de-DE\",\"potentialAction\":[{\"@type\":\"ReadAction\",\"target\":[\"https:\/\/www.erresse-shop.it\/de\/shop\/kaffe\/kaffeepads-und-kapseln\/borbone-2-packungen-mit-100-respresso-red-kapseln\/\"]}]},{\"@type\":\"BreadcrumbList\",\"@id\":\"https:\/\/www.erresse-shop.it\/de\/shop\/kaffe\/kaffeepads-und-kapseln\/borbone-2-packungen-mit-100-respresso-red-kapseln\/#breadcrumb\",\"itemListElement\":[{\"@type\":\"ListItem\",\"position\":1,\"name\":\"Home\",\"item\":\"https:\/\/www.erresse-shop.it\/de\/\"},{\"@type\":\"ListItem\",\"position\":2,\"name\":\"Shop\",\"item\":\"https:\/\/www.erresse-shop.it\/de\/shop\/\"},{\"@type\":\"ListItem\",\"position\":3,\"name\":\"BORBONE 100 REspresso Red-Kapseln\"}]},{\"@type\":\"WebSite\",\"@id\":\"https:\/\/www.erresse-shop.it\/de\/#website\",\"url\":\"https:\/\/www.erresse-shop.it\/de\/\",\"name\":\"Erresse Shop\",\"description\":\"Articoli di qualit\u00e0 per la casa\",\"potentialAction\":[{\"@type\":\"SearchAction\",\"target\":{\"@type\":\"EntryPoint\",\"urlTemplate\":\"https:\/\/www.erresse-shop.it\/de\/?s={search_term_string}\"},\"query-input\":\"required name=search_term_string\"}],\"inLanguage\":\"de-DE\"}]}<\/script>\n<!-- \/ Yoast SEO Premium plugin. -->","yoast_head_json":{"title":"BORBONE 100 REspresso Red-Kapseln","description":"Entdecken Sie BORBONE 100 REspresso Red-Kapseln bei ErresseShop. Qualit\u00e4t, Stil und Funktionalit\u00e4t \u2013 jetzt online bestellen!","robots":{"index":"index","follow":"follow","max-snippet":"max-snippet:-1","max-image-preview":"max-image-preview:large","max-video-preview":"max-video-preview:-1"},"canonical":"https:\/\/www.erresse-shop.it\/de\/shop\/kaffe\/kaffeepads-und-kapseln\/borbone-2-packungen-mit-100-respresso-red-kapseln\/","og_locale":"de_DE","og_type":"article","og_title":"BORBONE 100 REspresso Red-Kapseln","og_description":"Entdecken Sie BORBONE 100 REspresso Red-Kapseln bei ErresseShop. Qualit\u00e4t, Stil und Funktionalit\u00e4t \u2013 jetzt online bestellen!","og_url":"https:\/\/www.erresse-shop.it\/de\/shop\/kaffe\/kaffeepads-und-kapseln\/borbone-2-packungen-mit-100-respresso-red-kapseln\/","og_site_name":"Erresse Shop","article_modified_time":"2025-01-16T08:56:00+00:00","og_image":[{"width":800,"height":800,"url":"https:\/\/www.erresse-shop.it\/wp-content\/uploads\/2024\/07\/BORBONE-2-Confezioni-da-100-Capsule-REspresso-Rossa.png","type":"image\/png"}],"twitter_card":"summary_large_image","schema":{"@context":"https:\/\/schema.org","@graph":[{"@type":"WebPage","@id":"https:\/\/www.erresse-shop.it\/de\/shop\/kaffe\/kaffeepads-und-kapseln\/borbone-2-packungen-mit-100-respresso-red-kapseln\/","url":"https:\/\/www.erresse-shop.it\/de\/shop\/kaffe\/kaffeepads-und-kapseln\/borbone-2-packungen-mit-100-respresso-red-kapseln\/","name":"BORBONE 100 REspresso Red-Kapseln","isPartOf":{"@id":"https:\/\/www.erresse-shop.it\/de\/#website"},"datePublished":"2024-07-17T10:12:21+00:00","dateModified":"2025-01-16T08:56:00+00:00","description":"Entdecken Sie BORBONE 100 REspresso Red-Kapseln bei ErresseShop. Qualit\u00e4t, Stil und Funktionalit\u00e4t \u2013 jetzt online bestellen!","breadcrumb":{"@id":"https:\/\/www.erresse-shop.it\/de\/shop\/kaffe\/kaffeepads-und-kapseln\/borbone-2-packungen-mit-100-respresso-red-kapseln\/#breadcrumb"},"inLanguage":"de-DE","potentialAction":[{"@type":"ReadAction","target":["https:\/\/www.erresse-shop.it\/de\/shop\/kaffe\/kaffeepads-und-kapseln\/borbone-2-packungen-mit-100-respresso-red-kapseln\/"]}]},{"@type":"BreadcrumbList","@id":"https:\/\/www.erresse-shop.it\/de\/shop\/kaffe\/kaffeepads-und-kapseln\/borbone-2-packungen-mit-100-respresso-red-kapseln\/#breadcrumb","itemListElement":[{"@type":"ListItem","position":1,"name":"Home","item":"https:\/\/www.erresse-shop.it\/de\/"},{"@type":"ListItem","position":2,"name":"Shop","item":"https:\/\/www.erresse-shop.it\/de\/shop\/"},{"@type":"ListItem","position":3,"name":"BORBONE 100 REspresso Red-Kapseln"}]},{"@type":"WebSite","@id":"https:\/\/www.erresse-shop.it\/de\/#website","url":"https:\/\/www.erresse-shop.it\/de\/","name":"Erresse Shop","description":"Articoli di qualit\u00e0 per la casa","potentialAction":[{"@type":"SearchAction","target":{"@type":"EntryPoint","urlTemplate":"https:\/\/www.erresse-shop.it\/de\/?s={search_term_string}"},"query-input":"required name=search_term_string"}],"inLanguage":"de-DE"}]}},"df_price":17.95,"df_sale_price":17.95,"df_regular_price":22.6,"df_image_link":"https:\/\/www.erresse-shop.it\/wp-content\/uploads\/2024\/07\/BORBONE-100-Capsule-REspresso-Rossa-300x300.jpg","_links":{"self":[{"href":"https:\/\/www.erresse-shop.it\/de\/wp-json\/wp\/v2\/product\/422107"}],"collection":[{"href":"https:\/\/www.erresse-shop.it\/de\/wp-json\/wp\/v2\/product"}],"about":[{"href":"https:\/\/www.erresse-shop.it\/de\/wp-json\/wp\/v2\/types\/product"}],"wp:featuredmedia":[{"embeddable":true,"href":"https:\/\/www.erresse-shop.it\/de\/wp-json\/wp\/v2\/media\/465768"}],"wp:attachment":[{"href":"https:\/\/www.erresse-shop.it\/de\/wp-json\/wp\/v2\/media?parent=422107"}],"wp:term":[{"taxonomy":"product_cat","embeddable":true,"href":"https:\/\/www.erresse-shop.it\/de\/wp-json\/wp\/v2\/product_cat?post=422107"},{"taxonomy":"product_tag","embeddable":true,"href":"https:\/\/www.erresse-shop.it\/de\/wp-json\/wp\/v2\/product_tag?post=422107"}],"curies":[{"name":"wp","href":"https:\/\/api.w.org\/{rel}","templated":true}]}}