{"id":422032,"date":"2024-07-17T07:43:48","date_gmt":"2024-07-17T07:43:49","guid":{"rendered":"https:\/\/www.erresse-shop.it\/?post_type=product&#038;p=422032"},"modified":"2025-01-17T07:24:24","modified_gmt":"2025-01-17T07:24:24","slug":"guzzini-fusion-besteckset-24-teile-bernstein-copia","status":"publish","type":"product","link":"https:\/\/www.erresse-shop.it\/de\/shop\/tisch\/besteck\/guzzini-fusion-besteckset-24-teile-bernstein-copia\/","title":{"rendered":"GUZZINI Feeling Besteckset 24 Teile Creme"},"content":{"rendered":"<p>Die perfekte Kombination von Stahl und Kunststoff findet sich in diesem Besteckset wieder. Hochwertiger Edelstahl zieht sich \u00fcber die gesamte L\u00e4nge des Bestecks, an dessen Griff die edlen zweifarbigen Kunststoffelemente angebracht sind.<\/p>\n<ul>\n<li>Es ist so konzipiert, dass es Tausende von Sp\u00fclg\u00e4ngen in der Sp\u00fclmaschine \u00fcbersteht und ein Maximum an Materialhygiene gew\u00e4hrleistet.<\/li>\n<\/ul>\n<p><strong>Material<\/strong>: Rostfreier Stahl<\/p>\n","protected":false},"excerpt":{"rendered":"<p>Die perfekte Kombination von Stahl und Kunststoff findet sich in diesem Besteckset wieder. Hochwertiger Edelstahl zieht sich \u00fcber die gesamte<\/p>\n","protected":false},"featured_media":0,"template":"","meta":{"_acf_changed":false,"inline_featured_image":false},"product_cat":[6790,6787],"product_tag":[17197,11799,25022,17196,21822],"acf":[],"yoast_head":"<!-- This site is optimized with the Yoast SEO Premium plugin v18.6 (Yoast SEO v19.13) - https:\/\/yoast.com\/wordpress\/plugins\/seo\/ -->\n<title>GUZZINI Feeling Besteckset 24 Teile Creme<\/title>\n<meta name=\"description\" content=\"Entdecken Sie GUZZINI Feeling Besteckset 24 Teile Creme bei ErresseShop. Qualit\u00e4t, Stil und Funktionalit\u00e4t \u2013 jetzt online bestellen!\" \/>\n<meta name=\"robots\" content=\"index, follow, max-snippet:-1, max-image-preview:large, max-video-preview:-1\" \/>\n<link rel=\"canonical\" href=\"https:\/\/www.erresse-shop.it\/de\/shop\/tisch\/besteck\/guzzini-fusion-besteckset-24-teile-bernstein-copia\/\" \/>\n<meta property=\"og:locale\" content=\"de_DE\" \/>\n<meta property=\"og:type\" content=\"article\" \/>\n<meta property=\"og:title\" content=\"GUZZINI Feeling Besteckset 24 Teile Creme\" \/>\n<meta property=\"og:description\" content=\"Entdecken Sie GUZZINI Feeling Besteckset 24 Teile Creme bei ErresseShop. Qualit\u00e4t, Stil und Funktionalit\u00e4t \u2013 jetzt online bestellen!\" \/>\n<meta property=\"og:url\" content=\"https:\/\/www.erresse-shop.it\/de\/shop\/tisch\/besteck\/guzzini-fusion-besteckset-24-teile-bernstein-copia\/\" \/>\n<meta property=\"og:site_name\" content=\"Erresse Shop\" \/>\n<meta property=\"article:modified_time\" content=\"2025-01-17T07:24:24+00:00\" \/>\n<meta property=\"og:image\" content=\"https:\/\/www.erresse-shop.it\/wp-content\/uploads\/2024\/07\/GUZZINI-Feeling-Set-Posate-24-Crema.png\" \/>\n\t<meta property=\"og:image:width\" content=\"800\" \/>\n\t<meta property=\"og:image:height\" content=\"800\" \/>\n\t<meta property=\"og:image:type\" content=\"image\/png\" \/>\n<meta name=\"twitter:card\" content=\"summary_large_image\" \/>\n<script type=\"application\/ld+json\" class=\"yoast-schema-graph\">{\"@context\":\"https:\/\/schema.org\",\"@graph\":[{\"@type\":\"WebPage\",\"@id\":\"https:\/\/www.erresse-shop.it\/de\/shop\/tisch\/besteck\/guzzini-fusion-besteckset-24-teile-bernstein-copia\/\",\"url\":\"https:\/\/www.erresse-shop.it\/de\/shop\/tisch\/besteck\/guzzini-fusion-besteckset-24-teile-bernstein-copia\/\",\"name\":\"GUZZINI Feeling Besteckset 24 Teile Creme\",\"isPartOf\":{\"@id\":\"https:\/\/www.erresse-shop.it\/de\/#website\"},\"datePublished\":\"2024-07-17T07:43:49+00:00\",\"dateModified\":\"2025-01-17T07:24:24+00:00\",\"description\":\"Entdecken Sie GUZZINI Feeling Besteckset 24 Teile Creme bei ErresseShop. Qualit\u00e4t, Stil und Funktionalit\u00e4t \u2013 jetzt online bestellen!\",\"breadcrumb\":{\"@id\":\"https:\/\/www.erresse-shop.it\/de\/shop\/tisch\/besteck\/guzzini-fusion-besteckset-24-teile-bernstein-copia\/#breadcrumb\"},\"inLanguage\":\"de-DE\",\"potentialAction\":[{\"@type\":\"ReadAction\",\"target\":[\"https:\/\/www.erresse-shop.it\/de\/shop\/tisch\/besteck\/guzzini-fusion-besteckset-24-teile-bernstein-copia\/\"]}]},{\"@type\":\"BreadcrumbList\",\"@id\":\"https:\/\/www.erresse-shop.it\/de\/shop\/tisch\/besteck\/guzzini-fusion-besteckset-24-teile-bernstein-copia\/#breadcrumb\",\"itemListElement\":[{\"@type\":\"ListItem\",\"position\":1,\"name\":\"Home\",\"item\":\"https:\/\/www.erresse-shop.it\/de\/\"},{\"@type\":\"ListItem\",\"position\":2,\"name\":\"Shop\",\"item\":\"https:\/\/www.erresse-shop.it\/de\/shop\/\"},{\"@type\":\"ListItem\",\"position\":3,\"name\":\"GUZZINI Feeling Besteckset 24 Teile Creme\"}]},{\"@type\":\"WebSite\",\"@id\":\"https:\/\/www.erresse-shop.it\/de\/#website\",\"url\":\"https:\/\/www.erresse-shop.it\/de\/\",\"name\":\"Erresse Shop\",\"description\":\"Articoli di qualit\u00e0 per la casa\",\"potentialAction\":[{\"@type\":\"SearchAction\",\"target\":{\"@type\":\"EntryPoint\",\"urlTemplate\":\"https:\/\/www.erresse-shop.it\/de\/?s={search_term_string}\"},\"query-input\":\"required name=search_term_string\"}],\"inLanguage\":\"de-DE\"}]}<\/script>\n<!-- \/ Yoast SEO Premium plugin. -->","yoast_head_json":{"title":"GUZZINI Feeling Besteckset 24 Teile Creme","description":"Entdecken Sie GUZZINI Feeling Besteckset 24 Teile Creme bei ErresseShop. Qualit\u00e4t, Stil und Funktionalit\u00e4t \u2013 jetzt online bestellen!","robots":{"index":"index","follow":"follow","max-snippet":"max-snippet:-1","max-image-preview":"max-image-preview:large","max-video-preview":"max-video-preview:-1"},"canonical":"https:\/\/www.erresse-shop.it\/de\/shop\/tisch\/besteck\/guzzini-fusion-besteckset-24-teile-bernstein-copia\/","og_locale":"de_DE","og_type":"article","og_title":"GUZZINI Feeling Besteckset 24 Teile Creme","og_description":"Entdecken Sie GUZZINI Feeling Besteckset 24 Teile Creme bei ErresseShop. Qualit\u00e4t, Stil und Funktionalit\u00e4t \u2013 jetzt online bestellen!","og_url":"https:\/\/www.erresse-shop.it\/de\/shop\/tisch\/besteck\/guzzini-fusion-besteckset-24-teile-bernstein-copia\/","og_site_name":"Erresse Shop","article_modified_time":"2025-01-17T07:24:24+00:00","og_image":[{"width":800,"height":800,"url":"https:\/\/www.erresse-shop.it\/wp-content\/uploads\/2024\/07\/GUZZINI-Feeling-Set-Posate-24-Crema.png","type":"image\/png"}],"twitter_card":"summary_large_image","schema":{"@context":"https:\/\/schema.org","@graph":[{"@type":"WebPage","@id":"https:\/\/www.erresse-shop.it\/de\/shop\/tisch\/besteck\/guzzini-fusion-besteckset-24-teile-bernstein-copia\/","url":"https:\/\/www.erresse-shop.it\/de\/shop\/tisch\/besteck\/guzzini-fusion-besteckset-24-teile-bernstein-copia\/","name":"GUZZINI Feeling Besteckset 24 Teile Creme","isPartOf":{"@id":"https:\/\/www.erresse-shop.it\/de\/#website"},"datePublished":"2024-07-17T07:43:49+00:00","dateModified":"2025-01-17T07:24:24+00:00","description":"Entdecken Sie GUZZINI Feeling Besteckset 24 Teile Creme bei ErresseShop. Qualit\u00e4t, Stil und Funktionalit\u00e4t \u2013 jetzt online bestellen!","breadcrumb":{"@id":"https:\/\/www.erresse-shop.it\/de\/shop\/tisch\/besteck\/guzzini-fusion-besteckset-24-teile-bernstein-copia\/#breadcrumb"},"inLanguage":"de-DE","potentialAction":[{"@type":"ReadAction","target":["https:\/\/www.erresse-shop.it\/de\/shop\/tisch\/besteck\/guzzini-fusion-besteckset-24-teile-bernstein-copia\/"]}]},{"@type":"BreadcrumbList","@id":"https:\/\/www.erresse-shop.it\/de\/shop\/tisch\/besteck\/guzzini-fusion-besteckset-24-teile-bernstein-copia\/#breadcrumb","itemListElement":[{"@type":"ListItem","position":1,"name":"Home","item":"https:\/\/www.erresse-shop.it\/de\/"},{"@type":"ListItem","position":2,"name":"Shop","item":"https:\/\/www.erresse-shop.it\/de\/shop\/"},{"@type":"ListItem","position":3,"name":"GUZZINI Feeling Besteckset 24 Teile Creme"}]},{"@type":"WebSite","@id":"https:\/\/www.erresse-shop.it\/de\/#website","url":"https:\/\/www.erresse-shop.it\/de\/","name":"Erresse Shop","description":"Articoli di qualit\u00e0 per la casa","potentialAction":[{"@type":"SearchAction","target":{"@type":"EntryPoint","urlTemplate":"https:\/\/www.erresse-shop.it\/de\/?s={search_term_string}"},"query-input":"required name=search_term_string"}],"inLanguage":"de-DE"}]}},"df_price":59.5,"df_sale_price":59.5,"df_regular_price":119,"df_image_link":"https:\/\/www.erresse-shop.it\/wp-content\/uploads\/woocommerce-placeholder-300x300.png","_links":{"self":[{"href":"https:\/\/www.erresse-shop.it\/de\/wp-json\/wp\/v2\/product\/422032"}],"collection":[{"href":"https:\/\/www.erresse-shop.it\/de\/wp-json\/wp\/v2\/product"}],"about":[{"href":"https:\/\/www.erresse-shop.it\/de\/wp-json\/wp\/v2\/types\/product"}],"wp:attachment":[{"href":"https:\/\/www.erresse-shop.it\/de\/wp-json\/wp\/v2\/media?parent=422032"}],"wp:term":[{"taxonomy":"product_cat","embeddable":true,"href":"https:\/\/www.erresse-shop.it\/de\/wp-json\/wp\/v2\/product_cat?post=422032"},{"taxonomy":"product_tag","embeddable":true,"href":"https:\/\/www.erresse-shop.it\/de\/wp-json\/wp\/v2\/product_tag?post=422032"}],"curies":[{"name":"wp","href":"https:\/\/api.w.org\/{rel}","templated":true}]}}