{"id":421479,"date":"2024-07-15T13:31:22","date_gmt":"2024-07-15T13:31:23","guid":{"rendered":"https:\/\/www.erresse-shop.it\/?post_type=product&#038;p=421479"},"modified":"2025-01-22T07:21:41","modified_gmt":"2025-01-22T07:21:41","slug":"zwilling-pro-spatel-copia-2","status":"publish","type":"product","link":"https:\/\/www.erresse-shop.it\/de\/shop\/kuche\/werkzeuge\/zwilling-pro-spatel-copia-2\/","title":{"rendered":"ZWILLING PRO Kartoffelstampfer"},"content":{"rendered":"<p>Die ZWILLING Pro-Kollektion bietet f\u00fcr jede Aufgabe das perfekte K\u00fcchenzubeh\u00f6r. Mit diesem Kartoffelstampfer wird die Zubereitung von leckerem und cremigem Kartoffelp\u00fcree zum Kinderspiel. Ob Kartoffeln, Knollensellerie, Karotten, Knollen, K\u00fcrbisse, \u00c4pfel oder Bananen, Ihrer Fantasie sind keine Grenzen gesetzt. Dank des ergonomischen Stiels ist dieses K\u00fcchenaccessoire sehr einfach zu handhaben und der elegant geschwungene Griff dr\u00fcckt nicht zu stark auf die Handfl\u00e4che. Der Griff des Kartoffelstampfers ist genau in der Griffmitte positioniert, um die Kraft perfekt zu \u00fcbertragen. Dadurch lassen sich die Zutaten noch einfacher zerkleinern. Die geschwungene Form des Kartoffelstampfers passt sich perfekt der Innenwand der T\u00f6pfe an, was besonders praktisch ist, wenn direkt im Topf gearbeitet wird. Das Design ist jedoch nicht nur funktional, sondern auch optisch umwerfend. Matteo Thun und Antonio Rodriguez entwickelten die gesamte Kollektion mit dem Ziel, den Objekten, aus denen sie besteht, ein zeitloses Aussehen zu verleihen, das perfekt mit kompromissloser Funktionalit\u00e4t harmoniert. Ein Detail, das bei diesem au\u00dfergew\u00f6hnlichen Kartoffelstampfer v\u00f6llig zur Geltung kommt.<\/p>\n<ul>\n<li>Minimalistisches Design von Matteo Thun und Antonio Rodriguez<\/li>\n<li>Hergestellt aus hochwertigem Edelstahl<\/li>\n<li>Ergonomisch geformte Griffe f\u00fcr erm\u00fcdungsfreies Arbeiten, mit durchgehendem \u00dcbergang zum Stiel, der maximale Hygiene garantiert<\/li>\n<li>Sp\u00fclmaschinenfest<\/li>\n<li>Ideal f\u00fcr die Zubereitung von samtigen P\u00fcrees<\/li>\n<\/ul>\n","protected":false},"excerpt":{"rendered":"<p>Die ZWILLING Pro-Kollektion bietet f\u00fcr jede Aufgabe das perfekte K\u00fcchenzubeh\u00f6r. Mit diesem Kartoffelstampfer wird die Zubereitung von leckerem und cremigem<\/p>\n","protected":false},"featured_media":512606,"template":"","meta":{"_acf_changed":false,"inline_featured_image":false},"product_cat":[6742,25334],"product_tag":[25038,17114,15404,25022,11421],"acf":[],"yoast_head":"<!-- This site is optimized with the Yoast SEO Premium plugin v18.6 (Yoast SEO v19.13) - https:\/\/yoast.com\/wordpress\/plugins\/seo\/ -->\n<title>ZWILLING PRO Kartoffelstampfer<\/title>\n<meta name=\"description\" content=\"Entdecken Sie ZWILLING PRO Kartoffelstampfer bei ErresseShop. Qualit\u00e4t, Stil und Funktionalit\u00e4t \u2013 jetzt online bestellen!\" \/>\n<meta name=\"robots\" content=\"index, follow, max-snippet:-1, max-image-preview:large, max-video-preview:-1\" \/>\n<link rel=\"canonical\" href=\"https:\/\/www.erresse-shop.it\/de\/shop\/kuche\/werkzeuge\/zwilling-pro-spatel-copia-2\/\" \/>\n<meta property=\"og:locale\" content=\"de_DE\" \/>\n<meta property=\"og:type\" content=\"article\" \/>\n<meta property=\"og:title\" content=\"ZWILLING PRO Kartoffelstampfer\" \/>\n<meta property=\"og:description\" content=\"Entdecken Sie ZWILLING PRO Kartoffelstampfer bei ErresseShop. Qualit\u00e4t, Stil und Funktionalit\u00e4t \u2013 jetzt online bestellen!\" \/>\n<meta property=\"og:url\" content=\"https:\/\/www.erresse-shop.it\/de\/shop\/kuche\/werkzeuge\/zwilling-pro-spatel-copia-2\/\" \/>\n<meta property=\"og:site_name\" content=\"Erresse Shop\" \/>\n<meta property=\"article:modified_time\" content=\"2025-01-22T07:21:41+00:00\" \/>\n<meta property=\"og:image\" content=\"https:\/\/www.erresse-shop.it\/wp-content\/uploads\/2024\/07\/ZWILLING-PRO-Schiaccia-Patate.png\" \/>\n\t<meta property=\"og:image:width\" content=\"800\" \/>\n\t<meta property=\"og:image:height\" content=\"800\" \/>\n\t<meta property=\"og:image:type\" content=\"image\/png\" \/>\n<meta name=\"twitter:card\" content=\"summary_large_image\" \/>\n<script type=\"application\/ld+json\" class=\"yoast-schema-graph\">{\"@context\":\"https:\/\/schema.org\",\"@graph\":[{\"@type\":\"WebPage\",\"@id\":\"https:\/\/www.erresse-shop.it\/de\/shop\/kuche\/werkzeuge\/zwilling-pro-spatel-copia-2\/\",\"url\":\"https:\/\/www.erresse-shop.it\/de\/shop\/kuche\/werkzeuge\/zwilling-pro-spatel-copia-2\/\",\"name\":\"ZWILLING PRO Kartoffelstampfer\",\"isPartOf\":{\"@id\":\"https:\/\/www.erresse-shop.it\/de\/#website\"},\"datePublished\":\"2024-07-15T13:31:23+00:00\",\"dateModified\":\"2025-01-22T07:21:41+00:00\",\"description\":\"Entdecken Sie ZWILLING PRO Kartoffelstampfer bei ErresseShop. Qualit\u00e4t, Stil und Funktionalit\u00e4t \u2013 jetzt online bestellen!\",\"breadcrumb\":{\"@id\":\"https:\/\/www.erresse-shop.it\/de\/shop\/kuche\/werkzeuge\/zwilling-pro-spatel-copia-2\/#breadcrumb\"},\"inLanguage\":\"de-DE\",\"potentialAction\":[{\"@type\":\"ReadAction\",\"target\":[\"https:\/\/www.erresse-shop.it\/de\/shop\/kuche\/werkzeuge\/zwilling-pro-spatel-copia-2\/\"]}]},{\"@type\":\"BreadcrumbList\",\"@id\":\"https:\/\/www.erresse-shop.it\/de\/shop\/kuche\/werkzeuge\/zwilling-pro-spatel-copia-2\/#breadcrumb\",\"itemListElement\":[{\"@type\":\"ListItem\",\"position\":1,\"name\":\"Home\",\"item\":\"https:\/\/www.erresse-shop.it\/de\/\"},{\"@type\":\"ListItem\",\"position\":2,\"name\":\"Shop\",\"item\":\"https:\/\/www.erresse-shop.it\/de\/shop\/\"},{\"@type\":\"ListItem\",\"position\":3,\"name\":\"ZWILLING PRO Kartoffelstampfer\"}]},{\"@type\":\"WebSite\",\"@id\":\"https:\/\/www.erresse-shop.it\/de\/#website\",\"url\":\"https:\/\/www.erresse-shop.it\/de\/\",\"name\":\"Erresse Shop\",\"description\":\"Articoli di qualit\u00e0 per la casa\",\"potentialAction\":[{\"@type\":\"SearchAction\",\"target\":{\"@type\":\"EntryPoint\",\"urlTemplate\":\"https:\/\/www.erresse-shop.it\/de\/?s={search_term_string}\"},\"query-input\":\"required name=search_term_string\"}],\"inLanguage\":\"de-DE\"}]}<\/script>\n<!-- \/ Yoast SEO Premium plugin. -->","yoast_head_json":{"title":"ZWILLING PRO Kartoffelstampfer","description":"Entdecken Sie ZWILLING PRO Kartoffelstampfer bei ErresseShop. Qualit\u00e4t, Stil und Funktionalit\u00e4t \u2013 jetzt online bestellen!","robots":{"index":"index","follow":"follow","max-snippet":"max-snippet:-1","max-image-preview":"max-image-preview:large","max-video-preview":"max-video-preview:-1"},"canonical":"https:\/\/www.erresse-shop.it\/de\/shop\/kuche\/werkzeuge\/zwilling-pro-spatel-copia-2\/","og_locale":"de_DE","og_type":"article","og_title":"ZWILLING PRO Kartoffelstampfer","og_description":"Entdecken Sie ZWILLING PRO Kartoffelstampfer bei ErresseShop. Qualit\u00e4t, Stil und Funktionalit\u00e4t \u2013 jetzt online bestellen!","og_url":"https:\/\/www.erresse-shop.it\/de\/shop\/kuche\/werkzeuge\/zwilling-pro-spatel-copia-2\/","og_site_name":"Erresse Shop","article_modified_time":"2025-01-22T07:21:41+00:00","og_image":[{"width":800,"height":800,"url":"https:\/\/www.erresse-shop.it\/wp-content\/uploads\/2024\/07\/ZWILLING-PRO-Schiaccia-Patate.png","type":"image\/png"}],"twitter_card":"summary_large_image","schema":{"@context":"https:\/\/schema.org","@graph":[{"@type":"WebPage","@id":"https:\/\/www.erresse-shop.it\/de\/shop\/kuche\/werkzeuge\/zwilling-pro-spatel-copia-2\/","url":"https:\/\/www.erresse-shop.it\/de\/shop\/kuche\/werkzeuge\/zwilling-pro-spatel-copia-2\/","name":"ZWILLING PRO Kartoffelstampfer","isPartOf":{"@id":"https:\/\/www.erresse-shop.it\/de\/#website"},"datePublished":"2024-07-15T13:31:23+00:00","dateModified":"2025-01-22T07:21:41+00:00","description":"Entdecken Sie ZWILLING PRO Kartoffelstampfer bei ErresseShop. Qualit\u00e4t, Stil und Funktionalit\u00e4t \u2013 jetzt online bestellen!","breadcrumb":{"@id":"https:\/\/www.erresse-shop.it\/de\/shop\/kuche\/werkzeuge\/zwilling-pro-spatel-copia-2\/#breadcrumb"},"inLanguage":"de-DE","potentialAction":[{"@type":"ReadAction","target":["https:\/\/www.erresse-shop.it\/de\/shop\/kuche\/werkzeuge\/zwilling-pro-spatel-copia-2\/"]}]},{"@type":"BreadcrumbList","@id":"https:\/\/www.erresse-shop.it\/de\/shop\/kuche\/werkzeuge\/zwilling-pro-spatel-copia-2\/#breadcrumb","itemListElement":[{"@type":"ListItem","position":1,"name":"Home","item":"https:\/\/www.erresse-shop.it\/de\/"},{"@type":"ListItem","position":2,"name":"Shop","item":"https:\/\/www.erresse-shop.it\/de\/shop\/"},{"@type":"ListItem","position":3,"name":"ZWILLING PRO Kartoffelstampfer"}]},{"@type":"WebSite","@id":"https:\/\/www.erresse-shop.it\/de\/#website","url":"https:\/\/www.erresse-shop.it\/de\/","name":"Erresse Shop","description":"Articoli di qualit\u00e0 per la casa","potentialAction":[{"@type":"SearchAction","target":{"@type":"EntryPoint","urlTemplate":"https:\/\/www.erresse-shop.it\/de\/?s={search_term_string}"},"query-input":"required name=search_term_string"}],"inLanguage":"de-DE"}]}},"df_price":13.475,"df_sale_price":13.475,"df_regular_price":26.95,"df_image_link":"https:\/\/www.erresse-shop.it\/wp-content\/uploads\/2024\/07\/ZWILLING-PRO-Schiaccia-Patate-300x300.jpg","_links":{"self":[{"href":"https:\/\/www.erresse-shop.it\/de\/wp-json\/wp\/v2\/product\/421479"}],"collection":[{"href":"https:\/\/www.erresse-shop.it\/de\/wp-json\/wp\/v2\/product"}],"about":[{"href":"https:\/\/www.erresse-shop.it\/de\/wp-json\/wp\/v2\/types\/product"}],"wp:featuredmedia":[{"embeddable":true,"href":"https:\/\/www.erresse-shop.it\/de\/wp-json\/wp\/v2\/media\/512606"}],"wp:attachment":[{"href":"https:\/\/www.erresse-shop.it\/de\/wp-json\/wp\/v2\/media?parent=421479"}],"wp:term":[{"taxonomy":"product_cat","embeddable":true,"href":"https:\/\/www.erresse-shop.it\/de\/wp-json\/wp\/v2\/product_cat?post=421479"},{"taxonomy":"product_tag","embeddable":true,"href":"https:\/\/www.erresse-shop.it\/de\/wp-json\/wp\/v2\/product_tag?post=421479"}],"curies":[{"name":"wp","href":"https:\/\/api.w.org\/{rel}","templated":true}]}}