{"id":421409,"date":"2024-07-15T10:47:39","date_gmt":"2024-07-15T10:47:40","guid":{"rendered":"https:\/\/www.erresse-shop.it\/?post_type=product&#038;p=421409"},"modified":"2025-01-22T07:21:38","modified_gmt":"2025-01-22T07:21:38","slug":"zwilling-pro-schneebesen-24-cm-copia","status":"publish","type":"product","link":"https:\/\/www.erresse-shop.it\/de\/shop\/kuche\/werkzeuge\/zwilling-pro-schneebesen-24-cm-copia\/","title":{"rendered":"ZWILLING PRO Schneebesen 27 cm"},"content":{"rendered":"<p>Was w\u00e4re ein saftiger Braten ohne die dazugeh\u00f6rige Sauce? Oder ein leckeres Dessert ohne Schlagsahne? Genau! Deshalb ist der Schneebesen ein unverzichtbares Werkzeug in jeder K\u00fcche. Der Schneebesen aus der ZWILLING Pro-Kollektion ist das ideale K\u00fcchenzubeh\u00f6r f\u00fcr alle Zubereitungen, die eine besonders luftige Konsistenz erfordern. Dank des ergonomisch geformten Satinstiels ist die Handhabung \u00e4u\u00dferst einfach. Dar\u00fcber hinaus dr\u00fcckt das scharfe Ende des Stiels nicht \u00fcberm\u00e4\u00dfig auf die Handfl\u00e4che und erm\u00f6glicht ein langes, erm\u00fcdungsfreies Arbeiten. Dieses K\u00fcchenaccessoire besteht aus pflegeleichtem Edelstahl und weist ein ungew\u00f6hnliches Design auf: Die Stahldr\u00e4hte sind besonders flexibel und \u00fcberlappen sich zu einem Tropfen. Dadurch erzielen Sie bessere Ergebnisse und der Schneebesen kann sogar alleine stehen. Dar\u00fcber hinaus ist das Design ein besonderer Hingucker und eine sch\u00f6ne Dekoration. Die Pro-Kollektion wurde vollst\u00e4ndig von den weltber\u00fchmten Designern Matteo Thun und Antonio Rodriguez entworfen. Sie kreierten einen minimalistischen Look, der dank feiner Verarbeitung und bester Materialien modern, zeitlos und nahezu unverw\u00fcstlich war.<\/p>\n<ul>\n<li>Minimalistisches Design von Matteo Thun und Antonio Rodriguez<\/li>\n<li>Hergestellt aus hochwertigem Edelstahl<\/li>\n<li>Ergonomisch geformte Griffe f\u00fcr erm\u00fcdungsfreies Arbeiten, mit durchgehendem \u00dcbergang zum Stiel, der maximale Hygiene garantiert. Innovatives Design f\u00fcr eine besonders cremige Konsistenz<\/li>\n<li>Die acht sternf\u00f6rmig angeordneten Edelstahlringe erh\u00f6hen die Luftmenge, die Sie einarbeiten k\u00f6nnen<\/li>\n<li>Die Symmetrie dieser Konstellation erm\u00f6glicht es der Peitsche, selbstst\u00e4ndig in einer vertikalen Position zu bleiben. Teige und So\u00dfen bleiben nicht zwischen den Ringen h\u00e4ngen. Sp\u00fclmaschinenfest. Ideal zum Schlagen und Mischen von Zutaten und Saucen<\/li>\n<\/ul>\n","protected":false},"excerpt":{"rendered":"<p>Was w\u00e4re ein saftiger Braten ohne die dazugeh\u00f6rige Sauce? Oder ein leckeres Dessert ohne Schlagsahne? Genau! Deshalb ist der Schneebesen<\/p>\n","protected":false},"featured_media":496088,"template":"","meta":{"_acf_changed":false,"inline_featured_image":false},"product_cat":[6742,25334],"product_tag":[25038,17114,15404,25022,21612],"acf":[],"yoast_head":"<!-- This site is optimized with the Yoast SEO Premium plugin v18.6 (Yoast SEO v19.13) - https:\/\/yoast.com\/wordpress\/plugins\/seo\/ -->\n<title>ZWILLING PRO Schneebesen 27 cm<\/title>\n<meta name=\"description\" content=\"Entdecken Sie ZWILLING PRO Schneebesen 27 cm bei ErresseShop. Qualit\u00e4t, Stil und Funktionalit\u00e4t \u2013 jetzt online bestellen!\" \/>\n<meta name=\"robots\" content=\"index, follow, max-snippet:-1, max-image-preview:large, max-video-preview:-1\" \/>\n<link rel=\"canonical\" href=\"https:\/\/www.erresse-shop.it\/de\/shop\/kuche\/werkzeuge\/zwilling-pro-schneebesen-24-cm-copia\/\" \/>\n<meta property=\"og:locale\" content=\"de_DE\" \/>\n<meta property=\"og:type\" content=\"article\" \/>\n<meta property=\"og:title\" content=\"ZWILLING PRO Schneebesen 27 cm\" \/>\n<meta property=\"og:description\" content=\"Entdecken Sie ZWILLING PRO Schneebesen 27 cm bei ErresseShop. Qualit\u00e4t, Stil und Funktionalit\u00e4t \u2013 jetzt online bestellen!\" \/>\n<meta property=\"og:url\" content=\"https:\/\/www.erresse-shop.it\/de\/shop\/kuche\/werkzeuge\/zwilling-pro-schneebesen-24-cm-copia\/\" \/>\n<meta property=\"og:site_name\" content=\"Erresse Shop\" \/>\n<meta property=\"article:modified_time\" content=\"2025-01-22T07:21:38+00:00\" \/>\n<meta property=\"og:image\" content=\"https:\/\/www.erresse-shop.it\/wp-content\/uploads\/2024\/07\/ZWILLING-PRO-Frusta-27-cm.png\" \/>\n\t<meta property=\"og:image:width\" content=\"800\" \/>\n\t<meta property=\"og:image:height\" content=\"800\" \/>\n\t<meta property=\"og:image:type\" content=\"image\/png\" \/>\n<meta name=\"twitter:card\" content=\"summary_large_image\" \/>\n<script type=\"application\/ld+json\" class=\"yoast-schema-graph\">{\"@context\":\"https:\/\/schema.org\",\"@graph\":[{\"@type\":\"WebPage\",\"@id\":\"https:\/\/www.erresse-shop.it\/de\/shop\/kuche\/werkzeuge\/zwilling-pro-schneebesen-24-cm-copia\/\",\"url\":\"https:\/\/www.erresse-shop.it\/de\/shop\/kuche\/werkzeuge\/zwilling-pro-schneebesen-24-cm-copia\/\",\"name\":\"ZWILLING PRO Schneebesen 27 cm\",\"isPartOf\":{\"@id\":\"https:\/\/www.erresse-shop.it\/de\/#website\"},\"datePublished\":\"2024-07-15T10:47:40+00:00\",\"dateModified\":\"2025-01-22T07:21:38+00:00\",\"description\":\"Entdecken Sie ZWILLING PRO Schneebesen 27 cm bei ErresseShop. Qualit\u00e4t, Stil und Funktionalit\u00e4t \u2013 jetzt online bestellen!\",\"breadcrumb\":{\"@id\":\"https:\/\/www.erresse-shop.it\/de\/shop\/kuche\/werkzeuge\/zwilling-pro-schneebesen-24-cm-copia\/#breadcrumb\"},\"inLanguage\":\"de-DE\",\"potentialAction\":[{\"@type\":\"ReadAction\",\"target\":[\"https:\/\/www.erresse-shop.it\/de\/shop\/kuche\/werkzeuge\/zwilling-pro-schneebesen-24-cm-copia\/\"]}]},{\"@type\":\"BreadcrumbList\",\"@id\":\"https:\/\/www.erresse-shop.it\/de\/shop\/kuche\/werkzeuge\/zwilling-pro-schneebesen-24-cm-copia\/#breadcrumb\",\"itemListElement\":[{\"@type\":\"ListItem\",\"position\":1,\"name\":\"Home\",\"item\":\"https:\/\/www.erresse-shop.it\/de\/\"},{\"@type\":\"ListItem\",\"position\":2,\"name\":\"Shop\",\"item\":\"https:\/\/www.erresse-shop.it\/de\/shop\/\"},{\"@type\":\"ListItem\",\"position\":3,\"name\":\"ZWILLING PRO Schneebesen 27 cm\"}]},{\"@type\":\"WebSite\",\"@id\":\"https:\/\/www.erresse-shop.it\/de\/#website\",\"url\":\"https:\/\/www.erresse-shop.it\/de\/\",\"name\":\"Erresse Shop\",\"description\":\"Articoli di qualit\u00e0 per la casa\",\"potentialAction\":[{\"@type\":\"SearchAction\",\"target\":{\"@type\":\"EntryPoint\",\"urlTemplate\":\"https:\/\/www.erresse-shop.it\/de\/?s={search_term_string}\"},\"query-input\":\"required name=search_term_string\"}],\"inLanguage\":\"de-DE\"}]}<\/script>\n<!-- \/ Yoast SEO Premium plugin. -->","yoast_head_json":{"title":"ZWILLING PRO Schneebesen 27 cm","description":"Entdecken Sie ZWILLING PRO Schneebesen 27 cm bei ErresseShop. Qualit\u00e4t, Stil und Funktionalit\u00e4t \u2013 jetzt online bestellen!","robots":{"index":"index","follow":"follow","max-snippet":"max-snippet:-1","max-image-preview":"max-image-preview:large","max-video-preview":"max-video-preview:-1"},"canonical":"https:\/\/www.erresse-shop.it\/de\/shop\/kuche\/werkzeuge\/zwilling-pro-schneebesen-24-cm-copia\/","og_locale":"de_DE","og_type":"article","og_title":"ZWILLING PRO Schneebesen 27 cm","og_description":"Entdecken Sie ZWILLING PRO Schneebesen 27 cm bei ErresseShop. Qualit\u00e4t, Stil und Funktionalit\u00e4t \u2013 jetzt online bestellen!","og_url":"https:\/\/www.erresse-shop.it\/de\/shop\/kuche\/werkzeuge\/zwilling-pro-schneebesen-24-cm-copia\/","og_site_name":"Erresse Shop","article_modified_time":"2025-01-22T07:21:38+00:00","og_image":[{"width":800,"height":800,"url":"https:\/\/www.erresse-shop.it\/wp-content\/uploads\/2024\/07\/ZWILLING-PRO-Frusta-27-cm.png","type":"image\/png"}],"twitter_card":"summary_large_image","schema":{"@context":"https:\/\/schema.org","@graph":[{"@type":"WebPage","@id":"https:\/\/www.erresse-shop.it\/de\/shop\/kuche\/werkzeuge\/zwilling-pro-schneebesen-24-cm-copia\/","url":"https:\/\/www.erresse-shop.it\/de\/shop\/kuche\/werkzeuge\/zwilling-pro-schneebesen-24-cm-copia\/","name":"ZWILLING PRO Schneebesen 27 cm","isPartOf":{"@id":"https:\/\/www.erresse-shop.it\/de\/#website"},"datePublished":"2024-07-15T10:47:40+00:00","dateModified":"2025-01-22T07:21:38+00:00","description":"Entdecken Sie ZWILLING PRO Schneebesen 27 cm bei ErresseShop. Qualit\u00e4t, Stil und Funktionalit\u00e4t \u2013 jetzt online bestellen!","breadcrumb":{"@id":"https:\/\/www.erresse-shop.it\/de\/shop\/kuche\/werkzeuge\/zwilling-pro-schneebesen-24-cm-copia\/#breadcrumb"},"inLanguage":"de-DE","potentialAction":[{"@type":"ReadAction","target":["https:\/\/www.erresse-shop.it\/de\/shop\/kuche\/werkzeuge\/zwilling-pro-schneebesen-24-cm-copia\/"]}]},{"@type":"BreadcrumbList","@id":"https:\/\/www.erresse-shop.it\/de\/shop\/kuche\/werkzeuge\/zwilling-pro-schneebesen-24-cm-copia\/#breadcrumb","itemListElement":[{"@type":"ListItem","position":1,"name":"Home","item":"https:\/\/www.erresse-shop.it\/de\/"},{"@type":"ListItem","position":2,"name":"Shop","item":"https:\/\/www.erresse-shop.it\/de\/shop\/"},{"@type":"ListItem","position":3,"name":"ZWILLING PRO Schneebesen 27 cm"}]},{"@type":"WebSite","@id":"https:\/\/www.erresse-shop.it\/de\/#website","url":"https:\/\/www.erresse-shop.it\/de\/","name":"Erresse Shop","description":"Articoli di qualit\u00e0 per la casa","potentialAction":[{"@type":"SearchAction","target":{"@type":"EntryPoint","urlTemplate":"https:\/\/www.erresse-shop.it\/de\/?s={search_term_string}"},"query-input":"required name=search_term_string"}],"inLanguage":"de-DE"}]}},"df_price":10.975,"df_sale_price":10.975,"df_regular_price":21.95,"df_image_link":"https:\/\/www.erresse-shop.it\/wp-content\/uploads\/2024\/07\/ZWILLING-PRO-Frusta-27-cm-300x300.jpg","_links":{"self":[{"href":"https:\/\/www.erresse-shop.it\/de\/wp-json\/wp\/v2\/product\/421409"}],"collection":[{"href":"https:\/\/www.erresse-shop.it\/de\/wp-json\/wp\/v2\/product"}],"about":[{"href":"https:\/\/www.erresse-shop.it\/de\/wp-json\/wp\/v2\/types\/product"}],"wp:featuredmedia":[{"embeddable":true,"href":"https:\/\/www.erresse-shop.it\/de\/wp-json\/wp\/v2\/media\/496088"}],"wp:attachment":[{"href":"https:\/\/www.erresse-shop.it\/de\/wp-json\/wp\/v2\/media?parent=421409"}],"wp:term":[{"taxonomy":"product_cat","embeddable":true,"href":"https:\/\/www.erresse-shop.it\/de\/wp-json\/wp\/v2\/product_cat?post=421409"},{"taxonomy":"product_tag","embeddable":true,"href":"https:\/\/www.erresse-shop.it\/de\/wp-json\/wp\/v2\/product_tag?post=421409"}],"curies":[{"name":"wp","href":"https:\/\/api.w.org\/{rel}","templated":true}]}}