{"id":421385,"date":"2024-07-15T10:04:57","date_gmt":"2024-07-15T10:04:58","guid":{"rendered":"https:\/\/www.erresse-shop.it\/?post_type=product&#038;p=421385"},"modified":"2025-01-22T07:21:36","modified_gmt":"2025-01-22T07:21:36","slug":"zwilling-pro-silikonspatel-copia","status":"publish","type":"product","link":"https:\/\/www.erresse-shop.it\/de\/shop\/kuche\/werkzeuge\/zwilling-pro-silikonspatel-copia\/","title":{"rendered":"ZWILLING PRO  Silikonspachtel f\u00fcr Wok"},"content":{"rendered":"<p>Mit dem Silikonspatel aus der ZWILLING Pro Kollektion macht das Kochen im Wok noch mehr Spa\u00df. Er ist ideal zum Pfannenr\u00fchren, wie es typischerweise mit einem Wok gemacht wird, in dem frische Zutaten schnell gebraten und gewendet werden. Der Spatel liegt dank des ergonomischen, satinierten Stiels gut in der Hand. Das vordere Ende besteht aus hitzebest\u00e4ndigem Silikon, das ein Verkratzen der antihaftbeschichteten Oberfl\u00e4che des Woks verhindert. So k\u00f6nnen Sie kochen, ohne Angst haben zu m\u00fcssen, die Oberfl\u00e4che zu besch\u00e4digen. Dank des Rings am sch\u00f6nen Griff k\u00f6nnen Sie den Pfannenwender auch platzsparend an der Werkzeugleiste aufh\u00e4ngen. So haben Sie den Pfannenwender nicht nur immer griffbereit, sondern k\u00f6nnen auch einen Hauch von Design in Ihre K\u00fcche bringen. Denn die weltbekannten Designer Matteo Thun und Antonio Rodriguez haben sich vor allem der absoluten Funktionalit\u00e4t und der au\u00dfergew\u00f6hnlichen, zeitlosen \u00c4sthetik verschrieben. Zusammen mit den anderen K\u00fcchenaccessoires der Pro-Kollektion entsteht ein minimalistischer und einheitlicher Look, der jede K\u00fcche aufwertet. Der Spatel mit seiner durchgehenden Struktur besteht aus satiniertem Edelstahl und ist sp\u00fclmaschinenfest.<\/p>\n<ul>\n<li>Minimalistisches Design von Matteo Thun und Antonio Rodriguez<\/li>\n<li>Hergestellt aus hochwertigem Edelstahl<\/li>\n<li>Ergonomisch geformte Griffe f\u00fcr m\u00fcheloses Arbeiten, mit durchgehendem \u00dcbergang zum Stiel f\u00fcr maximale Hygiene<\/li>\n<li>Sp\u00fclmaschinengeeignet<\/li>\n<li>Zum R\u00fchren und Servieren von Speisen direkt aus dem Wok<\/li>\n<\/ul>\n","protected":false},"excerpt":{"rendered":"<p>Mit dem Silikonspatel aus der ZWILLING Pro Kollektion macht das Kochen im Wok noch mehr Spa\u00df. Er ist ideal zum<\/p>\n","protected":false},"featured_media":509471,"template":"","meta":{"_acf_changed":false,"inline_featured_image":false},"product_cat":[6742,25334],"product_tag":[25038,17114,15404,18367,11690],"acf":[],"yoast_head":"<!-- This site is optimized with the Yoast SEO Premium plugin v18.6 (Yoast SEO v19.13) - https:\/\/yoast.com\/wordpress\/plugins\/seo\/ -->\n<title>ZWILLING PRO Silikonspachtel f\u00fcr Wok<\/title>\n<meta name=\"description\" content=\"Entdecken Sie ZWILLING PRO\u00a0 Silikonspachtel f\u00fcr Wok bei ErresseShop. Qualit\u00e4t, Stil und Funktionalit\u00e4t \u2013 jetzt online bestellen!\" \/>\n<meta name=\"robots\" content=\"index, follow, max-snippet:-1, max-image-preview:large, max-video-preview:-1\" \/>\n<link rel=\"canonical\" href=\"https:\/\/www.erresse-shop.it\/de\/shop\/kuche\/werkzeuge\/zwilling-pro-silikonspatel-copia\/\" \/>\n<meta property=\"og:locale\" content=\"de_DE\" \/>\n<meta property=\"og:type\" content=\"article\" \/>\n<meta property=\"og:title\" content=\"ZWILLING PRO Silikonspachtel f\u00fcr Wok\" \/>\n<meta property=\"og:description\" content=\"Entdecken Sie ZWILLING PRO\u00a0 Silikonspachtel f\u00fcr Wok bei ErresseShop. Qualit\u00e4t, Stil und Funktionalit\u00e4t \u2013 jetzt online bestellen!\" \/>\n<meta property=\"og:url\" content=\"https:\/\/www.erresse-shop.it\/de\/shop\/kuche\/werkzeuge\/zwilling-pro-silikonspatel-copia\/\" \/>\n<meta property=\"og:site_name\" content=\"Erresse Shop\" \/>\n<meta property=\"article:modified_time\" content=\"2025-01-22T07:21:36+00:00\" \/>\n<meta property=\"og:image\" content=\"https:\/\/www.erresse-shop.it\/wp-content\/uploads\/2024\/07\/ZWILLING-PRO-Spatola-per-Wok-Silicone.png\" \/>\n\t<meta property=\"og:image:width\" content=\"800\" \/>\n\t<meta property=\"og:image:height\" content=\"800\" \/>\n\t<meta property=\"og:image:type\" content=\"image\/png\" \/>\n<meta name=\"twitter:card\" content=\"summary_large_image\" \/>\n<script type=\"application\/ld+json\" class=\"yoast-schema-graph\">{\"@context\":\"https:\/\/schema.org\",\"@graph\":[{\"@type\":\"WebPage\",\"@id\":\"https:\/\/www.erresse-shop.it\/de\/shop\/kuche\/werkzeuge\/zwilling-pro-silikonspatel-copia\/\",\"url\":\"https:\/\/www.erresse-shop.it\/de\/shop\/kuche\/werkzeuge\/zwilling-pro-silikonspatel-copia\/\",\"name\":\"ZWILLING PRO Silikonspachtel f\u00fcr Wok\",\"isPartOf\":{\"@id\":\"https:\/\/www.erresse-shop.it\/de\/#website\"},\"datePublished\":\"2024-07-15T10:04:58+00:00\",\"dateModified\":\"2025-01-22T07:21:36+00:00\",\"description\":\"Entdecken Sie ZWILLING PRO\u00a0 Silikonspachtel f\u00fcr Wok bei ErresseShop. Qualit\u00e4t, Stil und Funktionalit\u00e4t \u2013 jetzt online bestellen!\",\"breadcrumb\":{\"@id\":\"https:\/\/www.erresse-shop.it\/de\/shop\/kuche\/werkzeuge\/zwilling-pro-silikonspatel-copia\/#breadcrumb\"},\"inLanguage\":\"de-DE\",\"potentialAction\":[{\"@type\":\"ReadAction\",\"target\":[\"https:\/\/www.erresse-shop.it\/de\/shop\/kuche\/werkzeuge\/zwilling-pro-silikonspatel-copia\/\"]}]},{\"@type\":\"BreadcrumbList\",\"@id\":\"https:\/\/www.erresse-shop.it\/de\/shop\/kuche\/werkzeuge\/zwilling-pro-silikonspatel-copia\/#breadcrumb\",\"itemListElement\":[{\"@type\":\"ListItem\",\"position\":1,\"name\":\"Home\",\"item\":\"https:\/\/www.erresse-shop.it\/de\/\"},{\"@type\":\"ListItem\",\"position\":2,\"name\":\"Shop\",\"item\":\"https:\/\/www.erresse-shop.it\/de\/shop\/\"},{\"@type\":\"ListItem\",\"position\":3,\"name\":\"ZWILLING PRO Silikonspachtel f\u00fcr Wok\"}]},{\"@type\":\"WebSite\",\"@id\":\"https:\/\/www.erresse-shop.it\/de\/#website\",\"url\":\"https:\/\/www.erresse-shop.it\/de\/\",\"name\":\"Erresse Shop\",\"description\":\"Articoli di qualit\u00e0 per la casa\",\"potentialAction\":[{\"@type\":\"SearchAction\",\"target\":{\"@type\":\"EntryPoint\",\"urlTemplate\":\"https:\/\/www.erresse-shop.it\/de\/?s={search_term_string}\"},\"query-input\":\"required name=search_term_string\"}],\"inLanguage\":\"de-DE\"}]}<\/script>\n<!-- \/ Yoast SEO Premium plugin. -->","yoast_head_json":{"title":"ZWILLING PRO Silikonspachtel f\u00fcr Wok","description":"Entdecken Sie ZWILLING PRO\u00a0 Silikonspachtel f\u00fcr Wok bei ErresseShop. Qualit\u00e4t, Stil und Funktionalit\u00e4t \u2013 jetzt online bestellen!","robots":{"index":"index","follow":"follow","max-snippet":"max-snippet:-1","max-image-preview":"max-image-preview:large","max-video-preview":"max-video-preview:-1"},"canonical":"https:\/\/www.erresse-shop.it\/de\/shop\/kuche\/werkzeuge\/zwilling-pro-silikonspatel-copia\/","og_locale":"de_DE","og_type":"article","og_title":"ZWILLING PRO Silikonspachtel f\u00fcr Wok","og_description":"Entdecken Sie ZWILLING PRO\u00a0 Silikonspachtel f\u00fcr Wok bei ErresseShop. Qualit\u00e4t, Stil und Funktionalit\u00e4t \u2013 jetzt online bestellen!","og_url":"https:\/\/www.erresse-shop.it\/de\/shop\/kuche\/werkzeuge\/zwilling-pro-silikonspatel-copia\/","og_site_name":"Erresse Shop","article_modified_time":"2025-01-22T07:21:36+00:00","og_image":[{"width":800,"height":800,"url":"https:\/\/www.erresse-shop.it\/wp-content\/uploads\/2024\/07\/ZWILLING-PRO-Spatola-per-Wok-Silicone.png","type":"image\/png"}],"twitter_card":"summary_large_image","schema":{"@context":"https:\/\/schema.org","@graph":[{"@type":"WebPage","@id":"https:\/\/www.erresse-shop.it\/de\/shop\/kuche\/werkzeuge\/zwilling-pro-silikonspatel-copia\/","url":"https:\/\/www.erresse-shop.it\/de\/shop\/kuche\/werkzeuge\/zwilling-pro-silikonspatel-copia\/","name":"ZWILLING PRO Silikonspachtel f\u00fcr Wok","isPartOf":{"@id":"https:\/\/www.erresse-shop.it\/de\/#website"},"datePublished":"2024-07-15T10:04:58+00:00","dateModified":"2025-01-22T07:21:36+00:00","description":"Entdecken Sie ZWILLING PRO\u00a0 Silikonspachtel f\u00fcr Wok bei ErresseShop. Qualit\u00e4t, Stil und Funktionalit\u00e4t \u2013 jetzt online bestellen!","breadcrumb":{"@id":"https:\/\/www.erresse-shop.it\/de\/shop\/kuche\/werkzeuge\/zwilling-pro-silikonspatel-copia\/#breadcrumb"},"inLanguage":"de-DE","potentialAction":[{"@type":"ReadAction","target":["https:\/\/www.erresse-shop.it\/de\/shop\/kuche\/werkzeuge\/zwilling-pro-silikonspatel-copia\/"]}]},{"@type":"BreadcrumbList","@id":"https:\/\/www.erresse-shop.it\/de\/shop\/kuche\/werkzeuge\/zwilling-pro-silikonspatel-copia\/#breadcrumb","itemListElement":[{"@type":"ListItem","position":1,"name":"Home","item":"https:\/\/www.erresse-shop.it\/de\/"},{"@type":"ListItem","position":2,"name":"Shop","item":"https:\/\/www.erresse-shop.it\/de\/shop\/"},{"@type":"ListItem","position":3,"name":"ZWILLING PRO Silikonspachtel f\u00fcr Wok"}]},{"@type":"WebSite","@id":"https:\/\/www.erresse-shop.it\/de\/#website","url":"https:\/\/www.erresse-shop.it\/de\/","name":"Erresse Shop","description":"Articoli di qualit\u00e0 per la casa","potentialAction":[{"@type":"SearchAction","target":{"@type":"EntryPoint","urlTemplate":"https:\/\/www.erresse-shop.it\/de\/?s={search_term_string}"},"query-input":"required name=search_term_string"}],"inLanguage":"de-DE"}]}},"df_price":19.95,"df_sale_price":19.95,"df_regular_price":29.95,"df_image_link":"https:\/\/www.erresse-shop.it\/wp-content\/uploads\/2024\/07\/ZWILLING-PRO-Spatola-per-Wok-Silicone-300x300.jpg","_links":{"self":[{"href":"https:\/\/www.erresse-shop.it\/de\/wp-json\/wp\/v2\/product\/421385"}],"collection":[{"href":"https:\/\/www.erresse-shop.it\/de\/wp-json\/wp\/v2\/product"}],"about":[{"href":"https:\/\/www.erresse-shop.it\/de\/wp-json\/wp\/v2\/types\/product"}],"wp:featuredmedia":[{"embeddable":true,"href":"https:\/\/www.erresse-shop.it\/de\/wp-json\/wp\/v2\/media\/509471"}],"wp:attachment":[{"href":"https:\/\/www.erresse-shop.it\/de\/wp-json\/wp\/v2\/media?parent=421385"}],"wp:term":[{"taxonomy":"product_cat","embeddable":true,"href":"https:\/\/www.erresse-shop.it\/de\/wp-json\/wp\/v2\/product_cat?post=421385"},{"taxonomy":"product_tag","embeddable":true,"href":"https:\/\/www.erresse-shop.it\/de\/wp-json\/wp\/v2\/product_tag?post=421385"}],"curies":[{"name":"wp","href":"https:\/\/api.w.org\/{rel}","templated":true}]}}