{"id":421335,"date":"2024-07-15T08:37:53","date_gmt":"2024-07-15T08:37:53","guid":{"rendered":"https:\/\/www.erresse-shop.it\/?post_type=product&#038;p=421335"},"modified":"2025-01-22T07:21:33","modified_gmt":"2025-01-22T07:21:33","slug":"zwilling-pro-silikonkelle-copia","status":"publish","type":"product","link":"https:\/\/www.erresse-shop.it\/de\/shop\/kuche\/werkzeuge\/zwilling-pro-silikonkelle-copia\/","title":{"rendered":"ZWILLING PRO Winkelspatel f\u00fcr S\u00fc\u00dfigkeiten"},"content":{"rendered":"<p>Was w\u00e4re ein Fr\u00fchst\u00fcck ohne Eier? Damit das gelingt, gibt es K\u00fcchenzubeh\u00f6r aus der ZWILLING Pro-Kollektion wie diesen Sch\u00f6pfl\u00f6ffel. Mit diesem K\u00fcchenzubeh\u00f6r k\u00f6nnen Sie k\u00f6stliche Omeletts und Pfannkuchen m\u00fchelos anheben und wenden. Die Schaufel kann sich auch als traditionelles Geb\u00e4ckwerkzeug als \u00e4u\u00dferst n\u00fctzlich erweisen. Der abgewinkelte K\u00f6rper ist ideal zum Verteilen und Gl\u00e4tten von Cremes und Tortenf\u00fcllungen. Wie auch immer Sie ihn verwenden, Sie werden von der Pr\u00e4zision seines Designs begeistert sein. Der Schaufelk\u00f6rper ist aus hochwertigem Stahl gefertigt, w\u00e4hrend der ergonomisch geformte Griff f\u00fcr eine perfekte Handhabung sorgt und die K\u00fcchenarbeit erleichtert. Die elegante Form der Schaufel ist das Werk der weltbekannten Designer Matteo Thun und Antonio Rodriguez, die einen minimalistischen Look kreiert haben, der Eleganz und Funktionalit\u00e4t auf nat\u00fcrliche Weise in der gesamten Serie verbindet.<\/p>\n<ul>\n<li>Minimalistisches Design von Matteo Thun und Antonio Rodriguez<\/li>\n<li>Hergestellt aus hochwertigem Edelstahl<\/li>\n<li>Kontinuierlicher \u00dcbergang zwischen Griff und K\u00f6rper<\/li>\n<li>Sp\u00fclmaschinengeeignet<\/li>\n<\/ul>\n","protected":false},"excerpt":{"rendered":"<p>Was w\u00e4re ein Fr\u00fchst\u00fcck ohne Eier? Damit das gelingt, gibt es K\u00fcchenzubeh\u00f6r aus der ZWILLING Pro-Kollektion wie diesen Sch\u00f6pfl\u00f6ffel. Mit<\/p>\n","protected":false},"featured_media":512662,"template":"","meta":{"_acf_changed":false,"inline_featured_image":false},"product_cat":[6742,25334],"product_tag":[25038,17114,15404,18367,21612],"acf":[],"yoast_head":"<!-- This site is optimized with the Yoast SEO Premium plugin v18.6 (Yoast SEO v19.13) - https:\/\/yoast.com\/wordpress\/plugins\/seo\/ -->\n<title>ZWILLING PRO Winkelspatel f\u00fcr S\u00fc\u00dfigkeiten<\/title>\n<meta name=\"description\" content=\"Entdecken Sie ZWILLING PRO Winkelspatel f\u00fcr S\u00fc\u00dfigkeiten bei ErresseShop. Qualit\u00e4t, Stil und Funktionalit\u00e4t \u2013 jetzt online bestellen!\" \/>\n<meta name=\"robots\" content=\"index, follow, max-snippet:-1, max-image-preview:large, max-video-preview:-1\" \/>\n<link rel=\"canonical\" href=\"https:\/\/www.erresse-shop.it\/de\/shop\/kuche\/werkzeuge\/zwilling-pro-silikonkelle-copia\/\" \/>\n<meta property=\"og:locale\" content=\"de_DE\" \/>\n<meta property=\"og:type\" content=\"article\" \/>\n<meta property=\"og:title\" content=\"ZWILLING PRO Winkelspatel f\u00fcr S\u00fc\u00dfigkeiten\" \/>\n<meta property=\"og:description\" content=\"Entdecken Sie ZWILLING PRO Winkelspatel f\u00fcr S\u00fc\u00dfigkeiten bei ErresseShop. Qualit\u00e4t, Stil und Funktionalit\u00e4t \u2013 jetzt online bestellen!\" \/>\n<meta property=\"og:url\" content=\"https:\/\/www.erresse-shop.it\/de\/shop\/kuche\/werkzeuge\/zwilling-pro-silikonkelle-copia\/\" \/>\n<meta property=\"og:site_name\" content=\"Erresse Shop\" \/>\n<meta property=\"article:modified_time\" content=\"2025-01-22T07:21:33+00:00\" \/>\n<meta property=\"og:image\" content=\"https:\/\/www.erresse-shop.it\/wp-content\/uploads\/2024\/07\/ZWILLING-PRO-Spatola-Angolare-per-Dolci.png\" \/>\n\t<meta property=\"og:image:width\" content=\"800\" \/>\n\t<meta property=\"og:image:height\" content=\"800\" \/>\n\t<meta property=\"og:image:type\" content=\"image\/png\" \/>\n<meta name=\"twitter:card\" content=\"summary_large_image\" \/>\n<script type=\"application\/ld+json\" class=\"yoast-schema-graph\">{\"@context\":\"https:\/\/schema.org\",\"@graph\":[{\"@type\":\"WebPage\",\"@id\":\"https:\/\/www.erresse-shop.it\/de\/shop\/kuche\/werkzeuge\/zwilling-pro-silikonkelle-copia\/\",\"url\":\"https:\/\/www.erresse-shop.it\/de\/shop\/kuche\/werkzeuge\/zwilling-pro-silikonkelle-copia\/\",\"name\":\"ZWILLING PRO Winkelspatel f\u00fcr S\u00fc\u00dfigkeiten\",\"isPartOf\":{\"@id\":\"https:\/\/www.erresse-shop.it\/de\/#website\"},\"datePublished\":\"2024-07-15T08:37:53+00:00\",\"dateModified\":\"2025-01-22T07:21:33+00:00\",\"description\":\"Entdecken Sie ZWILLING PRO Winkelspatel f\u00fcr S\u00fc\u00dfigkeiten bei ErresseShop. Qualit\u00e4t, Stil und Funktionalit\u00e4t \u2013 jetzt online bestellen!\",\"breadcrumb\":{\"@id\":\"https:\/\/www.erresse-shop.it\/de\/shop\/kuche\/werkzeuge\/zwilling-pro-silikonkelle-copia\/#breadcrumb\"},\"inLanguage\":\"de-DE\",\"potentialAction\":[{\"@type\":\"ReadAction\",\"target\":[\"https:\/\/www.erresse-shop.it\/de\/shop\/kuche\/werkzeuge\/zwilling-pro-silikonkelle-copia\/\"]}]},{\"@type\":\"BreadcrumbList\",\"@id\":\"https:\/\/www.erresse-shop.it\/de\/shop\/kuche\/werkzeuge\/zwilling-pro-silikonkelle-copia\/#breadcrumb\",\"itemListElement\":[{\"@type\":\"ListItem\",\"position\":1,\"name\":\"Home\",\"item\":\"https:\/\/www.erresse-shop.it\/de\/\"},{\"@type\":\"ListItem\",\"position\":2,\"name\":\"Shop\",\"item\":\"https:\/\/www.erresse-shop.it\/de\/shop\/\"},{\"@type\":\"ListItem\",\"position\":3,\"name\":\"ZWILLING PRO Winkelspatel f\u00fcr S\u00fc\u00dfigkeiten\"}]},{\"@type\":\"WebSite\",\"@id\":\"https:\/\/www.erresse-shop.it\/de\/#website\",\"url\":\"https:\/\/www.erresse-shop.it\/de\/\",\"name\":\"Erresse Shop\",\"description\":\"Articoli di qualit\u00e0 per la casa\",\"potentialAction\":[{\"@type\":\"SearchAction\",\"target\":{\"@type\":\"EntryPoint\",\"urlTemplate\":\"https:\/\/www.erresse-shop.it\/de\/?s={search_term_string}\"},\"query-input\":\"required name=search_term_string\"}],\"inLanguage\":\"de-DE\"}]}<\/script>\n<!-- \/ Yoast SEO Premium plugin. -->","yoast_head_json":{"title":"ZWILLING PRO Winkelspatel f\u00fcr S\u00fc\u00dfigkeiten","description":"Entdecken Sie ZWILLING PRO Winkelspatel f\u00fcr S\u00fc\u00dfigkeiten bei ErresseShop. Qualit\u00e4t, Stil und Funktionalit\u00e4t \u2013 jetzt online bestellen!","robots":{"index":"index","follow":"follow","max-snippet":"max-snippet:-1","max-image-preview":"max-image-preview:large","max-video-preview":"max-video-preview:-1"},"canonical":"https:\/\/www.erresse-shop.it\/de\/shop\/kuche\/werkzeuge\/zwilling-pro-silikonkelle-copia\/","og_locale":"de_DE","og_type":"article","og_title":"ZWILLING PRO Winkelspatel f\u00fcr S\u00fc\u00dfigkeiten","og_description":"Entdecken Sie ZWILLING PRO Winkelspatel f\u00fcr S\u00fc\u00dfigkeiten bei ErresseShop. Qualit\u00e4t, Stil und Funktionalit\u00e4t \u2013 jetzt online bestellen!","og_url":"https:\/\/www.erresse-shop.it\/de\/shop\/kuche\/werkzeuge\/zwilling-pro-silikonkelle-copia\/","og_site_name":"Erresse Shop","article_modified_time":"2025-01-22T07:21:33+00:00","og_image":[{"width":800,"height":800,"url":"https:\/\/www.erresse-shop.it\/wp-content\/uploads\/2024\/07\/ZWILLING-PRO-Spatola-Angolare-per-Dolci.png","type":"image\/png"}],"twitter_card":"summary_large_image","schema":{"@context":"https:\/\/schema.org","@graph":[{"@type":"WebPage","@id":"https:\/\/www.erresse-shop.it\/de\/shop\/kuche\/werkzeuge\/zwilling-pro-silikonkelle-copia\/","url":"https:\/\/www.erresse-shop.it\/de\/shop\/kuche\/werkzeuge\/zwilling-pro-silikonkelle-copia\/","name":"ZWILLING PRO Winkelspatel f\u00fcr S\u00fc\u00dfigkeiten","isPartOf":{"@id":"https:\/\/www.erresse-shop.it\/de\/#website"},"datePublished":"2024-07-15T08:37:53+00:00","dateModified":"2025-01-22T07:21:33+00:00","description":"Entdecken Sie ZWILLING PRO Winkelspatel f\u00fcr S\u00fc\u00dfigkeiten bei ErresseShop. Qualit\u00e4t, Stil und Funktionalit\u00e4t \u2013 jetzt online bestellen!","breadcrumb":{"@id":"https:\/\/www.erresse-shop.it\/de\/shop\/kuche\/werkzeuge\/zwilling-pro-silikonkelle-copia\/#breadcrumb"},"inLanguage":"de-DE","potentialAction":[{"@type":"ReadAction","target":["https:\/\/www.erresse-shop.it\/de\/shop\/kuche\/werkzeuge\/zwilling-pro-silikonkelle-copia\/"]}]},{"@type":"BreadcrumbList","@id":"https:\/\/www.erresse-shop.it\/de\/shop\/kuche\/werkzeuge\/zwilling-pro-silikonkelle-copia\/#breadcrumb","itemListElement":[{"@type":"ListItem","position":1,"name":"Home","item":"https:\/\/www.erresse-shop.it\/de\/"},{"@type":"ListItem","position":2,"name":"Shop","item":"https:\/\/www.erresse-shop.it\/de\/shop\/"},{"@type":"ListItem","position":3,"name":"ZWILLING PRO Winkelspatel f\u00fcr S\u00fc\u00dfigkeiten"}]},{"@type":"WebSite","@id":"https:\/\/www.erresse-shop.it\/de\/#website","url":"https:\/\/www.erresse-shop.it\/de\/","name":"Erresse Shop","description":"Articoli di qualit\u00e0 per la casa","potentialAction":[{"@type":"SearchAction","target":{"@type":"EntryPoint","urlTemplate":"https:\/\/www.erresse-shop.it\/de\/?s={search_term_string}"},"query-input":"required name=search_term_string"}],"inLanguage":"de-DE"}]}},"df_price":19.95,"df_sale_price":19.95,"df_regular_price":26.95,"df_image_link":"https:\/\/www.erresse-shop.it\/wp-content\/uploads\/2024\/07\/ZWILLING-PRO-Spatola-Angolare-per-Dolci-300x300.jpg","_links":{"self":[{"href":"https:\/\/www.erresse-shop.it\/de\/wp-json\/wp\/v2\/product\/421335"}],"collection":[{"href":"https:\/\/www.erresse-shop.it\/de\/wp-json\/wp\/v2\/product"}],"about":[{"href":"https:\/\/www.erresse-shop.it\/de\/wp-json\/wp\/v2\/types\/product"}],"wp:featuredmedia":[{"embeddable":true,"href":"https:\/\/www.erresse-shop.it\/de\/wp-json\/wp\/v2\/media\/512662"}],"wp:attachment":[{"href":"https:\/\/www.erresse-shop.it\/de\/wp-json\/wp\/v2\/media?parent=421335"}],"wp:term":[{"taxonomy":"product_cat","embeddable":true,"href":"https:\/\/www.erresse-shop.it\/de\/wp-json\/wp\/v2\/product_cat?post=421335"},{"taxonomy":"product_tag","embeddable":true,"href":"https:\/\/www.erresse-shop.it\/de\/wp-json\/wp\/v2\/product_tag?post=421335"}],"curies":[{"name":"wp","href":"https:\/\/api.w.org\/{rel}","templated":true}]}}