{"id":421299,"date":"2024-07-15T07:50:45","date_gmt":"2024-07-15T07:50:45","guid":{"rendered":"https:\/\/www.erresse-shop.it\/?post_type=product&#038;p=421299"},"modified":"2025-01-22T07:21:31","modified_gmt":"2025-01-22T07:21:31","slug":"zwilling-pro-spatel-copia","status":"publish","type":"product","link":"https:\/\/www.erresse-shop.it\/de\/shop\/kuche\/werkzeuge\/zwilling-pro-spatel-copia\/","title":{"rendered":"ZWILLING PRO Spaghettisch\u00f6pfer"},"content":{"rendered":"<p>Der Nudell\u00f6ffel aus der ZWILLING Pro-Kollektion gl\u00e4nzt nicht nur durch die gl\u00e4nzende Oberfl\u00e4che des Edelstahls, aus dem er gefertigt ist, sondern auch durch seine au\u00dfergew\u00f6hnliche Verarbeitung. Der Griff ist matt und abgerundet f\u00fcr maximale Handhabung. Durch die integrierte Schlaufe im Griff l\u00e4sst sich das elegante K\u00fcchenaccessoire nach Gebrauch dekorativ an der Utensilienleiste aufh\u00e4ngen. Das L\u00f6ffelende ist sehr ger\u00e4umig und erm\u00f6glicht das einfache Heben von Spaghetti oder anderen langen Nudeln aus dem kochenden Wasser. Auch zum Servieren eignet sich der Nudell\u00f6ffel nat\u00fcrlich sehr gut. Die breiten Zinken sorgen daf\u00fcr, dass der Teig fest haftet und nicht verrutscht. Besonders praktisch ist das im L\u00f6ffel integrierte Spaghettima\u00df, mit dem Sie die Nudeln portionieren k\u00f6nnen, bevor Sie sie in kochendes Wasser geben. Sie werden nie wieder Pastareste haben. Die lasergeschnittene Zierlinie am Griff ist ein elegantes Detail, das die gesamte Pro-Kollektion auszeichnet. Alle Komponenten dieses K\u00fcchenger\u00e4ts wurden von den weltber\u00fchmten Designern Matteo Thun und Antonio Rodriguez entworfen und zeichnen sich durch ihren charakteristischen minimalistischen Look aus wird Ihre K\u00fcche noch viele Jahre lang geschmackvoll dekorieren.<\/p>\n<ul>\n<li>Minimalistisches Design von Matteo Thun und Antonio Rodriguez<\/li>\n<li>Hergestellt aus hochwertigem Edelstahl<\/li>\n<li>Ergonomisch geformte Griffe f\u00fcr erm\u00fcdungsfreies Arbeiten, mit durchgehendem \u00dcbergang zum Stiel, der maximale Hygiene garantiert<\/li>\n<li>Sp\u00fclmaschinenfest<\/li>\n<li>Um Spaghetti m\u00fchelos aus der Pfanne zu heben<\/li>\n<\/ul>\n","protected":false},"excerpt":{"rendered":"<p>Der Nudell\u00f6ffel aus der ZWILLING Pro-Kollektion gl\u00e4nzt nicht nur durch die gl\u00e4nzende Oberfl\u00e4che des Edelstahls, aus dem er gefertigt ist,<\/p>\n","protected":false},"featured_media":507794,"template":"","meta":{"_acf_changed":false,"inline_featured_image":false},"product_cat":[6742,25334],"product_tag":[25038,17114,11453,15404,25022],"acf":[],"yoast_head":"<!-- This site is optimized with the Yoast SEO Premium plugin v18.6 (Yoast SEO v19.13) - https:\/\/yoast.com\/wordpress\/plugins\/seo\/ -->\n<title>ZWILLING PRO Spaghettisch\u00f6pfer<\/title>\n<meta name=\"description\" content=\"Entdecken Sie ZWILLING PRO Spaghettisch\u00f6pfer bei ErresseShop. Qualit\u00e4t, Stil und Funktionalit\u00e4t \u2013 jetzt online bestellen!\" \/>\n<meta name=\"robots\" content=\"index, follow, max-snippet:-1, max-image-preview:large, max-video-preview:-1\" \/>\n<link rel=\"canonical\" href=\"https:\/\/www.erresse-shop.it\/de\/shop\/kuche\/werkzeuge\/zwilling-pro-spatel-copia\/\" \/>\n<meta property=\"og:locale\" content=\"de_DE\" \/>\n<meta property=\"og:type\" content=\"article\" \/>\n<meta property=\"og:title\" content=\"ZWILLING PRO Spaghettisch\u00f6pfer\" \/>\n<meta property=\"og:description\" content=\"Entdecken Sie ZWILLING PRO Spaghettisch\u00f6pfer bei ErresseShop. Qualit\u00e4t, Stil und Funktionalit\u00e4t \u2013 jetzt online bestellen!\" \/>\n<meta property=\"og:url\" content=\"https:\/\/www.erresse-shop.it\/de\/shop\/kuche\/werkzeuge\/zwilling-pro-spatel-copia\/\" \/>\n<meta property=\"og:site_name\" content=\"Erresse Shop\" \/>\n<meta property=\"article:modified_time\" content=\"2025-01-22T07:21:31+00:00\" \/>\n<meta property=\"og:image\" content=\"https:\/\/www.erresse-shop.it\/wp-content\/uploads\/2024\/07\/ZWILLING-PRO-Mestolo-Spaghetti.png\" \/>\n\t<meta property=\"og:image:width\" content=\"800\" \/>\n\t<meta property=\"og:image:height\" content=\"800\" \/>\n\t<meta property=\"og:image:type\" content=\"image\/png\" \/>\n<meta name=\"twitter:card\" content=\"summary_large_image\" \/>\n<script type=\"application\/ld+json\" class=\"yoast-schema-graph\">{\"@context\":\"https:\/\/schema.org\",\"@graph\":[{\"@type\":\"WebPage\",\"@id\":\"https:\/\/www.erresse-shop.it\/de\/shop\/kuche\/werkzeuge\/zwilling-pro-spatel-copia\/\",\"url\":\"https:\/\/www.erresse-shop.it\/de\/shop\/kuche\/werkzeuge\/zwilling-pro-spatel-copia\/\",\"name\":\"ZWILLING PRO Spaghettisch\u00f6pfer\",\"isPartOf\":{\"@id\":\"https:\/\/www.erresse-shop.it\/de\/#website\"},\"datePublished\":\"2024-07-15T07:50:45+00:00\",\"dateModified\":\"2025-01-22T07:21:31+00:00\",\"description\":\"Entdecken Sie ZWILLING PRO Spaghettisch\u00f6pfer bei ErresseShop. Qualit\u00e4t, Stil und Funktionalit\u00e4t \u2013 jetzt online bestellen!\",\"breadcrumb\":{\"@id\":\"https:\/\/www.erresse-shop.it\/de\/shop\/kuche\/werkzeuge\/zwilling-pro-spatel-copia\/#breadcrumb\"},\"inLanguage\":\"de-DE\",\"potentialAction\":[{\"@type\":\"ReadAction\",\"target\":[\"https:\/\/www.erresse-shop.it\/de\/shop\/kuche\/werkzeuge\/zwilling-pro-spatel-copia\/\"]}]},{\"@type\":\"BreadcrumbList\",\"@id\":\"https:\/\/www.erresse-shop.it\/de\/shop\/kuche\/werkzeuge\/zwilling-pro-spatel-copia\/#breadcrumb\",\"itemListElement\":[{\"@type\":\"ListItem\",\"position\":1,\"name\":\"Home\",\"item\":\"https:\/\/www.erresse-shop.it\/de\/\"},{\"@type\":\"ListItem\",\"position\":2,\"name\":\"Shop\",\"item\":\"https:\/\/www.erresse-shop.it\/de\/shop\/\"},{\"@type\":\"ListItem\",\"position\":3,\"name\":\"ZWILLING PRO Spaghettisch\u00f6pfer\"}]},{\"@type\":\"WebSite\",\"@id\":\"https:\/\/www.erresse-shop.it\/de\/#website\",\"url\":\"https:\/\/www.erresse-shop.it\/de\/\",\"name\":\"Erresse Shop\",\"description\":\"Articoli di qualit\u00e0 per la casa\",\"potentialAction\":[{\"@type\":\"SearchAction\",\"target\":{\"@type\":\"EntryPoint\",\"urlTemplate\":\"https:\/\/www.erresse-shop.it\/de\/?s={search_term_string}\"},\"query-input\":\"required name=search_term_string\"}],\"inLanguage\":\"de-DE\"}]}<\/script>\n<!-- \/ Yoast SEO Premium plugin. -->","yoast_head_json":{"title":"ZWILLING PRO Spaghettisch\u00f6pfer","description":"Entdecken Sie ZWILLING PRO Spaghettisch\u00f6pfer bei ErresseShop. Qualit\u00e4t, Stil und Funktionalit\u00e4t \u2013 jetzt online bestellen!","robots":{"index":"index","follow":"follow","max-snippet":"max-snippet:-1","max-image-preview":"max-image-preview:large","max-video-preview":"max-video-preview:-1"},"canonical":"https:\/\/www.erresse-shop.it\/de\/shop\/kuche\/werkzeuge\/zwilling-pro-spatel-copia\/","og_locale":"de_DE","og_type":"article","og_title":"ZWILLING PRO Spaghettisch\u00f6pfer","og_description":"Entdecken Sie ZWILLING PRO Spaghettisch\u00f6pfer bei ErresseShop. Qualit\u00e4t, Stil und Funktionalit\u00e4t \u2013 jetzt online bestellen!","og_url":"https:\/\/www.erresse-shop.it\/de\/shop\/kuche\/werkzeuge\/zwilling-pro-spatel-copia\/","og_site_name":"Erresse Shop","article_modified_time":"2025-01-22T07:21:31+00:00","og_image":[{"width":800,"height":800,"url":"https:\/\/www.erresse-shop.it\/wp-content\/uploads\/2024\/07\/ZWILLING-PRO-Mestolo-Spaghetti.png","type":"image\/png"}],"twitter_card":"summary_large_image","schema":{"@context":"https:\/\/schema.org","@graph":[{"@type":"WebPage","@id":"https:\/\/www.erresse-shop.it\/de\/shop\/kuche\/werkzeuge\/zwilling-pro-spatel-copia\/","url":"https:\/\/www.erresse-shop.it\/de\/shop\/kuche\/werkzeuge\/zwilling-pro-spatel-copia\/","name":"ZWILLING PRO Spaghettisch\u00f6pfer","isPartOf":{"@id":"https:\/\/www.erresse-shop.it\/de\/#website"},"datePublished":"2024-07-15T07:50:45+00:00","dateModified":"2025-01-22T07:21:31+00:00","description":"Entdecken Sie ZWILLING PRO Spaghettisch\u00f6pfer bei ErresseShop. Qualit\u00e4t, Stil und Funktionalit\u00e4t \u2013 jetzt online bestellen!","breadcrumb":{"@id":"https:\/\/www.erresse-shop.it\/de\/shop\/kuche\/werkzeuge\/zwilling-pro-spatel-copia\/#breadcrumb"},"inLanguage":"de-DE","potentialAction":[{"@type":"ReadAction","target":["https:\/\/www.erresse-shop.it\/de\/shop\/kuche\/werkzeuge\/zwilling-pro-spatel-copia\/"]}]},{"@type":"BreadcrumbList","@id":"https:\/\/www.erresse-shop.it\/de\/shop\/kuche\/werkzeuge\/zwilling-pro-spatel-copia\/#breadcrumb","itemListElement":[{"@type":"ListItem","position":1,"name":"Home","item":"https:\/\/www.erresse-shop.it\/de\/"},{"@type":"ListItem","position":2,"name":"Shop","item":"https:\/\/www.erresse-shop.it\/de\/shop\/"},{"@type":"ListItem","position":3,"name":"ZWILLING PRO Spaghettisch\u00f6pfer"}]},{"@type":"WebSite","@id":"https:\/\/www.erresse-shop.it\/de\/#website","url":"https:\/\/www.erresse-shop.it\/de\/","name":"Erresse Shop","description":"Articoli di qualit\u00e0 per la casa","potentialAction":[{"@type":"SearchAction","target":{"@type":"EntryPoint","urlTemplate":"https:\/\/www.erresse-shop.it\/de\/?s={search_term_string}"},"query-input":"required name=search_term_string"}],"inLanguage":"de-DE"}]}},"df_price":12.475,"df_sale_price":12.475,"df_regular_price":24.95,"df_image_link":"https:\/\/www.erresse-shop.it\/wp-content\/uploads\/2024\/07\/ZWILLING-PRO-Mestolo-Spaghetti-300x300.jpg","_links":{"self":[{"href":"https:\/\/www.erresse-shop.it\/de\/wp-json\/wp\/v2\/product\/421299"}],"collection":[{"href":"https:\/\/www.erresse-shop.it\/de\/wp-json\/wp\/v2\/product"}],"about":[{"href":"https:\/\/www.erresse-shop.it\/de\/wp-json\/wp\/v2\/types\/product"}],"wp:featuredmedia":[{"embeddable":true,"href":"https:\/\/www.erresse-shop.it\/de\/wp-json\/wp\/v2\/media\/507794"}],"wp:attachment":[{"href":"https:\/\/www.erresse-shop.it\/de\/wp-json\/wp\/v2\/media?parent=421299"}],"wp:term":[{"taxonomy":"product_cat","embeddable":true,"href":"https:\/\/www.erresse-shop.it\/de\/wp-json\/wp\/v2\/product_cat?post=421299"},{"taxonomy":"product_tag","embeddable":true,"href":"https:\/\/www.erresse-shop.it\/de\/wp-json\/wp\/v2\/product_tag?post=421299"}],"curies":[{"name":"wp","href":"https:\/\/api.w.org\/{rel}","templated":true}]}}