{"id":421263,"date":"2024-07-15T07:04:19","date_gmt":"2024-07-15T07:04:19","guid":{"rendered":"https:\/\/www.erresse-shop.it\/?post_type=product&#038;p=421263"},"modified":"2025-01-22T07:21:29","modified_gmt":"2025-01-22T07:21:29","slug":"zwilling-pro-gezackter-kasehobel-copia","status":"publish","type":"product","link":"https:\/\/www.erresse-shop.it\/de\/shop\/kuche\/werkzeuge\/zwilling-pro-gezackter-kasehobel-copia\/","title":{"rendered":"ZWILLING PRO Lasagne-Schaufel"},"content":{"rendered":"<p>Ob Sie nun eine k\u00f6stliche Lasagne, einen schmackhaften Eintopf oder einen fluffigen Donut servieren &#8230; genie\u00dfen Sie! Wir empfehlen Ihnen ein K\u00fcchenaccessoire, das den Genuss verdoppelt: die Lasagne-Schaufel aus der ZWILLING Pro Kollektion. Er ist aus hochwertigem Edelstahl gefertigt und besonders robust. Die scharfe Seite k\u00f6nnen Sie zum Portionieren von Lasagne verwenden. Dank der gezackten Kante geht das erstaunlich leicht. Durch die abgeschr\u00e4gten Kanten gleitet die Lasagne-Schaufel leicht unter die Portionen und hebt sie m\u00fchelos an. Das besondere Design dieser Schaufel umfasst einen l\u00e4ngeren hinteren Teil als normal, wodurch sie auch bei besonders tiefen Backblechen leichter zu handhaben ist. Die Form verhindert au\u00dferdem, dass die Portionen aus der Schaufel fallen. Der ergonomische, leicht zu handhabende Griff sorgt zudem f\u00fcr eine bessere Kontrolle. Nach dem Gebrauch einfach in der Sp\u00fclmaschine waschen und in den Utensilienkorb h\u00e4ngen. Das minimalistische Design von Matteo Thun und Antonio Rodriguez ist zweifelsohne das Highlight dieser Kollektion, die man auf keinen Fall in einer Schublade verstecken kann.<\/p>\n<ul>\n<li>Minimalistisches Design von Matteo Thun und Antonio Rodriguez<\/li>\n<li>Hergestellt aus hochwertigem Edelstahl<\/li>\n<li>Ergonomisches Design mit durchgehenden Linien, um maximale Hygiene und minimale Erm\u00fcdung bei der Benutzung zu gew\u00e4hrleisten<\/li>\n<li>Sp\u00fclmaschinentauglich<\/li>\n<\/ul>\n","protected":false},"excerpt":{"rendered":"<p>Ob Sie nun eine k\u00f6stliche Lasagne, einen schmackhaften Eintopf oder einen fluffigen Donut servieren &#8230; genie\u00dfen Sie! Wir empfehlen Ihnen<\/p>\n","protected":false},"featured_media":509442,"template":"","meta":{"_acf_changed":false,"inline_featured_image":false},"product_cat":[6742,25334],"product_tag":[25038,11395,24604,17114,14571,15404,25022],"acf":[],"yoast_head":"<!-- This site is optimized with the Yoast SEO Premium plugin v18.6 (Yoast SEO v19.13) - https:\/\/yoast.com\/wordpress\/plugins\/seo\/ -->\n<title>ZWILLING PRO Lasagne-Schaufel<\/title>\n<meta name=\"description\" content=\"Entdecken Sie ZWILLING PRO Lasagne-Schaufel bei ErresseShop. Qualit\u00e4t, Stil und Funktionalit\u00e4t \u2013 jetzt online bestellen!\" \/>\n<meta name=\"robots\" content=\"index, follow, max-snippet:-1, max-image-preview:large, max-video-preview:-1\" \/>\n<link rel=\"canonical\" href=\"https:\/\/www.erresse-shop.it\/de\/shop\/kuche\/werkzeuge\/zwilling-pro-gezackter-kasehobel-copia\/\" \/>\n<meta property=\"og:locale\" content=\"de_DE\" \/>\n<meta property=\"og:type\" content=\"article\" \/>\n<meta property=\"og:title\" content=\"ZWILLING PRO Lasagne-Schaufel\" \/>\n<meta property=\"og:description\" content=\"Entdecken Sie ZWILLING PRO Lasagne-Schaufel bei ErresseShop. Qualit\u00e4t, Stil und Funktionalit\u00e4t \u2013 jetzt online bestellen!\" \/>\n<meta property=\"og:url\" content=\"https:\/\/www.erresse-shop.it\/de\/shop\/kuche\/werkzeuge\/zwilling-pro-gezackter-kasehobel-copia\/\" \/>\n<meta property=\"og:site_name\" content=\"Erresse Shop\" \/>\n<meta property=\"article:modified_time\" content=\"2025-01-22T07:21:29+00:00\" \/>\n<meta property=\"og:image\" content=\"https:\/\/www.erresse-shop.it\/wp-content\/uploads\/2024\/07\/ZWILLING-PRO-Paletta-Lasagne.png\" \/>\n\t<meta property=\"og:image:width\" content=\"800\" \/>\n\t<meta property=\"og:image:height\" content=\"800\" \/>\n\t<meta property=\"og:image:type\" content=\"image\/png\" \/>\n<meta name=\"twitter:card\" content=\"summary_large_image\" \/>\n<script type=\"application\/ld+json\" class=\"yoast-schema-graph\">{\"@context\":\"https:\/\/schema.org\",\"@graph\":[{\"@type\":\"WebPage\",\"@id\":\"https:\/\/www.erresse-shop.it\/de\/shop\/kuche\/werkzeuge\/zwilling-pro-gezackter-kasehobel-copia\/\",\"url\":\"https:\/\/www.erresse-shop.it\/de\/shop\/kuche\/werkzeuge\/zwilling-pro-gezackter-kasehobel-copia\/\",\"name\":\"ZWILLING PRO Lasagne-Schaufel\",\"isPartOf\":{\"@id\":\"https:\/\/www.erresse-shop.it\/de\/#website\"},\"datePublished\":\"2024-07-15T07:04:19+00:00\",\"dateModified\":\"2025-01-22T07:21:29+00:00\",\"description\":\"Entdecken Sie ZWILLING PRO Lasagne-Schaufel bei ErresseShop. Qualit\u00e4t, Stil und Funktionalit\u00e4t \u2013 jetzt online bestellen!\",\"breadcrumb\":{\"@id\":\"https:\/\/www.erresse-shop.it\/de\/shop\/kuche\/werkzeuge\/zwilling-pro-gezackter-kasehobel-copia\/#breadcrumb\"},\"inLanguage\":\"de-DE\",\"potentialAction\":[{\"@type\":\"ReadAction\",\"target\":[\"https:\/\/www.erresse-shop.it\/de\/shop\/kuche\/werkzeuge\/zwilling-pro-gezackter-kasehobel-copia\/\"]}]},{\"@type\":\"BreadcrumbList\",\"@id\":\"https:\/\/www.erresse-shop.it\/de\/shop\/kuche\/werkzeuge\/zwilling-pro-gezackter-kasehobel-copia\/#breadcrumb\",\"itemListElement\":[{\"@type\":\"ListItem\",\"position\":1,\"name\":\"Home\",\"item\":\"https:\/\/www.erresse-shop.it\/de\/\"},{\"@type\":\"ListItem\",\"position\":2,\"name\":\"Shop\",\"item\":\"https:\/\/www.erresse-shop.it\/de\/shop\/\"},{\"@type\":\"ListItem\",\"position\":3,\"name\":\"ZWILLING PRO Lasagne-Schaufel\"}]},{\"@type\":\"WebSite\",\"@id\":\"https:\/\/www.erresse-shop.it\/de\/#website\",\"url\":\"https:\/\/www.erresse-shop.it\/de\/\",\"name\":\"Erresse Shop\",\"description\":\"Articoli di qualit\u00e0 per la casa\",\"potentialAction\":[{\"@type\":\"SearchAction\",\"target\":{\"@type\":\"EntryPoint\",\"urlTemplate\":\"https:\/\/www.erresse-shop.it\/de\/?s={search_term_string}\"},\"query-input\":\"required name=search_term_string\"}],\"inLanguage\":\"de-DE\"}]}<\/script>\n<!-- \/ Yoast SEO Premium plugin. -->","yoast_head_json":{"title":"ZWILLING PRO Lasagne-Schaufel","description":"Entdecken Sie ZWILLING PRO Lasagne-Schaufel bei ErresseShop. Qualit\u00e4t, Stil und Funktionalit\u00e4t \u2013 jetzt online bestellen!","robots":{"index":"index","follow":"follow","max-snippet":"max-snippet:-1","max-image-preview":"max-image-preview:large","max-video-preview":"max-video-preview:-1"},"canonical":"https:\/\/www.erresse-shop.it\/de\/shop\/kuche\/werkzeuge\/zwilling-pro-gezackter-kasehobel-copia\/","og_locale":"de_DE","og_type":"article","og_title":"ZWILLING PRO Lasagne-Schaufel","og_description":"Entdecken Sie ZWILLING PRO Lasagne-Schaufel bei ErresseShop. Qualit\u00e4t, Stil und Funktionalit\u00e4t \u2013 jetzt online bestellen!","og_url":"https:\/\/www.erresse-shop.it\/de\/shop\/kuche\/werkzeuge\/zwilling-pro-gezackter-kasehobel-copia\/","og_site_name":"Erresse Shop","article_modified_time":"2025-01-22T07:21:29+00:00","og_image":[{"width":800,"height":800,"url":"https:\/\/www.erresse-shop.it\/wp-content\/uploads\/2024\/07\/ZWILLING-PRO-Paletta-Lasagne.png","type":"image\/png"}],"twitter_card":"summary_large_image","schema":{"@context":"https:\/\/schema.org","@graph":[{"@type":"WebPage","@id":"https:\/\/www.erresse-shop.it\/de\/shop\/kuche\/werkzeuge\/zwilling-pro-gezackter-kasehobel-copia\/","url":"https:\/\/www.erresse-shop.it\/de\/shop\/kuche\/werkzeuge\/zwilling-pro-gezackter-kasehobel-copia\/","name":"ZWILLING PRO Lasagne-Schaufel","isPartOf":{"@id":"https:\/\/www.erresse-shop.it\/de\/#website"},"datePublished":"2024-07-15T07:04:19+00:00","dateModified":"2025-01-22T07:21:29+00:00","description":"Entdecken Sie ZWILLING PRO Lasagne-Schaufel bei ErresseShop. Qualit\u00e4t, Stil und Funktionalit\u00e4t \u2013 jetzt online bestellen!","breadcrumb":{"@id":"https:\/\/www.erresse-shop.it\/de\/shop\/kuche\/werkzeuge\/zwilling-pro-gezackter-kasehobel-copia\/#breadcrumb"},"inLanguage":"de-DE","potentialAction":[{"@type":"ReadAction","target":["https:\/\/www.erresse-shop.it\/de\/shop\/kuche\/werkzeuge\/zwilling-pro-gezackter-kasehobel-copia\/"]}]},{"@type":"BreadcrumbList","@id":"https:\/\/www.erresse-shop.it\/de\/shop\/kuche\/werkzeuge\/zwilling-pro-gezackter-kasehobel-copia\/#breadcrumb","itemListElement":[{"@type":"ListItem","position":1,"name":"Home","item":"https:\/\/www.erresse-shop.it\/de\/"},{"@type":"ListItem","position":2,"name":"Shop","item":"https:\/\/www.erresse-shop.it\/de\/shop\/"},{"@type":"ListItem","position":3,"name":"ZWILLING PRO Lasagne-Schaufel"}]},{"@type":"WebSite","@id":"https:\/\/www.erresse-shop.it\/de\/#website","url":"https:\/\/www.erresse-shop.it\/de\/","name":"Erresse Shop","description":"Articoli di qualit\u00e0 per la casa","potentialAction":[{"@type":"SearchAction","target":{"@type":"EntryPoint","urlTemplate":"https:\/\/www.erresse-shop.it\/de\/?s={search_term_string}"},"query-input":"required name=search_term_string"}],"inLanguage":"de-DE"}]}},"df_price":13.475,"df_sale_price":13.475,"df_regular_price":26.95,"df_image_link":"https:\/\/www.erresse-shop.it\/wp-content\/uploads\/2024\/07\/ZWILLING-PRO-Paletta-Lasagne-300x300.jpg","_links":{"self":[{"href":"https:\/\/www.erresse-shop.it\/de\/wp-json\/wp\/v2\/product\/421263"}],"collection":[{"href":"https:\/\/www.erresse-shop.it\/de\/wp-json\/wp\/v2\/product"}],"about":[{"href":"https:\/\/www.erresse-shop.it\/de\/wp-json\/wp\/v2\/types\/product"}],"wp:featuredmedia":[{"embeddable":true,"href":"https:\/\/www.erresse-shop.it\/de\/wp-json\/wp\/v2\/media\/509442"}],"wp:attachment":[{"href":"https:\/\/www.erresse-shop.it\/de\/wp-json\/wp\/v2\/media?parent=421263"}],"wp:term":[{"taxonomy":"product_cat","embeddable":true,"href":"https:\/\/www.erresse-shop.it\/de\/wp-json\/wp\/v2\/product_cat?post=421263"},{"taxonomy":"product_tag","embeddable":true,"href":"https:\/\/www.erresse-shop.it\/de\/wp-json\/wp\/v2\/product_tag?post=421263"}],"curies":[{"name":"wp","href":"https:\/\/api.w.org\/{rel}","templated":true}]}}