{"id":421251,"date":"2024-07-15T06:43:15","date_gmt":"2024-07-15T06:43:16","guid":{"rendered":"https:\/\/www.erresse-shop.it\/?post_type=product&#038;p=421251"},"modified":"2025-01-22T07:21:28","modified_gmt":"2025-01-22T07:21:28","slug":"zwilling-satz-4-steak-messer-pro-copia","status":"publish","type":"product","link":"https:\/\/www.erresse-shop.it\/de\/shop\/kuche\/werkzeuge\/zwilling-satz-4-steak-messer-pro-copia\/","title":{"rendered":"ZWILLING PRO Gezackter K\u00e4sehobel"},"content":{"rendered":"<p>Haben Sie eine Schw\u00e4che f\u00fcr K\u00e4se? Wir auch. Deshalb haben wir uns mit den Designern Matteo Thun und Antonio Rodriguez zusammengetan, um einen K\u00e4sehobel mit gezackter Klinge speziell f\u00fcr Hartk\u00e4se zu entwickeln. Dieser K\u00e4sehobel zeichnet sich durch massiven Edelstahl und eine hervorragende Verarbeitung aus. Alle Funktionsteile sind fest miteinander verbunden, so dass ein \u00e4u\u00dferst robustes und langlebiges Objekt entsteht. Da der Stahl teilweise undurchsichtig ist, ergibt sich ein interessanter Kontrast zwischen gl\u00e4nzenden und undurchsichtigen Oberfl\u00e4chen. Der K\u00e4sehobel sieht aber auch einfach an der Werkzeugleiste h\u00e4ngend gut aus. Der in den Griff integrierte Ring hat die perfekte Gr\u00f6\u00dfe, um problemlos an alle Arten von K\u00fcchenhaken zu passen. Der Griff liegt dank seines ergonomischen Designs perfekt in der Hand. So l\u00e4sst er sich noch leichter handhaben. Die K\u00e4sehobel mit gezahnter Klinge sind au\u00dferordentlich scharf und erm\u00f6glichen das Schneiden von Hartk\u00e4se mit besonderer Leichtigkeit. Nach dem Gebrauch k\u00f6nnen Sie sie in der Sp\u00fclmaschine reinigen.<\/p>\n<ul>\n<li>Minimalistisches Design von Matteo Thun und Antonio Rodriguez<\/li>\n<li>Hergestellt aus hochwertigem Edelstahl<\/li>\n<li>Ergonomisch geformte Griffe f\u00fcr erm\u00fcdungsfreies Arbeiten, mit durchgehendem \u00dcbergang zum Schaft f\u00fcr maximale Hygiene<\/li>\n<li>Gezahnte Klinge zum Schneiden von Hartk\u00e4se<\/li>\n<li>Alle Funktionsteile sind fest mit dem Griff verbunden Sp\u00fclmaschinengeeignet<\/li>\n<\/ul>\n","protected":false},"excerpt":{"rendered":"<p>Haben Sie eine Schw\u00e4che f\u00fcr K\u00e4se? Wir auch. Deshalb haben wir uns mit den Designern Matteo Thun und Antonio Rodriguez<\/p>\n","protected":false},"featured_media":507868,"template":"","meta":{"_acf_changed":false,"inline_featured_image":false},"product_cat":[6742,25334],"product_tag":[25038,11395,11403,17114,15404,25022],"acf":[],"yoast_head":"<!-- This site is optimized with the Yoast SEO Premium plugin v18.6 (Yoast SEO v19.13) - https:\/\/yoast.com\/wordpress\/plugins\/seo\/ -->\n<title>ZWILLING PRO Gezackter K\u00e4sehobel<\/title>\n<meta name=\"description\" content=\"Entdecken Sie ZWILLING PRO Gezackter K\u00e4sehobel bei ErresseShop. Qualit\u00e4t, Stil und Funktionalit\u00e4t \u2013 jetzt online bestellen!\" \/>\n<meta name=\"robots\" content=\"index, follow, max-snippet:-1, max-image-preview:large, max-video-preview:-1\" \/>\n<link rel=\"canonical\" href=\"https:\/\/www.erresse-shop.it\/de\/shop\/kuche\/werkzeuge\/zwilling-satz-4-steak-messer-pro-copia\/\" \/>\n<meta property=\"og:locale\" content=\"de_DE\" \/>\n<meta property=\"og:type\" content=\"article\" \/>\n<meta property=\"og:title\" content=\"ZWILLING PRO Gezackter K\u00e4sehobel\" \/>\n<meta property=\"og:description\" content=\"Entdecken Sie ZWILLING PRO Gezackter K\u00e4sehobel bei ErresseShop. Qualit\u00e4t, Stil und Funktionalit\u00e4t \u2013 jetzt online bestellen!\" \/>\n<meta property=\"og:url\" content=\"https:\/\/www.erresse-shop.it\/de\/shop\/kuche\/werkzeuge\/zwilling-satz-4-steak-messer-pro-copia\/\" \/>\n<meta property=\"og:site_name\" content=\"Erresse Shop\" \/>\n<meta property=\"article:modified_time\" content=\"2025-01-22T07:21:28+00:00\" \/>\n<meta property=\"og:image\" content=\"https:\/\/www.erresse-shop.it\/wp-content\/uploads\/2024\/07\/ZWILLING-PRO-Affetta-Formaggio-Seghettato.png\" \/>\n\t<meta property=\"og:image:width\" content=\"800\" \/>\n\t<meta property=\"og:image:height\" content=\"800\" \/>\n\t<meta property=\"og:image:type\" content=\"image\/png\" \/>\n<meta name=\"twitter:card\" content=\"summary_large_image\" \/>\n<script type=\"application\/ld+json\" class=\"yoast-schema-graph\">{\"@context\":\"https:\/\/schema.org\",\"@graph\":[{\"@type\":\"WebPage\",\"@id\":\"https:\/\/www.erresse-shop.it\/de\/shop\/kuche\/werkzeuge\/zwilling-satz-4-steak-messer-pro-copia\/\",\"url\":\"https:\/\/www.erresse-shop.it\/de\/shop\/kuche\/werkzeuge\/zwilling-satz-4-steak-messer-pro-copia\/\",\"name\":\"ZWILLING PRO Gezackter K\u00e4sehobel\",\"isPartOf\":{\"@id\":\"https:\/\/www.erresse-shop.it\/de\/#website\"},\"datePublished\":\"2024-07-15T06:43:16+00:00\",\"dateModified\":\"2025-01-22T07:21:28+00:00\",\"description\":\"Entdecken Sie ZWILLING PRO Gezackter K\u00e4sehobel bei ErresseShop. Qualit\u00e4t, Stil und Funktionalit\u00e4t \u2013 jetzt online bestellen!\",\"breadcrumb\":{\"@id\":\"https:\/\/www.erresse-shop.it\/de\/shop\/kuche\/werkzeuge\/zwilling-satz-4-steak-messer-pro-copia\/#breadcrumb\"},\"inLanguage\":\"de-DE\",\"potentialAction\":[{\"@type\":\"ReadAction\",\"target\":[\"https:\/\/www.erresse-shop.it\/de\/shop\/kuche\/werkzeuge\/zwilling-satz-4-steak-messer-pro-copia\/\"]}]},{\"@type\":\"BreadcrumbList\",\"@id\":\"https:\/\/www.erresse-shop.it\/de\/shop\/kuche\/werkzeuge\/zwilling-satz-4-steak-messer-pro-copia\/#breadcrumb\",\"itemListElement\":[{\"@type\":\"ListItem\",\"position\":1,\"name\":\"Home\",\"item\":\"https:\/\/www.erresse-shop.it\/de\/\"},{\"@type\":\"ListItem\",\"position\":2,\"name\":\"Shop\",\"item\":\"https:\/\/www.erresse-shop.it\/de\/shop\/\"},{\"@type\":\"ListItem\",\"position\":3,\"name\":\"ZWILLING PRO Gezackter K\u00e4sehobel\"}]},{\"@type\":\"WebSite\",\"@id\":\"https:\/\/www.erresse-shop.it\/de\/#website\",\"url\":\"https:\/\/www.erresse-shop.it\/de\/\",\"name\":\"Erresse Shop\",\"description\":\"Articoli di qualit\u00e0 per la casa\",\"potentialAction\":[{\"@type\":\"SearchAction\",\"target\":{\"@type\":\"EntryPoint\",\"urlTemplate\":\"https:\/\/www.erresse-shop.it\/de\/?s={search_term_string}\"},\"query-input\":\"required name=search_term_string\"}],\"inLanguage\":\"de-DE\"}]}<\/script>\n<!-- \/ Yoast SEO Premium plugin. -->","yoast_head_json":{"title":"ZWILLING PRO Gezackter K\u00e4sehobel","description":"Entdecken Sie ZWILLING PRO Gezackter K\u00e4sehobel bei ErresseShop. Qualit\u00e4t, Stil und Funktionalit\u00e4t \u2013 jetzt online bestellen!","robots":{"index":"index","follow":"follow","max-snippet":"max-snippet:-1","max-image-preview":"max-image-preview:large","max-video-preview":"max-video-preview:-1"},"canonical":"https:\/\/www.erresse-shop.it\/de\/shop\/kuche\/werkzeuge\/zwilling-satz-4-steak-messer-pro-copia\/","og_locale":"de_DE","og_type":"article","og_title":"ZWILLING PRO Gezackter K\u00e4sehobel","og_description":"Entdecken Sie ZWILLING PRO Gezackter K\u00e4sehobel bei ErresseShop. Qualit\u00e4t, Stil und Funktionalit\u00e4t \u2013 jetzt online bestellen!","og_url":"https:\/\/www.erresse-shop.it\/de\/shop\/kuche\/werkzeuge\/zwilling-satz-4-steak-messer-pro-copia\/","og_site_name":"Erresse Shop","article_modified_time":"2025-01-22T07:21:28+00:00","og_image":[{"width":800,"height":800,"url":"https:\/\/www.erresse-shop.it\/wp-content\/uploads\/2024\/07\/ZWILLING-PRO-Affetta-Formaggio-Seghettato.png","type":"image\/png"}],"twitter_card":"summary_large_image","schema":{"@context":"https:\/\/schema.org","@graph":[{"@type":"WebPage","@id":"https:\/\/www.erresse-shop.it\/de\/shop\/kuche\/werkzeuge\/zwilling-satz-4-steak-messer-pro-copia\/","url":"https:\/\/www.erresse-shop.it\/de\/shop\/kuche\/werkzeuge\/zwilling-satz-4-steak-messer-pro-copia\/","name":"ZWILLING PRO Gezackter K\u00e4sehobel","isPartOf":{"@id":"https:\/\/www.erresse-shop.it\/de\/#website"},"datePublished":"2024-07-15T06:43:16+00:00","dateModified":"2025-01-22T07:21:28+00:00","description":"Entdecken Sie ZWILLING PRO Gezackter K\u00e4sehobel bei ErresseShop. Qualit\u00e4t, Stil und Funktionalit\u00e4t \u2013 jetzt online bestellen!","breadcrumb":{"@id":"https:\/\/www.erresse-shop.it\/de\/shop\/kuche\/werkzeuge\/zwilling-satz-4-steak-messer-pro-copia\/#breadcrumb"},"inLanguage":"de-DE","potentialAction":[{"@type":"ReadAction","target":["https:\/\/www.erresse-shop.it\/de\/shop\/kuche\/werkzeuge\/zwilling-satz-4-steak-messer-pro-copia\/"]}]},{"@type":"BreadcrumbList","@id":"https:\/\/www.erresse-shop.it\/de\/shop\/kuche\/werkzeuge\/zwilling-satz-4-steak-messer-pro-copia\/#breadcrumb","itemListElement":[{"@type":"ListItem","position":1,"name":"Home","item":"https:\/\/www.erresse-shop.it\/de\/"},{"@type":"ListItem","position":2,"name":"Shop","item":"https:\/\/www.erresse-shop.it\/de\/shop\/"},{"@type":"ListItem","position":3,"name":"ZWILLING PRO Gezackter K\u00e4sehobel"}]},{"@type":"WebSite","@id":"https:\/\/www.erresse-shop.it\/de\/#website","url":"https:\/\/www.erresse-shop.it\/de\/","name":"Erresse Shop","description":"Articoli di qualit\u00e0 per la casa","potentialAction":[{"@type":"SearchAction","target":{"@type":"EntryPoint","urlTemplate":"https:\/\/www.erresse-shop.it\/de\/?s={search_term_string}"},"query-input":"required name=search_term_string"}],"inLanguage":"de-DE"}]}},"df_price":17.95,"df_sale_price":17.95,"df_regular_price":24.95,"df_image_link":"https:\/\/www.erresse-shop.it\/wp-content\/uploads\/2024\/07\/ZWILLING-PRO-Affetta-Formaggio-Seghettato-300x300.jpg","_links":{"self":[{"href":"https:\/\/www.erresse-shop.it\/de\/wp-json\/wp\/v2\/product\/421251"}],"collection":[{"href":"https:\/\/www.erresse-shop.it\/de\/wp-json\/wp\/v2\/product"}],"about":[{"href":"https:\/\/www.erresse-shop.it\/de\/wp-json\/wp\/v2\/types\/product"}],"wp:featuredmedia":[{"embeddable":true,"href":"https:\/\/www.erresse-shop.it\/de\/wp-json\/wp\/v2\/media\/507868"}],"wp:attachment":[{"href":"https:\/\/www.erresse-shop.it\/de\/wp-json\/wp\/v2\/media?parent=421251"}],"wp:term":[{"taxonomy":"product_cat","embeddable":true,"href":"https:\/\/www.erresse-shop.it\/de\/wp-json\/wp\/v2\/product_cat?post=421251"},{"taxonomy":"product_tag","embeddable":true,"href":"https:\/\/www.erresse-shop.it\/de\/wp-json\/wp\/v2\/product_tag?post=421251"}],"curies":[{"name":"wp","href":"https:\/\/api.w.org\/{rel}","templated":true}]}}