{"id":421160,"date":"2024-07-15T05:59:07","date_gmt":"2024-07-15T05:59:08","guid":{"rendered":"https:\/\/www.erresse-shop.it\/?post_type=product&#038;p=421160"},"modified":"2025-01-22T07:21:01","modified_gmt":"2025-01-22T07:21:01","slug":"zwilling-sommelier-korkenzieher-copia","status":"publish","type":"product","link":"https:\/\/www.erresse-shop.it\/de\/shop\/tisch\/weinbar-korkenzieher-dekanter-eiskubel\/korkenzieher\/zwilling-sommelier-korkenzieher-copia\/","title":{"rendered":"ZWILLING Sommelier Multifunktions-Korkenzieher"},"content":{"rendered":"<p>Der ZWILLING\u00ae Sommelier Classic Faltkorkenzieher vereint einen Folienschneider, einen Korkenzieher und einen Flaschen\u00f6ffner in einem Produkt. Der funktionale Korkenzieher\u00f6ffner aus Edelstahl hat einen ergonomischen Micarta-Griff und eine geschmiedete, geh\u00e4rtete Spirale mit rutschfester Beschichtung. Der Doppelhebel hat ein flexibles Gelenk, mit dem der Korken leicht gedreht und entfernt werden kann. Das Entfernen von Korken und Kapseln zum \u00d6ffnen von Flaschen wird mit diesem 3-in-1-Korkenzieher von ZWILLING\u00ae Classic zum Kinderspiel, perfekt f\u00fcr Sommeliers.<\/p>\n<ul>\n<li>Elegantes Design<\/li>\n<li>Mit hochwertigem Micarta-Griff<\/li>\n<li>Enth\u00e4lt drei Funktionen in einem: Folienschneider, Korkenzieher und Flaschen\u00f6ffner<\/li>\n<li>Spirale mit hochwertiger Antihaftbeschichtung<\/li>\n<\/ul>\n","protected":false},"excerpt":{"rendered":"<p>Der ZWILLING\u00ae Sommelier Classic Faltkorkenzieher vereint einen Folienschneider, einen Korkenzieher und einen Flaschen\u00f6ffner in einem Produkt. Der funktionale Korkenzieher\u00f6ffner aus<\/p>\n","protected":false},"featured_media":512749,"template":"","meta":{"_acf_changed":false,"inline_featured_image":false},"product_cat":[6787,6850,14462],"product_tag":[25038,13068,25022,11969],"acf":[],"yoast_head":"<!-- This site is optimized with the Yoast SEO Premium plugin v18.6 (Yoast SEO v19.13) - https:\/\/yoast.com\/wordpress\/plugins\/seo\/ -->\n<title>ZWILLING Sommelier Multifunktions-Korkenzieher<\/title>\n<meta name=\"description\" content=\"Entdecken Sie ZWILLING Sommelier Multifunktions-Korkenzieher bei ErresseShop. Qualit\u00e4t, Stil und Funktionalit\u00e4t \u2013 jetzt online bestellen!\" \/>\n<meta name=\"robots\" content=\"index, follow, max-snippet:-1, max-image-preview:large, max-video-preview:-1\" \/>\n<link rel=\"canonical\" href=\"https:\/\/www.erresse-shop.it\/de\/shop\/tisch\/weinbar-korkenzieher-dekanter-eiskubel\/korkenzieher\/zwilling-sommelier-korkenzieher-copia\/\" \/>\n<meta property=\"og:locale\" content=\"de_DE\" \/>\n<meta property=\"og:type\" content=\"article\" \/>\n<meta property=\"og:title\" content=\"ZWILLING Sommelier Multifunktions-Korkenzieher\" \/>\n<meta property=\"og:description\" content=\"Entdecken Sie ZWILLING Sommelier Multifunktions-Korkenzieher bei ErresseShop. Qualit\u00e4t, Stil und Funktionalit\u00e4t \u2013 jetzt online bestellen!\" \/>\n<meta property=\"og:url\" content=\"https:\/\/www.erresse-shop.it\/de\/shop\/tisch\/weinbar-korkenzieher-dekanter-eiskubel\/korkenzieher\/zwilling-sommelier-korkenzieher-copia\/\" \/>\n<meta property=\"og:site_name\" content=\"Erresse Shop\" \/>\n<meta property=\"article:modified_time\" content=\"2025-01-22T07:21:01+00:00\" \/>\n<meta property=\"og:image\" content=\"https:\/\/www.erresse-shop.it\/wp-content\/uploads\/2024\/07\/ZWILLING-Sommelier-Cavatappi-Multifunzione.png\" \/>\n\t<meta property=\"og:image:width\" content=\"800\" \/>\n\t<meta property=\"og:image:height\" content=\"800\" \/>\n\t<meta property=\"og:image:type\" content=\"image\/png\" \/>\n<meta name=\"twitter:card\" content=\"summary_large_image\" \/>\n<script type=\"application\/ld+json\" class=\"yoast-schema-graph\">{\"@context\":\"https:\/\/schema.org\",\"@graph\":[{\"@type\":\"WebPage\",\"@id\":\"https:\/\/www.erresse-shop.it\/de\/shop\/tisch\/weinbar-korkenzieher-dekanter-eiskubel\/korkenzieher\/zwilling-sommelier-korkenzieher-copia\/\",\"url\":\"https:\/\/www.erresse-shop.it\/de\/shop\/tisch\/weinbar-korkenzieher-dekanter-eiskubel\/korkenzieher\/zwilling-sommelier-korkenzieher-copia\/\",\"name\":\"ZWILLING Sommelier Multifunktions-Korkenzieher\",\"isPartOf\":{\"@id\":\"https:\/\/www.erresse-shop.it\/de\/#website\"},\"datePublished\":\"2024-07-15T05:59:08+00:00\",\"dateModified\":\"2025-01-22T07:21:01+00:00\",\"description\":\"Entdecken Sie ZWILLING Sommelier Multifunktions-Korkenzieher bei ErresseShop. Qualit\u00e4t, Stil und Funktionalit\u00e4t \u2013 jetzt online bestellen!\",\"breadcrumb\":{\"@id\":\"https:\/\/www.erresse-shop.it\/de\/shop\/tisch\/weinbar-korkenzieher-dekanter-eiskubel\/korkenzieher\/zwilling-sommelier-korkenzieher-copia\/#breadcrumb\"},\"inLanguage\":\"de-DE\",\"potentialAction\":[{\"@type\":\"ReadAction\",\"target\":[\"https:\/\/www.erresse-shop.it\/de\/shop\/tisch\/weinbar-korkenzieher-dekanter-eiskubel\/korkenzieher\/zwilling-sommelier-korkenzieher-copia\/\"]}]},{\"@type\":\"BreadcrumbList\",\"@id\":\"https:\/\/www.erresse-shop.it\/de\/shop\/tisch\/weinbar-korkenzieher-dekanter-eiskubel\/korkenzieher\/zwilling-sommelier-korkenzieher-copia\/#breadcrumb\",\"itemListElement\":[{\"@type\":\"ListItem\",\"position\":1,\"name\":\"Home\",\"item\":\"https:\/\/www.erresse-shop.it\/de\/\"},{\"@type\":\"ListItem\",\"position\":2,\"name\":\"Shop\",\"item\":\"https:\/\/www.erresse-shop.it\/de\/shop\/\"},{\"@type\":\"ListItem\",\"position\":3,\"name\":\"ZWILLING Sommelier Multifunktions-Korkenzieher\"}]},{\"@type\":\"WebSite\",\"@id\":\"https:\/\/www.erresse-shop.it\/de\/#website\",\"url\":\"https:\/\/www.erresse-shop.it\/de\/\",\"name\":\"Erresse Shop\",\"description\":\"Articoli di qualit\u00e0 per la casa\",\"potentialAction\":[{\"@type\":\"SearchAction\",\"target\":{\"@type\":\"EntryPoint\",\"urlTemplate\":\"https:\/\/www.erresse-shop.it\/de\/?s={search_term_string}\"},\"query-input\":\"required name=search_term_string\"}],\"inLanguage\":\"de-DE\"}]}<\/script>\n<!-- \/ Yoast SEO Premium plugin. -->","yoast_head_json":{"title":"ZWILLING Sommelier Multifunktions-Korkenzieher","description":"Entdecken Sie ZWILLING Sommelier Multifunktions-Korkenzieher bei ErresseShop. Qualit\u00e4t, Stil und Funktionalit\u00e4t \u2013 jetzt online bestellen!","robots":{"index":"index","follow":"follow","max-snippet":"max-snippet:-1","max-image-preview":"max-image-preview:large","max-video-preview":"max-video-preview:-1"},"canonical":"https:\/\/www.erresse-shop.it\/de\/shop\/tisch\/weinbar-korkenzieher-dekanter-eiskubel\/korkenzieher\/zwilling-sommelier-korkenzieher-copia\/","og_locale":"de_DE","og_type":"article","og_title":"ZWILLING Sommelier Multifunktions-Korkenzieher","og_description":"Entdecken Sie ZWILLING Sommelier Multifunktions-Korkenzieher bei ErresseShop. Qualit\u00e4t, Stil und Funktionalit\u00e4t \u2013 jetzt online bestellen!","og_url":"https:\/\/www.erresse-shop.it\/de\/shop\/tisch\/weinbar-korkenzieher-dekanter-eiskubel\/korkenzieher\/zwilling-sommelier-korkenzieher-copia\/","og_site_name":"Erresse Shop","article_modified_time":"2025-01-22T07:21:01+00:00","og_image":[{"width":800,"height":800,"url":"https:\/\/www.erresse-shop.it\/wp-content\/uploads\/2024\/07\/ZWILLING-Sommelier-Cavatappi-Multifunzione.png","type":"image\/png"}],"twitter_card":"summary_large_image","schema":{"@context":"https:\/\/schema.org","@graph":[{"@type":"WebPage","@id":"https:\/\/www.erresse-shop.it\/de\/shop\/tisch\/weinbar-korkenzieher-dekanter-eiskubel\/korkenzieher\/zwilling-sommelier-korkenzieher-copia\/","url":"https:\/\/www.erresse-shop.it\/de\/shop\/tisch\/weinbar-korkenzieher-dekanter-eiskubel\/korkenzieher\/zwilling-sommelier-korkenzieher-copia\/","name":"ZWILLING Sommelier Multifunktions-Korkenzieher","isPartOf":{"@id":"https:\/\/www.erresse-shop.it\/de\/#website"},"datePublished":"2024-07-15T05:59:08+00:00","dateModified":"2025-01-22T07:21:01+00:00","description":"Entdecken Sie ZWILLING Sommelier Multifunktions-Korkenzieher bei ErresseShop. Qualit\u00e4t, Stil und Funktionalit\u00e4t \u2013 jetzt online bestellen!","breadcrumb":{"@id":"https:\/\/www.erresse-shop.it\/de\/shop\/tisch\/weinbar-korkenzieher-dekanter-eiskubel\/korkenzieher\/zwilling-sommelier-korkenzieher-copia\/#breadcrumb"},"inLanguage":"de-DE","potentialAction":[{"@type":"ReadAction","target":["https:\/\/www.erresse-shop.it\/de\/shop\/tisch\/weinbar-korkenzieher-dekanter-eiskubel\/korkenzieher\/zwilling-sommelier-korkenzieher-copia\/"]}]},{"@type":"BreadcrumbList","@id":"https:\/\/www.erresse-shop.it\/de\/shop\/tisch\/weinbar-korkenzieher-dekanter-eiskubel\/korkenzieher\/zwilling-sommelier-korkenzieher-copia\/#breadcrumb","itemListElement":[{"@type":"ListItem","position":1,"name":"Home","item":"https:\/\/www.erresse-shop.it\/de\/"},{"@type":"ListItem","position":2,"name":"Shop","item":"https:\/\/www.erresse-shop.it\/de\/shop\/"},{"@type":"ListItem","position":3,"name":"ZWILLING Sommelier Multifunktions-Korkenzieher"}]},{"@type":"WebSite","@id":"https:\/\/www.erresse-shop.it\/de\/#website","url":"https:\/\/www.erresse-shop.it\/de\/","name":"Erresse Shop","description":"Articoli di qualit\u00e0 per la casa","potentialAction":[{"@type":"SearchAction","target":{"@type":"EntryPoint","urlTemplate":"https:\/\/www.erresse-shop.it\/de\/?s={search_term_string}"},"query-input":"required name=search_term_string"}],"inLanguage":"de-DE"}]}},"df_price":31.475,"df_sale_price":31.475,"df_regular_price":62.95,"df_image_link":"https:\/\/www.erresse-shop.it\/wp-content\/uploads\/2024\/07\/ZWILLING-Sommelier-Cavatappi-Multifunzione-300x300.jpg","_links":{"self":[{"href":"https:\/\/www.erresse-shop.it\/de\/wp-json\/wp\/v2\/product\/421160"}],"collection":[{"href":"https:\/\/www.erresse-shop.it\/de\/wp-json\/wp\/v2\/product"}],"about":[{"href":"https:\/\/www.erresse-shop.it\/de\/wp-json\/wp\/v2\/types\/product"}],"wp:featuredmedia":[{"embeddable":true,"href":"https:\/\/www.erresse-shop.it\/de\/wp-json\/wp\/v2\/media\/512749"}],"wp:attachment":[{"href":"https:\/\/www.erresse-shop.it\/de\/wp-json\/wp\/v2\/media?parent=421160"}],"wp:term":[{"taxonomy":"product_cat","embeddable":true,"href":"https:\/\/www.erresse-shop.it\/de\/wp-json\/wp\/v2\/product_cat?post=421160"},{"taxonomy":"product_tag","embeddable":true,"href":"https:\/\/www.erresse-shop.it\/de\/wp-json\/wp\/v2\/product_tag?post=421160"}],"curies":[{"name":"wp","href":"https:\/\/api.w.org\/{rel}","templated":true}]}}