{"id":421136,"date":"2024-07-15T05:34:34","date_gmt":"2024-07-15T05:34:34","guid":{"rendered":"https:\/\/www.erresse-shop.it\/?post_type=product&#038;p=421136"},"modified":"2025-03-26T09:10:08","modified_gmt":"2025-03-26T09:10:08","slug":"zwilling-z-cut-spiralreibe-copia","status":"publish","type":"product","link":"https:\/\/www.erresse-shop.it\/de\/shop\/tisch\/weinbar-korkenzieher-dekanter-eiskubel\/korkenzieher\/zwilling-z-cut-spiralreibe-copia\/","title":{"rendered":"ZWILLING Sommelier Korkenzieher"},"content":{"rendered":"<p>Mit unserem Doppel-Lift-Korkenzieher \u00f6ffnen Sie eine gute Flasche Wein mit Stil. Sie m\u00fcssen nur den Boden auf die Flasche setzen und den Griff drehen. Die praktischen Hebearme erm\u00f6glichen es Ihnen dann, den Korken mit einem Handgriff zu entfernen. Dieses Werkzeug f\u00fcr Weinliebhaber \u00fcberzeugt durch beste Qualit\u00e4t. Es ist vernickelt, so dass Rost kein Problem darstellt; dies ist nicht nur f\u00fcr den optischen Eindruck, sondern auch f\u00fcr die Hygiene sehr wichtig. Mit dem Doppelhub-Korkenzieher von ZWILLING wird das \u00d6ffnen des Weines zum Highlight des Abends.<\/p>\n<ul>\n<li>Vernickelt<\/li>\n<li>F\u00fcr leichtes \u00d6ffnen der Flasche<\/li>\n<li>Mit gesch\u00e4rfter Spindel und zentrierter Spitze<\/li>\n<\/ul>\n","protected":false},"excerpt":{"rendered":"<p>Mit unserem Doppel-Lift-Korkenzieher \u00f6ffnen Sie eine gute Flasche Wein mit Stil. Sie m\u00fcssen nur den Boden auf die Flasche setzen<\/p>\n","protected":false},"featured_media":507042,"template":"","meta":{"_acf_changed":false,"inline_featured_image":false},"product_cat":[6787,6850,14462],"product_tag":[25038,13068,25022,11969],"acf":[],"yoast_head":"<!-- This site is optimized with the Yoast SEO Premium plugin v18.6 (Yoast SEO v19.13) - https:\/\/yoast.com\/wordpress\/plugins\/seo\/ -->\n<title>ZWILLING Sommelier Korkenzieher<\/title>\n<meta name=\"description\" content=\"Entdecken Sie ZWILLING Sommelier Korkenzieher bei ErresseShop. Qualit\u00e4t, Stil und Funktionalit\u00e4t \u2013 jetzt online bestellen!\" \/>\n<meta name=\"robots\" content=\"index, follow, max-snippet:-1, max-image-preview:large, max-video-preview:-1\" \/>\n<link rel=\"canonical\" href=\"https:\/\/www.erresse-shop.it\/de\/shop\/tisch\/weinbar-korkenzieher-dekanter-eiskubel\/korkenzieher\/zwilling-z-cut-spiralreibe-copia\/\" \/>\n<meta property=\"og:locale\" content=\"de_DE\" \/>\n<meta property=\"og:type\" content=\"article\" \/>\n<meta property=\"og:title\" content=\"ZWILLING Sommelier Korkenzieher\" \/>\n<meta property=\"og:description\" content=\"Entdecken Sie ZWILLING Sommelier Korkenzieher bei ErresseShop. Qualit\u00e4t, Stil und Funktionalit\u00e4t \u2013 jetzt online bestellen!\" \/>\n<meta property=\"og:url\" content=\"https:\/\/www.erresse-shop.it\/de\/shop\/tisch\/weinbar-korkenzieher-dekanter-eiskubel\/korkenzieher\/zwilling-z-cut-spiralreibe-copia\/\" \/>\n<meta property=\"og:site_name\" content=\"Erresse Shop\" \/>\n<meta property=\"article:modified_time\" content=\"2025-03-26T09:10:08+00:00\" \/>\n<meta property=\"og:image\" content=\"https:\/\/www.erresse-shop.it\/wp-content\/uploads\/2024\/07\/ZWILLING-Sommelier-Cavatappi.png\" \/>\n\t<meta property=\"og:image:width\" content=\"800\" \/>\n\t<meta property=\"og:image:height\" content=\"800\" \/>\n\t<meta property=\"og:image:type\" content=\"image\/png\" \/>\n<meta name=\"twitter:card\" content=\"summary_large_image\" \/>\n<script type=\"application\/ld+json\" class=\"yoast-schema-graph\">{\"@context\":\"https:\/\/schema.org\",\"@graph\":[{\"@type\":\"WebPage\",\"@id\":\"https:\/\/www.erresse-shop.it\/de\/shop\/tisch\/weinbar-korkenzieher-dekanter-eiskubel\/korkenzieher\/zwilling-z-cut-spiralreibe-copia\/\",\"url\":\"https:\/\/www.erresse-shop.it\/de\/shop\/tisch\/weinbar-korkenzieher-dekanter-eiskubel\/korkenzieher\/zwilling-z-cut-spiralreibe-copia\/\",\"name\":\"ZWILLING Sommelier Korkenzieher\",\"isPartOf\":{\"@id\":\"https:\/\/www.erresse-shop.it\/de\/#website\"},\"datePublished\":\"2024-07-15T05:34:34+00:00\",\"dateModified\":\"2025-03-26T09:10:08+00:00\",\"description\":\"Entdecken Sie ZWILLING Sommelier Korkenzieher bei ErresseShop. Qualit\u00e4t, Stil und Funktionalit\u00e4t \u2013 jetzt online bestellen!\",\"breadcrumb\":{\"@id\":\"https:\/\/www.erresse-shop.it\/de\/shop\/tisch\/weinbar-korkenzieher-dekanter-eiskubel\/korkenzieher\/zwilling-z-cut-spiralreibe-copia\/#breadcrumb\"},\"inLanguage\":\"de-DE\",\"potentialAction\":[{\"@type\":\"ReadAction\",\"target\":[\"https:\/\/www.erresse-shop.it\/de\/shop\/tisch\/weinbar-korkenzieher-dekanter-eiskubel\/korkenzieher\/zwilling-z-cut-spiralreibe-copia\/\"]}]},{\"@type\":\"BreadcrumbList\",\"@id\":\"https:\/\/www.erresse-shop.it\/de\/shop\/tisch\/weinbar-korkenzieher-dekanter-eiskubel\/korkenzieher\/zwilling-z-cut-spiralreibe-copia\/#breadcrumb\",\"itemListElement\":[{\"@type\":\"ListItem\",\"position\":1,\"name\":\"Home\",\"item\":\"https:\/\/www.erresse-shop.it\/de\/\"},{\"@type\":\"ListItem\",\"position\":2,\"name\":\"Shop\",\"item\":\"https:\/\/www.erresse-shop.it\/de\/shop\/\"},{\"@type\":\"ListItem\",\"position\":3,\"name\":\"ZWILLING Sommelier Korkenzieher\"}]},{\"@type\":\"WebSite\",\"@id\":\"https:\/\/www.erresse-shop.it\/de\/#website\",\"url\":\"https:\/\/www.erresse-shop.it\/de\/\",\"name\":\"Erresse Shop\",\"description\":\"Articoli di qualit\u00e0 per la casa\",\"potentialAction\":[{\"@type\":\"SearchAction\",\"target\":{\"@type\":\"EntryPoint\",\"urlTemplate\":\"https:\/\/www.erresse-shop.it\/de\/?s={search_term_string}\"},\"query-input\":\"required name=search_term_string\"}],\"inLanguage\":\"de-DE\"}]}<\/script>\n<!-- \/ Yoast SEO Premium plugin. -->","yoast_head_json":{"title":"ZWILLING Sommelier Korkenzieher","description":"Entdecken Sie ZWILLING Sommelier Korkenzieher bei ErresseShop. Qualit\u00e4t, Stil und Funktionalit\u00e4t \u2013 jetzt online bestellen!","robots":{"index":"index","follow":"follow","max-snippet":"max-snippet:-1","max-image-preview":"max-image-preview:large","max-video-preview":"max-video-preview:-1"},"canonical":"https:\/\/www.erresse-shop.it\/de\/shop\/tisch\/weinbar-korkenzieher-dekanter-eiskubel\/korkenzieher\/zwilling-z-cut-spiralreibe-copia\/","og_locale":"de_DE","og_type":"article","og_title":"ZWILLING Sommelier Korkenzieher","og_description":"Entdecken Sie ZWILLING Sommelier Korkenzieher bei ErresseShop. Qualit\u00e4t, Stil und Funktionalit\u00e4t \u2013 jetzt online bestellen!","og_url":"https:\/\/www.erresse-shop.it\/de\/shop\/tisch\/weinbar-korkenzieher-dekanter-eiskubel\/korkenzieher\/zwilling-z-cut-spiralreibe-copia\/","og_site_name":"Erresse Shop","article_modified_time":"2025-03-26T09:10:08+00:00","og_image":[{"width":800,"height":800,"url":"https:\/\/www.erresse-shop.it\/wp-content\/uploads\/2024\/07\/ZWILLING-Sommelier-Cavatappi.png","type":"image\/png"}],"twitter_card":"summary_large_image","schema":{"@context":"https:\/\/schema.org","@graph":[{"@type":"WebPage","@id":"https:\/\/www.erresse-shop.it\/de\/shop\/tisch\/weinbar-korkenzieher-dekanter-eiskubel\/korkenzieher\/zwilling-z-cut-spiralreibe-copia\/","url":"https:\/\/www.erresse-shop.it\/de\/shop\/tisch\/weinbar-korkenzieher-dekanter-eiskubel\/korkenzieher\/zwilling-z-cut-spiralreibe-copia\/","name":"ZWILLING Sommelier Korkenzieher","isPartOf":{"@id":"https:\/\/www.erresse-shop.it\/de\/#website"},"datePublished":"2024-07-15T05:34:34+00:00","dateModified":"2025-03-26T09:10:08+00:00","description":"Entdecken Sie ZWILLING Sommelier Korkenzieher bei ErresseShop. Qualit\u00e4t, Stil und Funktionalit\u00e4t \u2013 jetzt online bestellen!","breadcrumb":{"@id":"https:\/\/www.erresse-shop.it\/de\/shop\/tisch\/weinbar-korkenzieher-dekanter-eiskubel\/korkenzieher\/zwilling-z-cut-spiralreibe-copia\/#breadcrumb"},"inLanguage":"de-DE","potentialAction":[{"@type":"ReadAction","target":["https:\/\/www.erresse-shop.it\/de\/shop\/tisch\/weinbar-korkenzieher-dekanter-eiskubel\/korkenzieher\/zwilling-z-cut-spiralreibe-copia\/"]}]},{"@type":"BreadcrumbList","@id":"https:\/\/www.erresse-shop.it\/de\/shop\/tisch\/weinbar-korkenzieher-dekanter-eiskubel\/korkenzieher\/zwilling-z-cut-spiralreibe-copia\/#breadcrumb","itemListElement":[{"@type":"ListItem","position":1,"name":"Home","item":"https:\/\/www.erresse-shop.it\/de\/"},{"@type":"ListItem","position":2,"name":"Shop","item":"https:\/\/www.erresse-shop.it\/de\/shop\/"},{"@type":"ListItem","position":3,"name":"ZWILLING Sommelier Korkenzieher"}]},{"@type":"WebSite","@id":"https:\/\/www.erresse-shop.it\/de\/#website","url":"https:\/\/www.erresse-shop.it\/de\/","name":"Erresse Shop","description":"Articoli di qualit\u00e0 per la casa","potentialAction":[{"@type":"SearchAction","target":{"@type":"EntryPoint","urlTemplate":"https:\/\/www.erresse-shop.it\/de\/?s={search_term_string}"},"query-input":"required name=search_term_string"}],"inLanguage":"de-DE"}]}},"df_price":29.975,"df_sale_price":29.975,"df_regular_price":59.95,"df_image_link":"https:\/\/www.erresse-shop.it\/wp-content\/uploads\/2024\/07\/ZWILLING-Sommelier-Cavatappi-300x300.jpg","_links":{"self":[{"href":"https:\/\/www.erresse-shop.it\/de\/wp-json\/wp\/v2\/product\/421136"}],"collection":[{"href":"https:\/\/www.erresse-shop.it\/de\/wp-json\/wp\/v2\/product"}],"about":[{"href":"https:\/\/www.erresse-shop.it\/de\/wp-json\/wp\/v2\/types\/product"}],"wp:featuredmedia":[{"embeddable":true,"href":"https:\/\/www.erresse-shop.it\/de\/wp-json\/wp\/v2\/media\/507042"}],"wp:attachment":[{"href":"https:\/\/www.erresse-shop.it\/de\/wp-json\/wp\/v2\/media?parent=421136"}],"wp:term":[{"taxonomy":"product_cat","embeddable":true,"href":"https:\/\/www.erresse-shop.it\/de\/wp-json\/wp\/v2\/product_cat?post=421136"},{"taxonomy":"product_tag","embeddable":true,"href":"https:\/\/www.erresse-shop.it\/de\/wp-json\/wp\/v2\/product_tag?post=421136"}],"curies":[{"name":"wp","href":"https:\/\/api.w.org\/{rel}","templated":true}]}}