{"id":421000,"date":"2024-07-12T14:03:10","date_gmt":"2024-07-12T14:03:10","guid":{"rendered":"https:\/\/www.erresse-shop.it\/?post_type=product&#038;p=421000"},"modified":"2025-01-22T07:20:58","modified_gmt":"2025-01-22T07:20:58","slug":"zwilling-z-cut-vertikale-reibe-mit-4-seiten-copia","status":"publish","type":"product","link":"https:\/\/www.erresse-shop.it\/de\/shop\/kuche\/reiben\/zwilling-z-cut-vertikale-reibe-mit-4-seiten-copia\/","title":{"rendered":"ZWILLING Z-CUT  Feine Reibe"},"content":{"rendered":"<p>Ein echter Allrounder, klein, aber oho f\u00fcr alle, die sich mit gesunden und frischen Zutaten verw\u00f6hnen: Entdecken Sie die Feinreibe der Z-Cut-Serie von ZWILLING. Dieses Multifunktionswerkzeug ist das Ergebnis unseres umfassenden Know-hows und verk\u00f6rpert die Technologien, die wir f\u00fcr Klingen und Messer verwenden. Perfekt zum feinen Reiben und Abreiben unterschiedlichster Zutaten: von Zitrusfr\u00fcchten bis hin zu Parmesan oder Muskatnuss. Die Feinreibe ist nicht nur vielseitig einsetzbar, sondern auch supereffizient: dank der patentierten ZWILLING Z-Cut-Technologie. Klingen im Z-Design mit bidirektionaler Schneidfunktion erm\u00f6glichen ein m\u00fcheloses Reiben. Und die Klingen aus 18\/10-Stahl sind wirklich scharf. Mit dem Zubeh\u00f6r k\u00f6nnen Sie die Vielseitigkeit der Reibe dann ganz nach Ihren W\u00fcnschen nutzen. Zum Beispiel der speziell daf\u00fcr konzipierte Beh\u00e4lter, um das, was Sie reiben, praktisch und schmutzfrei aufzufangen. Aber was w\u00e4re, wenn Sie den Parmesan direkt auf dem Teller reiben m\u00f6chten? Kein Problem, der Beh\u00e4lter l\u00e4sst sich mit einer einfachen Geste entnehmen. Die Reibe ist mit einem Zubeh\u00f6r ausgestattet, um auch kleinste Zutaten zu verarbeiten. Dank des integrierten Fingerschutzes besteht selbst beim Reiben eines kleinen St\u00fccks Ingwer keine Verletzungsgefahr. Die Feinreibe wurde in Deutschland entwickelt und vom Mail\u00e4nder Designerduo Matteo Thun und Antonio Rodriguez entworfen. Nach Gebrauch k\u00f6nnen Sie es auch in die Sp\u00fclmaschine geben, sodass es sehr einfach zu reinigen ist.<\/p>\n<ul>\n<li>3 in 1 Multifunktionsreibe mit Fingerschutz<\/li>\n<li>ZWILLING Z-Cut-Design mit bidirektionaler Klingentechnologie<\/li>\n<li>Optimale Ergebnisse, ohne Aufwand<\/li>\n<li>Anti-Rutsch-Pads f\u00fcr eine stets sichere Nutzung<\/li>\n<li>Es ist sp\u00fclmaschinenfest, beh\u00e4lt seine Form und sein Aussehen und h\u00e4lt lange<\/li>\n<\/ul>\n","protected":false},"excerpt":{"rendered":"<p>Ein echter Allrounder, klein, aber oho f\u00fcr alle, die sich mit gesunden und frischen Zutaten verw\u00f6hnen: Entdecken Sie die Feinreibe<\/p>\n","protected":false},"featured_media":496140,"template":"","meta":{"_acf_changed":false,"inline_featured_image":false},"product_cat":[6742,26038],"product_tag":[25038,25022],"acf":[],"yoast_head":"<!-- This site is optimized with the Yoast SEO Premium plugin v18.6 (Yoast SEO v19.13) - https:\/\/yoast.com\/wordpress\/plugins\/seo\/ -->\n<title>ZWILLING Z-CUT Feine Reibe<\/title>\n<meta name=\"description\" content=\"Entdecken Sie ZWILLING Z-CUT\u00a0 Feine Reibe bei ErresseShop. Qualit\u00e4t, Stil und Funktionalit\u00e4t \u2013 jetzt online bestellen!\" \/>\n<meta name=\"robots\" content=\"index, follow, max-snippet:-1, max-image-preview:large, max-video-preview:-1\" \/>\n<link rel=\"canonical\" href=\"https:\/\/www.erresse-shop.it\/de\/shop\/kuche\/reiben\/zwilling-z-cut-vertikale-reibe-mit-4-seiten-copia\/\" \/>\n<meta property=\"og:locale\" content=\"de_DE\" \/>\n<meta property=\"og:type\" content=\"article\" \/>\n<meta property=\"og:title\" content=\"ZWILLING Z-CUT Feine Reibe\" \/>\n<meta property=\"og:description\" content=\"Entdecken Sie ZWILLING Z-CUT\u00a0 Feine Reibe bei ErresseShop. Qualit\u00e4t, Stil und Funktionalit\u00e4t \u2013 jetzt online bestellen!\" \/>\n<meta property=\"og:url\" content=\"https:\/\/www.erresse-shop.it\/de\/shop\/kuche\/reiben\/zwilling-z-cut-vertikale-reibe-mit-4-seiten-copia\/\" \/>\n<meta property=\"og:site_name\" content=\"Erresse Shop\" \/>\n<meta property=\"article:modified_time\" content=\"2025-01-22T07:20:58+00:00\" \/>\n<meta property=\"og:image\" content=\"https:\/\/www.erresse-shop.it\/wp-content\/uploads\/2024\/07\/ZWILLING-Z-CUT-Grattugia-Fine.png\" \/>\n\t<meta property=\"og:image:width\" content=\"800\" \/>\n\t<meta property=\"og:image:height\" content=\"800\" \/>\n\t<meta property=\"og:image:type\" content=\"image\/png\" \/>\n<meta name=\"twitter:card\" content=\"summary_large_image\" \/>\n<script type=\"application\/ld+json\" class=\"yoast-schema-graph\">{\"@context\":\"https:\/\/schema.org\",\"@graph\":[{\"@type\":\"WebPage\",\"@id\":\"https:\/\/www.erresse-shop.it\/de\/shop\/kuche\/reiben\/zwilling-z-cut-vertikale-reibe-mit-4-seiten-copia\/\",\"url\":\"https:\/\/www.erresse-shop.it\/de\/shop\/kuche\/reiben\/zwilling-z-cut-vertikale-reibe-mit-4-seiten-copia\/\",\"name\":\"ZWILLING Z-CUT Feine Reibe\",\"isPartOf\":{\"@id\":\"https:\/\/www.erresse-shop.it\/de\/#website\"},\"datePublished\":\"2024-07-12T14:03:10+00:00\",\"dateModified\":\"2025-01-22T07:20:58+00:00\",\"description\":\"Entdecken Sie ZWILLING Z-CUT\u00a0 Feine Reibe bei ErresseShop. Qualit\u00e4t, Stil und Funktionalit\u00e4t \u2013 jetzt online bestellen!\",\"breadcrumb\":{\"@id\":\"https:\/\/www.erresse-shop.it\/de\/shop\/kuche\/reiben\/zwilling-z-cut-vertikale-reibe-mit-4-seiten-copia\/#breadcrumb\"},\"inLanguage\":\"de-DE\",\"potentialAction\":[{\"@type\":\"ReadAction\",\"target\":[\"https:\/\/www.erresse-shop.it\/de\/shop\/kuche\/reiben\/zwilling-z-cut-vertikale-reibe-mit-4-seiten-copia\/\"]}]},{\"@type\":\"BreadcrumbList\",\"@id\":\"https:\/\/www.erresse-shop.it\/de\/shop\/kuche\/reiben\/zwilling-z-cut-vertikale-reibe-mit-4-seiten-copia\/#breadcrumb\",\"itemListElement\":[{\"@type\":\"ListItem\",\"position\":1,\"name\":\"Home\",\"item\":\"https:\/\/www.erresse-shop.it\/de\/\"},{\"@type\":\"ListItem\",\"position\":2,\"name\":\"Shop\",\"item\":\"https:\/\/www.erresse-shop.it\/de\/shop\/\"},{\"@type\":\"ListItem\",\"position\":3,\"name\":\"ZWILLING Z-CUT Feine Reibe\"}]},{\"@type\":\"WebSite\",\"@id\":\"https:\/\/www.erresse-shop.it\/de\/#website\",\"url\":\"https:\/\/www.erresse-shop.it\/de\/\",\"name\":\"Erresse Shop\",\"description\":\"Articoli di qualit\u00e0 per la casa\",\"potentialAction\":[{\"@type\":\"SearchAction\",\"target\":{\"@type\":\"EntryPoint\",\"urlTemplate\":\"https:\/\/www.erresse-shop.it\/de\/?s={search_term_string}\"},\"query-input\":\"required name=search_term_string\"}],\"inLanguage\":\"de-DE\"}]}<\/script>\n<!-- \/ Yoast SEO Premium plugin. -->","yoast_head_json":{"title":"ZWILLING Z-CUT Feine Reibe","description":"Entdecken Sie ZWILLING Z-CUT\u00a0 Feine Reibe bei ErresseShop. Qualit\u00e4t, Stil und Funktionalit\u00e4t \u2013 jetzt online bestellen!","robots":{"index":"index","follow":"follow","max-snippet":"max-snippet:-1","max-image-preview":"max-image-preview:large","max-video-preview":"max-video-preview:-1"},"canonical":"https:\/\/www.erresse-shop.it\/de\/shop\/kuche\/reiben\/zwilling-z-cut-vertikale-reibe-mit-4-seiten-copia\/","og_locale":"de_DE","og_type":"article","og_title":"ZWILLING Z-CUT Feine Reibe","og_description":"Entdecken Sie ZWILLING Z-CUT\u00a0 Feine Reibe bei ErresseShop. Qualit\u00e4t, Stil und Funktionalit\u00e4t \u2013 jetzt online bestellen!","og_url":"https:\/\/www.erresse-shop.it\/de\/shop\/kuche\/reiben\/zwilling-z-cut-vertikale-reibe-mit-4-seiten-copia\/","og_site_name":"Erresse Shop","article_modified_time":"2025-01-22T07:20:58+00:00","og_image":[{"width":800,"height":800,"url":"https:\/\/www.erresse-shop.it\/wp-content\/uploads\/2024\/07\/ZWILLING-Z-CUT-Grattugia-Fine.png","type":"image\/png"}],"twitter_card":"summary_large_image","schema":{"@context":"https:\/\/schema.org","@graph":[{"@type":"WebPage","@id":"https:\/\/www.erresse-shop.it\/de\/shop\/kuche\/reiben\/zwilling-z-cut-vertikale-reibe-mit-4-seiten-copia\/","url":"https:\/\/www.erresse-shop.it\/de\/shop\/kuche\/reiben\/zwilling-z-cut-vertikale-reibe-mit-4-seiten-copia\/","name":"ZWILLING Z-CUT Feine Reibe","isPartOf":{"@id":"https:\/\/www.erresse-shop.it\/de\/#website"},"datePublished":"2024-07-12T14:03:10+00:00","dateModified":"2025-01-22T07:20:58+00:00","description":"Entdecken Sie ZWILLING Z-CUT\u00a0 Feine Reibe bei ErresseShop. Qualit\u00e4t, Stil und Funktionalit\u00e4t \u2013 jetzt online bestellen!","breadcrumb":{"@id":"https:\/\/www.erresse-shop.it\/de\/shop\/kuche\/reiben\/zwilling-z-cut-vertikale-reibe-mit-4-seiten-copia\/#breadcrumb"},"inLanguage":"de-DE","potentialAction":[{"@type":"ReadAction","target":["https:\/\/www.erresse-shop.it\/de\/shop\/kuche\/reiben\/zwilling-z-cut-vertikale-reibe-mit-4-seiten-copia\/"]}]},{"@type":"BreadcrumbList","@id":"https:\/\/www.erresse-shop.it\/de\/shop\/kuche\/reiben\/zwilling-z-cut-vertikale-reibe-mit-4-seiten-copia\/#breadcrumb","itemListElement":[{"@type":"ListItem","position":1,"name":"Home","item":"https:\/\/www.erresse-shop.it\/de\/"},{"@type":"ListItem","position":2,"name":"Shop","item":"https:\/\/www.erresse-shop.it\/de\/shop\/"},{"@type":"ListItem","position":3,"name":"ZWILLING Z-CUT Feine Reibe"}]},{"@type":"WebSite","@id":"https:\/\/www.erresse-shop.it\/de\/#website","url":"https:\/\/www.erresse-shop.it\/de\/","name":"Erresse Shop","description":"Articoli di qualit\u00e0 per la casa","potentialAction":[{"@type":"SearchAction","target":{"@type":"EntryPoint","urlTemplate":"https:\/\/www.erresse-shop.it\/de\/?s={search_term_string}"},"query-input":"required name=search_term_string"}],"inLanguage":"de-DE"}]}},"df_price":15.95,"df_sale_price":15.95,"df_regular_price":19.95,"df_image_link":"https:\/\/www.erresse-shop.it\/wp-content\/uploads\/2024\/07\/ZWILLING-Z-CUT-Grattugia-Fine-300x300.jpg","_links":{"self":[{"href":"https:\/\/www.erresse-shop.it\/de\/wp-json\/wp\/v2\/product\/421000"}],"collection":[{"href":"https:\/\/www.erresse-shop.it\/de\/wp-json\/wp\/v2\/product"}],"about":[{"href":"https:\/\/www.erresse-shop.it\/de\/wp-json\/wp\/v2\/types\/product"}],"wp:featuredmedia":[{"embeddable":true,"href":"https:\/\/www.erresse-shop.it\/de\/wp-json\/wp\/v2\/media\/496140"}],"wp:attachment":[{"href":"https:\/\/www.erresse-shop.it\/de\/wp-json\/wp\/v2\/media?parent=421000"}],"wp:term":[{"taxonomy":"product_cat","embeddable":true,"href":"https:\/\/www.erresse-shop.it\/de\/wp-json\/wp\/v2\/product_cat?post=421000"},{"taxonomy":"product_tag","embeddable":true,"href":"https:\/\/www.erresse-shop.it\/de\/wp-json\/wp\/v2\/product_tag?post=421000"}],"curies":[{"name":"wp","href":"https:\/\/api.w.org\/{rel}","templated":true}]}}