{"id":420915,"date":"2024-07-12T13:28:31","date_gmt":"2024-07-12T13:28:32","guid":{"rendered":"https:\/\/www.erresse-shop.it\/?post_type=product&#038;p=420915"},"modified":"2025-01-22T07:20:57","modified_gmt":"2025-01-22T07:20:57","slug":"zwilling-enfinigy-toaster-2-schlitze-schwarz-mit-warmhaltefu-copia","status":"publish","type":"product","link":"https:\/\/www.erresse-shop.it\/de\/shop\/kuche\/reiben\/zwilling-enfinigy-toaster-2-schlitze-schwarz-mit-warmhaltefu-copia\/","title":{"rendered":"ZWILLING Z-CUT Multifunktionsreibe"},"content":{"rendered":"<p>Der kompakte Allrounder f\u00fcr Ihre K\u00fcche: Die Multifunktionsreibe aus der Z-Cut-Serie von ZWILLING schneidet, hobelt und reibt mit nur einem unverzichtbaren Werkzeug. Die vier austauschbaren Klingen (feine, mittlere, grobe Reibe und Schneidmesser) machen dieses Multifunktionswerkzeug unverzichtbar f\u00fcr die schnelle und einfache Verarbeitung von Obst, Gem\u00fcse, Hartk\u00e4se, Trockenfr\u00fcchten und Schokolade. Unglaublich effizient: Diese vielseitige Reibe nutzt die patentierte Z-Cut-Technologie. Die Klingen sind das Ergebnis unseres umfassenden Know-hows und der Technologien, die wir f\u00fcr Klingen und Messer verwenden. Dank der Zwei-Wege-Schneidefunktion ist das Schneiden von Zutaten in handliche Portionen ein Kinderspiel. Das Kleinmengenzubeh\u00f6r eignet sich ideal zum Verarbeiten kleinster Zutaten, ohne Verletzungsgefahr dank integriertem Fingerschutz. Der Beh\u00e4lter l\u00e4sst sich zudem leicht abnehmen und verleiht der Reibe mit ihrem gummierten Boden eine unglaubliche Stabilit\u00e4t f\u00fcr eine bessere Kontrolle. Sogar das Auge will seinen Teil: Sein modernes und minimalistisches Design stammt aus der Kreativit\u00e4t des Mail\u00e4nder Duos Matteo Thun und Antonio Rodriguez. Die Reibe kann bequem in der Sp\u00fclmaschine gewaschen werden und ist wirklich leicht zu reinigen. Ein Tipp: Versuchen Sie, die Reibe direkt \u00fcber den ZWILLING FRESH &amp; SAVE Vakuumiersets der Gr\u00f6\u00dfe M oder L zu verwenden, um das Geriebene haltbar zu machen, ohne es umf\u00fcllen zu m\u00fcssen und ohne eine Sauerei zu verursachen.<\/p>\n<ul>\n<li>Kompakte 7-in-1-Multifunktionsreibe<\/li>\n<li>4 auswechselbare Messereins\u00e4tze zum Reiben, Feinschneiden oder Hobeln<\/li>\n<li>Zubeh\u00f6r mit integriertem Fingerschutz: maximale Sicherheit<\/li>\n<li>ZWILLING Z-Cut-Design mit bidirektionaler Klingentechnologie<\/li>\n<li>Optimale Ergebnisse, ohne Aufwand<\/li>\n<li>Sp\u00fclmaschinenfest, beh\u00e4lt Form und Aussehen<\/li>\n<li>Anti-Rutsch-Pads f\u00fcr eine stets sichere Nutzung<\/li>\n<li>Verwende es mit den FRESH &amp; SAVE Sets in Gr\u00f6\u00dfe M und L<\/li>\n<\/ul>\n","protected":false},"excerpt":{"rendered":"<p>Der kompakte Allrounder f\u00fcr Ihre K\u00fcche: Die Multifunktionsreibe aus der Z-Cut-Serie von ZWILLING schneidet, hobelt und reibt mit nur einem<\/p>\n","protected":false},"featured_media":488107,"template":"","meta":{"_acf_changed":false,"inline_featured_image":false},"product_cat":[6742,26038],"product_tag":[25038,17114,25022],"acf":[],"yoast_head":"<!-- This site is optimized with the Yoast SEO Premium plugin v18.6 (Yoast SEO v19.13) - https:\/\/yoast.com\/wordpress\/plugins\/seo\/ -->\n<title>ZWILLING Z-CUT Multifunktionsreibe<\/title>\n<meta name=\"description\" content=\"Entdecken Sie ZWILLING Z-CUT Multifunktionsreibe bei ErresseShop. Qualit\u00e4t, Stil und Funktionalit\u00e4t \u2013 jetzt online bestellen!\" \/>\n<meta name=\"robots\" content=\"index, follow, max-snippet:-1, max-image-preview:large, max-video-preview:-1\" \/>\n<link rel=\"canonical\" href=\"https:\/\/www.erresse-shop.it\/de\/shop\/kuche\/reiben\/zwilling-enfinigy-toaster-2-schlitze-schwarz-mit-warmhaltefu-copia\/\" \/>\n<meta property=\"og:locale\" content=\"de_DE\" \/>\n<meta property=\"og:type\" content=\"article\" \/>\n<meta property=\"og:title\" content=\"ZWILLING Z-CUT Multifunktionsreibe\" \/>\n<meta property=\"og:description\" content=\"Entdecken Sie ZWILLING Z-CUT Multifunktionsreibe bei ErresseShop. Qualit\u00e4t, Stil und Funktionalit\u00e4t \u2013 jetzt online bestellen!\" \/>\n<meta property=\"og:url\" content=\"https:\/\/www.erresse-shop.it\/de\/shop\/kuche\/reiben\/zwilling-enfinigy-toaster-2-schlitze-schwarz-mit-warmhaltefu-copia\/\" \/>\n<meta property=\"og:site_name\" content=\"Erresse Shop\" \/>\n<meta property=\"article:modified_time\" content=\"2025-01-22T07:20:57+00:00\" \/>\n<meta property=\"og:image\" content=\"https:\/\/www.erresse-shop.it\/wp-content\/uploads\/2024\/07\/ZWILLING-Grattugia-Multifunzione-Grigio.png\" \/>\n\t<meta property=\"og:image:width\" content=\"800\" \/>\n\t<meta property=\"og:image:height\" content=\"800\" \/>\n\t<meta property=\"og:image:type\" content=\"image\/png\" \/>\n<meta name=\"twitter:card\" content=\"summary_large_image\" \/>\n<script type=\"application\/ld+json\" class=\"yoast-schema-graph\">{\"@context\":\"https:\/\/schema.org\",\"@graph\":[{\"@type\":\"WebPage\",\"@id\":\"https:\/\/www.erresse-shop.it\/de\/shop\/kuche\/reiben\/zwilling-enfinigy-toaster-2-schlitze-schwarz-mit-warmhaltefu-copia\/\",\"url\":\"https:\/\/www.erresse-shop.it\/de\/shop\/kuche\/reiben\/zwilling-enfinigy-toaster-2-schlitze-schwarz-mit-warmhaltefu-copia\/\",\"name\":\"ZWILLING Z-CUT Multifunktionsreibe\",\"isPartOf\":{\"@id\":\"https:\/\/www.erresse-shop.it\/de\/#website\"},\"datePublished\":\"2024-07-12T13:28:32+00:00\",\"dateModified\":\"2025-01-22T07:20:57+00:00\",\"description\":\"Entdecken Sie ZWILLING Z-CUT Multifunktionsreibe bei ErresseShop. Qualit\u00e4t, Stil und Funktionalit\u00e4t \u2013 jetzt online bestellen!\",\"breadcrumb\":{\"@id\":\"https:\/\/www.erresse-shop.it\/de\/shop\/kuche\/reiben\/zwilling-enfinigy-toaster-2-schlitze-schwarz-mit-warmhaltefu-copia\/#breadcrumb\"},\"inLanguage\":\"de-DE\",\"potentialAction\":[{\"@type\":\"ReadAction\",\"target\":[\"https:\/\/www.erresse-shop.it\/de\/shop\/kuche\/reiben\/zwilling-enfinigy-toaster-2-schlitze-schwarz-mit-warmhaltefu-copia\/\"]}]},{\"@type\":\"BreadcrumbList\",\"@id\":\"https:\/\/www.erresse-shop.it\/de\/shop\/kuche\/reiben\/zwilling-enfinigy-toaster-2-schlitze-schwarz-mit-warmhaltefu-copia\/#breadcrumb\",\"itemListElement\":[{\"@type\":\"ListItem\",\"position\":1,\"name\":\"Home\",\"item\":\"https:\/\/www.erresse-shop.it\/de\/\"},{\"@type\":\"ListItem\",\"position\":2,\"name\":\"Shop\",\"item\":\"https:\/\/www.erresse-shop.it\/de\/shop\/\"},{\"@type\":\"ListItem\",\"position\":3,\"name\":\"ZWILLING Z-CUT Multifunktionsreibe\"}]},{\"@type\":\"WebSite\",\"@id\":\"https:\/\/www.erresse-shop.it\/de\/#website\",\"url\":\"https:\/\/www.erresse-shop.it\/de\/\",\"name\":\"Erresse Shop\",\"description\":\"Articoli di qualit\u00e0 per la casa\",\"potentialAction\":[{\"@type\":\"SearchAction\",\"target\":{\"@type\":\"EntryPoint\",\"urlTemplate\":\"https:\/\/www.erresse-shop.it\/de\/?s={search_term_string}\"},\"query-input\":\"required name=search_term_string\"}],\"inLanguage\":\"de-DE\"}]}<\/script>\n<!-- \/ Yoast SEO Premium plugin. -->","yoast_head_json":{"title":"ZWILLING Z-CUT Multifunktionsreibe","description":"Entdecken Sie ZWILLING Z-CUT Multifunktionsreibe bei ErresseShop. Qualit\u00e4t, Stil und Funktionalit\u00e4t \u2013 jetzt online bestellen!","robots":{"index":"index","follow":"follow","max-snippet":"max-snippet:-1","max-image-preview":"max-image-preview:large","max-video-preview":"max-video-preview:-1"},"canonical":"https:\/\/www.erresse-shop.it\/de\/shop\/kuche\/reiben\/zwilling-enfinigy-toaster-2-schlitze-schwarz-mit-warmhaltefu-copia\/","og_locale":"de_DE","og_type":"article","og_title":"ZWILLING Z-CUT Multifunktionsreibe","og_description":"Entdecken Sie ZWILLING Z-CUT Multifunktionsreibe bei ErresseShop. Qualit\u00e4t, Stil und Funktionalit\u00e4t \u2013 jetzt online bestellen!","og_url":"https:\/\/www.erresse-shop.it\/de\/shop\/kuche\/reiben\/zwilling-enfinigy-toaster-2-schlitze-schwarz-mit-warmhaltefu-copia\/","og_site_name":"Erresse Shop","article_modified_time":"2025-01-22T07:20:57+00:00","og_image":[{"width":800,"height":800,"url":"https:\/\/www.erresse-shop.it\/wp-content\/uploads\/2024\/07\/ZWILLING-Grattugia-Multifunzione-Grigio.png","type":"image\/png"}],"twitter_card":"summary_large_image","schema":{"@context":"https:\/\/schema.org","@graph":[{"@type":"WebPage","@id":"https:\/\/www.erresse-shop.it\/de\/shop\/kuche\/reiben\/zwilling-enfinigy-toaster-2-schlitze-schwarz-mit-warmhaltefu-copia\/","url":"https:\/\/www.erresse-shop.it\/de\/shop\/kuche\/reiben\/zwilling-enfinigy-toaster-2-schlitze-schwarz-mit-warmhaltefu-copia\/","name":"ZWILLING Z-CUT Multifunktionsreibe","isPartOf":{"@id":"https:\/\/www.erresse-shop.it\/de\/#website"},"datePublished":"2024-07-12T13:28:32+00:00","dateModified":"2025-01-22T07:20:57+00:00","description":"Entdecken Sie ZWILLING Z-CUT Multifunktionsreibe bei ErresseShop. Qualit\u00e4t, Stil und Funktionalit\u00e4t \u2013 jetzt online bestellen!","breadcrumb":{"@id":"https:\/\/www.erresse-shop.it\/de\/shop\/kuche\/reiben\/zwilling-enfinigy-toaster-2-schlitze-schwarz-mit-warmhaltefu-copia\/#breadcrumb"},"inLanguage":"de-DE","potentialAction":[{"@type":"ReadAction","target":["https:\/\/www.erresse-shop.it\/de\/shop\/kuche\/reiben\/zwilling-enfinigy-toaster-2-schlitze-schwarz-mit-warmhaltefu-copia\/"]}]},{"@type":"BreadcrumbList","@id":"https:\/\/www.erresse-shop.it\/de\/shop\/kuche\/reiben\/zwilling-enfinigy-toaster-2-schlitze-schwarz-mit-warmhaltefu-copia\/#breadcrumb","itemListElement":[{"@type":"ListItem","position":1,"name":"Home","item":"https:\/\/www.erresse-shop.it\/de\/"},{"@type":"ListItem","position":2,"name":"Shop","item":"https:\/\/www.erresse-shop.it\/de\/shop\/"},{"@type":"ListItem","position":3,"name":"ZWILLING Z-CUT Multifunktionsreibe"}]},{"@type":"WebSite","@id":"https:\/\/www.erresse-shop.it\/de\/#website","url":"https:\/\/www.erresse-shop.it\/de\/","name":"Erresse Shop","description":"Articoli di qualit\u00e0 per la casa","potentialAction":[{"@type":"SearchAction","target":{"@type":"EntryPoint","urlTemplate":"https:\/\/www.erresse-shop.it\/de\/?s={search_term_string}"},"query-input":"required name=search_term_string"}],"inLanguage":"de-DE"}]}},"df_price":22.475,"df_sale_price":22.475,"df_regular_price":44.95,"df_image_link":"https:\/\/www.erresse-shop.it\/wp-content\/uploads\/2024\/07\/ZWILLING-Z-CUT-Grattugia-Multifunzione-300x300.jpg","_links":{"self":[{"href":"https:\/\/www.erresse-shop.it\/de\/wp-json\/wp\/v2\/product\/420915"}],"collection":[{"href":"https:\/\/www.erresse-shop.it\/de\/wp-json\/wp\/v2\/product"}],"about":[{"href":"https:\/\/www.erresse-shop.it\/de\/wp-json\/wp\/v2\/types\/product"}],"wp:featuredmedia":[{"embeddable":true,"href":"https:\/\/www.erresse-shop.it\/de\/wp-json\/wp\/v2\/media\/488107"}],"wp:attachment":[{"href":"https:\/\/www.erresse-shop.it\/de\/wp-json\/wp\/v2\/media?parent=420915"}],"wp:term":[{"taxonomy":"product_cat","embeddable":true,"href":"https:\/\/www.erresse-shop.it\/de\/wp-json\/wp\/v2\/product_cat?post=420915"},{"taxonomy":"product_tag","embeddable":true,"href":"https:\/\/www.erresse-shop.it\/de\/wp-json\/wp\/v2\/product_tag?post=420915"}],"curies":[{"name":"wp","href":"https:\/\/api.w.org\/{rel}","templated":true}]}}