{"id":420843,"date":"2024-07-12T12:47:58","date_gmt":"2024-07-12T12:47:58","guid":{"rendered":"https:\/\/www.erresse-shop.it\/?post_type=product&#038;p=420843"},"modified":"2025-01-22T06:33:31","modified_gmt":"2025-01-22T06:33:31","slug":"villeroy-boch-vieux-luxembourg-satz-von-6-essteller-26-cm-copia","status":"publish","type":"product","link":"https:\/\/www.erresse-shop.it\/de\/shop\/tisch\/teller-geschirr\/villeroy-boch-vieux-luxembourg-satz-von-6-essteller-26-cm-copia\/","title":{"rendered":"VILLEROY &#038; BOCH Vieux Luxembourg Satz von 6 Dessertteller 21 cm"},"content":{"rendered":"<p><strong>Klassisch dekorierter Teller f\u00fcr ein gelungenes Fr\u00fchst\u00fcck<\/strong><br \/>\nZarte Reliefmotive und ein dezentes, filigranes Dekor auf strahlend wei\u00dfem Porzellan verbinden sich bei der Kollektion Vieux Luxembourg zu einem zeitlos eleganten Ensemble. Der Fr\u00fchst\u00fccksteller besticht durch seine Vielseitigkeit: Ob zum Fr\u00fchst\u00fcck, am Nachmittag oder zum Servieren von leckeren Kuchen oder Vorspeisen, der Teller begleitet Sie durch den Tag. Verw\u00f6hnen Sie Ihre Liebsten mit hochwertigem Porzellan.<\/p>\n<p><strong>Material<\/strong>: Hochwertiges Porzellan<br \/>\n<strong>Durchmesser<\/strong>: ca. 205 mm<br \/>\n<strong>Sp\u00fclmaschinengeeignet<\/strong>: ja<br \/>\n<strong>F\u00fcr die Mikrowelle geeignet<\/strong>: ja<\/p>\n","protected":false},"excerpt":{"rendered":"<p>Klassisch dekorierter Teller f\u00fcr ein gelungenes Fr\u00fchst\u00fcck Zarte Reliefmotive und ein dezentes, filigranes Dekor auf strahlend wei\u00dfem Porzellan verbinden sich<\/p>\n","protected":false},"featured_media":474785,"template":"","meta":{"_acf_changed":false,"inline_featured_image":false},"product_cat":[6793,6787],"product_tag":[25027,23564,24398,25022,16717],"acf":[],"yoast_head":"<!-- This site is optimized with the Yoast SEO Premium plugin v18.6 (Yoast SEO v19.13) - https:\/\/yoast.com\/wordpress\/plugins\/seo\/ -->\n<title>VILLEROY &amp; BOCH Vieux Luxembourg Satz von 6 Dessertteller 21 cm<\/title>\n<meta name=\"description\" content=\"Entdecken Sie VILLEROY &amp; BOCH Vieux Luxembourg Satz von 6 Dessertteller 21 cm bei ErresseShop. Qualit\u00e4t, Stil und Funktionalit\u00e4t \u2013 jetzt online bestellen!\" \/>\n<meta name=\"robots\" content=\"index, follow, max-snippet:-1, max-image-preview:large, max-video-preview:-1\" \/>\n<link rel=\"canonical\" href=\"https:\/\/www.erresse-shop.it\/de\/shop\/tisch\/teller-geschirr\/villeroy-boch-vieux-luxembourg-satz-von-6-essteller-26-cm-copia\/\" \/>\n<meta property=\"og:locale\" content=\"de_DE\" \/>\n<meta property=\"og:type\" content=\"article\" \/>\n<meta property=\"og:title\" content=\"VILLEROY &amp; BOCH Vieux Luxembourg Satz von 6 Dessertteller 21 cm\" \/>\n<meta property=\"og:description\" content=\"Entdecken Sie VILLEROY &amp; BOCH Vieux Luxembourg Satz von 6 Dessertteller 21 cm bei ErresseShop. Qualit\u00e4t, Stil und Funktionalit\u00e4t \u2013 jetzt online bestellen!\" \/>\n<meta property=\"og:url\" content=\"https:\/\/www.erresse-shop.it\/de\/shop\/tisch\/teller-geschirr\/villeroy-boch-vieux-luxembourg-satz-von-6-essteller-26-cm-copia\/\" \/>\n<meta property=\"og:site_name\" content=\"Erresse Shop\" \/>\n<meta property=\"article:modified_time\" content=\"2025-01-22T06:33:31+00:00\" \/>\n<meta property=\"og:image\" content=\"https:\/\/www.erresse-shop.it\/wp-content\/uploads\/2024\/07\/VILLEROY-BOCH-Vieux-Luxembourg-Set-6-Piatti-Dessert-21-cm.jpg\" \/>\n\t<meta property=\"og:image:width\" content=\"1200\" \/>\n\t<meta property=\"og:image:height\" content=\"1200\" \/>\n\t<meta property=\"og:image:type\" content=\"image\/jpeg\" \/>\n<meta name=\"twitter:card\" content=\"summary_large_image\" \/>\n<script type=\"application\/ld+json\" class=\"yoast-schema-graph\">{\"@context\":\"https:\/\/schema.org\",\"@graph\":[{\"@type\":\"WebPage\",\"@id\":\"https:\/\/www.erresse-shop.it\/de\/shop\/tisch\/teller-geschirr\/villeroy-boch-vieux-luxembourg-satz-von-6-essteller-26-cm-copia\/\",\"url\":\"https:\/\/www.erresse-shop.it\/de\/shop\/tisch\/teller-geschirr\/villeroy-boch-vieux-luxembourg-satz-von-6-essteller-26-cm-copia\/\",\"name\":\"VILLEROY & BOCH Vieux Luxembourg Satz von 6 Dessertteller 21 cm\",\"isPartOf\":{\"@id\":\"https:\/\/www.erresse-shop.it\/de\/#website\"},\"datePublished\":\"2024-07-12T12:47:58+00:00\",\"dateModified\":\"2025-01-22T06:33:31+00:00\",\"description\":\"Entdecken Sie VILLEROY & BOCH Vieux Luxembourg Satz von 6 Dessertteller 21 cm bei ErresseShop. Qualit\u00e4t, Stil und Funktionalit\u00e4t \u2013 jetzt online bestellen!\",\"breadcrumb\":{\"@id\":\"https:\/\/www.erresse-shop.it\/de\/shop\/tisch\/teller-geschirr\/villeroy-boch-vieux-luxembourg-satz-von-6-essteller-26-cm-copia\/#breadcrumb\"},\"inLanguage\":\"de-DE\",\"potentialAction\":[{\"@type\":\"ReadAction\",\"target\":[\"https:\/\/www.erresse-shop.it\/de\/shop\/tisch\/teller-geschirr\/villeroy-boch-vieux-luxembourg-satz-von-6-essteller-26-cm-copia\/\"]}]},{\"@type\":\"BreadcrumbList\",\"@id\":\"https:\/\/www.erresse-shop.it\/de\/shop\/tisch\/teller-geschirr\/villeroy-boch-vieux-luxembourg-satz-von-6-essteller-26-cm-copia\/#breadcrumb\",\"itemListElement\":[{\"@type\":\"ListItem\",\"position\":1,\"name\":\"Home\",\"item\":\"https:\/\/www.erresse-shop.it\/de\/\"},{\"@type\":\"ListItem\",\"position\":2,\"name\":\"Shop\",\"item\":\"https:\/\/www.erresse-shop.it\/de\/shop\/\"},{\"@type\":\"ListItem\",\"position\":3,\"name\":\"VILLEROY &#038; BOCH Vieux Luxembourg Satz von 6 Dessertteller 21 cm\"}]},{\"@type\":\"WebSite\",\"@id\":\"https:\/\/www.erresse-shop.it\/de\/#website\",\"url\":\"https:\/\/www.erresse-shop.it\/de\/\",\"name\":\"Erresse Shop\",\"description\":\"Articoli di qualit\u00e0 per la casa\",\"potentialAction\":[{\"@type\":\"SearchAction\",\"target\":{\"@type\":\"EntryPoint\",\"urlTemplate\":\"https:\/\/www.erresse-shop.it\/de\/?s={search_term_string}\"},\"query-input\":\"required name=search_term_string\"}],\"inLanguage\":\"de-DE\"}]}<\/script>\n<!-- \/ Yoast SEO Premium plugin. -->","yoast_head_json":{"title":"VILLEROY & BOCH Vieux Luxembourg Satz von 6 Dessertteller 21 cm","description":"Entdecken Sie VILLEROY & BOCH Vieux Luxembourg Satz von 6 Dessertteller 21 cm bei ErresseShop. Qualit\u00e4t, Stil und Funktionalit\u00e4t \u2013 jetzt online bestellen!","robots":{"index":"index","follow":"follow","max-snippet":"max-snippet:-1","max-image-preview":"max-image-preview:large","max-video-preview":"max-video-preview:-1"},"canonical":"https:\/\/www.erresse-shop.it\/de\/shop\/tisch\/teller-geschirr\/villeroy-boch-vieux-luxembourg-satz-von-6-essteller-26-cm-copia\/","og_locale":"de_DE","og_type":"article","og_title":"VILLEROY & BOCH Vieux Luxembourg Satz von 6 Dessertteller 21 cm","og_description":"Entdecken Sie VILLEROY & BOCH Vieux Luxembourg Satz von 6 Dessertteller 21 cm bei ErresseShop. Qualit\u00e4t, Stil und Funktionalit\u00e4t \u2013 jetzt online bestellen!","og_url":"https:\/\/www.erresse-shop.it\/de\/shop\/tisch\/teller-geschirr\/villeroy-boch-vieux-luxembourg-satz-von-6-essteller-26-cm-copia\/","og_site_name":"Erresse Shop","article_modified_time":"2025-01-22T06:33:31+00:00","og_image":[{"width":1200,"height":1200,"url":"https:\/\/www.erresse-shop.it\/wp-content\/uploads\/2024\/07\/VILLEROY-BOCH-Vieux-Luxembourg-Set-6-Piatti-Dessert-21-cm.jpg","type":"image\/jpeg"}],"twitter_card":"summary_large_image","schema":{"@context":"https:\/\/schema.org","@graph":[{"@type":"WebPage","@id":"https:\/\/www.erresse-shop.it\/de\/shop\/tisch\/teller-geschirr\/villeroy-boch-vieux-luxembourg-satz-von-6-essteller-26-cm-copia\/","url":"https:\/\/www.erresse-shop.it\/de\/shop\/tisch\/teller-geschirr\/villeroy-boch-vieux-luxembourg-satz-von-6-essteller-26-cm-copia\/","name":"VILLEROY & BOCH Vieux Luxembourg Satz von 6 Dessertteller 21 cm","isPartOf":{"@id":"https:\/\/www.erresse-shop.it\/de\/#website"},"datePublished":"2024-07-12T12:47:58+00:00","dateModified":"2025-01-22T06:33:31+00:00","description":"Entdecken Sie VILLEROY & BOCH Vieux Luxembourg Satz von 6 Dessertteller 21 cm bei ErresseShop. Qualit\u00e4t, Stil und Funktionalit\u00e4t \u2013 jetzt online bestellen!","breadcrumb":{"@id":"https:\/\/www.erresse-shop.it\/de\/shop\/tisch\/teller-geschirr\/villeroy-boch-vieux-luxembourg-satz-von-6-essteller-26-cm-copia\/#breadcrumb"},"inLanguage":"de-DE","potentialAction":[{"@type":"ReadAction","target":["https:\/\/www.erresse-shop.it\/de\/shop\/tisch\/teller-geschirr\/villeroy-boch-vieux-luxembourg-satz-von-6-essteller-26-cm-copia\/"]}]},{"@type":"BreadcrumbList","@id":"https:\/\/www.erresse-shop.it\/de\/shop\/tisch\/teller-geschirr\/villeroy-boch-vieux-luxembourg-satz-von-6-essteller-26-cm-copia\/#breadcrumb","itemListElement":[{"@type":"ListItem","position":1,"name":"Home","item":"https:\/\/www.erresse-shop.it\/de\/"},{"@type":"ListItem","position":2,"name":"Shop","item":"https:\/\/www.erresse-shop.it\/de\/shop\/"},{"@type":"ListItem","position":3,"name":"VILLEROY &#038; BOCH Vieux Luxembourg Satz von 6 Dessertteller 21 cm"}]},{"@type":"WebSite","@id":"https:\/\/www.erresse-shop.it\/de\/#website","url":"https:\/\/www.erresse-shop.it\/de\/","name":"Erresse Shop","description":"Articoli di qualit\u00e0 per la casa","potentialAction":[{"@type":"SearchAction","target":{"@type":"EntryPoint","urlTemplate":"https:\/\/www.erresse-shop.it\/de\/?s={search_term_string}"},"query-input":"required name=search_term_string"}],"inLanguage":"de-DE"}]}},"df_price":149.95,"df_sale_price":149.95,"df_regular_price":179.4,"df_image_link":"https:\/\/www.erresse-shop.it\/wp-content\/uploads\/2024\/07\/VILLEROY-BOCH-Vieux-Luxembourg-Set-6-Piatti-Dessert-21-cm-1-300x300.jpg","_links":{"self":[{"href":"https:\/\/www.erresse-shop.it\/de\/wp-json\/wp\/v2\/product\/420843"}],"collection":[{"href":"https:\/\/www.erresse-shop.it\/de\/wp-json\/wp\/v2\/product"}],"about":[{"href":"https:\/\/www.erresse-shop.it\/de\/wp-json\/wp\/v2\/types\/product"}],"wp:featuredmedia":[{"embeddable":true,"href":"https:\/\/www.erresse-shop.it\/de\/wp-json\/wp\/v2\/media\/474785"}],"wp:attachment":[{"href":"https:\/\/www.erresse-shop.it\/de\/wp-json\/wp\/v2\/media?parent=420843"}],"wp:term":[{"taxonomy":"product_cat","embeddable":true,"href":"https:\/\/www.erresse-shop.it\/de\/wp-json\/wp\/v2\/product_cat?post=420843"},{"taxonomy":"product_tag","embeddable":true,"href":"https:\/\/www.erresse-shop.it\/de\/wp-json\/wp\/v2\/product_tag?post=420843"}],"curies":[{"name":"wp","href":"https:\/\/api.w.org\/{rel}","templated":true}]}}