{"id":41990,"date":"2019-11-22T10:44:35","date_gmt":"2019-11-22T10:44:35","guid":{"rendered":"https:\/\/www.erresse-shop.it\/?post_type=product&#038;p=41990"},"modified":"2025-01-17T14:57:48","modified_gmt":"2025-01-17T14:57:48","slug":"smeg-milchaufschaumer-rot-serie-50-jahre-copia","status":"publish","type":"product","link":"https:\/\/www.erresse-shop.it\/de\/shop\/kleine-elektrogeraete\/milchaufschaumer\/smeg-milchaufschaumer-rot-serie-50-jahre-copia\/","title":{"rendered":"SMEG Aesthetic 50s Wei\u00dfer Milchaufsch\u00e4umer"},"content":{"rendered":"<p><b>SMEG<\/b>50er-Serie<\/p>\n<p>Symbolische Besprechungsobjekte, Ikonen, die den Raum verwandeln, die neuen kleinen Objekte aus der Anni-Linie \u201e50er Jahre\u201c, die in Zusammenarbeit mit Matteo Bazzicalupo und Raffaella Mangiarotti von deepdesign entworfen wurden, erinnern an andere Zeiten und pr\u00e4gen allt\u00e4gliche Orte, indem sie dem, was bereits existiert, eine neue Bedeutung verleihen hat existiert, wie es in der Kunst und im Ged\u00e4chtnis geschieht.<br \/>\nProdukte mit abgerundeten und kompakten Formen sind die Protagonisten der K\u00fcche und wurden f\u00fcr diejenigen entwickelt, die das Erlebnis eines Kochs erleben m\u00f6chten, aber nicht nur das. F\u00fcr diejenigen, die es lieben, sich mit Objekten mit starkem \u00e4sthetischen Charakter zu umgeben, ohne dabei die hohe Qualit\u00e4t aus den Augen zu verlieren.<\/p>\n<p><strong>EIN DESIGN-OBJEKT REICH AN TECHNOLOGIE<\/strong><br \/>\nEntwickelt, um hohe Leistung, Benutzerfreundlichkeit, Sicherheit und Bedienkomfort zu gew\u00e4hrleisten. Das sichere und schnelle Induktionsheizsystem aktiviert sich erst nach Auswahl der gew\u00fcnschten Zubereitungsart und schaltet sich nach Programmende automatisch ab.<\/p>\n<p><strong>CAPPUCCINO, HEISSE MILCH ODER HEISSE SCHOKOLADE? Beschr\u00e4nken Sie das Pausenvergn\u00fcgen nicht<\/strong><br \/>\nMFF01 ist nicht nur ein Cappuccino-Zubereiter. Dank der 6 automatischen Programme und einer manuellen Funktion k\u00f6nnen hei\u00dfe und kalte Getr\u00e4nke mit oder ohne Schaum zubereitet werden, ganz nach dem pers\u00f6nlichen Geschmack jedes Gastes. Tauschen Sie einfach die mitgelieferten Schneebesen aus, um den Milchaufsch\u00e4umer auch f\u00fcr die Zubereitung von Tee, Kr\u00e4utertees und anderen Instant-Hei\u00dfgetr\u00e4nken, wie z. B. Gerstenkaffee, zu nutzen.<\/p>\n<p><strong>SCHOKOLADENPROGRAMM<\/strong><br \/>\nDurch die Auswahl der Schokoladenfunktion und die Verwendung von Zutaten aus dem traditionellen Rezept \u2013 Milch und Schokoladenst\u00fcckchen \u2013 ist es dank der gleichm\u00e4\u00dfigen Bewegung des Schneebesens und der optimal voreingestellten Temperatur m\u00f6glich, ohne Aufwand vollmundige, weiche und echte Schokolade zu erhalten .<\/p>\n<p><strong>\u00c4STHETIK<\/strong><br \/>\n<strong>Finish:<\/strong> Poliert<br \/>\n<strong>Serie:<\/strong> 50er-Jahre-Stil<br \/>\n<strong>Geh\u00e4usematerial:<\/strong> Edelstahl<br \/>\n<strong>Deckelmaterial:<\/strong> BPA-freier Kunststoff<br \/>\n<strong>Material der Messger\u00e4tkappe:<\/strong> BPA-freier Kunststoff<br \/>\n<strong>Material der Karaffe:<\/strong> Edelstahl<br \/>\n<strong>Grifffarbe:<\/strong> innen grau \/ au\u00dfen poliertes Chrom<br \/>\n<strong>Griffmaterial:<\/strong> Kunststoff innen \/ Edelstahl au\u00dfen<br \/>\n<strong>Halsbandmaterial:<\/strong> Kunststoff<br \/>\n<strong>St\u00fctzfarbe:<\/strong> Poliertes Chrom<br \/>\n<strong>Kragenfarbe:<\/strong> Poliertes Chrom<br \/>\n<strong>St\u00fctzbasismaterial:<\/strong> Kunststoff<br \/>\n<strong>Farbe des Netzkabels:<\/strong> Grau<\/p>\n<p><strong>BEFEHLE<\/strong><br \/>\n<strong>Art der Bedienelemente:<\/strong> Knopf, Knopf<br \/>\n<strong>Knopfmaterial:<\/strong> Kunststoff<br \/>\n<strong>Knopfmaterial:<\/strong> Kunststoff<\/p>\n<p><strong>PROGRAMME \/ FUNKTIONEN<\/strong><br \/>\n<strong>Funktion f\u00fcr hei\u00dfe Schokolade:<\/strong> Ja<br \/>\n<strong>Hei\u00dfmilchfunktion:<\/strong> Ja<br \/>\n<strong>Hei\u00dfmilchfunktion mit leichtem Schaum:<\/strong> Ja<br \/>\n<strong>Hei\u00dfmilchfunktion mit dichtem Schaum:<\/strong> Ja<br \/>\n<strong>Kaltmilchfunktion mit leichtem Schaum:<\/strong> Ja<br \/>\n<strong>Kaltmilchfunktion mit dichtem Schaum:<\/strong> Ja<br \/>\n<strong>Manuelle Hot-Funktion:<\/strong> Ja<br \/>\n<strong>Manuelle Kaltfunktion:<\/strong> Ja<\/p>\n<p><strong>TECHNISCHE EIGENSCHAFTEN<\/strong><br \/>\n<strong>Induktionssystem mit automatischer Abschaltung:<\/strong> Ja<br \/>\n<strong>Abnehmbare Messkappe:<\/strong> Ja<br \/>\n<strong>Abnehmbare Karaffe:<\/strong> Ja<br \/>\n<strong>Kapazit\u00e4t der Karaffe zum Aufsch\u00e4umen von Milch:<\/strong> 250 ml \/ 1 Tasse<br \/>\n<strong>Kapazit\u00e4t der Karaffe zum Erhitzen von Milch und Schokolade:<\/strong> 600 ml \/ 2,5 Tassen<br \/>\n<strong>Anti-Rutsch-Unterseite:<\/strong> Ja<br \/>\n<strong>Integrierte Kabeltrommel:<\/strong> Ja<\/p>\n<p><strong>ELEKTRISCHER ANSCHLUSS<\/strong><br \/>\n<strong>Spannung:<\/strong> 220-240 V<br \/>\n<strong>Frequenz:<\/strong> 50\/60 Hz<br \/>\n<strong>Steckertyp:<\/strong> Schuko<br \/>\n<strong>Leistung:<\/strong> 500 W<br \/>\n<strong>L\u00e4nge des Netzkabels:<\/strong> 1 m<\/p>\n<p><strong>ZUBEH\u00d6R LIEFERUMFANG<\/strong><br \/>\n<strong>Glatter Schneebesen f\u00fcr hei\u00dfe Milch und manuelle Funktionen:<\/strong> Ja<br \/>\n<strong>Gekerbter Schneebesen f\u00fcr Milchaufsch\u00e4umer und manuelle Funktion:<\/strong> Ja<br \/>\n<strong>Material Schneebesen:<\/strong> Kunststoff<br \/>\n<strong>Peitschenfarbe:<\/strong> Grau<\/p>\n<p><u style=\"font-size: 13px; line-height: 20.8px;\"><strong>Nicht zum Verkauf au\u00dferhalb Europas<\/strong><\/u><\/p>\n","protected":false},"excerpt":{"rendered":"<p>SMEG50er-Serie Symbolische Besprechungsobjekte, Ikonen, die den Raum verwandeln, die neuen kleinen Objekte aus der Anni-Linie \u201e50er Jahre\u201c, die in Zusammenarbeit<\/p>\n","protected":false},"featured_media":491497,"template":"","meta":{"_acf_changed":false,"inline_featured_image":false},"product_cat":[6703,20619],"product_tag":[25182,23624,11837,23564,11718,20627,12357,25022],"acf":[],"yoast_head":"<!-- This site is optimized with the Yoast SEO Premium plugin v18.6 (Yoast SEO v19.13) - https:\/\/yoast.com\/wordpress\/plugins\/seo\/ -->\n<title>SMEG Aesthetic 50s Wei\u00dfer Milchaufsch\u00e4umer<\/title>\n<meta name=\"description\" content=\"Entdecken Sie SMEG Aesthetic 50s Wei\u00dfer Milchaufsch\u00e4umer bei ErresseShop. Qualit\u00e4t, Stil und Funktionalit\u00e4t \u2013 jetzt online bestellen!\" \/>\n<meta name=\"robots\" content=\"index, follow, max-snippet:-1, max-image-preview:large, max-video-preview:-1\" \/>\n<link rel=\"canonical\" href=\"https:\/\/www.erresse-shop.it\/de\/shop\/kleine-elektrogeraete\/milchaufschaumer\/smeg-milchaufschaumer-rot-serie-50-jahre-copia\/\" \/>\n<meta property=\"og:locale\" content=\"de_DE\" \/>\n<meta property=\"og:type\" content=\"article\" \/>\n<meta property=\"og:title\" content=\"SMEG Aesthetic 50s Wei\u00dfer Milchaufsch\u00e4umer\" \/>\n<meta property=\"og:description\" content=\"Entdecken Sie SMEG Aesthetic 50s Wei\u00dfer Milchaufsch\u00e4umer bei ErresseShop. Qualit\u00e4t, Stil und Funktionalit\u00e4t \u2013 jetzt online bestellen!\" \/>\n<meta property=\"og:url\" content=\"https:\/\/www.erresse-shop.it\/de\/shop\/kleine-elektrogeraete\/milchaufschaumer\/smeg-milchaufschaumer-rot-serie-50-jahre-copia\/\" \/>\n<meta property=\"og:site_name\" content=\"Erresse Shop\" \/>\n<meta property=\"article:modified_time\" content=\"2025-01-17T14:57:48+00:00\" \/>\n<meta property=\"og:image\" content=\"https:\/\/www.erresse-shop.it\/wp-content\/uploads\/2019\/11\/SMEG-Estetica-Anni-50-Montalatte-Bianco.png\" \/>\n\t<meta property=\"og:image:width\" content=\"800\" \/>\n\t<meta property=\"og:image:height\" content=\"800\" \/>\n\t<meta property=\"og:image:type\" content=\"image\/png\" \/>\n<meta name=\"twitter:card\" content=\"summary_large_image\" \/>\n<script type=\"application\/ld+json\" class=\"yoast-schema-graph\">{\"@context\":\"https:\/\/schema.org\",\"@graph\":[{\"@type\":\"WebPage\",\"@id\":\"https:\/\/www.erresse-shop.it\/de\/shop\/kleine-elektrogeraete\/milchaufschaumer\/smeg-milchaufschaumer-rot-serie-50-jahre-copia\/\",\"url\":\"https:\/\/www.erresse-shop.it\/de\/shop\/kleine-elektrogeraete\/milchaufschaumer\/smeg-milchaufschaumer-rot-serie-50-jahre-copia\/\",\"name\":\"SMEG Aesthetic 50s Wei\u00dfer Milchaufsch\u00e4umer\",\"isPartOf\":{\"@id\":\"https:\/\/www.erresse-shop.it\/de\/#website\"},\"datePublished\":\"2019-11-22T10:44:35+00:00\",\"dateModified\":\"2025-01-17T14:57:48+00:00\",\"description\":\"Entdecken Sie SMEG Aesthetic 50s Wei\u00dfer Milchaufsch\u00e4umer bei ErresseShop. Qualit\u00e4t, Stil und Funktionalit\u00e4t \u2013 jetzt online bestellen!\",\"breadcrumb\":{\"@id\":\"https:\/\/www.erresse-shop.it\/de\/shop\/kleine-elektrogeraete\/milchaufschaumer\/smeg-milchaufschaumer-rot-serie-50-jahre-copia\/#breadcrumb\"},\"inLanguage\":\"de-DE\",\"potentialAction\":[{\"@type\":\"ReadAction\",\"target\":[\"https:\/\/www.erresse-shop.it\/de\/shop\/kleine-elektrogeraete\/milchaufschaumer\/smeg-milchaufschaumer-rot-serie-50-jahre-copia\/\"]}]},{\"@type\":\"BreadcrumbList\",\"@id\":\"https:\/\/www.erresse-shop.it\/de\/shop\/kleine-elektrogeraete\/milchaufschaumer\/smeg-milchaufschaumer-rot-serie-50-jahre-copia\/#breadcrumb\",\"itemListElement\":[{\"@type\":\"ListItem\",\"position\":1,\"name\":\"Home\",\"item\":\"https:\/\/www.erresse-shop.it\/de\/\"},{\"@type\":\"ListItem\",\"position\":2,\"name\":\"Shop\",\"item\":\"https:\/\/www.erresse-shop.it\/de\/shop\/\"},{\"@type\":\"ListItem\",\"position\":3,\"name\":\"SMEG Aesthetic 50s Wei\u00dfer Milchaufsch\u00e4umer\"}]},{\"@type\":\"WebSite\",\"@id\":\"https:\/\/www.erresse-shop.it\/de\/#website\",\"url\":\"https:\/\/www.erresse-shop.it\/de\/\",\"name\":\"Erresse Shop\",\"description\":\"Articoli di qualit\u00e0 per la casa\",\"potentialAction\":[{\"@type\":\"SearchAction\",\"target\":{\"@type\":\"EntryPoint\",\"urlTemplate\":\"https:\/\/www.erresse-shop.it\/de\/?s={search_term_string}\"},\"query-input\":\"required name=search_term_string\"}],\"inLanguage\":\"de-DE\"}]}<\/script>\n<!-- \/ Yoast SEO Premium plugin. -->","yoast_head_json":{"title":"SMEG Aesthetic 50s Wei\u00dfer Milchaufsch\u00e4umer","description":"Entdecken Sie SMEG Aesthetic 50s Wei\u00dfer Milchaufsch\u00e4umer bei ErresseShop. Qualit\u00e4t, Stil und Funktionalit\u00e4t \u2013 jetzt online bestellen!","robots":{"index":"index","follow":"follow","max-snippet":"max-snippet:-1","max-image-preview":"max-image-preview:large","max-video-preview":"max-video-preview:-1"},"canonical":"https:\/\/www.erresse-shop.it\/de\/shop\/kleine-elektrogeraete\/milchaufschaumer\/smeg-milchaufschaumer-rot-serie-50-jahre-copia\/","og_locale":"de_DE","og_type":"article","og_title":"SMEG Aesthetic 50s Wei\u00dfer Milchaufsch\u00e4umer","og_description":"Entdecken Sie SMEG Aesthetic 50s Wei\u00dfer Milchaufsch\u00e4umer bei ErresseShop. Qualit\u00e4t, Stil und Funktionalit\u00e4t \u2013 jetzt online bestellen!","og_url":"https:\/\/www.erresse-shop.it\/de\/shop\/kleine-elektrogeraete\/milchaufschaumer\/smeg-milchaufschaumer-rot-serie-50-jahre-copia\/","og_site_name":"Erresse Shop","article_modified_time":"2025-01-17T14:57:48+00:00","og_image":[{"width":800,"height":800,"url":"https:\/\/www.erresse-shop.it\/wp-content\/uploads\/2019\/11\/SMEG-Estetica-Anni-50-Montalatte-Bianco.png","type":"image\/png"}],"twitter_card":"summary_large_image","schema":{"@context":"https:\/\/schema.org","@graph":[{"@type":"WebPage","@id":"https:\/\/www.erresse-shop.it\/de\/shop\/kleine-elektrogeraete\/milchaufschaumer\/smeg-milchaufschaumer-rot-serie-50-jahre-copia\/","url":"https:\/\/www.erresse-shop.it\/de\/shop\/kleine-elektrogeraete\/milchaufschaumer\/smeg-milchaufschaumer-rot-serie-50-jahre-copia\/","name":"SMEG Aesthetic 50s Wei\u00dfer Milchaufsch\u00e4umer","isPartOf":{"@id":"https:\/\/www.erresse-shop.it\/de\/#website"},"datePublished":"2019-11-22T10:44:35+00:00","dateModified":"2025-01-17T14:57:48+00:00","description":"Entdecken Sie SMEG Aesthetic 50s Wei\u00dfer Milchaufsch\u00e4umer bei ErresseShop. Qualit\u00e4t, Stil und Funktionalit\u00e4t \u2013 jetzt online bestellen!","breadcrumb":{"@id":"https:\/\/www.erresse-shop.it\/de\/shop\/kleine-elektrogeraete\/milchaufschaumer\/smeg-milchaufschaumer-rot-serie-50-jahre-copia\/#breadcrumb"},"inLanguage":"de-DE","potentialAction":[{"@type":"ReadAction","target":["https:\/\/www.erresse-shop.it\/de\/shop\/kleine-elektrogeraete\/milchaufschaumer\/smeg-milchaufschaumer-rot-serie-50-jahre-copia\/"]}]},{"@type":"BreadcrumbList","@id":"https:\/\/www.erresse-shop.it\/de\/shop\/kleine-elektrogeraete\/milchaufschaumer\/smeg-milchaufschaumer-rot-serie-50-jahre-copia\/#breadcrumb","itemListElement":[{"@type":"ListItem","position":1,"name":"Home","item":"https:\/\/www.erresse-shop.it\/de\/"},{"@type":"ListItem","position":2,"name":"Shop","item":"https:\/\/www.erresse-shop.it\/de\/shop\/"},{"@type":"ListItem","position":3,"name":"SMEG Aesthetic 50s Wei\u00dfer Milchaufsch\u00e4umer"}]},{"@type":"WebSite","@id":"https:\/\/www.erresse-shop.it\/de\/#website","url":"https:\/\/www.erresse-shop.it\/de\/","name":"Erresse Shop","description":"Articoli di qualit\u00e0 per la casa","potentialAction":[{"@type":"SearchAction","target":{"@type":"EntryPoint","urlTemplate":"https:\/\/www.erresse-shop.it\/de\/?s={search_term_string}"},"query-input":"required name=search_term_string"}],"inLanguage":"de-DE"}]}},"df_price":139.29999999999998,"df_sale_price":139.29999999999998,"df_regular_price":199,"df_image_link":"https:\/\/www.erresse-shop.it\/wp-content\/uploads\/2019\/11\/SMEG-Estetica-Anni-50-Montalatte-Bianco-300x300.jpg","_links":{"self":[{"href":"https:\/\/www.erresse-shop.it\/de\/wp-json\/wp\/v2\/product\/41990"}],"collection":[{"href":"https:\/\/www.erresse-shop.it\/de\/wp-json\/wp\/v2\/product"}],"about":[{"href":"https:\/\/www.erresse-shop.it\/de\/wp-json\/wp\/v2\/types\/product"}],"wp:featuredmedia":[{"embeddable":true,"href":"https:\/\/www.erresse-shop.it\/de\/wp-json\/wp\/v2\/media\/491497"}],"wp:attachment":[{"href":"https:\/\/www.erresse-shop.it\/de\/wp-json\/wp\/v2\/media?parent=41990"}],"wp:term":[{"taxonomy":"product_cat","embeddable":true,"href":"https:\/\/www.erresse-shop.it\/de\/wp-json\/wp\/v2\/product_cat?post=41990"},{"taxonomy":"product_tag","embeddable":true,"href":"https:\/\/www.erresse-shop.it\/de\/wp-json\/wp\/v2\/product_tag?post=41990"}],"curies":[{"name":"wp","href":"https:\/\/api.w.org\/{rel}","templated":true}]}}