{"id":41844,"date":"2019-11-22T09:50:45","date_gmt":"2019-11-22T09:50:46","guid":{"rendered":"https:\/\/www.erresse-shop.it\/?post_type=product&#038;p=41844"},"modified":"2025-01-17T13:21:20","modified_gmt":"2025-01-17T13:21:20","slug":"smeg-milchaufschaumer-schwarz-serie-50-jahre","status":"publish","type":"product","link":"https:\/\/www.erresse-shop.it\/de\/shop\/kleine-elektrogeraete\/milchaufschaumer\/smeg-milchaufschaumer-schwarz-serie-50-jahre\/","title":{"rendered":"SMEG Milchaufsch\u00e4umer Schwarz Serie 50 Jahre"},"content":{"rendered":"<p><strong>DESIGNLINIE<\/strong><br \/>\n\u00c4sthetik: 50`s Style<br \/>\nOberfl\u00e4che: Hochglanz<br \/>\nSerie: 50&#8217;s Style<br \/>\n\u00c4sthetik: 50s<br \/>\nMaterial des Geh\u00e4uses: Aluminium-Druckguss<br \/>\nFarbe der Bodengruppe: Chrom Hochglanz<br \/>\nMaterial der Bodengruppe: Kunststoff<br \/>\nMaterial des Kaffeebohnenbeh\u00e4lters: Tritan\u2122 (BPA-frei)<br \/>\nMaterial des Kaffeebohnendeckels: Tritan\u2122 (BPA-frei)<br \/>\nMaterial des Kaffeepulverbeh\u00e4lters: Tritan\u2122 (BPA-frei)<br \/>\nMaterial des Kaffeepulverdeckels: Kunststoff-\/Silikondichtung<br \/>\nMaterial des Mahlwerks: Edelstahl<br \/>\nArt des Mahlwerks: Konischer Edelstahlschleifer<br \/>\nMaterial der Bedientasten: Kunststoff<br \/>\nMaterial des Bedienknebels: Kunststoff<br \/>\nMaterial des Beh\u00e4lterauflagetellers: Metall<br \/>\nMaterial des Aktivierungshebels mit Kugelgriff: Edelstahl<br \/>\nMaterial der Filter-Zentrierauflage: Kunststoff<br \/>\nMaterial des Reinigungspinsels: Kunststoff<br \/>\nFarbe des Netzkabels: Grau<br \/>\nLogo: 3D<\/p>\n<p><strong>BEDIENELEMENTE<\/strong><br \/>\nArt der Bedienelemente: Bedienknebel, Bedientasten,<br \/>\nAktivierungshebel mit Kugelgriff<\/p>\n<p><strong>TECHNISCHE EIGENSCHAFTEN<\/strong><br \/>\nKapazit\u00e4t des Kaffeebohnenbeh\u00e4lters: 350 g<br \/>\nKapazit\u00e4t des Kaffeepulverbeh\u00e4lters: 130 g<br \/>\nKonisches Edelstahlmahlwerk, abnehmbar<br \/>\nBeh\u00e4lterauflage herausnehmbar<br \/>\nantistatisch<br \/>\nRutschfeste Stellfu\u0308\u00dfe<br \/>\nGer\u00e4tesockel inklusive Kabelaufwicklung<\/p>\n<p><strong>PROGRAMME\/FUNKTIONEN<\/strong><br \/>\nMahlgrad individuell einstellbar<br \/>\nMahlgradeinstellung: fein, mittel, grob<br \/>\nEspresso-Kaffee Einstellungen: 2<br \/>\nFilterkaffee- und franz\u00f6sischer Presskaffee-Einstellungen: 6<br \/>\nManuelle Mahlgradeinstellung: 30<br \/>\nProgrammierung der gewu\u0308nschten Kaffeepulvermenge<br \/>\nKaffeepulverbeh\u00e4lter mit Twist &amp; Lock-Verschlu\u00df<\/p>\n<p><strong>SERIENZUBEH\u00d6R<\/strong><br \/>\nFlexibler Aromaverschluss fu\u0308r Kaffeepulverbeh\u00e4lter<br \/>\nSiebtr\u00e4geradapter<br \/>\nReinigungspinsel<\/p>\n<p><strong>ELEKTRISCHER ANSCHLUSS<\/strong><br \/>\nNetzstecker: (F;E) Schuko<br \/>\nLeistung: 150 W<br \/>\nNetzstecker: Schuko<br \/>\nVolt: 220-240 V<br \/>\nFrequenz: 50-60 Hz<br \/>\nL\u00e4nge des Netzkabels: 1 m<\/p>\n<p><strong>LOGISTIK-INFORMATIONEN<\/strong><br \/>\nProduktbreite: 250 mm<br \/>\nProdukttiefe: 170 mm<br \/>\nProdukth\u00f6he: 460 mm<br \/>\nAbmessungen Produkt HxBxT:<br \/>\n250 x 460 x 170 mm<br \/>\nVerpackungsbreite: 288 mm<br \/>\nVerpackungstiefe: 204 mm<br \/>\nVerpackungsh\u00f6he: 506 mm<br \/>\nNettogewicht: 3,1 kg<br \/>\nBruttogewicht: 4,78 kg<\/p>\n<p><u style=\"font-size: 13px; line-height: 20.8px;\"><strong>Not for sale outside from Europe<\/strong><\/u><\/p>\n","protected":false},"excerpt":{"rendered":"<p>DESIGNLINIE \u00c4sthetik: 50`s Style Oberfl\u00e4che: Hochglanz Serie: 50&#8217;s Style \u00c4sthetik: 50s Material des Geh\u00e4uses: Aluminium-Druckguss Farbe der Bodengruppe: Chrom Hochglanz<\/p>\n","protected":false},"featured_media":487857,"template":"","meta":{"_acf_changed":false,"inline_featured_image":false},"product_cat":[6703,20619],"product_tag":[25182,23624,11837,23564,11718,20627],"acf":[],"yoast_head":"<!-- This site is optimized with the Yoast SEO Premium plugin v18.6 (Yoast SEO v19.13) - https:\/\/yoast.com\/wordpress\/plugins\/seo\/ -->\n<title>SMEG Milchaufsch\u00e4umer Schwarz Serie 50 Jahre<\/title>\n<meta name=\"description\" content=\"Entdecken Sie SMEG Milchaufsch\u00e4umer Schwarz Serie 50 Jahre bei ErresseShop. Qualit\u00e4t, Stil und Funktionalit\u00e4t \u2013 jetzt online bestellen!\" \/>\n<meta name=\"robots\" content=\"index, follow, max-snippet:-1, max-image-preview:large, max-video-preview:-1\" \/>\n<link rel=\"canonical\" href=\"https:\/\/www.erresse-shop.it\/de\/shop\/kleine-elektrogeraete\/milchaufschaumer\/smeg-milchaufschaumer-schwarz-serie-50-jahre\/\" \/>\n<meta property=\"og:locale\" content=\"de_DE\" \/>\n<meta property=\"og:type\" content=\"article\" \/>\n<meta property=\"og:title\" content=\"SMEG Milchaufsch\u00e4umer Schwarz Serie 50 Jahre\" \/>\n<meta property=\"og:description\" content=\"Entdecken Sie SMEG Milchaufsch\u00e4umer Schwarz Serie 50 Jahre bei ErresseShop. Qualit\u00e4t, Stil und Funktionalit\u00e4t \u2013 jetzt online bestellen!\" \/>\n<meta property=\"og:url\" content=\"https:\/\/www.erresse-shop.it\/de\/shop\/kleine-elektrogeraete\/milchaufschaumer\/smeg-milchaufschaumer-schwarz-serie-50-jahre\/\" \/>\n<meta property=\"og:site_name\" content=\"Erresse Shop\" \/>\n<meta property=\"article:modified_time\" content=\"2025-01-17T13:21:20+00:00\" \/>\n<meta property=\"og:image\" content=\"https:\/\/www.erresse-shop.it\/wp-content\/uploads\/2019\/11\/SMEG-Estetica-Anni-50-Montalatte-Nero.png\" \/>\n\t<meta property=\"og:image:width\" content=\"800\" \/>\n\t<meta property=\"og:image:height\" content=\"800\" \/>\n\t<meta property=\"og:image:type\" content=\"image\/png\" \/>\n<meta name=\"twitter:card\" content=\"summary_large_image\" \/>\n<script type=\"application\/ld+json\" class=\"yoast-schema-graph\">{\"@context\":\"https:\/\/schema.org\",\"@graph\":[{\"@type\":\"WebPage\",\"@id\":\"https:\/\/www.erresse-shop.it\/de\/shop\/kleine-elektrogeraete\/milchaufschaumer\/smeg-milchaufschaumer-schwarz-serie-50-jahre\/\",\"url\":\"https:\/\/www.erresse-shop.it\/de\/shop\/kleine-elektrogeraete\/milchaufschaumer\/smeg-milchaufschaumer-schwarz-serie-50-jahre\/\",\"name\":\"SMEG Milchaufsch\u00e4umer Schwarz Serie 50 Jahre\",\"isPartOf\":{\"@id\":\"https:\/\/www.erresse-shop.it\/de\/#website\"},\"datePublished\":\"2019-11-22T09:50:46+00:00\",\"dateModified\":\"2025-01-17T13:21:20+00:00\",\"description\":\"Entdecken Sie SMEG Milchaufsch\u00e4umer Schwarz Serie 50 Jahre bei ErresseShop. Qualit\u00e4t, Stil und Funktionalit\u00e4t \u2013 jetzt online bestellen!\",\"breadcrumb\":{\"@id\":\"https:\/\/www.erresse-shop.it\/de\/shop\/kleine-elektrogeraete\/milchaufschaumer\/smeg-milchaufschaumer-schwarz-serie-50-jahre\/#breadcrumb\"},\"inLanguage\":\"de-DE\",\"potentialAction\":[{\"@type\":\"ReadAction\",\"target\":[\"https:\/\/www.erresse-shop.it\/de\/shop\/kleine-elektrogeraete\/milchaufschaumer\/smeg-milchaufschaumer-schwarz-serie-50-jahre\/\"]}]},{\"@type\":\"BreadcrumbList\",\"@id\":\"https:\/\/www.erresse-shop.it\/de\/shop\/kleine-elektrogeraete\/milchaufschaumer\/smeg-milchaufschaumer-schwarz-serie-50-jahre\/#breadcrumb\",\"itemListElement\":[{\"@type\":\"ListItem\",\"position\":1,\"name\":\"Home\",\"item\":\"https:\/\/www.erresse-shop.it\/de\/\"},{\"@type\":\"ListItem\",\"position\":2,\"name\":\"Shop\",\"item\":\"https:\/\/www.erresse-shop.it\/de\/shop\/\"},{\"@type\":\"ListItem\",\"position\":3,\"name\":\"SMEG Milchaufsch\u00e4umer Schwarz Serie 50 Jahre\"}]},{\"@type\":\"WebSite\",\"@id\":\"https:\/\/www.erresse-shop.it\/de\/#website\",\"url\":\"https:\/\/www.erresse-shop.it\/de\/\",\"name\":\"Erresse Shop\",\"description\":\"Articoli di qualit\u00e0 per la casa\",\"potentialAction\":[{\"@type\":\"SearchAction\",\"target\":{\"@type\":\"EntryPoint\",\"urlTemplate\":\"https:\/\/www.erresse-shop.it\/de\/?s={search_term_string}\"},\"query-input\":\"required name=search_term_string\"}],\"inLanguage\":\"de-DE\"}]}<\/script>\n<!-- \/ Yoast SEO Premium plugin. -->","yoast_head_json":{"title":"SMEG Milchaufsch\u00e4umer Schwarz Serie 50 Jahre","description":"Entdecken Sie SMEG Milchaufsch\u00e4umer Schwarz Serie 50 Jahre bei ErresseShop. Qualit\u00e4t, Stil und Funktionalit\u00e4t \u2013 jetzt online bestellen!","robots":{"index":"index","follow":"follow","max-snippet":"max-snippet:-1","max-image-preview":"max-image-preview:large","max-video-preview":"max-video-preview:-1"},"canonical":"https:\/\/www.erresse-shop.it\/de\/shop\/kleine-elektrogeraete\/milchaufschaumer\/smeg-milchaufschaumer-schwarz-serie-50-jahre\/","og_locale":"de_DE","og_type":"article","og_title":"SMEG Milchaufsch\u00e4umer Schwarz Serie 50 Jahre","og_description":"Entdecken Sie SMEG Milchaufsch\u00e4umer Schwarz Serie 50 Jahre bei ErresseShop. Qualit\u00e4t, Stil und Funktionalit\u00e4t \u2013 jetzt online bestellen!","og_url":"https:\/\/www.erresse-shop.it\/de\/shop\/kleine-elektrogeraete\/milchaufschaumer\/smeg-milchaufschaumer-schwarz-serie-50-jahre\/","og_site_name":"Erresse Shop","article_modified_time":"2025-01-17T13:21:20+00:00","og_image":[{"width":800,"height":800,"url":"https:\/\/www.erresse-shop.it\/wp-content\/uploads\/2019\/11\/SMEG-Estetica-Anni-50-Montalatte-Nero.png","type":"image\/png"}],"twitter_card":"summary_large_image","schema":{"@context":"https:\/\/schema.org","@graph":[{"@type":"WebPage","@id":"https:\/\/www.erresse-shop.it\/de\/shop\/kleine-elektrogeraete\/milchaufschaumer\/smeg-milchaufschaumer-schwarz-serie-50-jahre\/","url":"https:\/\/www.erresse-shop.it\/de\/shop\/kleine-elektrogeraete\/milchaufschaumer\/smeg-milchaufschaumer-schwarz-serie-50-jahre\/","name":"SMEG Milchaufsch\u00e4umer Schwarz Serie 50 Jahre","isPartOf":{"@id":"https:\/\/www.erresse-shop.it\/de\/#website"},"datePublished":"2019-11-22T09:50:46+00:00","dateModified":"2025-01-17T13:21:20+00:00","description":"Entdecken Sie SMEG Milchaufsch\u00e4umer Schwarz Serie 50 Jahre bei ErresseShop. Qualit\u00e4t, Stil und Funktionalit\u00e4t \u2013 jetzt online bestellen!","breadcrumb":{"@id":"https:\/\/www.erresse-shop.it\/de\/shop\/kleine-elektrogeraete\/milchaufschaumer\/smeg-milchaufschaumer-schwarz-serie-50-jahre\/#breadcrumb"},"inLanguage":"de-DE","potentialAction":[{"@type":"ReadAction","target":["https:\/\/www.erresse-shop.it\/de\/shop\/kleine-elektrogeraete\/milchaufschaumer\/smeg-milchaufschaumer-schwarz-serie-50-jahre\/"]}]},{"@type":"BreadcrumbList","@id":"https:\/\/www.erresse-shop.it\/de\/shop\/kleine-elektrogeraete\/milchaufschaumer\/smeg-milchaufschaumer-schwarz-serie-50-jahre\/#breadcrumb","itemListElement":[{"@type":"ListItem","position":1,"name":"Home","item":"https:\/\/www.erresse-shop.it\/de\/"},{"@type":"ListItem","position":2,"name":"Shop","item":"https:\/\/www.erresse-shop.it\/de\/shop\/"},{"@type":"ListItem","position":3,"name":"SMEG Milchaufsch\u00e4umer Schwarz Serie 50 Jahre"}]},{"@type":"WebSite","@id":"https:\/\/www.erresse-shop.it\/de\/#website","url":"https:\/\/www.erresse-shop.it\/de\/","name":"Erresse Shop","description":"Articoli di qualit\u00e0 per la casa","potentialAction":[{"@type":"SearchAction","target":{"@type":"EntryPoint","urlTemplate":"https:\/\/www.erresse-shop.it\/de\/?s={search_term_string}"},"query-input":"required name=search_term_string"}],"inLanguage":"de-DE"}]}},"df_price":139.29999999999998,"df_sale_price":139.29999999999998,"df_regular_price":199,"df_image_link":"https:\/\/www.erresse-shop.it\/wp-content\/uploads\/2019\/11\/SMEG-Estetica-Anni-50-Montalatte-Nero-300x300.jpg","_links":{"self":[{"href":"https:\/\/www.erresse-shop.it\/de\/wp-json\/wp\/v2\/product\/41844"}],"collection":[{"href":"https:\/\/www.erresse-shop.it\/de\/wp-json\/wp\/v2\/product"}],"about":[{"href":"https:\/\/www.erresse-shop.it\/de\/wp-json\/wp\/v2\/types\/product"}],"wp:featuredmedia":[{"embeddable":true,"href":"https:\/\/www.erresse-shop.it\/de\/wp-json\/wp\/v2\/media\/487857"}],"wp:attachment":[{"href":"https:\/\/www.erresse-shop.it\/de\/wp-json\/wp\/v2\/media?parent=41844"}],"wp:term":[{"taxonomy":"product_cat","embeddable":true,"href":"https:\/\/www.erresse-shop.it\/de\/wp-json\/wp\/v2\/product_cat?post=41844"},{"taxonomy":"product_tag","embeddable":true,"href":"https:\/\/www.erresse-shop.it\/de\/wp-json\/wp\/v2\/product_tag?post=41844"}],"curies":[{"name":"wp","href":"https:\/\/api.w.org\/{rel}","templated":true}]}}