{"id":416195,"date":"2024-07-08T09:11:34","date_gmt":"2024-07-08T09:11:34","guid":{"rendered":"https:\/\/www.erresse-shop.it\/?post_type=product&#038;p=416195"},"modified":"2024-10-28T07:20:07","modified_gmt":"2024-10-28T07:20:07","slug":"seletti-porzellanschlussel-passion-key-copia","status":"publish","type":"product","link":"https:\/\/www.erresse-shop.it\/de\/shop\/einrichtung-haus\/dekoartikel\/seletti-porzellanschlussel-passion-key-copia\/","title":{"rendered":"SELETTI Porzellanschl\u00fcssel Freedom Key"},"content":{"rendered":"<p>Der Schl\u00fcssel ist ein sehr m\u00e4chtiges Objekt: Er k\u00f6nnte unsere W\u00fcnsche darstellen, den Schl\u00fcssel zur Leidenschaft, den Schl\u00fcssel zur Macht, den Schl\u00fcssel zur Freiheit. Schl\u00fcssel erm\u00f6glichen ihren Besitzern den Zugang zu besonderen Orten, die sie ohne sie nicht erreichen k\u00f6nnen.<\/p>\n<p><strong>Entwurf:<\/strong> Marcantonio<br \/>\n<strong>Material:<\/strong> Porzellan<br \/>\n<strong>Abmessungen:<\/strong> Cm. 34 h.42<\/p>\n","protected":false},"excerpt":{"rendered":"<p>Der Schl\u00fcssel ist ein sehr m\u00e4chtiges Objekt: Er k\u00f6nnte unsere W\u00fcnsche darstellen, den Schl\u00fcssel zur Leidenschaft, den Schl\u00fcssel zur Macht,<\/p>\n","protected":false},"featured_media":461937,"template":"","meta":{"_acf_changed":false,"inline_featured_image":false},"product_cat":[6817,14442],"product_tag":[24366],"acf":[],"yoast_head":"<!-- This site is optimized with the Yoast SEO Premium plugin v18.6 (Yoast SEO v19.13) - https:\/\/yoast.com\/wordpress\/plugins\/seo\/ -->\n<title>SELETTI Porzellanschl\u00fcssel Freedom Key - Erresse Shop<\/title>\n<meta name=\"description\" content=\"Der Schl\u00fcssel ist ein sehr m\u00e4chtiges Objekt: Er k\u00f6nnte unsere W\u00fcnsche darstellen, den Schl\u00fcssel zur Leidenschaft, den Schl\u00fcssel zur Macht, den Schl\u00fcssel\" \/>\n<meta name=\"robots\" content=\"index, follow, max-snippet:-1, max-image-preview:large, max-video-preview:-1\" \/>\n<link rel=\"canonical\" href=\"https:\/\/www.erresse-shop.it\/de\/shop\/einrichtung-haus\/dekoartikel\/seletti-porzellanschlussel-passion-key-copia\/\" \/>\n<meta property=\"og:locale\" content=\"de_DE\" \/>\n<meta property=\"og:type\" content=\"article\" \/>\n<meta property=\"og:title\" content=\"SELETTI Porzellanschl\u00fcssel Freedom Key\" \/>\n<meta property=\"og:description\" content=\"Der Schl\u00fcssel ist ein sehr m\u00e4chtiges Objekt: Er k\u00f6nnte unsere W\u00fcnsche darstellen, den Schl\u00fcssel zur Leidenschaft, den Schl\u00fcssel zur Macht, den Schl\u00fcssel\" \/>\n<meta property=\"og:url\" content=\"https:\/\/www.erresse-shop.it\/de\/shop\/einrichtung-haus\/dekoartikel\/seletti-porzellanschlussel-passion-key-copia\/\" \/>\n<meta property=\"og:site_name\" content=\"Erresse Shop\" \/>\n<meta property=\"article:modified_time\" content=\"2024-10-28T07:20:07+00:00\" \/>\n<meta property=\"og:image\" content=\"https:\/\/www.erresse-shop.it\/wp-content\/uploads\/2024\/07\/SELETTI-Chiave-in-Porcellana-Freedom-Key.png\" \/>\n\t<meta property=\"og:image:width\" content=\"800\" \/>\n\t<meta property=\"og:image:height\" content=\"800\" \/>\n\t<meta property=\"og:image:type\" content=\"image\/png\" \/>\n<meta name=\"twitter:card\" content=\"summary_large_image\" \/>\n<script type=\"application\/ld+json\" class=\"yoast-schema-graph\">{\"@context\":\"https:\/\/schema.org\",\"@graph\":[{\"@type\":\"WebPage\",\"@id\":\"https:\/\/www.erresse-shop.it\/de\/shop\/einrichtung-haus\/dekoartikel\/seletti-porzellanschlussel-passion-key-copia\/\",\"url\":\"https:\/\/www.erresse-shop.it\/de\/shop\/einrichtung-haus\/dekoartikel\/seletti-porzellanschlussel-passion-key-copia\/\",\"name\":\"SELETTI Porzellanschl\u00fcssel Freedom Key - Erresse Shop\",\"isPartOf\":{\"@id\":\"https:\/\/www.erresse-shop.it\/de\/#website\"},\"datePublished\":\"2024-07-08T09:11:34+00:00\",\"dateModified\":\"2024-10-28T07:20:07+00:00\",\"description\":\"Der Schl\u00fcssel ist ein sehr m\u00e4chtiges Objekt: Er k\u00f6nnte unsere W\u00fcnsche darstellen, den Schl\u00fcssel zur Leidenschaft, den Schl\u00fcssel zur Macht, den Schl\u00fcssel\",\"breadcrumb\":{\"@id\":\"https:\/\/www.erresse-shop.it\/de\/shop\/einrichtung-haus\/dekoartikel\/seletti-porzellanschlussel-passion-key-copia\/#breadcrumb\"},\"inLanguage\":\"de-DE\",\"potentialAction\":[{\"@type\":\"ReadAction\",\"target\":[\"https:\/\/www.erresse-shop.it\/de\/shop\/einrichtung-haus\/dekoartikel\/seletti-porzellanschlussel-passion-key-copia\/\"]}]},{\"@type\":\"BreadcrumbList\",\"@id\":\"https:\/\/www.erresse-shop.it\/de\/shop\/einrichtung-haus\/dekoartikel\/seletti-porzellanschlussel-passion-key-copia\/#breadcrumb\",\"itemListElement\":[{\"@type\":\"ListItem\",\"position\":1,\"name\":\"Home\",\"item\":\"https:\/\/www.erresse-shop.it\/de\/\"},{\"@type\":\"ListItem\",\"position\":2,\"name\":\"Shop\",\"item\":\"https:\/\/www.erresse-shop.it\/de\/shop\/\"},{\"@type\":\"ListItem\",\"position\":3,\"name\":\"SELETTI Porzellanschl\u00fcssel Freedom Key\"}]},{\"@type\":\"WebSite\",\"@id\":\"https:\/\/www.erresse-shop.it\/de\/#website\",\"url\":\"https:\/\/www.erresse-shop.it\/de\/\",\"name\":\"Erresse Shop\",\"description\":\"Articoli di qualit\u00e0 per la casa\",\"potentialAction\":[{\"@type\":\"SearchAction\",\"target\":{\"@type\":\"EntryPoint\",\"urlTemplate\":\"https:\/\/www.erresse-shop.it\/de\/?s={search_term_string}\"},\"query-input\":\"required name=search_term_string\"}],\"inLanguage\":\"de-DE\"}]}<\/script>\n<!-- \/ Yoast SEO Premium plugin. -->","yoast_head_json":{"title":"SELETTI Porzellanschl\u00fcssel Freedom Key - Erresse Shop","description":"Der Schl\u00fcssel ist ein sehr m\u00e4chtiges Objekt: Er k\u00f6nnte unsere W\u00fcnsche darstellen, den Schl\u00fcssel zur Leidenschaft, den Schl\u00fcssel zur Macht, den Schl\u00fcssel","robots":{"index":"index","follow":"follow","max-snippet":"max-snippet:-1","max-image-preview":"max-image-preview:large","max-video-preview":"max-video-preview:-1"},"canonical":"https:\/\/www.erresse-shop.it\/de\/shop\/einrichtung-haus\/dekoartikel\/seletti-porzellanschlussel-passion-key-copia\/","og_locale":"de_DE","og_type":"article","og_title":"SELETTI Porzellanschl\u00fcssel Freedom Key","og_description":"Der Schl\u00fcssel ist ein sehr m\u00e4chtiges Objekt: Er k\u00f6nnte unsere W\u00fcnsche darstellen, den Schl\u00fcssel zur Leidenschaft, den Schl\u00fcssel zur Macht, den Schl\u00fcssel","og_url":"https:\/\/www.erresse-shop.it\/de\/shop\/einrichtung-haus\/dekoartikel\/seletti-porzellanschlussel-passion-key-copia\/","og_site_name":"Erresse Shop","article_modified_time":"2024-10-28T07:20:07+00:00","og_image":[{"width":800,"height":800,"url":"https:\/\/www.erresse-shop.it\/wp-content\/uploads\/2024\/07\/SELETTI-Chiave-in-Porcellana-Freedom-Key.png","type":"image\/png"}],"twitter_card":"summary_large_image","schema":{"@context":"https:\/\/schema.org","@graph":[{"@type":"WebPage","@id":"https:\/\/www.erresse-shop.it\/de\/shop\/einrichtung-haus\/dekoartikel\/seletti-porzellanschlussel-passion-key-copia\/","url":"https:\/\/www.erresse-shop.it\/de\/shop\/einrichtung-haus\/dekoartikel\/seletti-porzellanschlussel-passion-key-copia\/","name":"SELETTI Porzellanschl\u00fcssel Freedom Key - Erresse Shop","isPartOf":{"@id":"https:\/\/www.erresse-shop.it\/de\/#website"},"datePublished":"2024-07-08T09:11:34+00:00","dateModified":"2024-10-28T07:20:07+00:00","description":"Der Schl\u00fcssel ist ein sehr m\u00e4chtiges Objekt: Er k\u00f6nnte unsere W\u00fcnsche darstellen, den Schl\u00fcssel zur Leidenschaft, den Schl\u00fcssel zur Macht, den Schl\u00fcssel","breadcrumb":{"@id":"https:\/\/www.erresse-shop.it\/de\/shop\/einrichtung-haus\/dekoartikel\/seletti-porzellanschlussel-passion-key-copia\/#breadcrumb"},"inLanguage":"de-DE","potentialAction":[{"@type":"ReadAction","target":["https:\/\/www.erresse-shop.it\/de\/shop\/einrichtung-haus\/dekoartikel\/seletti-porzellanschlussel-passion-key-copia\/"]}]},{"@type":"BreadcrumbList","@id":"https:\/\/www.erresse-shop.it\/de\/shop\/einrichtung-haus\/dekoartikel\/seletti-porzellanschlussel-passion-key-copia\/#breadcrumb","itemListElement":[{"@type":"ListItem","position":1,"name":"Home","item":"https:\/\/www.erresse-shop.it\/de\/"},{"@type":"ListItem","position":2,"name":"Shop","item":"https:\/\/www.erresse-shop.it\/de\/shop\/"},{"@type":"ListItem","position":3,"name":"SELETTI Porzellanschl\u00fcssel Freedom Key"}]},{"@type":"WebSite","@id":"https:\/\/www.erresse-shop.it\/de\/#website","url":"https:\/\/www.erresse-shop.it\/de\/","name":"Erresse Shop","description":"Articoli di qualit\u00e0 per la casa","potentialAction":[{"@type":"SearchAction","target":{"@type":"EntryPoint","urlTemplate":"https:\/\/www.erresse-shop.it\/de\/?s={search_term_string}"},"query-input":"required name=search_term_string"}],"inLanguage":"de-DE"}]}},"df_price":44.550000000000004,"df_sale_price":44.550000000000004,"df_regular_price":99,"df_image_link":"https:\/\/www.erresse-shop.it\/wp-content\/uploads\/2024\/07\/SELETTI-Chiave-in-Porcellana-Freedom-Key-300x300.jpg","_links":{"self":[{"href":"https:\/\/www.erresse-shop.it\/de\/wp-json\/wp\/v2\/product\/416195"}],"collection":[{"href":"https:\/\/www.erresse-shop.it\/de\/wp-json\/wp\/v2\/product"}],"about":[{"href":"https:\/\/www.erresse-shop.it\/de\/wp-json\/wp\/v2\/types\/product"}],"wp:featuredmedia":[{"embeddable":true,"href":"https:\/\/www.erresse-shop.it\/de\/wp-json\/wp\/v2\/media\/461937"}],"wp:attachment":[{"href":"https:\/\/www.erresse-shop.it\/de\/wp-json\/wp\/v2\/media?parent=416195"}],"wp:term":[{"taxonomy":"product_cat","embeddable":true,"href":"https:\/\/www.erresse-shop.it\/de\/wp-json\/wp\/v2\/product_cat?post=416195"},{"taxonomy":"product_tag","embeddable":true,"href":"https:\/\/www.erresse-shop.it\/de\/wp-json\/wp\/v2\/product_tag?post=416195"}],"curies":[{"name":"wp","href":"https:\/\/api.w.org\/{rel}","templated":true}]}}