{"id":414378,"date":"2024-06-28T14:28:58","date_gmt":"2024-06-28T14:28:58","guid":{"rendered":"https:\/\/www.erresse-shop.it\/?post_type=product&#038;p=414378"},"modified":"2024-10-28T08:50:12","modified_gmt":"2024-10-28T08:50:12","slug":"mario-luca-giusti-fulmine-salatschuessel-transparent","status":"publish","type":"product","link":"https:\/\/www.erresse-shop.it\/de\/shop\/tisch\/salatschuesseln-und-terrinen\/mario-luca-giusti-fulmine-salatschuessel-transparent\/","title":{"rendered":"MARIO LUCA GIUSTI Fulmine Salatsch\u00fcssel Transparent"},"content":{"rendered":"<div>\n<p><strong>Gebrauchsanweisung f\u00fcr Acrylprodukte<\/strong><\/p>\n<p>gepr\u00fcft durch T\u00dcV, SGS, Intertek<br \/>\n&#8211; absolut geschmacks- und geruchsneutral<br \/>\n&#8211; BPA-frei<br \/>\n&#8211; Nicht unzerst\u00f6rbar<br \/>\n&#8211; widerstandsf\u00e4hig von -10\u00b0C bis 50\u00b0C<br \/>\n&#8211; einfrierbar<br \/>\n&#8211; Handw\u00e4sche empfohlen, um die Lebensdauer des Produkts zu verl\u00e4ngern<br \/>\n&#8211; nicht sp\u00fclmaschinenfest<br \/>\n&#8211; nicht f\u00fcr Mikrowellen geeignet<br \/>\n&#8211; nur neutrale Reinigungsmittel und nicht scheuernde Materialien verwenden<\/p>\n<p><strong>Folgende Faktoren k\u00f6nnen das Produkt verf\u00e4rben oder auf Dauer undurchsichtig machen:<\/strong><br \/>\n&#8211; Produkte \u00fcber einen l\u00e4ngeren Zeitraum bei hohen Temperaturen und hoher Luftfeuchtigkeit aufbewahren<br \/>\n&#8211; Falsche Dosierung des Reinigungsmittels<br \/>\n&#8211; Verwendung von Reinigungsmitteln, die Aluminium oder Metallschutzmittel enthalten.<br \/>\n&#8211; Milchprodukte, Kaffee, Kakao, Tee oder Alkohol k\u00f6nnen einen Rand auf dem Glas hinterlassen, wenn sie \u00fcber Nacht stehen. Waschen Sie das Glas sofort nach dem Gebrauch mit warmem Seifenwasser, waschen Sie es von Hand oder verwenden Sie unser Reinigungsmittel. Regelm\u00e4\u00dfig abstauben.<\/p>\n<p><strong>Technische Daten<\/strong><\/p>\n<p>H\u00f6he: 11 cm<br \/>\nDurchmesser: 25 cm<br \/>\nFassungsverm\u00f6gen: 1800 ml<\/p>\n<\/div>\n","protected":false},"excerpt":{"rendered":"<p>Gebrauchsanweisung f\u00fcr Acrylprodukte gepr\u00fcft durch T\u00dcV, SGS, Intertek &#8211; absolut geschmacks- und geruchsneutral &#8211; BPA-frei &#8211; Nicht unzerst\u00f6rbar &#8211; widerstandsf\u00e4hig<\/p>\n","protected":false},"featured_media":435010,"template":"","meta":{"_acf_changed":false,"inline_featured_image":false},"product_cat":[6892,6787],"product_tag":[25027,24604,25872,13044,25022,23683],"acf":[],"yoast_head":"<!-- This site is optimized with the Yoast SEO Premium plugin v18.6 (Yoast SEO v19.13) - https:\/\/yoast.com\/wordpress\/plugins\/seo\/ -->\n<title>MARIO LUCA GIUSTI Fulmine Salatsch\u00fcssel Transparent - Erresse Shop<\/title>\n<meta name=\"description\" content=\"Gebrauchsanweisung f\u00fcr Acrylprodukte gepr\u00fcft durch T\u00dcV, SGS, Intertek - absolut geschmacks- und geruchsneutral - BPA-frei - Nicht unzerst\u00f6rbar -\" \/>\n<meta name=\"robots\" content=\"index, follow, max-snippet:-1, max-image-preview:large, max-video-preview:-1\" \/>\n<link rel=\"canonical\" href=\"https:\/\/www.erresse-shop.it\/de\/shop\/tisch\/salatschuesseln-und-terrinen\/mario-luca-giusti-fulmine-salatschuessel-transparent\/\" \/>\n<meta property=\"og:locale\" content=\"de_DE\" \/>\n<meta property=\"og:type\" content=\"article\" \/>\n<meta property=\"og:title\" content=\"MARIO LUCA GIUSTI Fulmine Salatsch\u00fcssel Transparent\" \/>\n<meta property=\"og:description\" content=\"Gebrauchsanweisung f\u00fcr Acrylprodukte gepr\u00fcft durch T\u00dcV, SGS, Intertek - absolut geschmacks- und geruchsneutral - BPA-frei - Nicht unzerst\u00f6rbar -\" \/>\n<meta property=\"og:url\" content=\"https:\/\/www.erresse-shop.it\/de\/shop\/tisch\/salatschuesseln-und-terrinen\/mario-luca-giusti-fulmine-salatschuessel-transparent\/\" \/>\n<meta property=\"og:site_name\" content=\"Erresse Shop\" \/>\n<meta property=\"article:modified_time\" content=\"2024-10-28T08:50:12+00:00\" \/>\n<meta property=\"og:image\" content=\"https:\/\/www.erresse-shop.it\/wp-content\/uploads\/2024\/06\/MARIO-LUCA-GIUSTI-Fulmine-Insalatiera-Trasparente.jpg\" \/>\n\t<meta property=\"og:image:width\" content=\"1200\" \/>\n\t<meta property=\"og:image:height\" content=\"1200\" \/>\n\t<meta property=\"og:image:type\" content=\"image\/jpeg\" \/>\n<meta name=\"twitter:card\" content=\"summary_large_image\" \/>\n<script type=\"application\/ld+json\" class=\"yoast-schema-graph\">{\"@context\":\"https:\/\/schema.org\",\"@graph\":[{\"@type\":\"WebPage\",\"@id\":\"https:\/\/www.erresse-shop.it\/de\/shop\/tisch\/salatschuesseln-und-terrinen\/mario-luca-giusti-fulmine-salatschuessel-transparent\/\",\"url\":\"https:\/\/www.erresse-shop.it\/de\/shop\/tisch\/salatschuesseln-und-terrinen\/mario-luca-giusti-fulmine-salatschuessel-transparent\/\",\"name\":\"MARIO LUCA GIUSTI Fulmine Salatsch\u00fcssel Transparent - Erresse Shop\",\"isPartOf\":{\"@id\":\"https:\/\/www.erresse-shop.it\/de\/#website\"},\"datePublished\":\"2024-06-28T14:28:58+00:00\",\"dateModified\":\"2024-10-28T08:50:12+00:00\",\"description\":\"Gebrauchsanweisung f\u00fcr Acrylprodukte gepr\u00fcft durch T\u00dcV, SGS, Intertek - absolut geschmacks- und geruchsneutral - BPA-frei - Nicht unzerst\u00f6rbar -\",\"breadcrumb\":{\"@id\":\"https:\/\/www.erresse-shop.it\/de\/shop\/tisch\/salatschuesseln-und-terrinen\/mario-luca-giusti-fulmine-salatschuessel-transparent\/#breadcrumb\"},\"inLanguage\":\"de-DE\",\"potentialAction\":[{\"@type\":\"ReadAction\",\"target\":[\"https:\/\/www.erresse-shop.it\/de\/shop\/tisch\/salatschuesseln-und-terrinen\/mario-luca-giusti-fulmine-salatschuessel-transparent\/\"]}]},{\"@type\":\"BreadcrumbList\",\"@id\":\"https:\/\/www.erresse-shop.it\/de\/shop\/tisch\/salatschuesseln-und-terrinen\/mario-luca-giusti-fulmine-salatschuessel-transparent\/#breadcrumb\",\"itemListElement\":[{\"@type\":\"ListItem\",\"position\":1,\"name\":\"Home\",\"item\":\"https:\/\/www.erresse-shop.it\/de\/\"},{\"@type\":\"ListItem\",\"position\":2,\"name\":\"Shop\",\"item\":\"https:\/\/www.erresse-shop.it\/de\/shop\/\"},{\"@type\":\"ListItem\",\"position\":3,\"name\":\"MARIO LUCA GIUSTI Fulmine Salatsch\u00fcssel Transparent\"}]},{\"@type\":\"WebSite\",\"@id\":\"https:\/\/www.erresse-shop.it\/de\/#website\",\"url\":\"https:\/\/www.erresse-shop.it\/de\/\",\"name\":\"Erresse Shop\",\"description\":\"Articoli di qualit\u00e0 per la casa\",\"potentialAction\":[{\"@type\":\"SearchAction\",\"target\":{\"@type\":\"EntryPoint\",\"urlTemplate\":\"https:\/\/www.erresse-shop.it\/de\/?s={search_term_string}\"},\"query-input\":\"required name=search_term_string\"}],\"inLanguage\":\"de-DE\"}]}<\/script>\n<!-- \/ Yoast SEO Premium plugin. -->","yoast_head_json":{"title":"MARIO LUCA GIUSTI Fulmine Salatsch\u00fcssel Transparent - Erresse Shop","description":"Gebrauchsanweisung f\u00fcr Acrylprodukte gepr\u00fcft durch T\u00dcV, SGS, Intertek - absolut geschmacks- und geruchsneutral - BPA-frei - Nicht unzerst\u00f6rbar -","robots":{"index":"index","follow":"follow","max-snippet":"max-snippet:-1","max-image-preview":"max-image-preview:large","max-video-preview":"max-video-preview:-1"},"canonical":"https:\/\/www.erresse-shop.it\/de\/shop\/tisch\/salatschuesseln-und-terrinen\/mario-luca-giusti-fulmine-salatschuessel-transparent\/","og_locale":"de_DE","og_type":"article","og_title":"MARIO LUCA GIUSTI Fulmine Salatsch\u00fcssel Transparent","og_description":"Gebrauchsanweisung f\u00fcr Acrylprodukte gepr\u00fcft durch T\u00dcV, SGS, Intertek - absolut geschmacks- und geruchsneutral - BPA-frei - Nicht unzerst\u00f6rbar -","og_url":"https:\/\/www.erresse-shop.it\/de\/shop\/tisch\/salatschuesseln-und-terrinen\/mario-luca-giusti-fulmine-salatschuessel-transparent\/","og_site_name":"Erresse Shop","article_modified_time":"2024-10-28T08:50:12+00:00","og_image":[{"width":1200,"height":1200,"url":"https:\/\/www.erresse-shop.it\/wp-content\/uploads\/2024\/06\/MARIO-LUCA-GIUSTI-Fulmine-Insalatiera-Trasparente.jpg","type":"image\/jpeg"}],"twitter_card":"summary_large_image","schema":{"@context":"https:\/\/schema.org","@graph":[{"@type":"WebPage","@id":"https:\/\/www.erresse-shop.it\/de\/shop\/tisch\/salatschuesseln-und-terrinen\/mario-luca-giusti-fulmine-salatschuessel-transparent\/","url":"https:\/\/www.erresse-shop.it\/de\/shop\/tisch\/salatschuesseln-und-terrinen\/mario-luca-giusti-fulmine-salatschuessel-transparent\/","name":"MARIO LUCA GIUSTI Fulmine Salatsch\u00fcssel Transparent - Erresse Shop","isPartOf":{"@id":"https:\/\/www.erresse-shop.it\/de\/#website"},"datePublished":"2024-06-28T14:28:58+00:00","dateModified":"2024-10-28T08:50:12+00:00","description":"Gebrauchsanweisung f\u00fcr Acrylprodukte gepr\u00fcft durch T\u00dcV, SGS, Intertek - absolut geschmacks- und geruchsneutral - BPA-frei - Nicht unzerst\u00f6rbar -","breadcrumb":{"@id":"https:\/\/www.erresse-shop.it\/de\/shop\/tisch\/salatschuesseln-und-terrinen\/mario-luca-giusti-fulmine-salatschuessel-transparent\/#breadcrumb"},"inLanguage":"de-DE","potentialAction":[{"@type":"ReadAction","target":["https:\/\/www.erresse-shop.it\/de\/shop\/tisch\/salatschuesseln-und-terrinen\/mario-luca-giusti-fulmine-salatschuessel-transparent\/"]}]},{"@type":"BreadcrumbList","@id":"https:\/\/www.erresse-shop.it\/de\/shop\/tisch\/salatschuesseln-und-terrinen\/mario-luca-giusti-fulmine-salatschuessel-transparent\/#breadcrumb","itemListElement":[{"@type":"ListItem","position":1,"name":"Home","item":"https:\/\/www.erresse-shop.it\/de\/"},{"@type":"ListItem","position":2,"name":"Shop","item":"https:\/\/www.erresse-shop.it\/de\/shop\/"},{"@type":"ListItem","position":3,"name":"MARIO LUCA GIUSTI Fulmine Salatsch\u00fcssel Transparent"}]},{"@type":"WebSite","@id":"https:\/\/www.erresse-shop.it\/de\/#website","url":"https:\/\/www.erresse-shop.it\/de\/","name":"Erresse Shop","description":"Articoli di qualit\u00e0 per la casa","potentialAction":[{"@type":"SearchAction","target":{"@type":"EntryPoint","urlTemplate":"https:\/\/www.erresse-shop.it\/de\/?s={search_term_string}"},"query-input":"required name=search_term_string"}],"inLanguage":"de-DE"}]}},"df_price":59,"df_sale_price":59,"df_regular_price":83,"df_image_link":"https:\/\/www.erresse-shop.it\/wp-content\/uploads\/2024\/06\/MARIO-LUCA-GIUSTI-Fulmine-Insalatiera-Trasparente-300x300.jpg","_links":{"self":[{"href":"https:\/\/www.erresse-shop.it\/de\/wp-json\/wp\/v2\/product\/414378"}],"collection":[{"href":"https:\/\/www.erresse-shop.it\/de\/wp-json\/wp\/v2\/product"}],"about":[{"href":"https:\/\/www.erresse-shop.it\/de\/wp-json\/wp\/v2\/types\/product"}],"wp:featuredmedia":[{"embeddable":true,"href":"https:\/\/www.erresse-shop.it\/de\/wp-json\/wp\/v2\/media\/435010"}],"wp:attachment":[{"href":"https:\/\/www.erresse-shop.it\/de\/wp-json\/wp\/v2\/media?parent=414378"}],"wp:term":[{"taxonomy":"product_cat","embeddable":true,"href":"https:\/\/www.erresse-shop.it\/de\/wp-json\/wp\/v2\/product_cat?post=414378"},{"taxonomy":"product_tag","embeddable":true,"href":"https:\/\/www.erresse-shop.it\/de\/wp-json\/wp\/v2\/product_tag?post=414378"}],"curies":[{"name":"wp","href":"https:\/\/api.w.org\/{rel}","templated":true}]}}