{"id":41433,"date":"2019-11-12T13:49:29","date_gmt":"2019-11-12T13:49:30","guid":{"rendered":"https:\/\/www.erresse-shop.it\/?post_type=product&#038;p=41433"},"modified":"2025-01-17T13:21:13","modified_gmt":"2025-01-17T13:21:13","slug":"smeg-kuchenmaschine-smf03-creme-serie-50-jahre","status":"publish","type":"product","link":"https:\/\/www.erresse-shop.it\/de\/shop\/kleine-elektrogeraete\/knetmaschinen\/smeg-kuchenmaschine-smf03-creme-serie-50-jahre\/","title":{"rendered":"SMEG K\u00fcchenmaschine SMF03 Creme Serie 50 Jahre"},"content":{"rendered":"<p><strong>SMEG<\/strong> Serie 50 Jahre<\/p>\n<p>Ein symbolisches Treffen, Symbole, die den Raum, den sie einnehmen, die neue kleine Linie von 50 Jahren drehen, die in Zusammenarbeit mit Matthew Bazzicalupo und Raffaella Mangiarotti von deepdesign, die Vergangenheit evozieren und die Orte, an jedem Tag zu gestalten, auf eine neue Weise zu investieren, was bereits existiert oder existiert hat, wie es in der Kunst und Ged\u00e4chtnis geschieht.<br \/>\nProduziert von abgerundeten und kompakten Formen, sind die Protagonisten der K\u00fcche, f\u00fcr diejenigen, die eine Erfahrung Koch leben wollen aber nicht nur. F\u00fcr diejenigen, die sich mit Objekten mit einer starken \u00e4sthetischen Charakter zu umgeben, wie ohne den Blick f\u00fcr die qualitativ hochwertige Leistung zu verlieren.<\/p>\n<p><strong>Knetmaschine SMF01<\/strong><\/p>\n<p>Produkt von den Auszeichnungen <strong>Good Design verliehen 2014<\/strong><br \/>\ndurch den <strong>iF Product Design Award 2015<\/strong><\/p>\n<p><strong>\u00c4sthetik\/Bedienung<\/strong>:<br \/>\n50`s Retro Style<br \/>\n3D Smeg-Logo<br \/>\nGeh\u00e4use aus Aluminium-Druckguss<br \/>\nFull-Color-Lackierung<br \/>\nSicherheits-Bajonettverschluss f\u00fcr R\u00fchrsch\u00fcssel<br \/>\nKugelgriff f\u00fcr Geschwindigkeitsstufen aus Edelstahl<\/p>\n<p><strong>Ausstattung<\/strong>:<br \/>\nPlaneten-R\u00fchrwerk<br \/>\nDirekt-Drive-Motor<br \/>\nSicherheitsabschaltung bei gekipptem Motorkopf<br \/>\n\u00dcberlastungsschutz des Motors bei \u00dcberladung<br \/>\nAufnahme f\u00fcr optionales Zubeh\u00f6r im Frontbereich<br \/>\n4,8 l-Edelstahlsch\u00fcssel<br \/>\nRutschfeste Stellf\u00fc\u00dfe<\/p>\n<p><strong>Funktionen<\/strong>:<br \/>\n10 variable Geschwindigkeitsstufen mit Smooth Start F\u00fcllmengen nach Zutaten<br \/>\nAllzweckmehl max.: 1,0 kg<br \/>\nVollkornweizenmehl max.: 0,8 kg<br \/>\nTeig f\u00fcr Kuchen max.: 2,8 kg<br \/>\nTeig f\u00fcr Brot\/Pizza\/Pasta max.: 1,3 kg<br \/>\nEiwei\u00df\/mittelgro\u00dfe Eier min\/max.: 3\u201312<br \/>\nSchlagsahne max.: 1,0 l<\/p>\n<p><strong>Serienzubehor<\/strong>:<br \/>\nSMWW02 \u2013 Edelstahl-Schneebesen<br \/>\nSMFB01 \u2013 Aluminium-Flachr\u00fchrer<br \/>\nSMDH01 \u2013 Aluminium-Knethaken<br \/>\nSMFB02 \u2013 Edelstahl-Quirl mit flexiblen R\u00fchrkantern<br \/>\nSMB401 \u2013 4,8 I Edelstahlsch\u00fcssel<br \/>\nSMPS01 \u2013 Spritzschutz-Einf\u00fcllhilfe<\/p>\n<p><strong>Allgemeine Daten<\/strong>:<br \/>\nAbmessungen HxBxT: 378x402x221 mm Abmessungen HxBxT: 490x402x221 mm (gekippter Motorkopf)<br \/>\nNettogewicht: 9,5 kg<br \/>\nKabell\u00e4nge: 1,0 m<\/p>\n<p><strong>Technische Daten<\/strong>:<br \/>\nSpannung: 220\u2013240 V 1N<br \/>\nFrequenz: 50 Hz<br \/>\nLeistungsaufnahme: 800 W<br \/>\nTyp Netzstecker: Schuko<\/p>\n<p><u style=\"font-size: 13px; line-height: 20.8px;\"><strong>Not for sale outside from Europe<\/strong><\/u><\/p>\n","protected":false},"excerpt":{"rendered":"<p>SMEG Serie 50 Jahre Ein symbolisches Treffen, Symbole, die den Raum, den sie einnehmen, die neue kleine Linie von 50<\/p>\n","protected":false},"featured_media":475916,"template":"","meta":{"_acf_changed":false,"inline_featured_image":false},"product_cat":[6703,14475],"product_tag":[12358,11718,19954,14837,19955,12357],"acf":[],"yoast_head":"<!-- This site is optimized with the Yoast SEO Premium plugin v18.6 (Yoast SEO v19.13) - https:\/\/yoast.com\/wordpress\/plugins\/seo\/ -->\n<title>SMEG K\u00fcchenmaschine SMF03 Creme Serie 50 Jahre<\/title>\n<meta name=\"description\" content=\"Entdecken Sie SMEG K\u00fcchenmaschine SMF03 Creme Serie 50 Jahre bei ErresseShop. Qualit\u00e4t, Stil und Funktionalit\u00e4t \u2013 jetzt online bestellen!\" \/>\n<meta name=\"robots\" content=\"index, follow, max-snippet:-1, max-image-preview:large, max-video-preview:-1\" \/>\n<link rel=\"canonical\" href=\"https:\/\/www.erresse-shop.it\/de\/shop\/kleine-elektrogeraete\/knetmaschinen\/smeg-kuchenmaschine-smf03-creme-serie-50-jahre\/\" \/>\n<meta property=\"og:locale\" content=\"de_DE\" \/>\n<meta property=\"og:type\" content=\"article\" \/>\n<meta property=\"og:title\" content=\"SMEG K\u00fcchenmaschine SMF03 Creme Serie 50 Jahre\" \/>\n<meta property=\"og:description\" content=\"Entdecken Sie SMEG K\u00fcchenmaschine SMF03 Creme Serie 50 Jahre bei ErresseShop. Qualit\u00e4t, Stil und Funktionalit\u00e4t \u2013 jetzt online bestellen!\" \/>\n<meta property=\"og:url\" content=\"https:\/\/www.erresse-shop.it\/de\/shop\/kleine-elektrogeraete\/knetmaschinen\/smeg-kuchenmaschine-smf03-creme-serie-50-jahre\/\" \/>\n<meta property=\"og:site_name\" content=\"Erresse Shop\" \/>\n<meta property=\"article:modified_time\" content=\"2025-01-17T13:21:13+00:00\" \/>\n<meta property=\"og:image\" content=\"https:\/\/www.erresse-shop.it\/wp-content\/uploads\/2019\/11\/SMEG-Estetica-Anni-50-Impastatrice-SMF03-Panna.png\" \/>\n\t<meta property=\"og:image:width\" content=\"800\" \/>\n\t<meta property=\"og:image:height\" content=\"800\" \/>\n\t<meta property=\"og:image:type\" content=\"image\/png\" \/>\n<meta name=\"twitter:card\" content=\"summary_large_image\" \/>\n<script type=\"application\/ld+json\" class=\"yoast-schema-graph\">{\"@context\":\"https:\/\/schema.org\",\"@graph\":[{\"@type\":\"WebPage\",\"@id\":\"https:\/\/www.erresse-shop.it\/de\/shop\/kleine-elektrogeraete\/knetmaschinen\/smeg-kuchenmaschine-smf03-creme-serie-50-jahre\/\",\"url\":\"https:\/\/www.erresse-shop.it\/de\/shop\/kleine-elektrogeraete\/knetmaschinen\/smeg-kuchenmaschine-smf03-creme-serie-50-jahre\/\",\"name\":\"SMEG K\u00fcchenmaschine SMF03 Creme Serie 50 Jahre\",\"isPartOf\":{\"@id\":\"https:\/\/www.erresse-shop.it\/de\/#website\"},\"datePublished\":\"2019-11-12T13:49:30+00:00\",\"dateModified\":\"2025-01-17T13:21:13+00:00\",\"description\":\"Entdecken Sie SMEG K\u00fcchenmaschine SMF03 Creme Serie 50 Jahre bei ErresseShop. Qualit\u00e4t, Stil und Funktionalit\u00e4t \u2013 jetzt online bestellen!\",\"breadcrumb\":{\"@id\":\"https:\/\/www.erresse-shop.it\/de\/shop\/kleine-elektrogeraete\/knetmaschinen\/smeg-kuchenmaschine-smf03-creme-serie-50-jahre\/#breadcrumb\"},\"inLanguage\":\"de-DE\",\"potentialAction\":[{\"@type\":\"ReadAction\",\"target\":[\"https:\/\/www.erresse-shop.it\/de\/shop\/kleine-elektrogeraete\/knetmaschinen\/smeg-kuchenmaschine-smf03-creme-serie-50-jahre\/\"]}]},{\"@type\":\"BreadcrumbList\",\"@id\":\"https:\/\/www.erresse-shop.it\/de\/shop\/kleine-elektrogeraete\/knetmaschinen\/smeg-kuchenmaschine-smf03-creme-serie-50-jahre\/#breadcrumb\",\"itemListElement\":[{\"@type\":\"ListItem\",\"position\":1,\"name\":\"Home\",\"item\":\"https:\/\/www.erresse-shop.it\/de\/\"},{\"@type\":\"ListItem\",\"position\":2,\"name\":\"Shop\",\"item\":\"https:\/\/www.erresse-shop.it\/de\/shop\/\"},{\"@type\":\"ListItem\",\"position\":3,\"name\":\"SMEG K\u00fcchenmaschine SMF03 Creme Serie 50 Jahre\"}]},{\"@type\":\"WebSite\",\"@id\":\"https:\/\/www.erresse-shop.it\/de\/#website\",\"url\":\"https:\/\/www.erresse-shop.it\/de\/\",\"name\":\"Erresse Shop\",\"description\":\"Articoli di qualit\u00e0 per la casa\",\"potentialAction\":[{\"@type\":\"SearchAction\",\"target\":{\"@type\":\"EntryPoint\",\"urlTemplate\":\"https:\/\/www.erresse-shop.it\/de\/?s={search_term_string}\"},\"query-input\":\"required name=search_term_string\"}],\"inLanguage\":\"de-DE\"}]}<\/script>\n<!-- \/ Yoast SEO Premium plugin. -->","yoast_head_json":{"title":"SMEG K\u00fcchenmaschine SMF03 Creme Serie 50 Jahre","description":"Entdecken Sie SMEG K\u00fcchenmaschine SMF03 Creme Serie 50 Jahre bei ErresseShop. Qualit\u00e4t, Stil und Funktionalit\u00e4t \u2013 jetzt online bestellen!","robots":{"index":"index","follow":"follow","max-snippet":"max-snippet:-1","max-image-preview":"max-image-preview:large","max-video-preview":"max-video-preview:-1"},"canonical":"https:\/\/www.erresse-shop.it\/de\/shop\/kleine-elektrogeraete\/knetmaschinen\/smeg-kuchenmaschine-smf03-creme-serie-50-jahre\/","og_locale":"de_DE","og_type":"article","og_title":"SMEG K\u00fcchenmaschine SMF03 Creme Serie 50 Jahre","og_description":"Entdecken Sie SMEG K\u00fcchenmaschine SMF03 Creme Serie 50 Jahre bei ErresseShop. Qualit\u00e4t, Stil und Funktionalit\u00e4t \u2013 jetzt online bestellen!","og_url":"https:\/\/www.erresse-shop.it\/de\/shop\/kleine-elektrogeraete\/knetmaschinen\/smeg-kuchenmaschine-smf03-creme-serie-50-jahre\/","og_site_name":"Erresse Shop","article_modified_time":"2025-01-17T13:21:13+00:00","og_image":[{"width":800,"height":800,"url":"https:\/\/www.erresse-shop.it\/wp-content\/uploads\/2019\/11\/SMEG-Estetica-Anni-50-Impastatrice-SMF03-Panna.png","type":"image\/png"}],"twitter_card":"summary_large_image","schema":{"@context":"https:\/\/schema.org","@graph":[{"@type":"WebPage","@id":"https:\/\/www.erresse-shop.it\/de\/shop\/kleine-elektrogeraete\/knetmaschinen\/smeg-kuchenmaschine-smf03-creme-serie-50-jahre\/","url":"https:\/\/www.erresse-shop.it\/de\/shop\/kleine-elektrogeraete\/knetmaschinen\/smeg-kuchenmaschine-smf03-creme-serie-50-jahre\/","name":"SMEG K\u00fcchenmaschine SMF03 Creme Serie 50 Jahre","isPartOf":{"@id":"https:\/\/www.erresse-shop.it\/de\/#website"},"datePublished":"2019-11-12T13:49:30+00:00","dateModified":"2025-01-17T13:21:13+00:00","description":"Entdecken Sie SMEG K\u00fcchenmaschine SMF03 Creme Serie 50 Jahre bei ErresseShop. Qualit\u00e4t, Stil und Funktionalit\u00e4t \u2013 jetzt online bestellen!","breadcrumb":{"@id":"https:\/\/www.erresse-shop.it\/de\/shop\/kleine-elektrogeraete\/knetmaschinen\/smeg-kuchenmaschine-smf03-creme-serie-50-jahre\/#breadcrumb"},"inLanguage":"de-DE","potentialAction":[{"@type":"ReadAction","target":["https:\/\/www.erresse-shop.it\/de\/shop\/kleine-elektrogeraete\/knetmaschinen\/smeg-kuchenmaschine-smf03-creme-serie-50-jahre\/"]}]},{"@type":"BreadcrumbList","@id":"https:\/\/www.erresse-shop.it\/de\/shop\/kleine-elektrogeraete\/knetmaschinen\/smeg-kuchenmaschine-smf03-creme-serie-50-jahre\/#breadcrumb","itemListElement":[{"@type":"ListItem","position":1,"name":"Home","item":"https:\/\/www.erresse-shop.it\/de\/"},{"@type":"ListItem","position":2,"name":"Shop","item":"https:\/\/www.erresse-shop.it\/de\/shop\/"},{"@type":"ListItem","position":3,"name":"SMEG K\u00fcchenmaschine SMF03 Creme Serie 50 Jahre"}]},{"@type":"WebSite","@id":"https:\/\/www.erresse-shop.it\/de\/#website","url":"https:\/\/www.erresse-shop.it\/de\/","name":"Erresse Shop","description":"Articoli di qualit\u00e0 per la casa","potentialAction":[{"@type":"SearchAction","target":{"@type":"EntryPoint","urlTemplate":"https:\/\/www.erresse-shop.it\/de\/?s={search_term_string}"},"query-input":"required name=search_term_string"}],"inLanguage":"de-DE"}]}},"df_price":499,"df_sale_price":499,"df_regular_price":579,"df_image_link":"https:\/\/www.erresse-shop.it\/wp-content\/uploads\/2019\/11\/SMEG-Estetica-Anni-50-Impastatrice-SMF03-Panna-300x300.jpg","_links":{"self":[{"href":"https:\/\/www.erresse-shop.it\/de\/wp-json\/wp\/v2\/product\/41433"}],"collection":[{"href":"https:\/\/www.erresse-shop.it\/de\/wp-json\/wp\/v2\/product"}],"about":[{"href":"https:\/\/www.erresse-shop.it\/de\/wp-json\/wp\/v2\/types\/product"}],"wp:featuredmedia":[{"embeddable":true,"href":"https:\/\/www.erresse-shop.it\/de\/wp-json\/wp\/v2\/media\/475916"}],"wp:attachment":[{"href":"https:\/\/www.erresse-shop.it\/de\/wp-json\/wp\/v2\/media?parent=41433"}],"wp:term":[{"taxonomy":"product_cat","embeddable":true,"href":"https:\/\/www.erresse-shop.it\/de\/wp-json\/wp\/v2\/product_cat?post=41433"},{"taxonomy":"product_tag","embeddable":true,"href":"https:\/\/www.erresse-shop.it\/de\/wp-json\/wp\/v2\/product_tag?post=41433"}],"curies":[{"name":"wp","href":"https:\/\/api.w.org\/{rel}","templated":true}]}}