{"id":414279,"date":"2024-06-28T12:38:12","date_gmt":"2024-06-28T12:38:12","guid":{"rendered":"https:\/\/www.erresse-shop.it\/?post_type=product&#038;p=414279"},"modified":"2025-02-26T11:46:05","modified_gmt":"2025-02-26T11:46:05","slug":"portmeirion-botanic-garden-meadows-satz-mit-6-fruehstuecksbecher","status":"publish","type":"product","link":"https:\/\/www.erresse-shop.it\/de\/shop\/tisch\/tassen\/portmeirion-botanic-garden-meadows-satz-mit-6-fruehstuecksbecher\/","title":{"rendered":"PORTMEIRION Botanic Garden Meadows Satz mit 6 Fr\u00fchst\u00fccksbecher"},"content":{"rendered":"<p>Das klassische Botanic Garden-Design in neuem Gewand und mit einem Hauch von Farbe: Botanic Garden Meadow bringt einen Hauch von Lebendigkeit auf den Tisch. Die im Vereinigten K\u00f6nigreich hergestellten, wundersch\u00f6nen Blumenmotive sind von Lorbeerblattbord\u00fcren in sechs leuchtenden Farben umgeben und lassen Ihren Tisch das ganze Jahr \u00fcber erbl\u00fchen.<\/p>\n<p>Mit diesen bezaubernden Botanic Garden Meadow-Fr\u00fchst\u00fccksbechern k\u00f6nnen Sie Ihre G\u00e4ste auf eine farbenfrohe Wiese entf\u00fchren, die sich in der Sommerbrise wiegt. Die Becher aus Terrakotta haben ein florales Design auf der Au\u00dfenseite, einen passenden Rand und einen sorgf\u00e4ltig gearbeiteten Henkel, der sich angenehm anf\u00fchlt. F\u00fcllen Sie sie mit duftendem Tee, bevor Sie sich mit Freunden zu einem langen Gespr\u00e4ch zusammensetzen. Die Becher sind sp\u00fclmaschinenfest.<\/p>\n<p><strong>Abmessungen (B x H x T): <\/strong>11,5 x 9,5 x 8 cm<strong><br \/>\nMaterial<\/strong>: Terrakotta<\/p>\n","protected":false},"excerpt":{"rendered":"<p>Das klassische Botanic Garden-Design in neuem Gewand und mit einem Hauch von Farbe: Botanic Garden Meadow bringt einen Hauch von<\/p>\n","protected":false},"featured_media":456925,"template":"","meta":{"_acf_changed":false,"inline_featured_image":false},"product_cat":[6847,6787],"product_tag":[19359,23911,24604,25022,11640,21822],"acf":[],"yoast_head":"<!-- This site is optimized with the Yoast SEO Premium plugin v18.6 (Yoast SEO v19.13) - https:\/\/yoast.com\/wordpress\/plugins\/seo\/ -->\n<title>PORTMEIRION Botanic Garden Meadows Satz mit 6 Fr\u00fchst\u00fccksbecher - Erresse Shop<\/title>\n<meta name=\"description\" content=\"Das klassische Botanic Garden-Design in neuem Gewand und mit einem Hauch von Farbe: Botanic Garden Meadow bringt einen Hauch von Lebendigkeit auf den\" \/>\n<meta name=\"robots\" content=\"index, follow, max-snippet:-1, max-image-preview:large, max-video-preview:-1\" \/>\n<link rel=\"canonical\" href=\"https:\/\/www.erresse-shop.it\/de\/shop\/tisch\/tassen\/portmeirion-botanic-garden-meadows-satz-mit-6-fruehstuecksbecher\/\" \/>\n<meta property=\"og:locale\" content=\"de_DE\" \/>\n<meta property=\"og:type\" content=\"article\" \/>\n<meta property=\"og:title\" content=\"PORTMEIRION Botanic Garden Meadows Satz mit 6 Fr\u00fchst\u00fccksbecher\" \/>\n<meta property=\"og:description\" content=\"Das klassische Botanic Garden-Design in neuem Gewand und mit einem Hauch von Farbe: Botanic Garden Meadow bringt einen Hauch von Lebendigkeit auf den\" \/>\n<meta property=\"og:url\" content=\"https:\/\/www.erresse-shop.it\/de\/shop\/tisch\/tassen\/portmeirion-botanic-garden-meadows-satz-mit-6-fruehstuecksbecher\/\" \/>\n<meta property=\"og:site_name\" content=\"Erresse Shop\" \/>\n<meta property=\"article:modified_time\" content=\"2025-02-26T11:46:05+00:00\" \/>\n<meta property=\"og:image\" content=\"https:\/\/www.erresse-shop.it\/wp-content\/uploads\/2024\/06\/PORTMEIRION-Botanic-Garden-Meadows-Set-6-Tazze-Colazione.jpg\" \/>\n\t<meta property=\"og:image:width\" content=\"1200\" \/>\n\t<meta property=\"og:image:height\" content=\"1200\" \/>\n\t<meta property=\"og:image:type\" content=\"image\/jpeg\" \/>\n<meta name=\"twitter:card\" content=\"summary_large_image\" \/>\n<script type=\"application\/ld+json\" class=\"yoast-schema-graph\">{\"@context\":\"https:\/\/schema.org\",\"@graph\":[{\"@type\":\"WebPage\",\"@id\":\"https:\/\/www.erresse-shop.it\/de\/shop\/tisch\/tassen\/portmeirion-botanic-garden-meadows-satz-mit-6-fruehstuecksbecher\/\",\"url\":\"https:\/\/www.erresse-shop.it\/de\/shop\/tisch\/tassen\/portmeirion-botanic-garden-meadows-satz-mit-6-fruehstuecksbecher\/\",\"name\":\"PORTMEIRION Botanic Garden Meadows Satz mit 6 Fr\u00fchst\u00fccksbecher - Erresse Shop\",\"isPartOf\":{\"@id\":\"https:\/\/www.erresse-shop.it\/de\/#website\"},\"datePublished\":\"2024-06-28T12:38:12+00:00\",\"dateModified\":\"2025-02-26T11:46:05+00:00\",\"description\":\"Das klassische Botanic Garden-Design in neuem Gewand und mit einem Hauch von Farbe: Botanic Garden Meadow bringt einen Hauch von Lebendigkeit auf den\",\"breadcrumb\":{\"@id\":\"https:\/\/www.erresse-shop.it\/de\/shop\/tisch\/tassen\/portmeirion-botanic-garden-meadows-satz-mit-6-fruehstuecksbecher\/#breadcrumb\"},\"inLanguage\":\"de-DE\",\"potentialAction\":[{\"@type\":\"ReadAction\",\"target\":[\"https:\/\/www.erresse-shop.it\/de\/shop\/tisch\/tassen\/portmeirion-botanic-garden-meadows-satz-mit-6-fruehstuecksbecher\/\"]}]},{\"@type\":\"BreadcrumbList\",\"@id\":\"https:\/\/www.erresse-shop.it\/de\/shop\/tisch\/tassen\/portmeirion-botanic-garden-meadows-satz-mit-6-fruehstuecksbecher\/#breadcrumb\",\"itemListElement\":[{\"@type\":\"ListItem\",\"position\":1,\"name\":\"Home\",\"item\":\"https:\/\/www.erresse-shop.it\/de\/\"},{\"@type\":\"ListItem\",\"position\":2,\"name\":\"Shop\",\"item\":\"https:\/\/www.erresse-shop.it\/de\/shop\/\"},{\"@type\":\"ListItem\",\"position\":3,\"name\":\"PORTMEIRION Botanic Garden Meadows Satz mit 6 Fr\u00fchst\u00fccksbecher\"}]},{\"@type\":\"WebSite\",\"@id\":\"https:\/\/www.erresse-shop.it\/de\/#website\",\"url\":\"https:\/\/www.erresse-shop.it\/de\/\",\"name\":\"Erresse Shop\",\"description\":\"Articoli di qualit\u00e0 per la casa\",\"potentialAction\":[{\"@type\":\"SearchAction\",\"target\":{\"@type\":\"EntryPoint\",\"urlTemplate\":\"https:\/\/www.erresse-shop.it\/de\/?s={search_term_string}\"},\"query-input\":\"required name=search_term_string\"}],\"inLanguage\":\"de-DE\"}]}<\/script>\n<!-- \/ Yoast SEO Premium plugin. -->","yoast_head_json":{"title":"PORTMEIRION Botanic Garden Meadows Satz mit 6 Fr\u00fchst\u00fccksbecher - Erresse Shop","description":"Das klassische Botanic Garden-Design in neuem Gewand und mit einem Hauch von Farbe: Botanic Garden Meadow bringt einen Hauch von Lebendigkeit auf den","robots":{"index":"index","follow":"follow","max-snippet":"max-snippet:-1","max-image-preview":"max-image-preview:large","max-video-preview":"max-video-preview:-1"},"canonical":"https:\/\/www.erresse-shop.it\/de\/shop\/tisch\/tassen\/portmeirion-botanic-garden-meadows-satz-mit-6-fruehstuecksbecher\/","og_locale":"de_DE","og_type":"article","og_title":"PORTMEIRION Botanic Garden Meadows Satz mit 6 Fr\u00fchst\u00fccksbecher","og_description":"Das klassische Botanic Garden-Design in neuem Gewand und mit einem Hauch von Farbe: Botanic Garden Meadow bringt einen Hauch von Lebendigkeit auf den","og_url":"https:\/\/www.erresse-shop.it\/de\/shop\/tisch\/tassen\/portmeirion-botanic-garden-meadows-satz-mit-6-fruehstuecksbecher\/","og_site_name":"Erresse Shop","article_modified_time":"2025-02-26T11:46:05+00:00","og_image":[{"width":1200,"height":1200,"url":"https:\/\/www.erresse-shop.it\/wp-content\/uploads\/2024\/06\/PORTMEIRION-Botanic-Garden-Meadows-Set-6-Tazze-Colazione.jpg","type":"image\/jpeg"}],"twitter_card":"summary_large_image","schema":{"@context":"https:\/\/schema.org","@graph":[{"@type":"WebPage","@id":"https:\/\/www.erresse-shop.it\/de\/shop\/tisch\/tassen\/portmeirion-botanic-garden-meadows-satz-mit-6-fruehstuecksbecher\/","url":"https:\/\/www.erresse-shop.it\/de\/shop\/tisch\/tassen\/portmeirion-botanic-garden-meadows-satz-mit-6-fruehstuecksbecher\/","name":"PORTMEIRION Botanic Garden Meadows Satz mit 6 Fr\u00fchst\u00fccksbecher - Erresse Shop","isPartOf":{"@id":"https:\/\/www.erresse-shop.it\/de\/#website"},"datePublished":"2024-06-28T12:38:12+00:00","dateModified":"2025-02-26T11:46:05+00:00","description":"Das klassische Botanic Garden-Design in neuem Gewand und mit einem Hauch von Farbe: Botanic Garden Meadow bringt einen Hauch von Lebendigkeit auf den","breadcrumb":{"@id":"https:\/\/www.erresse-shop.it\/de\/shop\/tisch\/tassen\/portmeirion-botanic-garden-meadows-satz-mit-6-fruehstuecksbecher\/#breadcrumb"},"inLanguage":"de-DE","potentialAction":[{"@type":"ReadAction","target":["https:\/\/www.erresse-shop.it\/de\/shop\/tisch\/tassen\/portmeirion-botanic-garden-meadows-satz-mit-6-fruehstuecksbecher\/"]}]},{"@type":"BreadcrumbList","@id":"https:\/\/www.erresse-shop.it\/de\/shop\/tisch\/tassen\/portmeirion-botanic-garden-meadows-satz-mit-6-fruehstuecksbecher\/#breadcrumb","itemListElement":[{"@type":"ListItem","position":1,"name":"Home","item":"https:\/\/www.erresse-shop.it\/de\/"},{"@type":"ListItem","position":2,"name":"Shop","item":"https:\/\/www.erresse-shop.it\/de\/shop\/"},{"@type":"ListItem","position":3,"name":"PORTMEIRION Botanic Garden Meadows Satz mit 6 Fr\u00fchst\u00fccksbecher"}]},{"@type":"WebSite","@id":"https:\/\/www.erresse-shop.it\/de\/#website","url":"https:\/\/www.erresse-shop.it\/de\/","name":"Erresse Shop","description":"Articoli di qualit\u00e0 per la casa","potentialAction":[{"@type":"SearchAction","target":{"@type":"EntryPoint","urlTemplate":"https:\/\/www.erresse-shop.it\/de\/?s={search_term_string}"},"query-input":"required name=search_term_string"}],"inLanguage":"de-DE"}]}},"df_price":111.007,"df_sale_price":111.007,"df_regular_price":170.78,"df_image_link":"https:\/\/www.erresse-shop.it\/wp-content\/uploads\/2024\/06\/PORTMEIRION-Botanic-Garden-Meadows-Set-6-Tazze-Colazione-300x300.jpg","_links":{"self":[{"href":"https:\/\/www.erresse-shop.it\/de\/wp-json\/wp\/v2\/product\/414279"}],"collection":[{"href":"https:\/\/www.erresse-shop.it\/de\/wp-json\/wp\/v2\/product"}],"about":[{"href":"https:\/\/www.erresse-shop.it\/de\/wp-json\/wp\/v2\/types\/product"}],"wp:featuredmedia":[{"embeddable":true,"href":"https:\/\/www.erresse-shop.it\/de\/wp-json\/wp\/v2\/media\/456925"}],"wp:attachment":[{"href":"https:\/\/www.erresse-shop.it\/de\/wp-json\/wp\/v2\/media?parent=414279"}],"wp:term":[{"taxonomy":"product_cat","embeddable":true,"href":"https:\/\/www.erresse-shop.it\/de\/wp-json\/wp\/v2\/product_cat?post=414279"},{"taxonomy":"product_tag","embeddable":true,"href":"https:\/\/www.erresse-shop.it\/de\/wp-json\/wp\/v2\/product_tag?post=414279"}],"curies":[{"name":"wp","href":"https:\/\/api.w.org\/{rel}","templated":true}]}}