{"id":414226,"date":"2024-06-28T12:11:19","date_gmt":"2024-06-28T12:11:20","guid":{"rendered":"https:\/\/www.erresse-shop.it\/?post_type=product&#038;p=414226"},"modified":"2025-02-26T11:57:32","modified_gmt":"2025-02-26T11:57:32","slug":"portmeirion-botanic-garden-meadows-satz-mit-6-obsttellern","status":"publish","type":"product","link":"https:\/\/www.erresse-shop.it\/de\/shop\/tisch\/teller-geschirr\/portmeirion-botanic-garden-meadows-satz-mit-6-obsttellern\/","title":{"rendered":"PORTMEIRION Botanic Garden Meadows Satz mit 6 Obsttellern"},"content":{"rendered":"<p>Das klassische Botanic Garden-Design in neuem Gewand und mit einem Hauch von Farbe: Botanic Garden Meadow bringt einen Hauch von Lebendigkeit auf den Tisch. Die in Gro\u00dfbritannien hergestellten, wundersch\u00f6nen Blumenmotive sind von Lorbeerbl\u00e4ttern in sechs leuchtenden Farben umgeben und lassen Ihren Tisch das ganze Jahr \u00fcber erbl\u00fchen.<\/p>\n<p>Dieses Set aus 6 kleinen Servierplatten Botanic Garden Meadow ist eine reizvolle Variante des klassischen Portmeirion-Designs, das erstmals 1972 vorgestellt wurde. Jeder Teller des Sets zeigt in der Mitte ein wundersch\u00f6nes Blumenmotiv, darunter eine Sonnenblume, eine Erbse, ein Fingerhut, eine Azalee, eine Hortensie und ein Mohn. Umgeben sind diese leuchtenden Bl\u00fcten von einem verspielten Rand aus Lorbeerbl\u00e4ttern, jedes in einer anderen Farbe. Dieses bezaubernde, im Vereinigten K\u00f6nigreich hergestellte Tellerset ist nicht nur eine Augenweide, sondern auch unglaublich vielseitig und f\u00fcr den t\u00e4glichen Gebrauch geeignet.<\/p>\n<p><strong>Abmessungen: <\/strong>\u00f8 21,5 x H. 3 cm<strong><br \/>\nMaterial<\/strong>: Terrakotta<\/p>\n","protected":false},"excerpt":{"rendered":"<p>Das klassische Botanic Garden-Design in neuem Gewand und mit einem Hauch von Farbe: Botanic Garden Meadow bringt einen Hauch von<\/p>\n","protected":false},"featured_media":456534,"template":"","meta":{"_acf_changed":false,"inline_featured_image":false},"product_cat":[6793,6787],"product_tag":[19359,23911,14548,24604,25022,11827,21822],"acf":[],"yoast_head":"<!-- This site is optimized with the Yoast SEO Premium plugin v18.6 (Yoast SEO v19.13) - https:\/\/yoast.com\/wordpress\/plugins\/seo\/ -->\n<title>PORTMEIRION Botanic Garden Meadows Satz mit 6 Obsttellern - Erresse Shop<\/title>\n<meta name=\"description\" content=\"Das klassische Botanic Garden-Design in neuem Gewand und mit einem Hauch von Farbe: Botanic Garden Meadow bringt einen Hauch von Lebendigkeit auf den\" \/>\n<meta name=\"robots\" content=\"index, follow, max-snippet:-1, max-image-preview:large, max-video-preview:-1\" \/>\n<link rel=\"canonical\" href=\"https:\/\/www.erresse-shop.it\/de\/shop\/tisch\/teller-geschirr\/portmeirion-botanic-garden-meadows-satz-mit-6-obsttellern\/\" \/>\n<meta property=\"og:locale\" content=\"de_DE\" \/>\n<meta property=\"og:type\" content=\"article\" \/>\n<meta property=\"og:title\" content=\"PORTMEIRION Botanic Garden Meadows Satz mit 6 Obsttellern\" \/>\n<meta property=\"og:description\" content=\"Das klassische Botanic Garden-Design in neuem Gewand und mit einem Hauch von Farbe: Botanic Garden Meadow bringt einen Hauch von Lebendigkeit auf den\" \/>\n<meta property=\"og:url\" content=\"https:\/\/www.erresse-shop.it\/de\/shop\/tisch\/teller-geschirr\/portmeirion-botanic-garden-meadows-satz-mit-6-obsttellern\/\" \/>\n<meta property=\"og:site_name\" content=\"Erresse Shop\" \/>\n<meta property=\"article:modified_time\" content=\"2025-02-26T11:57:32+00:00\" \/>\n<meta property=\"og:image\" content=\"https:\/\/www.erresse-shop.it\/wp-content\/uploads\/2024\/06\/PORTMEIRION-Botanic-Garden-Meadows-Set-6-Piatti-Frutta.jpg\" \/>\n\t<meta property=\"og:image:width\" content=\"1200\" \/>\n\t<meta property=\"og:image:height\" content=\"1200\" \/>\n\t<meta property=\"og:image:type\" content=\"image\/jpeg\" \/>\n<meta name=\"twitter:card\" content=\"summary_large_image\" \/>\n<script type=\"application\/ld+json\" class=\"yoast-schema-graph\">{\"@context\":\"https:\/\/schema.org\",\"@graph\":[{\"@type\":\"WebPage\",\"@id\":\"https:\/\/www.erresse-shop.it\/de\/shop\/tisch\/teller-geschirr\/portmeirion-botanic-garden-meadows-satz-mit-6-obsttellern\/\",\"url\":\"https:\/\/www.erresse-shop.it\/de\/shop\/tisch\/teller-geschirr\/portmeirion-botanic-garden-meadows-satz-mit-6-obsttellern\/\",\"name\":\"PORTMEIRION Botanic Garden Meadows Satz mit 6 Obsttellern - Erresse Shop\",\"isPartOf\":{\"@id\":\"https:\/\/www.erresse-shop.it\/de\/#website\"},\"datePublished\":\"2024-06-28T12:11:20+00:00\",\"dateModified\":\"2025-02-26T11:57:32+00:00\",\"description\":\"Das klassische Botanic Garden-Design in neuem Gewand und mit einem Hauch von Farbe: Botanic Garden Meadow bringt einen Hauch von Lebendigkeit auf den\",\"breadcrumb\":{\"@id\":\"https:\/\/www.erresse-shop.it\/de\/shop\/tisch\/teller-geschirr\/portmeirion-botanic-garden-meadows-satz-mit-6-obsttellern\/#breadcrumb\"},\"inLanguage\":\"de-DE\",\"potentialAction\":[{\"@type\":\"ReadAction\",\"target\":[\"https:\/\/www.erresse-shop.it\/de\/shop\/tisch\/teller-geschirr\/portmeirion-botanic-garden-meadows-satz-mit-6-obsttellern\/\"]}]},{\"@type\":\"BreadcrumbList\",\"@id\":\"https:\/\/www.erresse-shop.it\/de\/shop\/tisch\/teller-geschirr\/portmeirion-botanic-garden-meadows-satz-mit-6-obsttellern\/#breadcrumb\",\"itemListElement\":[{\"@type\":\"ListItem\",\"position\":1,\"name\":\"Home\",\"item\":\"https:\/\/www.erresse-shop.it\/de\/\"},{\"@type\":\"ListItem\",\"position\":2,\"name\":\"Shop\",\"item\":\"https:\/\/www.erresse-shop.it\/de\/shop\/\"},{\"@type\":\"ListItem\",\"position\":3,\"name\":\"PORTMEIRION Botanic Garden Meadows Satz mit 6 Obsttellern\"}]},{\"@type\":\"WebSite\",\"@id\":\"https:\/\/www.erresse-shop.it\/de\/#website\",\"url\":\"https:\/\/www.erresse-shop.it\/de\/\",\"name\":\"Erresse Shop\",\"description\":\"Articoli di qualit\u00e0 per la casa\",\"potentialAction\":[{\"@type\":\"SearchAction\",\"target\":{\"@type\":\"EntryPoint\",\"urlTemplate\":\"https:\/\/www.erresse-shop.it\/de\/?s={search_term_string}\"},\"query-input\":\"required name=search_term_string\"}],\"inLanguage\":\"de-DE\"}]}<\/script>\n<!-- \/ Yoast SEO Premium plugin. -->","yoast_head_json":{"title":"PORTMEIRION Botanic Garden Meadows Satz mit 6 Obsttellern - Erresse Shop","description":"Das klassische Botanic Garden-Design in neuem Gewand und mit einem Hauch von Farbe: Botanic Garden Meadow bringt einen Hauch von Lebendigkeit auf den","robots":{"index":"index","follow":"follow","max-snippet":"max-snippet:-1","max-image-preview":"max-image-preview:large","max-video-preview":"max-video-preview:-1"},"canonical":"https:\/\/www.erresse-shop.it\/de\/shop\/tisch\/teller-geschirr\/portmeirion-botanic-garden-meadows-satz-mit-6-obsttellern\/","og_locale":"de_DE","og_type":"article","og_title":"PORTMEIRION Botanic Garden Meadows Satz mit 6 Obsttellern","og_description":"Das klassische Botanic Garden-Design in neuem Gewand und mit einem Hauch von Farbe: Botanic Garden Meadow bringt einen Hauch von Lebendigkeit auf den","og_url":"https:\/\/www.erresse-shop.it\/de\/shop\/tisch\/teller-geschirr\/portmeirion-botanic-garden-meadows-satz-mit-6-obsttellern\/","og_site_name":"Erresse Shop","article_modified_time":"2025-02-26T11:57:32+00:00","og_image":[{"width":1200,"height":1200,"url":"https:\/\/www.erresse-shop.it\/wp-content\/uploads\/2024\/06\/PORTMEIRION-Botanic-Garden-Meadows-Set-6-Piatti-Frutta.jpg","type":"image\/jpeg"}],"twitter_card":"summary_large_image","schema":{"@context":"https:\/\/schema.org","@graph":[{"@type":"WebPage","@id":"https:\/\/www.erresse-shop.it\/de\/shop\/tisch\/teller-geschirr\/portmeirion-botanic-garden-meadows-satz-mit-6-obsttellern\/","url":"https:\/\/www.erresse-shop.it\/de\/shop\/tisch\/teller-geschirr\/portmeirion-botanic-garden-meadows-satz-mit-6-obsttellern\/","name":"PORTMEIRION Botanic Garden Meadows Satz mit 6 Obsttellern - Erresse Shop","isPartOf":{"@id":"https:\/\/www.erresse-shop.it\/de\/#website"},"datePublished":"2024-06-28T12:11:20+00:00","dateModified":"2025-02-26T11:57:32+00:00","description":"Das klassische Botanic Garden-Design in neuem Gewand und mit einem Hauch von Farbe: Botanic Garden Meadow bringt einen Hauch von Lebendigkeit auf den","breadcrumb":{"@id":"https:\/\/www.erresse-shop.it\/de\/shop\/tisch\/teller-geschirr\/portmeirion-botanic-garden-meadows-satz-mit-6-obsttellern\/#breadcrumb"},"inLanguage":"de-DE","potentialAction":[{"@type":"ReadAction","target":["https:\/\/www.erresse-shop.it\/de\/shop\/tisch\/teller-geschirr\/portmeirion-botanic-garden-meadows-satz-mit-6-obsttellern\/"]}]},{"@type":"BreadcrumbList","@id":"https:\/\/www.erresse-shop.it\/de\/shop\/tisch\/teller-geschirr\/portmeirion-botanic-garden-meadows-satz-mit-6-obsttellern\/#breadcrumb","itemListElement":[{"@type":"ListItem","position":1,"name":"Home","item":"https:\/\/www.erresse-shop.it\/de\/"},{"@type":"ListItem","position":2,"name":"Shop","item":"https:\/\/www.erresse-shop.it\/de\/shop\/"},{"@type":"ListItem","position":3,"name":"PORTMEIRION Botanic Garden Meadows Satz mit 6 Obsttellern"}]},{"@type":"WebSite","@id":"https:\/\/www.erresse-shop.it\/de\/#website","url":"https:\/\/www.erresse-shop.it\/de\/","name":"Erresse Shop","description":"Articoli di qualit\u00e0 per la casa","potentialAction":[{"@type":"SearchAction","target":{"@type":"EntryPoint","urlTemplate":"https:\/\/www.erresse-shop.it\/de\/?s={search_term_string}"},"query-input":"required name=search_term_string"}],"inLanguage":"de-DE"}]}},"df_price":109.95,"df_sale_price":109.95,"df_regular_price":165,"df_image_link":"https:\/\/www.erresse-shop.it\/wp-content\/uploads\/2024\/06\/PORTMEIRION-Botanic-Garden-Meadows-Set-6-Piatti-Frutta-300x300.jpg","_links":{"self":[{"href":"https:\/\/www.erresse-shop.it\/de\/wp-json\/wp\/v2\/product\/414226"}],"collection":[{"href":"https:\/\/www.erresse-shop.it\/de\/wp-json\/wp\/v2\/product"}],"about":[{"href":"https:\/\/www.erresse-shop.it\/de\/wp-json\/wp\/v2\/types\/product"}],"wp:featuredmedia":[{"embeddable":true,"href":"https:\/\/www.erresse-shop.it\/de\/wp-json\/wp\/v2\/media\/456534"}],"wp:attachment":[{"href":"https:\/\/www.erresse-shop.it\/de\/wp-json\/wp\/v2\/media?parent=414226"}],"wp:term":[{"taxonomy":"product_cat","embeddable":true,"href":"https:\/\/www.erresse-shop.it\/de\/wp-json\/wp\/v2\/product_cat?post=414226"},{"taxonomy":"product_tag","embeddable":true,"href":"https:\/\/www.erresse-shop.it\/de\/wp-json\/wp\/v2\/product_tag?post=414226"}],"curies":[{"name":"wp","href":"https:\/\/api.w.org\/{rel}","templated":true}]}}