{"id":413365,"date":"2024-06-20T09:52:06","date_gmt":"2024-06-20T09:52:07","guid":{"rendered":"https:\/\/www.erresse-shop.it\/?post_type=product&#038;p=413365"},"modified":"2025-01-22T06:37:18","modified_gmt":"2025-01-22T06:37:18","slug":"wd-lifestyle-picknickkorb-aus-weide-fuer-4-personen-weiss","status":"publish","type":"product","link":"https:\/\/www.erresse-shop.it\/de\/shop\/tisch\/picknickkoerbe\/wd-lifestyle-picknickkorb-aus-weide-fuer-4-personen-weiss\/","title":{"rendered":"WD LIFESTYLE Picknickkorb aus Weide f\u00fcr 4 Personen Wei\u00df"},"content":{"rendered":"<p>Wei\u00dfer Picknickkorb aus Weide f\u00fcr 4 Personen. Dekoriert mit wei\u00df gestreiften Stoff, bequem und praktisch dank seiner verstellbaren Schultergurt. Enth\u00e4lt 4 Keramikteller; 4 Gabeln, 4 Messer, 4 L\u00f6ffel, 1 Korkenzieher aus Edelstahl; 4 Glasbecher; 1 K\u00fchltasche; 1 Tischdecke mit wasserdichtem Boden.<\/p>\n<p>Abmessungen: 43 x 30 x 23 cm<\/p>\n","protected":false},"excerpt":{"rendered":"<p>Wei\u00dfer Picknickkorb aus Weide f\u00fcr 4 Personen. Dekoriert mit wei\u00df gestreiften Stoff, bequem und praktisch dank seiner verstellbaren Schultergurt. Enth\u00e4lt<\/p>\n","protected":false},"featured_media":436992,"template":"","meta":{"_acf_changed":false,"inline_featured_image":false},"product_cat":[6787,15508],"product_tag":[24604,11682],"acf":[],"yoast_head":"<!-- This site is optimized with the Yoast SEO Premium plugin v18.6 (Yoast SEO v19.13) - https:\/\/yoast.com\/wordpress\/plugins\/seo\/ -->\n<title>WD LIFESTYLE Picknickkorb aus Weide f\u00fcr 4 Personen Wei\u00df<\/title>\n<meta name=\"description\" content=\"Entdecken Sie WD LIFESTYLE Picknickkorb aus Weide f\u00fcr 4 Personen Wei\u00df bei ErresseShop. Qualit\u00e4t, Stil und Funktionalit\u00e4t \u2013 jetzt online bestellen!\" \/>\n<meta name=\"robots\" content=\"index, follow, max-snippet:-1, max-image-preview:large, max-video-preview:-1\" \/>\n<link rel=\"canonical\" href=\"https:\/\/www.erresse-shop.it\/de\/shop\/tisch\/picknickkoerbe\/wd-lifestyle-picknickkorb-aus-weide-fuer-4-personen-weiss\/\" \/>\n<meta property=\"og:locale\" content=\"de_DE\" \/>\n<meta property=\"og:type\" content=\"article\" \/>\n<meta property=\"og:title\" content=\"WD LIFESTYLE Picknickkorb aus Weide f\u00fcr 4 Personen Wei\u00df\" \/>\n<meta property=\"og:description\" content=\"Entdecken Sie WD LIFESTYLE Picknickkorb aus Weide f\u00fcr 4 Personen Wei\u00df bei ErresseShop. Qualit\u00e4t, Stil und Funktionalit\u00e4t \u2013 jetzt online bestellen!\" \/>\n<meta property=\"og:url\" content=\"https:\/\/www.erresse-shop.it\/de\/shop\/tisch\/picknickkoerbe\/wd-lifestyle-picknickkorb-aus-weide-fuer-4-personen-weiss\/\" \/>\n<meta property=\"og:site_name\" content=\"Erresse Shop\" \/>\n<meta property=\"article:modified_time\" content=\"2025-01-22T06:37:18+00:00\" \/>\n<meta property=\"og:image\" content=\"https:\/\/www.erresse-shop.it\/wp-content\/uploads\/2024\/06\/WD-LIFESTYLE-Cestino-Picnic-in-Vimini-per-4-Persone-Bianco-1.jpg\" \/>\n\t<meta property=\"og:image:width\" content=\"1200\" \/>\n\t<meta property=\"og:image:height\" content=\"1200\" \/>\n\t<meta property=\"og:image:type\" content=\"image\/jpeg\" \/>\n<meta name=\"twitter:card\" content=\"summary_large_image\" \/>\n<script type=\"application\/ld+json\" class=\"yoast-schema-graph\">{\"@context\":\"https:\/\/schema.org\",\"@graph\":[{\"@type\":\"WebPage\",\"@id\":\"https:\/\/www.erresse-shop.it\/de\/shop\/tisch\/picknickkoerbe\/wd-lifestyle-picknickkorb-aus-weide-fuer-4-personen-weiss\/\",\"url\":\"https:\/\/www.erresse-shop.it\/de\/shop\/tisch\/picknickkoerbe\/wd-lifestyle-picknickkorb-aus-weide-fuer-4-personen-weiss\/\",\"name\":\"WD LIFESTYLE Picknickkorb aus Weide f\u00fcr 4 Personen Wei\u00df\",\"isPartOf\":{\"@id\":\"https:\/\/www.erresse-shop.it\/de\/#website\"},\"datePublished\":\"2024-06-20T09:52:07+00:00\",\"dateModified\":\"2025-01-22T06:37:18+00:00\",\"description\":\"Entdecken Sie WD LIFESTYLE Picknickkorb aus Weide f\u00fcr 4 Personen Wei\u00df bei ErresseShop. Qualit\u00e4t, Stil und Funktionalit\u00e4t \u2013 jetzt online bestellen!\",\"breadcrumb\":{\"@id\":\"https:\/\/www.erresse-shop.it\/de\/shop\/tisch\/picknickkoerbe\/wd-lifestyle-picknickkorb-aus-weide-fuer-4-personen-weiss\/#breadcrumb\"},\"inLanguage\":\"de-DE\",\"potentialAction\":[{\"@type\":\"ReadAction\",\"target\":[\"https:\/\/www.erresse-shop.it\/de\/shop\/tisch\/picknickkoerbe\/wd-lifestyle-picknickkorb-aus-weide-fuer-4-personen-weiss\/\"]}]},{\"@type\":\"BreadcrumbList\",\"@id\":\"https:\/\/www.erresse-shop.it\/de\/shop\/tisch\/picknickkoerbe\/wd-lifestyle-picknickkorb-aus-weide-fuer-4-personen-weiss\/#breadcrumb\",\"itemListElement\":[{\"@type\":\"ListItem\",\"position\":1,\"name\":\"Home\",\"item\":\"https:\/\/www.erresse-shop.it\/de\/\"},{\"@type\":\"ListItem\",\"position\":2,\"name\":\"Shop\",\"item\":\"https:\/\/www.erresse-shop.it\/de\/shop\/\"},{\"@type\":\"ListItem\",\"position\":3,\"name\":\"WD LIFESTYLE Picknickkorb aus Weide f\u00fcr 4 Personen Wei\u00df\"}]},{\"@type\":\"WebSite\",\"@id\":\"https:\/\/www.erresse-shop.it\/de\/#website\",\"url\":\"https:\/\/www.erresse-shop.it\/de\/\",\"name\":\"Erresse Shop\",\"description\":\"Articoli di qualit\u00e0 per la casa\",\"potentialAction\":[{\"@type\":\"SearchAction\",\"target\":{\"@type\":\"EntryPoint\",\"urlTemplate\":\"https:\/\/www.erresse-shop.it\/de\/?s={search_term_string}\"},\"query-input\":\"required name=search_term_string\"}],\"inLanguage\":\"de-DE\"}]}<\/script>\n<!-- \/ Yoast SEO Premium plugin. -->","yoast_head_json":{"title":"WD LIFESTYLE Picknickkorb aus Weide f\u00fcr 4 Personen Wei\u00df","description":"Entdecken Sie WD LIFESTYLE Picknickkorb aus Weide f\u00fcr 4 Personen Wei\u00df bei ErresseShop. Qualit\u00e4t, Stil und Funktionalit\u00e4t \u2013 jetzt online bestellen!","robots":{"index":"index","follow":"follow","max-snippet":"max-snippet:-1","max-image-preview":"max-image-preview:large","max-video-preview":"max-video-preview:-1"},"canonical":"https:\/\/www.erresse-shop.it\/de\/shop\/tisch\/picknickkoerbe\/wd-lifestyle-picknickkorb-aus-weide-fuer-4-personen-weiss\/","og_locale":"de_DE","og_type":"article","og_title":"WD LIFESTYLE Picknickkorb aus Weide f\u00fcr 4 Personen Wei\u00df","og_description":"Entdecken Sie WD LIFESTYLE Picknickkorb aus Weide f\u00fcr 4 Personen Wei\u00df bei ErresseShop. Qualit\u00e4t, Stil und Funktionalit\u00e4t \u2013 jetzt online bestellen!","og_url":"https:\/\/www.erresse-shop.it\/de\/shop\/tisch\/picknickkoerbe\/wd-lifestyle-picknickkorb-aus-weide-fuer-4-personen-weiss\/","og_site_name":"Erresse Shop","article_modified_time":"2025-01-22T06:37:18+00:00","og_image":[{"width":1200,"height":1200,"url":"https:\/\/www.erresse-shop.it\/wp-content\/uploads\/2024\/06\/WD-LIFESTYLE-Cestino-Picnic-in-Vimini-per-4-Persone-Bianco-1.jpg","type":"image\/jpeg"}],"twitter_card":"summary_large_image","schema":{"@context":"https:\/\/schema.org","@graph":[{"@type":"WebPage","@id":"https:\/\/www.erresse-shop.it\/de\/shop\/tisch\/picknickkoerbe\/wd-lifestyle-picknickkorb-aus-weide-fuer-4-personen-weiss\/","url":"https:\/\/www.erresse-shop.it\/de\/shop\/tisch\/picknickkoerbe\/wd-lifestyle-picknickkorb-aus-weide-fuer-4-personen-weiss\/","name":"WD LIFESTYLE Picknickkorb aus Weide f\u00fcr 4 Personen Wei\u00df","isPartOf":{"@id":"https:\/\/www.erresse-shop.it\/de\/#website"},"datePublished":"2024-06-20T09:52:07+00:00","dateModified":"2025-01-22T06:37:18+00:00","description":"Entdecken Sie WD LIFESTYLE Picknickkorb aus Weide f\u00fcr 4 Personen Wei\u00df bei ErresseShop. Qualit\u00e4t, Stil und Funktionalit\u00e4t \u2013 jetzt online bestellen!","breadcrumb":{"@id":"https:\/\/www.erresse-shop.it\/de\/shop\/tisch\/picknickkoerbe\/wd-lifestyle-picknickkorb-aus-weide-fuer-4-personen-weiss\/#breadcrumb"},"inLanguage":"de-DE","potentialAction":[{"@type":"ReadAction","target":["https:\/\/www.erresse-shop.it\/de\/shop\/tisch\/picknickkoerbe\/wd-lifestyle-picknickkorb-aus-weide-fuer-4-personen-weiss\/"]}]},{"@type":"BreadcrumbList","@id":"https:\/\/www.erresse-shop.it\/de\/shop\/tisch\/picknickkoerbe\/wd-lifestyle-picknickkorb-aus-weide-fuer-4-personen-weiss\/#breadcrumb","itemListElement":[{"@type":"ListItem","position":1,"name":"Home","item":"https:\/\/www.erresse-shop.it\/de\/"},{"@type":"ListItem","position":2,"name":"Shop","item":"https:\/\/www.erresse-shop.it\/de\/shop\/"},{"@type":"ListItem","position":3,"name":"WD LIFESTYLE Picknickkorb aus Weide f\u00fcr 4 Personen Wei\u00df"}]},{"@type":"WebSite","@id":"https:\/\/www.erresse-shop.it\/de\/#website","url":"https:\/\/www.erresse-shop.it\/de\/","name":"Erresse Shop","description":"Articoli di qualit\u00e0 per la casa","potentialAction":[{"@type":"SearchAction","target":{"@type":"EntryPoint","urlTemplate":"https:\/\/www.erresse-shop.it\/de\/?s={search_term_string}"},"query-input":"required name=search_term_string"}],"inLanguage":"de-DE"}]}},"df_price":77.94,"df_sale_price":77.94,"df_regular_price":129.9,"df_image_link":"https:\/\/www.erresse-shop.it\/wp-content\/uploads\/2024\/06\/WD-LIFESTYLE-Cestino-Picnic-in-Vimini-per-4-Persone-Bianco-1-300x300.jpg","_links":{"self":[{"href":"https:\/\/www.erresse-shop.it\/de\/wp-json\/wp\/v2\/product\/413365"}],"collection":[{"href":"https:\/\/www.erresse-shop.it\/de\/wp-json\/wp\/v2\/product"}],"about":[{"href":"https:\/\/www.erresse-shop.it\/de\/wp-json\/wp\/v2\/types\/product"}],"wp:featuredmedia":[{"embeddable":true,"href":"https:\/\/www.erresse-shop.it\/de\/wp-json\/wp\/v2\/media\/436992"}],"wp:attachment":[{"href":"https:\/\/www.erresse-shop.it\/de\/wp-json\/wp\/v2\/media?parent=413365"}],"wp:term":[{"taxonomy":"product_cat","embeddable":true,"href":"https:\/\/www.erresse-shop.it\/de\/wp-json\/wp\/v2\/product_cat?post=413365"},{"taxonomy":"product_tag","embeddable":true,"href":"https:\/\/www.erresse-shop.it\/de\/wp-json\/wp\/v2\/product_tag?post=413365"}],"curies":[{"name":"wp","href":"https:\/\/api.w.org\/{rel}","templated":true}]}}