{"id":412081,"date":"2024-06-10T06:44:15","date_gmt":"2024-06-10T06:44:17","guid":{"rendered":"https:\/\/www.erresse-shop.it\/?post_type=product&#038;p=412081"},"modified":"2025-01-17T08:03:36","modified_gmt":"2025-01-17T08:03:36","slug":"la-pavoni-kaffeemaschine-new-cellini-evoluzione","status":"publish","type":"product","link":"https:\/\/www.erresse-shop.it\/de\/shop\/kleine-elektrogeraete\/kaffeemaschinen-espresso\/handbuecher\/la-pavoni-kaffeemaschine-new-cellini-evoluzione\/","title":{"rendered":"LA PAVONI Kaffeemaschine New Cellini Evoluzione"},"content":{"rendered":"<p>Das Modell <strong>Cellini<\/strong> <strong>Evoluzione<\/strong> hat einen Kupferkessel mit Messingflansch. Kessel mit Au\u00dfenisolierung f\u00fcr gr\u00f6\u00dfere thermische Stabilit\u00e4t und Energieeinsparung.<\/p>\n<p>Rahmen und Anschl\u00e4ge aus rostfreiem Stahl AISI 304.<\/p>\n<p>Zwei professionelle Manometer, eines f\u00fcr die Kontrolle des Pumpendrucks und das andere f\u00fcr den Kesseldruck, die den korrekten Entnahmevorgang garantieren, die professionelle elektrische Rotationspumpe mit der M\u00f6glichkeit der Verwendung mit Tank oder Anschluss an das Wassernetz und der handels\u00fcbliche mechanische Druckschalter vervollst\u00e4ndigen die fortschrittlichen technischen Merkmale dieses Modells.<\/p>\n<p>Alle La Pavoni 230V semiprofessionellen Maschinen sind zertifiziert von:<\/p>\n<p><img decoding=\"async\" src=\"https:\/\/www.erresse-shop.it\/wp-content\/uploads\/2021\/02\/La-Pavoni-Certificato-150x150.png\" alt=\"La Pavoni Certificato\" \/><br \/>\n<strong>\u00c4STHETIK<\/strong><\/p>\n<p><strong>Farbe<\/strong>: Edelstahl<br \/>\n<strong>Finish<\/strong>: Poliert<br \/>\n<strong>\u00c4sthetik<\/strong>: Evolution<br \/>\n<strong>Serie<\/strong>: Cellini<br \/>\n<strong>Geh\u00e4usefarbe<\/strong>: Polierter Stahl<br \/>\n<strong>Geh\u00e4usematerial<\/strong>: Edelstahl<br \/>\n<strong>Gittermaterial<\/strong> <strong>Becherablage<\/strong>: Stahl<br \/>\n<strong>Material der Dampfd\u00fcse<\/strong>: Edelstahl \u2013 Cool Touch<br \/>\n<strong>Material der Hei\u00dfwasserausgabed\u00fcse<\/strong>: Edelstahl-Cool Touch<br \/>\n<strong>Spendergruppe<\/strong>: E61<br \/>\n<strong>Material der Spendergruppe<\/strong>: Messing<br \/>\n<strong>Farbe der Spendergruppe<\/strong>: Chrom<br \/>\n<strong>Knopftyp<\/strong>: Hebel<\/p>\n<p><strong>PROGRAMME \/ FUNKTIONEN<\/strong><\/p>\n<p><strong>Kaffeeausgabefunktion<\/strong>: Ja<br \/>\n<strong>Dampffunktion<\/strong>: Ja<br \/>\n<strong>Hei\u00dfwasserfunktion<\/strong>: Ja<br \/>\n<strong>Kein Wasserwarnung<\/strong>: Ja<\/p>\n<p><strong>TECHNISCHE EIGENSCHAFTEN<\/strong><\/p>\n<p><strong>Elektronische Selbstnivellierung<\/strong>: Ja<br \/>\n<strong>Anti-Vakuum-Ger\u00e4t<\/strong>: Ja<br \/>\n<strong>Kesseltyp<\/strong>: Einzelkessel mit W\u00e4rmetauscher<br \/>\n<strong>Kesselmaterial<\/strong>: Kupfer und Messing<br \/>\n<strong>Kesselkapazit\u00e4t<\/strong>: 1,8 l<br \/>\n<strong>Pumpentyp<\/strong>: Rotationspumpe<br \/>\n<strong>Pumpendruck<\/strong>: 20 bar<br \/>\n<strong>Wassertankinhalt<\/strong>: 2,9 l<br \/>\n<strong>Abnehmbarer Wasserbeh\u00e4lter<\/strong>: Ja<br \/>\n<strong>Anschluss an das Wassernetz<\/strong>: Ja<br \/>\n<strong>Pumpendruckmesser<\/strong>: Ja<br \/>\n<strong>Kesseldruckmesser<\/strong>: Ja<br \/>\n<strong>Temperaturanzeige<\/strong>: Ja<br \/>\n<strong>Tassenw\u00e4rmer<\/strong>: Passiv<br \/>\n<strong>Dampfabgabestab<\/strong>: Yes-Cool Touch<br \/>\n<strong>Hei\u00dfwasserabgabed\u00fcse<\/strong>: Ja<\/p>\n<p><strong>ZUBEH\u00d6R ENTHALTEN<\/strong><\/p>\n<p><strong>Filter<\/strong>: 1 Tasse\/ 2 Tassen\/ Blind<br \/>\n<strong>Reinigungsb\u00fcrste<\/strong>: Ja<br \/>\n<strong>Pressino<\/strong>: Ja<br \/>\n<strong>Messbecher<\/strong>: Ja<br \/>\n<strong>Siebtr\u00e4ger<\/strong>: Doppelauslauf, Einzelauslauf<br \/>\n<strong>Innendurchmesser des Filterhalters (mit Filter): 58 mm<br \/>\n<strong>Filterhalterdichtung<\/strong>: Ja<br \/>\n<strong>Schlauchanschluss an das Wassernetz<\/strong>: Ja<br \/>\n<strong>Wasserablaufschlauch<\/strong>: Ja<\/strong><\/p>\n<p><strong>ELEKTRISCHER ANSCHLUSS<\/strong><\/p>\n<p><strong>Spina<\/strong>: (F;E) Schuko<br \/>\n<strong>Spannung<\/strong> (V): 220-240 V<br \/>\n<strong>Frequenz<\/strong> Hz: 50\/60 Hz<br \/>\n<strong>L\u00e4nge<\/strong> <strong>Stromkabel<\/strong> <strong>: 1,8 m<\/strong><\/p>\n<p><span style=\"text-decoration: underline;\"><strong>Nicht zum Verkauf au\u00dferhalb Europas<\/strong><\/span><\/p>\n","protected":false},"excerpt":{"rendered":"<p>Das Modell Cellini Evoluzione hat einen Kupferkessel mit Messingflansch. Kessel mit Au\u00dfenisolierung f\u00fcr gr\u00f6\u00dfere thermische Stabilit\u00e4t und Energieeinsparung. Rahmen und<\/p>\n","protected":false},"featured_media":456794,"template":"","meta":{"_acf_changed":false,"inline_featured_image":false},"product_cat":[6733,6703,25366],"product_tag":[23564,24681,11718,23582],"acf":[],"yoast_head":"<!-- This site is optimized with the Yoast SEO Premium plugin v18.6 (Yoast SEO v19.13) - https:\/\/yoast.com\/wordpress\/plugins\/seo\/ -->\n<title>LA PAVONI Kaffeemaschine New Cellini Evoluzione<\/title>\n<meta name=\"description\" content=\"Entdecken Sie LA PAVONI Kaffeemaschine New Cellini Evoluzione bei ErresseShop. Qualit\u00e4t, Stil und Funktionalit\u00e4t \u2013 jetzt online bestellen!\" \/>\n<meta name=\"robots\" content=\"index, follow, max-snippet:-1, max-image-preview:large, max-video-preview:-1\" \/>\n<link rel=\"canonical\" href=\"https:\/\/www.erresse-shop.it\/de\/shop\/kleine-elektrogeraete\/kaffeemaschinen-espresso\/handbuecher\/la-pavoni-kaffeemaschine-new-cellini-evoluzione\/\" \/>\n<meta property=\"og:locale\" content=\"de_DE\" \/>\n<meta property=\"og:type\" content=\"article\" \/>\n<meta property=\"og:title\" content=\"LA PAVONI Kaffeemaschine New Cellini Evoluzione\" \/>\n<meta property=\"og:description\" content=\"Entdecken Sie LA PAVONI Kaffeemaschine New Cellini Evoluzione bei ErresseShop. Qualit\u00e4t, Stil und Funktionalit\u00e4t \u2013 jetzt online bestellen!\" \/>\n<meta property=\"og:url\" content=\"https:\/\/www.erresse-shop.it\/de\/shop\/kleine-elektrogeraete\/kaffeemaschinen-espresso\/handbuecher\/la-pavoni-kaffeemaschine-new-cellini-evoluzione\/\" \/>\n<meta property=\"og:site_name\" content=\"Erresse Shop\" \/>\n<meta property=\"article:modified_time\" content=\"2025-01-17T08:03:36+00:00\" \/>\n<meta property=\"og:image\" content=\"https:\/\/www.erresse-shop.it\/wp-content\/uploads\/2024\/06\/LA-PAVONI-Macchina-da-Caffe-Nuova-Cellini-Evoluzione.jpg\" \/>\n\t<meta property=\"og:image:width\" content=\"1200\" \/>\n\t<meta property=\"og:image:height\" content=\"1200\" \/>\n\t<meta property=\"og:image:type\" content=\"image\/jpeg\" \/>\n<meta name=\"twitter:card\" content=\"summary_large_image\" \/>\n<script type=\"application\/ld+json\" class=\"yoast-schema-graph\">{\"@context\":\"https:\/\/schema.org\",\"@graph\":[{\"@type\":\"WebPage\",\"@id\":\"https:\/\/www.erresse-shop.it\/de\/shop\/kleine-elektrogeraete\/kaffeemaschinen-espresso\/handbuecher\/la-pavoni-kaffeemaschine-new-cellini-evoluzione\/\",\"url\":\"https:\/\/www.erresse-shop.it\/de\/shop\/kleine-elektrogeraete\/kaffeemaschinen-espresso\/handbuecher\/la-pavoni-kaffeemaschine-new-cellini-evoluzione\/\",\"name\":\"LA PAVONI Kaffeemaschine New Cellini Evoluzione\",\"isPartOf\":{\"@id\":\"https:\/\/www.erresse-shop.it\/de\/#website\"},\"datePublished\":\"2024-06-10T06:44:17+00:00\",\"dateModified\":\"2025-01-17T08:03:36+00:00\",\"description\":\"Entdecken Sie LA PAVONI Kaffeemaschine New Cellini Evoluzione bei ErresseShop. Qualit\u00e4t, Stil und Funktionalit\u00e4t \u2013 jetzt online bestellen!\",\"breadcrumb\":{\"@id\":\"https:\/\/www.erresse-shop.it\/de\/shop\/kleine-elektrogeraete\/kaffeemaschinen-espresso\/handbuecher\/la-pavoni-kaffeemaschine-new-cellini-evoluzione\/#breadcrumb\"},\"inLanguage\":\"de-DE\",\"potentialAction\":[{\"@type\":\"ReadAction\",\"target\":[\"https:\/\/www.erresse-shop.it\/de\/shop\/kleine-elektrogeraete\/kaffeemaschinen-espresso\/handbuecher\/la-pavoni-kaffeemaschine-new-cellini-evoluzione\/\"]}]},{\"@type\":\"BreadcrumbList\",\"@id\":\"https:\/\/www.erresse-shop.it\/de\/shop\/kleine-elektrogeraete\/kaffeemaschinen-espresso\/handbuecher\/la-pavoni-kaffeemaschine-new-cellini-evoluzione\/#breadcrumb\",\"itemListElement\":[{\"@type\":\"ListItem\",\"position\":1,\"name\":\"Home\",\"item\":\"https:\/\/www.erresse-shop.it\/de\/\"},{\"@type\":\"ListItem\",\"position\":2,\"name\":\"Shop\",\"item\":\"https:\/\/www.erresse-shop.it\/de\/shop\/\"},{\"@type\":\"ListItem\",\"position\":3,\"name\":\"LA PAVONI Kaffeemaschine New Cellini Evoluzione\"}]},{\"@type\":\"WebSite\",\"@id\":\"https:\/\/www.erresse-shop.it\/de\/#website\",\"url\":\"https:\/\/www.erresse-shop.it\/de\/\",\"name\":\"Erresse Shop\",\"description\":\"Articoli di qualit\u00e0 per la casa\",\"potentialAction\":[{\"@type\":\"SearchAction\",\"target\":{\"@type\":\"EntryPoint\",\"urlTemplate\":\"https:\/\/www.erresse-shop.it\/de\/?s={search_term_string}\"},\"query-input\":\"required name=search_term_string\"}],\"inLanguage\":\"de-DE\"}]}<\/script>\n<!-- \/ Yoast SEO Premium plugin. -->","yoast_head_json":{"title":"LA PAVONI Kaffeemaschine New Cellini Evoluzione","description":"Entdecken Sie LA PAVONI Kaffeemaschine New Cellini Evoluzione bei ErresseShop. Qualit\u00e4t, Stil und Funktionalit\u00e4t \u2013 jetzt online bestellen!","robots":{"index":"index","follow":"follow","max-snippet":"max-snippet:-1","max-image-preview":"max-image-preview:large","max-video-preview":"max-video-preview:-1"},"canonical":"https:\/\/www.erresse-shop.it\/de\/shop\/kleine-elektrogeraete\/kaffeemaschinen-espresso\/handbuecher\/la-pavoni-kaffeemaschine-new-cellini-evoluzione\/","og_locale":"de_DE","og_type":"article","og_title":"LA PAVONI Kaffeemaschine New Cellini Evoluzione","og_description":"Entdecken Sie LA PAVONI Kaffeemaschine New Cellini Evoluzione bei ErresseShop. Qualit\u00e4t, Stil und Funktionalit\u00e4t \u2013 jetzt online bestellen!","og_url":"https:\/\/www.erresse-shop.it\/de\/shop\/kleine-elektrogeraete\/kaffeemaschinen-espresso\/handbuecher\/la-pavoni-kaffeemaschine-new-cellini-evoluzione\/","og_site_name":"Erresse Shop","article_modified_time":"2025-01-17T08:03:36+00:00","og_image":[{"width":1200,"height":1200,"url":"https:\/\/www.erresse-shop.it\/wp-content\/uploads\/2024\/06\/LA-PAVONI-Macchina-da-Caffe-Nuova-Cellini-Evoluzione.jpg","type":"image\/jpeg"}],"twitter_card":"summary_large_image","schema":{"@context":"https:\/\/schema.org","@graph":[{"@type":"WebPage","@id":"https:\/\/www.erresse-shop.it\/de\/shop\/kleine-elektrogeraete\/kaffeemaschinen-espresso\/handbuecher\/la-pavoni-kaffeemaschine-new-cellini-evoluzione\/","url":"https:\/\/www.erresse-shop.it\/de\/shop\/kleine-elektrogeraete\/kaffeemaschinen-espresso\/handbuecher\/la-pavoni-kaffeemaschine-new-cellini-evoluzione\/","name":"LA PAVONI Kaffeemaschine New Cellini Evoluzione","isPartOf":{"@id":"https:\/\/www.erresse-shop.it\/de\/#website"},"datePublished":"2024-06-10T06:44:17+00:00","dateModified":"2025-01-17T08:03:36+00:00","description":"Entdecken Sie LA PAVONI Kaffeemaschine New Cellini Evoluzione bei ErresseShop. Qualit\u00e4t, Stil und Funktionalit\u00e4t \u2013 jetzt online bestellen!","breadcrumb":{"@id":"https:\/\/www.erresse-shop.it\/de\/shop\/kleine-elektrogeraete\/kaffeemaschinen-espresso\/handbuecher\/la-pavoni-kaffeemaschine-new-cellini-evoluzione\/#breadcrumb"},"inLanguage":"de-DE","potentialAction":[{"@type":"ReadAction","target":["https:\/\/www.erresse-shop.it\/de\/shop\/kleine-elektrogeraete\/kaffeemaschinen-espresso\/handbuecher\/la-pavoni-kaffeemaschine-new-cellini-evoluzione\/"]}]},{"@type":"BreadcrumbList","@id":"https:\/\/www.erresse-shop.it\/de\/shop\/kleine-elektrogeraete\/kaffeemaschinen-espresso\/handbuecher\/la-pavoni-kaffeemaschine-new-cellini-evoluzione\/#breadcrumb","itemListElement":[{"@type":"ListItem","position":1,"name":"Home","item":"https:\/\/www.erresse-shop.it\/de\/"},{"@type":"ListItem","position":2,"name":"Shop","item":"https:\/\/www.erresse-shop.it\/de\/shop\/"},{"@type":"ListItem","position":3,"name":"LA PAVONI Kaffeemaschine New Cellini Evoluzione"}]},{"@type":"WebSite","@id":"https:\/\/www.erresse-shop.it\/de\/#website","url":"https:\/\/www.erresse-shop.it\/de\/","name":"Erresse Shop","description":"Articoli di qualit\u00e0 per la casa","potentialAction":[{"@type":"SearchAction","target":{"@type":"EntryPoint","urlTemplate":"https:\/\/www.erresse-shop.it\/de\/?s={search_term_string}"},"query-input":"required name=search_term_string"}],"inLanguage":"de-DE"}]}},"df_price":1016.95,"df_sale_price":1016.95,"df_regular_price":1849,"df_image_link":"https:\/\/www.erresse-shop.it\/wp-content\/uploads\/2024\/06\/LA-PAVONI-Macchina-da-Caffe-Nuova-Cellini-Evoluzione-300x300.jpg","_links":{"self":[{"href":"https:\/\/www.erresse-shop.it\/de\/wp-json\/wp\/v2\/product\/412081"}],"collection":[{"href":"https:\/\/www.erresse-shop.it\/de\/wp-json\/wp\/v2\/product"}],"about":[{"href":"https:\/\/www.erresse-shop.it\/de\/wp-json\/wp\/v2\/types\/product"}],"wp:featuredmedia":[{"embeddable":true,"href":"https:\/\/www.erresse-shop.it\/de\/wp-json\/wp\/v2\/media\/456794"}],"wp:attachment":[{"href":"https:\/\/www.erresse-shop.it\/de\/wp-json\/wp\/v2\/media?parent=412081"}],"wp:term":[{"taxonomy":"product_cat","embeddable":true,"href":"https:\/\/www.erresse-shop.it\/de\/wp-json\/wp\/v2\/product_cat?post=412081"},{"taxonomy":"product_tag","embeddable":true,"href":"https:\/\/www.erresse-shop.it\/de\/wp-json\/wp\/v2\/product_tag?post=412081"}],"curies":[{"name":"wp","href":"https:\/\/api.w.org\/{rel}","templated":true}]}}