{"id":411821,"date":"2024-06-07T14:43:31","date_gmt":"2024-06-07T14:43:32","guid":{"rendered":"https:\/\/www.erresse-shop.it\/?post_type=product&#038;p=411821"},"modified":"2025-01-17T15:00:20","modified_gmt":"2025-01-17T15:00:20","slug":"smeg-aesthetic-50s-kombidampfgarer-schwarz","status":"publish","type":"product","link":"https:\/\/www.erresse-shop.it\/de\/shop\/kleine-elektrogeraete\/oefen\/smeg-aesthetic-50s-kombidampfgarer-schwarz\/","title":{"rendered":"SMEG Aesthetic 50s Kombidampfgarer Schwarz"},"content":{"rendered":"<p><strong>SMEG<\/strong> Serie 50 Jahre<\/p>\n<p>Objekte der symbolischen Begegnung, Ikonen, die den Raum, den sie einnehmen, verwandeln. Die neuen Kleinen der Linie Anni &#8217;50s, die in Zusammenarbeit mit Matteo Bazzicalupo und Raffaella Mangiarotti von deepdesign entworfen wurden, erinnern an andere Zeiten und gestalten allt\u00e4gliche Orte, indem sie dem, was bereits existiert oder existiert hat, eine neue Bedeutung verleihen, wie es in der Kunst und in der Erinnerung geschieht.<br \/>\nDie Produkte mit ihren runden und kompakten Formen sind die Protagonisten der K\u00fcche, die f\u00fcr diejenigen gedacht sind, die die Erfahrung eines Kochs machen wollen, aber nicht nur. F\u00fcr diejenigen, die sich gerne mit Objekten umgeben, die einen starken \u00e4sthetischen Charakter haben, ohne dabei die hohe Qualit\u00e4t der Leistungen aus den Augen zu verlieren.<\/p>\n<p>10-in-1-Kombid\u00e4mpfer Made in Italy: die beste Smeg-Backofentechnologie f\u00fcr zu Hause, entwickelt f\u00fcr Ihre K\u00fcchenarbeitsplatte. Vielseitigkeit und professionelle Ergebnisse durch traditionelles Garen, mit Dampf und automatischen Kochrezepten.<\/p>\n<p><strong>AESTHETICS<\/strong><\/p>\n<p><strong>Farbe<\/strong>: Schwarz<br \/>\n<strong>Ausf\u00fchrung<\/strong>: Gl\u00e4nzend<br \/>\n<strong>\u00c4sthetik<\/strong>: 50er Jahre Stil<br \/>\n<strong>Farbe der Fenster<\/strong>: ger\u00e4uchert<br \/>\n<strong>Farbe des Sockels<\/strong>: Mattgrau<br \/>\n<strong>Material des Griffs<\/strong>: Aluminium<br \/>\n<strong>Material des Tanks<\/strong>: Kunststoff<br \/>\n<strong>Material der rutschfesten F\u00fc\u00dfe<\/strong>: Gummi<br \/>\n<strong>Farbe des Tank\u00f6ffnungshebels<\/strong>: Schwarz<br \/>\n<strong>Material des Fensters<\/strong>: Glas mit poliertem Kunststoffrahmen<br \/>\n<strong>Material des Tank\u00f6ffnungshebels<\/strong>: Kunststoff<\/p>\n<p><strong>PROGRAMME \/ FUNKTIONEN<\/strong><\/p>\n<p><strong>Anzahl der Kochfunktionen<\/strong>: 10<br \/>\n<strong>Entkalkungswarnung<\/strong>: Ja<br \/>\n<strong>Warnung bei leerem\/ fehlendem Wassertank<\/strong>: Ja<br \/>\n<strong>Akustische Warnungen<\/strong>: Optional<br \/>\n<strong>Grillfunktion<\/strong>: Ja<br \/>\n<strong>Bel\u00fcftungsfunktion<\/strong>: Ja<br \/>\n<strong>Bel\u00fcftete Grundfunktion<\/strong>: Ja<br \/>\n<strong>Air-Fry-Funktion<\/strong>: Ja<br \/>\n<strong>Statische Funktion<\/strong>: Ja<br \/>\n<strong>Traditionelles Kochmen\u00fc<\/strong>: Statisch, Umluft, Grill, Umluftboden, Luftbraten, Warmhalten, Auftauen<br \/>\n<strong>Anzahl der automatischen Rezepte<\/strong>: 33<br \/>\n<strong>Kombinierte Dampf- und Umluftgrillfunktion<\/strong>: Ja (20-70%)<br \/>\n<strong>Reine Dampffunktion<\/strong>: Ja (100%)<br \/>\n<strong>Auftaufunktion<\/strong>: Ja<br \/>\n<strong>Kochmen\u00fc<\/strong>: Fleisch und Gefl\u00fcgel, Fisch und Schalentiere, Gem\u00fcse und Beilagen, Kuchen und Desserts, Brot\/Pizza und Flans<br \/>\n<strong>Warmhaltefunktion<\/strong>: Ja<br \/>\n<strong>Kombinierte Dampf- und Umluftfunktion<\/strong>: Ja (20-70%)<br \/>\n<strong>Men\u00fc Dampfgaren<\/strong>: Reiner Dampf (100%), Kombinierter Dampf + bel\u00fcftet, Kombinierter Dampf + bel\u00fcfteter Grill<\/p>\n<p><strong>BEFEHLE<\/strong><br \/>\n<strong>Befehlstyp<\/strong>: Schaltfl\u00e4chen<br \/>\n<strong>Tastenmaterial<\/strong>: Kunststoff<br \/>\n<strong>Tastenfarbe<\/strong>: Schwarz<br \/>\n<strong>Anzahl der Getr\u00e4nketasten<\/strong>: 4<br \/>\n<strong>Automatisch ein\/aus<\/strong><\/p>\n<p><strong>TECHNISCHE MERKMALE<\/strong><\/p>\n<p><strong>Anzeigetechnik<\/strong>: Farb-LCD<br \/>\n<strong>Abnehmbarer Wassertank<\/strong>: Ja<br \/>\n<strong>Temperatureinstellung<\/strong>: Elektronisch<br \/>\n<strong>Mindesttemperatur<\/strong>: 40 \u00b0C<br \/>\n<strong>H\u00f6chsttemperatur<\/strong>: 230 \u00b0C<br \/>\n<strong>Material des Hohlraums<\/strong>: emailliert<br \/>\n<strong>Anzahl der Einlegeb\u00f6den<\/strong>: 3<br \/>\n<strong>Art der Einlegeb\u00f6den<\/strong>: Metallrahmen<br \/>\n<strong>Ventilator<\/strong>: Einzeln<\/p>\n<p><strong>ELEKTRISCHER ANSCHLUSS<\/strong><br \/>\n<strong>Spannung (V)<\/strong>: 220-240 V<br \/>\n<strong>Frequenz Hz<\/strong>: 50\/60 Hz<br \/>\n<strong>L\u00e4nge des Netzkabels<\/strong>: 1 m<\/p>\n<p><u style=\"font-size: 13px; line-height: 20.8px;\"><strong>Not for sale outside from Europe<\/strong><\/u><\/p>\n","protected":false},"excerpt":{"rendered":"<p>SMEG Serie 50 Jahre Objekte der symbolischen Begegnung, Ikonen, die den Raum, den sie einnehmen, verwandeln. Die neuen Kleinen der<\/p>\n","protected":false},"featured_media":492272,"template":"","meta":{"_acf_changed":false,"inline_featured_image":false},"product_cat":[6703,15659],"product_tag":[25182,23911,11555,19954,19955,12357,25022],"acf":[],"yoast_head":"<!-- This site is optimized with the Yoast SEO Premium plugin v18.6 (Yoast SEO v19.13) - https:\/\/yoast.com\/wordpress\/plugins\/seo\/ -->\n<title>SMEG Aesthetic 50s Kombidampfgarer Schwarz<\/title>\n<meta name=\"description\" content=\"Entdecken Sie SMEG Aesthetic 50s Kombidampfgarer Schwarz bei ErresseShop. Qualit\u00e4t, Stil und Funktionalit\u00e4t \u2013 jetzt online bestellen!\" \/>\n<meta name=\"robots\" content=\"index, follow, max-snippet:-1, max-image-preview:large, max-video-preview:-1\" \/>\n<link rel=\"canonical\" href=\"https:\/\/www.erresse-shop.it\/de\/shop\/kleine-elektrogeraete\/oefen\/smeg-aesthetic-50s-kombidampfgarer-schwarz\/\" \/>\n<meta property=\"og:locale\" content=\"de_DE\" \/>\n<meta property=\"og:type\" content=\"article\" \/>\n<meta property=\"og:title\" content=\"SMEG Aesthetic 50s Kombidampfgarer Schwarz\" \/>\n<meta property=\"og:description\" content=\"Entdecken Sie SMEG Aesthetic 50s Kombidampfgarer Schwarz bei ErresseShop. Qualit\u00e4t, Stil und Funktionalit\u00e4t \u2013 jetzt online bestellen!\" \/>\n<meta property=\"og:url\" content=\"https:\/\/www.erresse-shop.it\/de\/shop\/kleine-elektrogeraete\/oefen\/smeg-aesthetic-50s-kombidampfgarer-schwarz\/\" \/>\n<meta property=\"og:site_name\" content=\"Erresse Shop\" \/>\n<meta property=\"article:modified_time\" content=\"2025-01-17T15:00:20+00:00\" \/>\n<meta property=\"og:image\" content=\"https:\/\/www.erresse-shop.it\/wp-content\/uploads\/2024\/06\/SMEG-Estetica-Anni-50-Forno-Combinato-a-Vapore-Nero.png\" \/>\n\t<meta property=\"og:image:width\" content=\"800\" \/>\n\t<meta property=\"og:image:height\" content=\"800\" \/>\n\t<meta property=\"og:image:type\" content=\"image\/png\" \/>\n<meta name=\"twitter:card\" content=\"summary_large_image\" \/>\n<script type=\"application\/ld+json\" class=\"yoast-schema-graph\">{\"@context\":\"https:\/\/schema.org\",\"@graph\":[{\"@type\":\"WebPage\",\"@id\":\"https:\/\/www.erresse-shop.it\/de\/shop\/kleine-elektrogeraete\/oefen\/smeg-aesthetic-50s-kombidampfgarer-schwarz\/\",\"url\":\"https:\/\/www.erresse-shop.it\/de\/shop\/kleine-elektrogeraete\/oefen\/smeg-aesthetic-50s-kombidampfgarer-schwarz\/\",\"name\":\"SMEG Aesthetic 50s Kombidampfgarer Schwarz\",\"isPartOf\":{\"@id\":\"https:\/\/www.erresse-shop.it\/de\/#website\"},\"datePublished\":\"2024-06-07T14:43:32+00:00\",\"dateModified\":\"2025-01-17T15:00:20+00:00\",\"description\":\"Entdecken Sie SMEG Aesthetic 50s Kombidampfgarer Schwarz bei ErresseShop. Qualit\u00e4t, Stil und Funktionalit\u00e4t \u2013 jetzt online bestellen!\",\"breadcrumb\":{\"@id\":\"https:\/\/www.erresse-shop.it\/de\/shop\/kleine-elektrogeraete\/oefen\/smeg-aesthetic-50s-kombidampfgarer-schwarz\/#breadcrumb\"},\"inLanguage\":\"de-DE\",\"potentialAction\":[{\"@type\":\"ReadAction\",\"target\":[\"https:\/\/www.erresse-shop.it\/de\/shop\/kleine-elektrogeraete\/oefen\/smeg-aesthetic-50s-kombidampfgarer-schwarz\/\"]}]},{\"@type\":\"BreadcrumbList\",\"@id\":\"https:\/\/www.erresse-shop.it\/de\/shop\/kleine-elektrogeraete\/oefen\/smeg-aesthetic-50s-kombidampfgarer-schwarz\/#breadcrumb\",\"itemListElement\":[{\"@type\":\"ListItem\",\"position\":1,\"name\":\"Home\",\"item\":\"https:\/\/www.erresse-shop.it\/de\/\"},{\"@type\":\"ListItem\",\"position\":2,\"name\":\"Shop\",\"item\":\"https:\/\/www.erresse-shop.it\/de\/shop\/\"},{\"@type\":\"ListItem\",\"position\":3,\"name\":\"SMEG Aesthetic 50s Kombidampfgarer Schwarz\"}]},{\"@type\":\"WebSite\",\"@id\":\"https:\/\/www.erresse-shop.it\/de\/#website\",\"url\":\"https:\/\/www.erresse-shop.it\/de\/\",\"name\":\"Erresse Shop\",\"description\":\"Articoli di qualit\u00e0 per la casa\",\"potentialAction\":[{\"@type\":\"SearchAction\",\"target\":{\"@type\":\"EntryPoint\",\"urlTemplate\":\"https:\/\/www.erresse-shop.it\/de\/?s={search_term_string}\"},\"query-input\":\"required name=search_term_string\"}],\"inLanguage\":\"de-DE\"}]}<\/script>\n<!-- \/ Yoast SEO Premium plugin. -->","yoast_head_json":{"title":"SMEG Aesthetic 50s Kombidampfgarer Schwarz","description":"Entdecken Sie SMEG Aesthetic 50s Kombidampfgarer Schwarz bei ErresseShop. Qualit\u00e4t, Stil und Funktionalit\u00e4t \u2013 jetzt online bestellen!","robots":{"index":"index","follow":"follow","max-snippet":"max-snippet:-1","max-image-preview":"max-image-preview:large","max-video-preview":"max-video-preview:-1"},"canonical":"https:\/\/www.erresse-shop.it\/de\/shop\/kleine-elektrogeraete\/oefen\/smeg-aesthetic-50s-kombidampfgarer-schwarz\/","og_locale":"de_DE","og_type":"article","og_title":"SMEG Aesthetic 50s Kombidampfgarer Schwarz","og_description":"Entdecken Sie SMEG Aesthetic 50s Kombidampfgarer Schwarz bei ErresseShop. Qualit\u00e4t, Stil und Funktionalit\u00e4t \u2013 jetzt online bestellen!","og_url":"https:\/\/www.erresse-shop.it\/de\/shop\/kleine-elektrogeraete\/oefen\/smeg-aesthetic-50s-kombidampfgarer-schwarz\/","og_site_name":"Erresse Shop","article_modified_time":"2025-01-17T15:00:20+00:00","og_image":[{"width":800,"height":800,"url":"https:\/\/www.erresse-shop.it\/wp-content\/uploads\/2024\/06\/SMEG-Estetica-Anni-50-Forno-Combinato-a-Vapore-Nero.png","type":"image\/png"}],"twitter_card":"summary_large_image","schema":{"@context":"https:\/\/schema.org","@graph":[{"@type":"WebPage","@id":"https:\/\/www.erresse-shop.it\/de\/shop\/kleine-elektrogeraete\/oefen\/smeg-aesthetic-50s-kombidampfgarer-schwarz\/","url":"https:\/\/www.erresse-shop.it\/de\/shop\/kleine-elektrogeraete\/oefen\/smeg-aesthetic-50s-kombidampfgarer-schwarz\/","name":"SMEG Aesthetic 50s Kombidampfgarer Schwarz","isPartOf":{"@id":"https:\/\/www.erresse-shop.it\/de\/#website"},"datePublished":"2024-06-07T14:43:32+00:00","dateModified":"2025-01-17T15:00:20+00:00","description":"Entdecken Sie SMEG Aesthetic 50s Kombidampfgarer Schwarz bei ErresseShop. Qualit\u00e4t, Stil und Funktionalit\u00e4t \u2013 jetzt online bestellen!","breadcrumb":{"@id":"https:\/\/www.erresse-shop.it\/de\/shop\/kleine-elektrogeraete\/oefen\/smeg-aesthetic-50s-kombidampfgarer-schwarz\/#breadcrumb"},"inLanguage":"de-DE","potentialAction":[{"@type":"ReadAction","target":["https:\/\/www.erresse-shop.it\/de\/shop\/kleine-elektrogeraete\/oefen\/smeg-aesthetic-50s-kombidampfgarer-schwarz\/"]}]},{"@type":"BreadcrumbList","@id":"https:\/\/www.erresse-shop.it\/de\/shop\/kleine-elektrogeraete\/oefen\/smeg-aesthetic-50s-kombidampfgarer-schwarz\/#breadcrumb","itemListElement":[{"@type":"ListItem","position":1,"name":"Home","item":"https:\/\/www.erresse-shop.it\/de\/"},{"@type":"ListItem","position":2,"name":"Shop","item":"https:\/\/www.erresse-shop.it\/de\/shop\/"},{"@type":"ListItem","position":3,"name":"SMEG Aesthetic 50s Kombidampfgarer Schwarz"}]},{"@type":"WebSite","@id":"https:\/\/www.erresse-shop.it\/de\/#website","url":"https:\/\/www.erresse-shop.it\/de\/","name":"Erresse Shop","description":"Articoli di qualit\u00e0 per la casa","potentialAction":[{"@type":"SearchAction","target":{"@type":"EntryPoint","urlTemplate":"https:\/\/www.erresse-shop.it\/de\/?s={search_term_string}"},"query-input":"required name=search_term_string"}],"inLanguage":"de-DE"}]}},"df_price":629.3,"df_sale_price":629.3,"df_regular_price":899,"df_image_link":"https:\/\/www.erresse-shop.it\/wp-content\/uploads\/2024\/06\/SMEG-Estetica-Anni-50-Forno-Combinato-a-Vapore-Nero-300x300.jpg","_links":{"self":[{"href":"https:\/\/www.erresse-shop.it\/de\/wp-json\/wp\/v2\/product\/411821"}],"collection":[{"href":"https:\/\/www.erresse-shop.it\/de\/wp-json\/wp\/v2\/product"}],"about":[{"href":"https:\/\/www.erresse-shop.it\/de\/wp-json\/wp\/v2\/types\/product"}],"wp:featuredmedia":[{"embeddable":true,"href":"https:\/\/www.erresse-shop.it\/de\/wp-json\/wp\/v2\/media\/492272"}],"wp:attachment":[{"href":"https:\/\/www.erresse-shop.it\/de\/wp-json\/wp\/v2\/media?parent=411821"}],"wp:term":[{"taxonomy":"product_cat","embeddable":true,"href":"https:\/\/www.erresse-shop.it\/de\/wp-json\/wp\/v2\/product_cat?post=411821"},{"taxonomy":"product_tag","embeddable":true,"href":"https:\/\/www.erresse-shop.it\/de\/wp-json\/wp\/v2\/product_tag?post=411821"}],"curies":[{"name":"wp","href":"https:\/\/api.w.org\/{rel}","templated":true}]}}