{"id":411553,"date":"2024-06-06T06:19:26","date_gmt":"2024-06-06T06:19:46","guid":{"rendered":"https:\/\/www.erresse-shop.it\/?post_type=product&#038;p=411553"},"modified":"2025-01-21T16:46:04","modified_gmt":"2025-01-21T16:46:04","slug":"villeroy-boch-louis-service-24-stueck","status":"publish","type":"product","link":"https:\/\/www.erresse-shop.it\/de\/shop\/tisch\/besteck\/villeroy-boch-louis-service-24-stueck\/","title":{"rendered":"VILLEROY &#038; BOCH Louis Service 24 St\u00fcck"},"content":{"rendered":"<p><strong>Minimalistisch, urban und modern<\/strong><br \/>\nDie klaren und einfachen Formen der Besteckkollektion Louis aus hochwertigem Edelstahl sind ideal f\u00fcr ein urbanes und modernes Dekor. Mit dem einfach gestalteten Besteckset haben Sie eine klassische Grundform mit minimalistischer Wirkung, die problemlos zu jedem Stil passt. Der flache Griff und die abgerundeten Enden liegen angenehm in der Hand.<br \/>\nDas Set besteht aus:<\/p>\n<ul>\n<li>6x Tafelmesser<\/li>\n<li>6x Tafelgabel<\/li>\n<li>6x Suppenl\u00f6ffel<\/li>\n<li>6x Kaffeel\u00f6ffel<\/li>\n<\/ul>\n<p><strong>Material<\/strong>: Edelstahl<br \/>\n<strong>Farbe<\/strong>: Silber\/Platin<br \/>\n<strong>Waschbar<\/strong> <strong>In der Sp\u00fclmaschine<\/strong>: Ja<br \/>\n<strong>Geeignet<\/strong> <strong>F\u00fcr<\/strong> <strong>Mikrowelle<\/strong>: Nein<\/p>\n","protected":false},"excerpt":{"rendered":"<p>Minimalistisch, urban und modern Die klaren und einfachen Formen der Besteckkollektion Louis aus hochwertigem Edelstahl sind ideal f\u00fcr ein urbanes<\/p>\n","protected":false},"featured_media":494108,"template":"","meta":{"_acf_changed":false,"inline_featured_image":false},"product_cat":[6790,6787],"product_tag":[25027,24398,25022],"acf":[],"yoast_head":"<!-- This site is optimized with the Yoast SEO Premium plugin v18.6 (Yoast SEO v19.13) - https:\/\/yoast.com\/wordpress\/plugins\/seo\/ -->\n<title>VILLEROY &amp; BOCH Louis Service 24 St\u00fcck<\/title>\n<meta name=\"description\" content=\"Entdecken Sie VILLEROY &amp; BOCH Louis Service 24 St\u00fcck bei ErresseShop. Qualit\u00e4t, Stil und Funktionalit\u00e4t \u2013 jetzt online bestellen!\" \/>\n<meta name=\"robots\" content=\"index, follow, max-snippet:-1, max-image-preview:large, max-video-preview:-1\" \/>\n<link rel=\"canonical\" href=\"https:\/\/www.erresse-shop.it\/de\/shop\/tisch\/besteck\/villeroy-boch-louis-service-24-stueck\/\" \/>\n<meta property=\"og:locale\" content=\"de_DE\" \/>\n<meta property=\"og:type\" content=\"article\" \/>\n<meta property=\"og:title\" content=\"VILLEROY &amp; BOCH Louis Service 24 St\u00fcck\" \/>\n<meta property=\"og:description\" content=\"Entdecken Sie VILLEROY &amp; BOCH Louis Service 24 St\u00fcck bei ErresseShop. Qualit\u00e4t, Stil und Funktionalit\u00e4t \u2013 jetzt online bestellen!\" \/>\n<meta property=\"og:url\" content=\"https:\/\/www.erresse-shop.it\/de\/shop\/tisch\/besteck\/villeroy-boch-louis-service-24-stueck\/\" \/>\n<meta property=\"og:site_name\" content=\"Erresse Shop\" \/>\n<meta property=\"article:modified_time\" content=\"2025-01-21T16:46:04+00:00\" \/>\n<meta property=\"og:image\" content=\"https:\/\/www.erresse-shop.it\/wp-content\/uploads\/2024\/06\/VILLEROY-BOCH-Louis-Servizio-24-Pezzi.png\" \/>\n\t<meta property=\"og:image:width\" content=\"800\" \/>\n\t<meta property=\"og:image:height\" content=\"800\" \/>\n\t<meta property=\"og:image:type\" content=\"image\/png\" \/>\n<meta name=\"twitter:card\" content=\"summary_large_image\" \/>\n<script type=\"application\/ld+json\" class=\"yoast-schema-graph\">{\"@context\":\"https:\/\/schema.org\",\"@graph\":[{\"@type\":\"WebPage\",\"@id\":\"https:\/\/www.erresse-shop.it\/de\/shop\/tisch\/besteck\/villeroy-boch-louis-service-24-stueck\/\",\"url\":\"https:\/\/www.erresse-shop.it\/de\/shop\/tisch\/besteck\/villeroy-boch-louis-service-24-stueck\/\",\"name\":\"VILLEROY & BOCH Louis Service 24 St\u00fcck\",\"isPartOf\":{\"@id\":\"https:\/\/www.erresse-shop.it\/de\/#website\"},\"datePublished\":\"2024-06-06T06:19:46+00:00\",\"dateModified\":\"2025-01-21T16:46:04+00:00\",\"description\":\"Entdecken Sie VILLEROY & BOCH Louis Service 24 St\u00fcck bei ErresseShop. Qualit\u00e4t, Stil und Funktionalit\u00e4t \u2013 jetzt online bestellen!\",\"breadcrumb\":{\"@id\":\"https:\/\/www.erresse-shop.it\/de\/shop\/tisch\/besteck\/villeroy-boch-louis-service-24-stueck\/#breadcrumb\"},\"inLanguage\":\"de-DE\",\"potentialAction\":[{\"@type\":\"ReadAction\",\"target\":[\"https:\/\/www.erresse-shop.it\/de\/shop\/tisch\/besteck\/villeroy-boch-louis-service-24-stueck\/\"]}]},{\"@type\":\"BreadcrumbList\",\"@id\":\"https:\/\/www.erresse-shop.it\/de\/shop\/tisch\/besteck\/villeroy-boch-louis-service-24-stueck\/#breadcrumb\",\"itemListElement\":[{\"@type\":\"ListItem\",\"position\":1,\"name\":\"Home\",\"item\":\"https:\/\/www.erresse-shop.it\/de\/\"},{\"@type\":\"ListItem\",\"position\":2,\"name\":\"Shop\",\"item\":\"https:\/\/www.erresse-shop.it\/de\/shop\/\"},{\"@type\":\"ListItem\",\"position\":3,\"name\":\"VILLEROY &#038; BOCH Louis Service 24 St\u00fcck\"}]},{\"@type\":\"WebSite\",\"@id\":\"https:\/\/www.erresse-shop.it\/de\/#website\",\"url\":\"https:\/\/www.erresse-shop.it\/de\/\",\"name\":\"Erresse Shop\",\"description\":\"Articoli di qualit\u00e0 per la casa\",\"potentialAction\":[{\"@type\":\"SearchAction\",\"target\":{\"@type\":\"EntryPoint\",\"urlTemplate\":\"https:\/\/www.erresse-shop.it\/de\/?s={search_term_string}\"},\"query-input\":\"required name=search_term_string\"}],\"inLanguage\":\"de-DE\"}]}<\/script>\n<!-- \/ Yoast SEO Premium plugin. -->","yoast_head_json":{"title":"VILLEROY & BOCH Louis Service 24 St\u00fcck","description":"Entdecken Sie VILLEROY & BOCH Louis Service 24 St\u00fcck bei ErresseShop. Qualit\u00e4t, Stil und Funktionalit\u00e4t \u2013 jetzt online bestellen!","robots":{"index":"index","follow":"follow","max-snippet":"max-snippet:-1","max-image-preview":"max-image-preview:large","max-video-preview":"max-video-preview:-1"},"canonical":"https:\/\/www.erresse-shop.it\/de\/shop\/tisch\/besteck\/villeroy-boch-louis-service-24-stueck\/","og_locale":"de_DE","og_type":"article","og_title":"VILLEROY & BOCH Louis Service 24 St\u00fcck","og_description":"Entdecken Sie VILLEROY & BOCH Louis Service 24 St\u00fcck bei ErresseShop. Qualit\u00e4t, Stil und Funktionalit\u00e4t \u2013 jetzt online bestellen!","og_url":"https:\/\/www.erresse-shop.it\/de\/shop\/tisch\/besteck\/villeroy-boch-louis-service-24-stueck\/","og_site_name":"Erresse Shop","article_modified_time":"2025-01-21T16:46:04+00:00","og_image":[{"width":800,"height":800,"url":"https:\/\/www.erresse-shop.it\/wp-content\/uploads\/2024\/06\/VILLEROY-BOCH-Louis-Servizio-24-Pezzi.png","type":"image\/png"}],"twitter_card":"summary_large_image","schema":{"@context":"https:\/\/schema.org","@graph":[{"@type":"WebPage","@id":"https:\/\/www.erresse-shop.it\/de\/shop\/tisch\/besteck\/villeroy-boch-louis-service-24-stueck\/","url":"https:\/\/www.erresse-shop.it\/de\/shop\/tisch\/besteck\/villeroy-boch-louis-service-24-stueck\/","name":"VILLEROY & BOCH Louis Service 24 St\u00fcck","isPartOf":{"@id":"https:\/\/www.erresse-shop.it\/de\/#website"},"datePublished":"2024-06-06T06:19:46+00:00","dateModified":"2025-01-21T16:46:04+00:00","description":"Entdecken Sie VILLEROY & BOCH Louis Service 24 St\u00fcck bei ErresseShop. Qualit\u00e4t, Stil und Funktionalit\u00e4t \u2013 jetzt online bestellen!","breadcrumb":{"@id":"https:\/\/www.erresse-shop.it\/de\/shop\/tisch\/besteck\/villeroy-boch-louis-service-24-stueck\/#breadcrumb"},"inLanguage":"de-DE","potentialAction":[{"@type":"ReadAction","target":["https:\/\/www.erresse-shop.it\/de\/shop\/tisch\/besteck\/villeroy-boch-louis-service-24-stueck\/"]}]},{"@type":"BreadcrumbList","@id":"https:\/\/www.erresse-shop.it\/de\/shop\/tisch\/besteck\/villeroy-boch-louis-service-24-stueck\/#breadcrumb","itemListElement":[{"@type":"ListItem","position":1,"name":"Home","item":"https:\/\/www.erresse-shop.it\/de\/"},{"@type":"ListItem","position":2,"name":"Shop","item":"https:\/\/www.erresse-shop.it\/de\/shop\/"},{"@type":"ListItem","position":3,"name":"VILLEROY &#038; BOCH Louis Service 24 St\u00fcck"}]},{"@type":"WebSite","@id":"https:\/\/www.erresse-shop.it\/de\/#website","url":"https:\/\/www.erresse-shop.it\/de\/","name":"Erresse Shop","description":"Articoli di qualit\u00e0 per la casa","potentialAction":[{"@type":"SearchAction","target":{"@type":"EntryPoint","urlTemplate":"https:\/\/www.erresse-shop.it\/de\/?s={search_term_string}"},"query-input":"required name=search_term_string"}],"inLanguage":"de-DE"}]}},"df_price":99.5,"df_sale_price":99.5,"df_regular_price":199,"df_image_link":"https:\/\/www.erresse-shop.it\/wp-content\/uploads\/2024\/06\/VILLEROY-BOCH-Louis-Servizio-24-Pezzi-300x300.jpg","_links":{"self":[{"href":"https:\/\/www.erresse-shop.it\/de\/wp-json\/wp\/v2\/product\/411553"}],"collection":[{"href":"https:\/\/www.erresse-shop.it\/de\/wp-json\/wp\/v2\/product"}],"about":[{"href":"https:\/\/www.erresse-shop.it\/de\/wp-json\/wp\/v2\/types\/product"}],"wp:featuredmedia":[{"embeddable":true,"href":"https:\/\/www.erresse-shop.it\/de\/wp-json\/wp\/v2\/media\/494108"}],"wp:attachment":[{"href":"https:\/\/www.erresse-shop.it\/de\/wp-json\/wp\/v2\/media?parent=411553"}],"wp:term":[{"taxonomy":"product_cat","embeddable":true,"href":"https:\/\/www.erresse-shop.it\/de\/wp-json\/wp\/v2\/product_cat?post=411553"},{"taxonomy":"product_tag","embeddable":true,"href":"https:\/\/www.erresse-shop.it\/de\/wp-json\/wp\/v2\/product_tag?post=411553"}],"curies":[{"name":"wp","href":"https:\/\/api.w.org\/{rel}","templated":true}]}}