{"id":411470,"date":"2024-06-05T12:30:32","date_gmt":"2024-06-05T12:30:32","guid":{"rendered":"https:\/\/www.erresse-shop.it\/?post_type=product&#038;p=411470"},"modified":"2024-10-28T10:04:25","modified_gmt":"2024-10-28T10:04:25","slug":"riedel-veloce-riesling-satz-von-6","status":"publish","type":"product","link":"https:\/\/www.erresse-shop.it\/de\/shop\/tisch\/trinkglaeser\/riedel-veloce-riesling-satz-von-6\/","title":{"rendered":"RIEDEL Veloce Riesling Satz von 6"},"content":{"rendered":"<p>Das Rieslingglas eignet sich perfekt, um den hohen S\u00e4uregehalt und den Restzucker fruchtiger Wei\u00dfweine auszugleichen.<br \/>\nDie Form dieses Glases wurde neu gestaltet, um es in diese Kollektion aufzunehmen. Die Rautenform eignet sich perfekt f\u00fcr gro\u00dfe, kr\u00e4ftige Weine aus der Neuen Welt, da die extremen Winkel dem Wein mehr Raum zur Entfaltung seiner Aromen geben. Sie tr\u00e4gt dazu bei, den frischen Charakter und die reichhaltigen mineralischen Elemente auszubalancieren und die wunderbaren Fruchtaromen zu betonen.RIEDEL Veloce ist eine gro\u00dfartige Errungenschaft, die auf modernster Technologie aus der RIEDEL-Fabrik basiert.<\/p>\n<p>Die neuesten Produktionstechnologien f\u00fchren zu Objekten, die wie handgefertigt aussehen, aber die Pr\u00e4zision einer maschinellen Produktion bieten. Die leichten und d\u00fcnnen Gl\u00e4ser eignen sich perfekt f\u00fcr Weine aus der Neuen Welt und sind mit einem Boden versehen, in den der Name der Rebsorte eingraviert ist, f\u00fcr die das Glas empfohlen wird. Dieser Artikel ist ein maschinell hergestelltes Premium-Produkt.<br \/>\nPREMIUM weist auf den Vorteil eines maschinell geblasenen RIEDEL-Glases gegen\u00fcber einem handgefertigten Glas hin. Der Unterschied liegt in der Pr\u00e4zision.<\/p>\n<p>Dieser Artikel ist sp\u00fclmaschinengeeignet.<br \/>\nDie Packung enth\u00e4lt 6 St\u00fcck.<\/p>\n<p><strong>Spezifikationen<\/strong><\/p>\n<p>Entwurf Jahr 2024<br \/>\nFassungsverm\u00f6gen 570.0 ccm<br \/>\nH\u00f6he 247,0 mm<br \/>\nMenge der Schachtel 6<br \/>\nHerstellungsart Maschinengefertigt<br \/>\nMaterial Kristall<\/p>\n","protected":false},"excerpt":{"rendered":"<p>Das Rieslingglas eignet sich perfekt, um den hohen S\u00e4uregehalt und den Restzucker fruchtiger Wei\u00dfweine auszugleichen. Die Form dieses Glases wurde<\/p>\n","protected":false},"featured_media":411478,"template":"","meta":{"_acf_changed":false,"inline_featured_image":false},"product_cat":[6787,6811],"product_tag":[25088,23705,11479,23911,14411,22556,25022,21822],"acf":[],"yoast_head":"<!-- This site is optimized with the Yoast SEO Premium plugin v18.6 (Yoast SEO v19.13) - https:\/\/yoast.com\/wordpress\/plugins\/seo\/ -->\n<title>RIEDEL Veloce Riesling Satz von 6 - Erresse Shop<\/title>\n<meta name=\"description\" content=\"Das Rieslingglas eignet sich perfekt, um den hohen S\u00e4uregehalt und den Restzucker fruchtiger Wei\u00dfweine auszugleichen. Die Form dieses Glases wurde neu\" \/>\n<meta name=\"robots\" content=\"index, follow, max-snippet:-1, max-image-preview:large, max-video-preview:-1\" \/>\n<link rel=\"canonical\" href=\"https:\/\/www.erresse-shop.it\/de\/shop\/tisch\/trinkglaeser\/riedel-veloce-riesling-satz-von-6\/\" \/>\n<meta property=\"og:locale\" content=\"de_DE\" \/>\n<meta property=\"og:type\" content=\"article\" \/>\n<meta property=\"og:title\" content=\"RIEDEL Veloce Riesling Satz von 6\" \/>\n<meta property=\"og:description\" content=\"Das Rieslingglas eignet sich perfekt, um den hohen S\u00e4uregehalt und den Restzucker fruchtiger Wei\u00dfweine auszugleichen. Die Form dieses Glases wurde neu\" \/>\n<meta property=\"og:url\" content=\"https:\/\/www.erresse-shop.it\/de\/shop\/tisch\/trinkglaeser\/riedel-veloce-riesling-satz-von-6\/\" \/>\n<meta property=\"og:site_name\" content=\"Erresse Shop\" \/>\n<meta property=\"article:modified_time\" content=\"2024-10-28T10:04:25+00:00\" \/>\n<meta property=\"og:image\" content=\"https:\/\/www.erresse-shop.it\/wp-content\/uploads\/2024\/06\/Riedel-veloce-6-pcs.jpg\" \/>\n\t<meta property=\"og:image:width\" content=\"800\" \/>\n\t<meta property=\"og:image:height\" content=\"800\" \/>\n\t<meta property=\"og:image:type\" content=\"image\/jpeg\" \/>\n<meta name=\"twitter:card\" content=\"summary_large_image\" \/>\n<script type=\"application\/ld+json\" class=\"yoast-schema-graph\">{\"@context\":\"https:\/\/schema.org\",\"@graph\":[{\"@type\":\"WebPage\",\"@id\":\"https:\/\/www.erresse-shop.it\/de\/shop\/tisch\/trinkglaeser\/riedel-veloce-riesling-satz-von-6\/\",\"url\":\"https:\/\/www.erresse-shop.it\/de\/shop\/tisch\/trinkglaeser\/riedel-veloce-riesling-satz-von-6\/\",\"name\":\"RIEDEL Veloce Riesling Satz von 6 - Erresse Shop\",\"isPartOf\":{\"@id\":\"https:\/\/www.erresse-shop.it\/de\/#website\"},\"datePublished\":\"2024-06-05T12:30:32+00:00\",\"dateModified\":\"2024-10-28T10:04:25+00:00\",\"description\":\"Das Rieslingglas eignet sich perfekt, um den hohen S\u00e4uregehalt und den Restzucker fruchtiger Wei\u00dfweine auszugleichen. Die Form dieses Glases wurde neu\",\"breadcrumb\":{\"@id\":\"https:\/\/www.erresse-shop.it\/de\/shop\/tisch\/trinkglaeser\/riedel-veloce-riesling-satz-von-6\/#breadcrumb\"},\"inLanguage\":\"de-DE\",\"potentialAction\":[{\"@type\":\"ReadAction\",\"target\":[\"https:\/\/www.erresse-shop.it\/de\/shop\/tisch\/trinkglaeser\/riedel-veloce-riesling-satz-von-6\/\"]}]},{\"@type\":\"BreadcrumbList\",\"@id\":\"https:\/\/www.erresse-shop.it\/de\/shop\/tisch\/trinkglaeser\/riedel-veloce-riesling-satz-von-6\/#breadcrumb\",\"itemListElement\":[{\"@type\":\"ListItem\",\"position\":1,\"name\":\"Home\",\"item\":\"https:\/\/www.erresse-shop.it\/de\/\"},{\"@type\":\"ListItem\",\"position\":2,\"name\":\"Shop\",\"item\":\"https:\/\/www.erresse-shop.it\/de\/shop\/\"},{\"@type\":\"ListItem\",\"position\":3,\"name\":\"RIEDEL Veloce Riesling Satz von 6\"}]},{\"@type\":\"WebSite\",\"@id\":\"https:\/\/www.erresse-shop.it\/de\/#website\",\"url\":\"https:\/\/www.erresse-shop.it\/de\/\",\"name\":\"Erresse Shop\",\"description\":\"Articoli di qualit\u00e0 per la casa\",\"potentialAction\":[{\"@type\":\"SearchAction\",\"target\":{\"@type\":\"EntryPoint\",\"urlTemplate\":\"https:\/\/www.erresse-shop.it\/de\/?s={search_term_string}\"},\"query-input\":\"required name=search_term_string\"}],\"inLanguage\":\"de-DE\"}]}<\/script>\n<!-- \/ Yoast SEO Premium plugin. -->","yoast_head_json":{"title":"RIEDEL Veloce Riesling Satz von 6 - Erresse Shop","description":"Das Rieslingglas eignet sich perfekt, um den hohen S\u00e4uregehalt und den Restzucker fruchtiger Wei\u00dfweine auszugleichen. Die Form dieses Glases wurde neu","robots":{"index":"index","follow":"follow","max-snippet":"max-snippet:-1","max-image-preview":"max-image-preview:large","max-video-preview":"max-video-preview:-1"},"canonical":"https:\/\/www.erresse-shop.it\/de\/shop\/tisch\/trinkglaeser\/riedel-veloce-riesling-satz-von-6\/","og_locale":"de_DE","og_type":"article","og_title":"RIEDEL Veloce Riesling Satz von 6","og_description":"Das Rieslingglas eignet sich perfekt, um den hohen S\u00e4uregehalt und den Restzucker fruchtiger Wei\u00dfweine auszugleichen. Die Form dieses Glases wurde neu","og_url":"https:\/\/www.erresse-shop.it\/de\/shop\/tisch\/trinkglaeser\/riedel-veloce-riesling-satz-von-6\/","og_site_name":"Erresse Shop","article_modified_time":"2024-10-28T10:04:25+00:00","og_image":[{"width":800,"height":800,"url":"https:\/\/www.erresse-shop.it\/wp-content\/uploads\/2024\/06\/Riedel-veloce-6-pcs.jpg","type":"image\/jpeg"}],"twitter_card":"summary_large_image","schema":{"@context":"https:\/\/schema.org","@graph":[{"@type":"WebPage","@id":"https:\/\/www.erresse-shop.it\/de\/shop\/tisch\/trinkglaeser\/riedel-veloce-riesling-satz-von-6\/","url":"https:\/\/www.erresse-shop.it\/de\/shop\/tisch\/trinkglaeser\/riedel-veloce-riesling-satz-von-6\/","name":"RIEDEL Veloce Riesling Satz von 6 - Erresse Shop","isPartOf":{"@id":"https:\/\/www.erresse-shop.it\/de\/#website"},"datePublished":"2024-06-05T12:30:32+00:00","dateModified":"2024-10-28T10:04:25+00:00","description":"Das Rieslingglas eignet sich perfekt, um den hohen S\u00e4uregehalt und den Restzucker fruchtiger Wei\u00dfweine auszugleichen. Die Form dieses Glases wurde neu","breadcrumb":{"@id":"https:\/\/www.erresse-shop.it\/de\/shop\/tisch\/trinkglaeser\/riedel-veloce-riesling-satz-von-6\/#breadcrumb"},"inLanguage":"de-DE","potentialAction":[{"@type":"ReadAction","target":["https:\/\/www.erresse-shop.it\/de\/shop\/tisch\/trinkglaeser\/riedel-veloce-riesling-satz-von-6\/"]}]},{"@type":"BreadcrumbList","@id":"https:\/\/www.erresse-shop.it\/de\/shop\/tisch\/trinkglaeser\/riedel-veloce-riesling-satz-von-6\/#breadcrumb","itemListElement":[{"@type":"ListItem","position":1,"name":"Home","item":"https:\/\/www.erresse-shop.it\/de\/"},{"@type":"ListItem","position":2,"name":"Shop","item":"https:\/\/www.erresse-shop.it\/de\/shop\/"},{"@type":"ListItem","position":3,"name":"RIEDEL Veloce Riesling Satz von 6"}]},{"@type":"WebSite","@id":"https:\/\/www.erresse-shop.it\/de\/#website","url":"https:\/\/www.erresse-shop.it\/de\/","name":"Erresse Shop","description":"Articoli di qualit\u00e0 per la casa","potentialAction":[{"@type":"SearchAction","target":{"@type":"EntryPoint","urlTemplate":"https:\/\/www.erresse-shop.it\/de\/?s={search_term_string}"},"query-input":"required name=search_term_string"}],"inLanguage":"de-DE"}]}},"df_price":79.65,"df_sale_price":79.65,"df_regular_price":177,"df_image_link":"https:\/\/www.erresse-shop.it\/wp-content\/uploads\/2024\/06\/Riedel-veloce-6-pcs-300x300.jpg","_links":{"self":[{"href":"https:\/\/www.erresse-shop.it\/de\/wp-json\/wp\/v2\/product\/411470"}],"collection":[{"href":"https:\/\/www.erresse-shop.it\/de\/wp-json\/wp\/v2\/product"}],"about":[{"href":"https:\/\/www.erresse-shop.it\/de\/wp-json\/wp\/v2\/types\/product"}],"wp:featuredmedia":[{"embeddable":true,"href":"https:\/\/www.erresse-shop.it\/de\/wp-json\/wp\/v2\/media\/411478"}],"wp:attachment":[{"href":"https:\/\/www.erresse-shop.it\/de\/wp-json\/wp\/v2\/media?parent=411470"}],"wp:term":[{"taxonomy":"product_cat","embeddable":true,"href":"https:\/\/www.erresse-shop.it\/de\/wp-json\/wp\/v2\/product_cat?post=411470"},{"taxonomy":"product_tag","embeddable":true,"href":"https:\/\/www.erresse-shop.it\/de\/wp-json\/wp\/v2\/product_tag?post=411470"}],"curies":[{"name":"wp","href":"https:\/\/api.w.org\/{rel}","templated":true}]}}