{"id":411452,"date":"2024-06-05T12:09:44","date_gmt":"2024-06-05T12:09:45","guid":{"rendered":"https:\/\/www.erresse-shop.it\/?post_type=product&#038;p=411452"},"modified":"2024-10-28T10:07:06","modified_gmt":"2024-10-28T10:07:06","slug":"riedel-set-von-4-gin","status":"publish","type":"product","link":"https:\/\/www.erresse-shop.it\/de\/shop\/tisch\/trinkglaeser\/riedel-set-von-4-gin\/","title":{"rendered":"RIEDEL Set Von 4 Gin"},"content":{"rendered":"<p>Das Gin-Glas ist perfekt, um den aromatischen Charakter der Botanicals Ihres Lieblings-Gins voll zum Ausdruck zu bringen.<\/p>\n<p>Seine kantige Tulpenform f\u00e4ngt die Aromen ein, w\u00e4hrend der breitere Trinker hilft, den Hauch von Alkohol zu mildern.<\/p>\n<p>Diese modernen Gl\u00e4ser sind eine elegante und funktionelle Bereicherung f\u00fcr jeden Gin-Liebhaber.Extreme-Gl\u00e4ser verdanken ihren Namen ihrer extremen Linienf\u00fchrung, deren Kelch an einen geschliffenen Diamanten erinnert und die dank ihres weiten Winkels viel Platz f\u00fcr die Sauerstoffzufuhr des Weins bieten. Sie wurden speziell entwickelt, um die angenehme Sanftheit und die meist fruchtigen Aromen der Weine der Neuen Welt zu verst\u00e4rken und zu sublimieren.<\/p>\n<p>Dieses Produkt ist maschinell hergestellt.<br \/>\nDieser Artikel ist sp\u00fclmaschinengeeignet.<\/p>\n<p>Die Packung enth\u00e4lt 4 St\u00fcck.<\/p>\n<p><strong>Spezifikationen<\/strong><br \/>\nEntwurf Jahr 2019<br \/>\nFassungsverm\u00f6gen 670.0 ccm<br \/>\nH\u00f6he 227,0 mm<br \/>\nMenge der Schachtel 4<br \/>\nHerstellungsart Maschinengefertigt<br \/>\nMaterial Kristall<\/p>\n","protected":false},"excerpt":{"rendered":"<p>Das Gin-Glas ist perfekt, um den aromatischen Charakter der Botanicals Ihres Lieblings-Gins voll zum Ausdruck zu bringen. Seine kantige Tulpenform<\/p>\n","protected":false},"featured_media":411460,"template":"","meta":{"_acf_changed":false,"inline_featured_image":false},"product_cat":[6787,6811],"product_tag":[25088,23705,11479,23911,14411,22556,25022,21822],"acf":[],"yoast_head":"<!-- This site is optimized with the Yoast SEO Premium plugin v18.6 (Yoast SEO v19.13) - https:\/\/yoast.com\/wordpress\/plugins\/seo\/ -->\n<title>RIEDEL Set Von 4 Gin - Erresse Shop<\/title>\n<meta name=\"description\" content=\"Das Gin-Glas ist perfekt, um den aromatischen Charakter der Botanicals Ihres Lieblings-Gins voll zum Ausdruck zu bringen. Seine kantige Tulpenform f\u00e4ngt\" \/>\n<meta name=\"robots\" content=\"index, follow, max-snippet:-1, max-image-preview:large, max-video-preview:-1\" \/>\n<link rel=\"canonical\" href=\"https:\/\/www.erresse-shop.it\/de\/shop\/tisch\/trinkglaeser\/riedel-set-von-4-gin\/\" \/>\n<meta property=\"og:locale\" content=\"de_DE\" \/>\n<meta property=\"og:type\" content=\"article\" \/>\n<meta property=\"og:title\" content=\"RIEDEL Set Von 4 Gin\" \/>\n<meta property=\"og:description\" content=\"Das Gin-Glas ist perfekt, um den aromatischen Charakter der Botanicals Ihres Lieblings-Gins voll zum Ausdruck zu bringen. Seine kantige Tulpenform f\u00e4ngt\" \/>\n<meta property=\"og:url\" content=\"https:\/\/www.erresse-shop.it\/de\/shop\/tisch\/trinkglaeser\/riedel-set-von-4-gin\/\" \/>\n<meta property=\"og:site_name\" content=\"Erresse Shop\" \/>\n<meta property=\"article:modified_time\" content=\"2024-10-28T10:07:06+00:00\" \/>\n<meta property=\"og:image\" content=\"https:\/\/www.erresse-shop.it\/wp-content\/uploads\/2024\/06\/Riedel-set-da-4-gin.jpg\" \/>\n\t<meta property=\"og:image:width\" content=\"800\" \/>\n\t<meta property=\"og:image:height\" content=\"800\" \/>\n\t<meta property=\"og:image:type\" content=\"image\/jpeg\" \/>\n<meta name=\"twitter:card\" content=\"summary_large_image\" \/>\n<script type=\"application\/ld+json\" class=\"yoast-schema-graph\">{\"@context\":\"https:\/\/schema.org\",\"@graph\":[{\"@type\":\"WebPage\",\"@id\":\"https:\/\/www.erresse-shop.it\/de\/shop\/tisch\/trinkglaeser\/riedel-set-von-4-gin\/\",\"url\":\"https:\/\/www.erresse-shop.it\/de\/shop\/tisch\/trinkglaeser\/riedel-set-von-4-gin\/\",\"name\":\"RIEDEL Set Von 4 Gin - Erresse Shop\",\"isPartOf\":{\"@id\":\"https:\/\/www.erresse-shop.it\/de\/#website\"},\"datePublished\":\"2024-06-05T12:09:45+00:00\",\"dateModified\":\"2024-10-28T10:07:06+00:00\",\"description\":\"Das Gin-Glas ist perfekt, um den aromatischen Charakter der Botanicals Ihres Lieblings-Gins voll zum Ausdruck zu bringen. Seine kantige Tulpenform f\u00e4ngt\",\"breadcrumb\":{\"@id\":\"https:\/\/www.erresse-shop.it\/de\/shop\/tisch\/trinkglaeser\/riedel-set-von-4-gin\/#breadcrumb\"},\"inLanguage\":\"de-DE\",\"potentialAction\":[{\"@type\":\"ReadAction\",\"target\":[\"https:\/\/www.erresse-shop.it\/de\/shop\/tisch\/trinkglaeser\/riedel-set-von-4-gin\/\"]}]},{\"@type\":\"BreadcrumbList\",\"@id\":\"https:\/\/www.erresse-shop.it\/de\/shop\/tisch\/trinkglaeser\/riedel-set-von-4-gin\/#breadcrumb\",\"itemListElement\":[{\"@type\":\"ListItem\",\"position\":1,\"name\":\"Home\",\"item\":\"https:\/\/www.erresse-shop.it\/de\/\"},{\"@type\":\"ListItem\",\"position\":2,\"name\":\"Shop\",\"item\":\"https:\/\/www.erresse-shop.it\/de\/shop\/\"},{\"@type\":\"ListItem\",\"position\":3,\"name\":\"RIEDEL Set Von 4 Gin\"}]},{\"@type\":\"WebSite\",\"@id\":\"https:\/\/www.erresse-shop.it\/de\/#website\",\"url\":\"https:\/\/www.erresse-shop.it\/de\/\",\"name\":\"Erresse Shop\",\"description\":\"Articoli di qualit\u00e0 per la casa\",\"potentialAction\":[{\"@type\":\"SearchAction\",\"target\":{\"@type\":\"EntryPoint\",\"urlTemplate\":\"https:\/\/www.erresse-shop.it\/de\/?s={search_term_string}\"},\"query-input\":\"required name=search_term_string\"}],\"inLanguage\":\"de-DE\"}]}<\/script>\n<!-- \/ Yoast SEO Premium plugin. -->","yoast_head_json":{"title":"RIEDEL Set Von 4 Gin - Erresse Shop","description":"Das Gin-Glas ist perfekt, um den aromatischen Charakter der Botanicals Ihres Lieblings-Gins voll zum Ausdruck zu bringen. Seine kantige Tulpenform f\u00e4ngt","robots":{"index":"index","follow":"follow","max-snippet":"max-snippet:-1","max-image-preview":"max-image-preview:large","max-video-preview":"max-video-preview:-1"},"canonical":"https:\/\/www.erresse-shop.it\/de\/shop\/tisch\/trinkglaeser\/riedel-set-von-4-gin\/","og_locale":"de_DE","og_type":"article","og_title":"RIEDEL Set Von 4 Gin","og_description":"Das Gin-Glas ist perfekt, um den aromatischen Charakter der Botanicals Ihres Lieblings-Gins voll zum Ausdruck zu bringen. Seine kantige Tulpenform f\u00e4ngt","og_url":"https:\/\/www.erresse-shop.it\/de\/shop\/tisch\/trinkglaeser\/riedel-set-von-4-gin\/","og_site_name":"Erresse Shop","article_modified_time":"2024-10-28T10:07:06+00:00","og_image":[{"width":800,"height":800,"url":"https:\/\/www.erresse-shop.it\/wp-content\/uploads\/2024\/06\/Riedel-set-da-4-gin.jpg","type":"image\/jpeg"}],"twitter_card":"summary_large_image","schema":{"@context":"https:\/\/schema.org","@graph":[{"@type":"WebPage","@id":"https:\/\/www.erresse-shop.it\/de\/shop\/tisch\/trinkglaeser\/riedel-set-von-4-gin\/","url":"https:\/\/www.erresse-shop.it\/de\/shop\/tisch\/trinkglaeser\/riedel-set-von-4-gin\/","name":"RIEDEL Set Von 4 Gin - Erresse Shop","isPartOf":{"@id":"https:\/\/www.erresse-shop.it\/de\/#website"},"datePublished":"2024-06-05T12:09:45+00:00","dateModified":"2024-10-28T10:07:06+00:00","description":"Das Gin-Glas ist perfekt, um den aromatischen Charakter der Botanicals Ihres Lieblings-Gins voll zum Ausdruck zu bringen. Seine kantige Tulpenform f\u00e4ngt","breadcrumb":{"@id":"https:\/\/www.erresse-shop.it\/de\/shop\/tisch\/trinkglaeser\/riedel-set-von-4-gin\/#breadcrumb"},"inLanguage":"de-DE","potentialAction":[{"@type":"ReadAction","target":["https:\/\/www.erresse-shop.it\/de\/shop\/tisch\/trinkglaeser\/riedel-set-von-4-gin\/"]}]},{"@type":"BreadcrumbList","@id":"https:\/\/www.erresse-shop.it\/de\/shop\/tisch\/trinkglaeser\/riedel-set-von-4-gin\/#breadcrumb","itemListElement":[{"@type":"ListItem","position":1,"name":"Home","item":"https:\/\/www.erresse-shop.it\/de\/"},{"@type":"ListItem","position":2,"name":"Shop","item":"https:\/\/www.erresse-shop.it\/de\/shop\/"},{"@type":"ListItem","position":3,"name":"RIEDEL Set Von 4 Gin"}]},{"@type":"WebSite","@id":"https:\/\/www.erresse-shop.it\/de\/#website","url":"https:\/\/www.erresse-shop.it\/de\/","name":"Erresse Shop","description":"Articoli di qualit\u00e0 per la casa","potentialAction":[{"@type":"SearchAction","target":{"@type":"EntryPoint","urlTemplate":"https:\/\/www.erresse-shop.it\/de\/?s={search_term_string}"},"query-input":"required name=search_term_string"}],"inLanguage":"de-DE"}]}},"df_price":20.25,"df_sale_price":20.25,"df_regular_price":45,"df_image_link":"https:\/\/www.erresse-shop.it\/wp-content\/uploads\/2024\/06\/Riedel-set-da-4-gin-300x300.jpg","_links":{"self":[{"href":"https:\/\/www.erresse-shop.it\/de\/wp-json\/wp\/v2\/product\/411452"}],"collection":[{"href":"https:\/\/www.erresse-shop.it\/de\/wp-json\/wp\/v2\/product"}],"about":[{"href":"https:\/\/www.erresse-shop.it\/de\/wp-json\/wp\/v2\/types\/product"}],"wp:featuredmedia":[{"embeddable":true,"href":"https:\/\/www.erresse-shop.it\/de\/wp-json\/wp\/v2\/media\/411460"}],"wp:attachment":[{"href":"https:\/\/www.erresse-shop.it\/de\/wp-json\/wp\/v2\/media?parent=411452"}],"wp:term":[{"taxonomy":"product_cat","embeddable":true,"href":"https:\/\/www.erresse-shop.it\/de\/wp-json\/wp\/v2\/product_cat?post=411452"},{"taxonomy":"product_tag","embeddable":true,"href":"https:\/\/www.erresse-shop.it\/de\/wp-json\/wp\/v2\/product_tag?post=411452"}],"curies":[{"name":"wp","href":"https:\/\/api.w.org\/{rel}","templated":true}]}}