{"id":410278,"date":"2024-05-30T14:21:06","date_gmt":"2024-05-30T14:21:07","guid":{"rendered":"https:\/\/www.erresse-shop.it\/?post_type=product&#038;p=410278"},"modified":"2025-06-03T04:43:52","modified_gmt":"2025-06-03T04:43:52","slug":"stadler-form-fan-finn","status":"publish","type":"product","link":"https:\/\/www.erresse-shop.it\/de\/shop\/kleine-elektrogeraete\/ventilatoren\/stadler-form-fan-finn\/","title":{"rendered":"STADLER FORM Fan Finn"},"content":{"rendered":"<p><strong>Finn-Produktinformationen<\/strong><\/p>\n<p>Dank seiner energieeffizienten Technologie bietet der Finn-Ventilator auch an den hei\u00dfesten Tagen angenehme Frische. Finn kann als Stand-, Boden- oder Tischventilator verwendet werden und schwingt ger\u00e4uschlos von links nach rechts, um die Luftzirkulation im Raum zu optimieren. Seine 8 Geschwindigkeitsstufen mit einer Windentfernung von bis zu 8 Metern, nat\u00fcrlicher Brisenmodus und Fernbedienung bieten maximalen Komfort. Dar\u00fcber hinaus sorgt Finn dank des Nachtmodus und des Sleep-Timers von 1 bis 8 Stunden f\u00fcr einen erholsamen Schlaf.<\/p>\n<ul>\n<li>Stille K\u00fchlung mit Swing-Funktion<\/li>\n<li>Automatische Abschaltung dank Timer von 1 bis 8 Stunden<\/li>\n<li>Sehr geringer Stromverbrauch von 1,6 Watt<\/li>\n<\/ul>\n<p><strong>Technische Informationen:<\/strong><\/p>\n<p><strong>System:<\/strong> Standventilator<br \/>\n<strong>Farbe:<\/strong> wei\u00df<br \/>\n<strong>Kapazit\u00e4t:<\/strong> 361 m3\/h<br \/>\n<strong>Leistungsstufe:<\/strong> 8<br \/>\n<strong>Leistungsaufnahme:<\/strong> 1,6 W &#8211; 13 W<br \/>\n<strong>Ger\u00e4uschpegel<\/strong> 24 &#8211; 53 dB(A)<br \/>\n<strong>Gewicht:<\/strong> 4,6 kg<br \/>\n<strong>Abmessungen:<\/strong> 349 x 954 x 226 mm<\/p>\n","protected":false},"excerpt":{"rendered":"<p>Finn-Produktinformationen Dank seiner energieeffizienten Technologie bietet der Finn-Ventilator auch an den hei\u00dfesten Tagen angenehme Frische. Finn kann als Stand-, Boden-<\/p>\n","protected":false},"featured_media":494020,"template":"","meta":{"_acf_changed":false,"inline_featured_image":false},"product_cat":[6703,25276],"product_tag":[],"acf":[],"yoast_head":"<!-- This site is optimized with the Yoast SEO Premium plugin v18.6 (Yoast SEO v19.13) - https:\/\/yoast.com\/wordpress\/plugins\/seo\/ -->\n<title>STADLER FORM Fan Finn<\/title>\n<meta name=\"description\" content=\"Entdecken Sie STADLER FORM Fan Finn bei ErresseShop. Qualit\u00e4t, Stil und Funktionalit\u00e4t \u2013 jetzt online bestellen!\" \/>\n<meta name=\"robots\" content=\"index, follow, max-snippet:-1, max-image-preview:large, max-video-preview:-1\" \/>\n<link rel=\"canonical\" href=\"https:\/\/www.erresse-shop.it\/de\/shop\/kleine-elektrogeraete\/ventilatoren\/stadler-form-fan-finn\/\" \/>\n<meta property=\"og:locale\" content=\"de_DE\" \/>\n<meta property=\"og:type\" content=\"article\" \/>\n<meta property=\"og:title\" content=\"STADLER FORM Fan Finn\" \/>\n<meta property=\"og:description\" content=\"Entdecken Sie STADLER FORM Fan Finn bei ErresseShop. Qualit\u00e4t, Stil und Funktionalit\u00e4t \u2013 jetzt online bestellen!\" \/>\n<meta property=\"og:url\" content=\"https:\/\/www.erresse-shop.it\/de\/shop\/kleine-elektrogeraete\/ventilatoren\/stadler-form-fan-finn\/\" \/>\n<meta property=\"og:site_name\" content=\"Erresse Shop\" \/>\n<meta property=\"article:modified_time\" content=\"2025-06-03T04:43:52+00:00\" \/>\n<meta property=\"og:image\" content=\"https:\/\/www.erresse-shop.it\/wp-content\/uploads\/2024\/05\/STADLER-FORM-Ventilatore-Finn.png\" \/>\n\t<meta property=\"og:image:width\" content=\"800\" \/>\n\t<meta property=\"og:image:height\" content=\"800\" \/>\n\t<meta property=\"og:image:type\" content=\"image\/png\" \/>\n<meta name=\"twitter:card\" content=\"summary_large_image\" \/>\n<script type=\"application\/ld+json\" class=\"yoast-schema-graph\">{\"@context\":\"https:\/\/schema.org\",\"@graph\":[{\"@type\":\"WebPage\",\"@id\":\"https:\/\/www.erresse-shop.it\/de\/shop\/kleine-elektrogeraete\/ventilatoren\/stadler-form-fan-finn\/\",\"url\":\"https:\/\/www.erresse-shop.it\/de\/shop\/kleine-elektrogeraete\/ventilatoren\/stadler-form-fan-finn\/\",\"name\":\"STADLER FORM Fan Finn\",\"isPartOf\":{\"@id\":\"https:\/\/www.erresse-shop.it\/de\/#website\"},\"datePublished\":\"2024-05-30T14:21:07+00:00\",\"dateModified\":\"2025-06-03T04:43:52+00:00\",\"description\":\"Entdecken Sie STADLER FORM Fan Finn bei ErresseShop. Qualit\u00e4t, Stil und Funktionalit\u00e4t \u2013 jetzt online bestellen!\",\"breadcrumb\":{\"@id\":\"https:\/\/www.erresse-shop.it\/de\/shop\/kleine-elektrogeraete\/ventilatoren\/stadler-form-fan-finn\/#breadcrumb\"},\"inLanguage\":\"de-DE\",\"potentialAction\":[{\"@type\":\"ReadAction\",\"target\":[\"https:\/\/www.erresse-shop.it\/de\/shop\/kleine-elektrogeraete\/ventilatoren\/stadler-form-fan-finn\/\"]}]},{\"@type\":\"BreadcrumbList\",\"@id\":\"https:\/\/www.erresse-shop.it\/de\/shop\/kleine-elektrogeraete\/ventilatoren\/stadler-form-fan-finn\/#breadcrumb\",\"itemListElement\":[{\"@type\":\"ListItem\",\"position\":1,\"name\":\"Home\",\"item\":\"https:\/\/www.erresse-shop.it\/de\/\"},{\"@type\":\"ListItem\",\"position\":2,\"name\":\"Shop\",\"item\":\"https:\/\/www.erresse-shop.it\/de\/shop\/\"},{\"@type\":\"ListItem\",\"position\":3,\"name\":\"STADLER FORM Fan Finn\"}]},{\"@type\":\"WebSite\",\"@id\":\"https:\/\/www.erresse-shop.it\/de\/#website\",\"url\":\"https:\/\/www.erresse-shop.it\/de\/\",\"name\":\"Erresse Shop\",\"description\":\"Articoli di qualit\u00e0 per la casa\",\"potentialAction\":[{\"@type\":\"SearchAction\",\"target\":{\"@type\":\"EntryPoint\",\"urlTemplate\":\"https:\/\/www.erresse-shop.it\/de\/?s={search_term_string}\"},\"query-input\":\"required name=search_term_string\"}],\"inLanguage\":\"de-DE\"}]}<\/script>\n<!-- \/ Yoast SEO Premium plugin. -->","yoast_head_json":{"title":"STADLER FORM Fan Finn","description":"Entdecken Sie STADLER FORM Fan Finn bei ErresseShop. Qualit\u00e4t, Stil und Funktionalit\u00e4t \u2013 jetzt online bestellen!","robots":{"index":"index","follow":"follow","max-snippet":"max-snippet:-1","max-image-preview":"max-image-preview:large","max-video-preview":"max-video-preview:-1"},"canonical":"https:\/\/www.erresse-shop.it\/de\/shop\/kleine-elektrogeraete\/ventilatoren\/stadler-form-fan-finn\/","og_locale":"de_DE","og_type":"article","og_title":"STADLER FORM Fan Finn","og_description":"Entdecken Sie STADLER FORM Fan Finn bei ErresseShop. Qualit\u00e4t, Stil und Funktionalit\u00e4t \u2013 jetzt online bestellen!","og_url":"https:\/\/www.erresse-shop.it\/de\/shop\/kleine-elektrogeraete\/ventilatoren\/stadler-form-fan-finn\/","og_site_name":"Erresse Shop","article_modified_time":"2025-06-03T04:43:52+00:00","og_image":[{"width":800,"height":800,"url":"https:\/\/www.erresse-shop.it\/wp-content\/uploads\/2024\/05\/STADLER-FORM-Ventilatore-Finn.png","type":"image\/png"}],"twitter_card":"summary_large_image","schema":{"@context":"https:\/\/schema.org","@graph":[{"@type":"WebPage","@id":"https:\/\/www.erresse-shop.it\/de\/shop\/kleine-elektrogeraete\/ventilatoren\/stadler-form-fan-finn\/","url":"https:\/\/www.erresse-shop.it\/de\/shop\/kleine-elektrogeraete\/ventilatoren\/stadler-form-fan-finn\/","name":"STADLER FORM Fan Finn","isPartOf":{"@id":"https:\/\/www.erresse-shop.it\/de\/#website"},"datePublished":"2024-05-30T14:21:07+00:00","dateModified":"2025-06-03T04:43:52+00:00","description":"Entdecken Sie STADLER FORM Fan Finn bei ErresseShop. Qualit\u00e4t, Stil und Funktionalit\u00e4t \u2013 jetzt online bestellen!","breadcrumb":{"@id":"https:\/\/www.erresse-shop.it\/de\/shop\/kleine-elektrogeraete\/ventilatoren\/stadler-form-fan-finn\/#breadcrumb"},"inLanguage":"de-DE","potentialAction":[{"@type":"ReadAction","target":["https:\/\/www.erresse-shop.it\/de\/shop\/kleine-elektrogeraete\/ventilatoren\/stadler-form-fan-finn\/"]}]},{"@type":"BreadcrumbList","@id":"https:\/\/www.erresse-shop.it\/de\/shop\/kleine-elektrogeraete\/ventilatoren\/stadler-form-fan-finn\/#breadcrumb","itemListElement":[{"@type":"ListItem","position":1,"name":"Home","item":"https:\/\/www.erresse-shop.it\/de\/"},{"@type":"ListItem","position":2,"name":"Shop","item":"https:\/\/www.erresse-shop.it\/de\/shop\/"},{"@type":"ListItem","position":3,"name":"STADLER FORM Fan Finn"}]},{"@type":"WebSite","@id":"https:\/\/www.erresse-shop.it\/de\/#website","url":"https:\/\/www.erresse-shop.it\/de\/","name":"Erresse Shop","description":"Articoli di qualit\u00e0 per la casa","potentialAction":[{"@type":"SearchAction","target":{"@type":"EntryPoint","urlTemplate":"https:\/\/www.erresse-shop.it\/de\/?s={search_term_string}"},"query-input":"required name=search_term_string"}],"inLanguage":"de-DE"}]}},"df_price":109.95,"df_sale_price":109.95,"df_regular_price":129.9,"df_image_link":"https:\/\/www.erresse-shop.it\/wp-content\/uploads\/2024\/05\/STADLER-FORM-Ventilatore-Finn-300x300.jpg","_links":{"self":[{"href":"https:\/\/www.erresse-shop.it\/de\/wp-json\/wp\/v2\/product\/410278"}],"collection":[{"href":"https:\/\/www.erresse-shop.it\/de\/wp-json\/wp\/v2\/product"}],"about":[{"href":"https:\/\/www.erresse-shop.it\/de\/wp-json\/wp\/v2\/types\/product"}],"wp:featuredmedia":[{"embeddable":true,"href":"https:\/\/www.erresse-shop.it\/de\/wp-json\/wp\/v2\/media\/494020"}],"wp:attachment":[{"href":"https:\/\/www.erresse-shop.it\/de\/wp-json\/wp\/v2\/media?parent=410278"}],"wp:term":[{"taxonomy":"product_cat","embeddable":true,"href":"https:\/\/www.erresse-shop.it\/de\/wp-json\/wp\/v2\/product_cat?post=410278"},{"taxonomy":"product_tag","embeddable":true,"href":"https:\/\/www.erresse-shop.it\/de\/wp-json\/wp\/v2\/product_tag?post=410278"}],"curies":[{"name":"wp","href":"https:\/\/api.w.org\/{rel}","templated":true}]}}