{"id":409787,"date":"2024-05-29T13:43:56","date_gmt":"2024-05-29T13:43:58","guid":{"rendered":"https:\/\/www.erresse-shop.it\/?post_type=product&#038;p=409787"},"modified":"2025-01-17T07:54:06","modified_gmt":"2025-01-17T07:54:06","slug":"joseph-joseph-tota-waeschekorb-90-liter-ecru","status":"publish","type":"product","link":"https:\/\/www.erresse-shop.it\/de\/shop\/einrichtung-haus\/badezimmer\/joseph-joseph-tota-waeschekorb-90-liter-ecru\/","title":{"rendered":"JOSEPH JOSEPH Tota W\u00e4schekorb 90 Liter Ecru"},"content":{"rendered":"<p>Joseph Joseph, der weltweit gr\u00f6\u00dfte Hersteller von K\u00fcchen- und Haushaltsprodukten.<br \/>\nDas 2003 gegr\u00fcndete Unternehmen Joseph Joseph verbindet innovatives Design mit modernem Stil.<br \/>\nDie Verwendung von Farben charakterisiert die Produkte unverwechselbar und die sorgf\u00e4ltige Gestaltung<br \/>\nmacht sie absolut funktional und praktisch.<\/p>\n<p><strong>Merkmale:<\/strong><br \/>\nZwei 45-Liter-F\u00e4cher f\u00fcr eine einfache Trennung der Stoffe<br \/>\nAbnehmbare Segeltuchtaschen mit leicht zu tragenden Griffen<br \/>\nGriff an der Unterseite der S\u00e4cke erleichtert das Entleeren<br \/>\nSchnelle R\u00fcckgabe: Taschen werden automatisch in den Korb zur\u00fcckgelegt<br \/>\nPerfekt f\u00fcr Schlafzimmer, B\u00e4der oder W\u00e4schereien<br \/>\nLieferung mit vollst\u00e4ndiger Montageanleitung<\/p>\n<p><strong>Vorsichtsma\u00dfnahmen und Verwendung<\/strong><br \/>\nStoffbeutel &#8211; maschinenwaschbar, siehe Waschanleitung auf dem Etikett, Plastikschutz vor dem Waschen entfernen<br \/>\nObermaterial: nur mit einem Tuch abwischen, nicht in der Maschine waschen.<br \/>\nDeckel, R\u00e4nder und Rahmen: mit einem feuchten Tuch reinigen.<br \/>\nAchtung: Setzen Sie sich nicht auf den Korb und stellen Sie keine schweren Gegenst\u00e4nde darauf ab.<br \/>\nAu\u00dferhalb der Reichweite von Kindern aufbewahren<\/p>\n<p><strong>Abmessungen:<\/strong><br \/>\nH71 x B56 x T39,5 cm (H28 x B22\u00bc x T15\u00be Zoll).<br \/>\nZusammensetzung des Gewebes:<br \/>\nSegeltuchtaschen &#8211; 100% Baumwolle<br \/>\n\u00c4u\u00dferes &#8211; 100% Polyester<br \/>\n<strong>Entworfen von Joseph Joseph<\/strong><\/p>\n","protected":false},"excerpt":{"rendered":"<p>Joseph Joseph, der weltweit gr\u00f6\u00dfte Hersteller von K\u00fcchen- und Haushaltsprodukten. Das 2003 gegr\u00fcndete Unternehmen Joseph Joseph verbindet innovatives Design mit<\/p>\n","protected":false},"featured_media":506933,"template":"","meta":{"_acf_changed":false,"inline_featured_image":false},"product_cat":[6817,19010],"product_tag":[25027,21369,21371,13487,21227,21370,25022,18475,21372],"acf":[],"yoast_head":"<!-- This site is optimized with the Yoast SEO Premium plugin v18.6 (Yoast SEO v19.13) - https:\/\/yoast.com\/wordpress\/plugins\/seo\/ -->\n<title>JOSEPH JOSEPH Tota W\u00e4schekorb 90 Liter Ecru<\/title>\n<meta name=\"description\" content=\"Entdecken Sie JOSEPH JOSEPH Tota W\u00e4schekorb 90 Liter Ecru bei ErresseShop. Qualit\u00e4t, Stil und Funktionalit\u00e4t \u2013 jetzt online bestellen!\" \/>\n<meta name=\"robots\" content=\"index, follow, max-snippet:-1, max-image-preview:large, max-video-preview:-1\" \/>\n<link rel=\"canonical\" href=\"https:\/\/www.erresse-shop.it\/de\/shop\/einrichtung-haus\/badezimmer\/joseph-joseph-tota-waeschekorb-90-liter-ecru\/\" \/>\n<meta property=\"og:locale\" content=\"de_DE\" \/>\n<meta property=\"og:type\" content=\"article\" \/>\n<meta property=\"og:title\" content=\"JOSEPH JOSEPH Tota W\u00e4schekorb 90 Liter Ecru\" \/>\n<meta property=\"og:description\" content=\"Entdecken Sie JOSEPH JOSEPH Tota W\u00e4schekorb 90 Liter Ecru bei ErresseShop. Qualit\u00e4t, Stil und Funktionalit\u00e4t \u2013 jetzt online bestellen!\" \/>\n<meta property=\"og:url\" content=\"https:\/\/www.erresse-shop.it\/de\/shop\/einrichtung-haus\/badezimmer\/joseph-joseph-tota-waeschekorb-90-liter-ecru\/\" \/>\n<meta property=\"og:site_name\" content=\"Erresse Shop\" \/>\n<meta property=\"article:modified_time\" content=\"2025-01-17T07:54:06+00:00\" \/>\n<meta property=\"og:image\" content=\"https:\/\/www.erresse-shop.it\/wp-content\/uploads\/2024\/05\/JOSEPH-JOSEPH-Tota-Cesto-da-Biancheria-90-litri-Ecru.png\" \/>\n\t<meta property=\"og:image:width\" content=\"800\" \/>\n\t<meta property=\"og:image:height\" content=\"800\" \/>\n\t<meta property=\"og:image:type\" content=\"image\/png\" \/>\n<meta name=\"twitter:card\" content=\"summary_large_image\" \/>\n<script type=\"application\/ld+json\" class=\"yoast-schema-graph\">{\"@context\":\"https:\/\/schema.org\",\"@graph\":[{\"@type\":\"WebPage\",\"@id\":\"https:\/\/www.erresse-shop.it\/de\/shop\/einrichtung-haus\/badezimmer\/joseph-joseph-tota-waeschekorb-90-liter-ecru\/\",\"url\":\"https:\/\/www.erresse-shop.it\/de\/shop\/einrichtung-haus\/badezimmer\/joseph-joseph-tota-waeschekorb-90-liter-ecru\/\",\"name\":\"JOSEPH JOSEPH Tota W\u00e4schekorb 90 Liter Ecru\",\"isPartOf\":{\"@id\":\"https:\/\/www.erresse-shop.it\/de\/#website\"},\"datePublished\":\"2024-05-29T13:43:58+00:00\",\"dateModified\":\"2025-01-17T07:54:06+00:00\",\"description\":\"Entdecken Sie JOSEPH JOSEPH Tota W\u00e4schekorb 90 Liter Ecru bei ErresseShop. Qualit\u00e4t, Stil und Funktionalit\u00e4t \u2013 jetzt online bestellen!\",\"breadcrumb\":{\"@id\":\"https:\/\/www.erresse-shop.it\/de\/shop\/einrichtung-haus\/badezimmer\/joseph-joseph-tota-waeschekorb-90-liter-ecru\/#breadcrumb\"},\"inLanguage\":\"de-DE\",\"potentialAction\":[{\"@type\":\"ReadAction\",\"target\":[\"https:\/\/www.erresse-shop.it\/de\/shop\/einrichtung-haus\/badezimmer\/joseph-joseph-tota-waeschekorb-90-liter-ecru\/\"]}]},{\"@type\":\"BreadcrumbList\",\"@id\":\"https:\/\/www.erresse-shop.it\/de\/shop\/einrichtung-haus\/badezimmer\/joseph-joseph-tota-waeschekorb-90-liter-ecru\/#breadcrumb\",\"itemListElement\":[{\"@type\":\"ListItem\",\"position\":1,\"name\":\"Home\",\"item\":\"https:\/\/www.erresse-shop.it\/de\/\"},{\"@type\":\"ListItem\",\"position\":2,\"name\":\"Shop\",\"item\":\"https:\/\/www.erresse-shop.it\/de\/shop\/\"},{\"@type\":\"ListItem\",\"position\":3,\"name\":\"JOSEPH JOSEPH Tota W\u00e4schekorb 90 Liter Ecru\"}]},{\"@type\":\"WebSite\",\"@id\":\"https:\/\/www.erresse-shop.it\/de\/#website\",\"url\":\"https:\/\/www.erresse-shop.it\/de\/\",\"name\":\"Erresse Shop\",\"description\":\"Articoli di qualit\u00e0 per la casa\",\"potentialAction\":[{\"@type\":\"SearchAction\",\"target\":{\"@type\":\"EntryPoint\",\"urlTemplate\":\"https:\/\/www.erresse-shop.it\/de\/?s={search_term_string}\"},\"query-input\":\"required name=search_term_string\"}],\"inLanguage\":\"de-DE\"}]}<\/script>\n<!-- \/ Yoast SEO Premium plugin. -->","yoast_head_json":{"title":"JOSEPH JOSEPH Tota W\u00e4schekorb 90 Liter Ecru","description":"Entdecken Sie JOSEPH JOSEPH Tota W\u00e4schekorb 90 Liter Ecru bei ErresseShop. Qualit\u00e4t, Stil und Funktionalit\u00e4t \u2013 jetzt online bestellen!","robots":{"index":"index","follow":"follow","max-snippet":"max-snippet:-1","max-image-preview":"max-image-preview:large","max-video-preview":"max-video-preview:-1"},"canonical":"https:\/\/www.erresse-shop.it\/de\/shop\/einrichtung-haus\/badezimmer\/joseph-joseph-tota-waeschekorb-90-liter-ecru\/","og_locale":"de_DE","og_type":"article","og_title":"JOSEPH JOSEPH Tota W\u00e4schekorb 90 Liter Ecru","og_description":"Entdecken Sie JOSEPH JOSEPH Tota W\u00e4schekorb 90 Liter Ecru bei ErresseShop. Qualit\u00e4t, Stil und Funktionalit\u00e4t \u2013 jetzt online bestellen!","og_url":"https:\/\/www.erresse-shop.it\/de\/shop\/einrichtung-haus\/badezimmer\/joseph-joseph-tota-waeschekorb-90-liter-ecru\/","og_site_name":"Erresse Shop","article_modified_time":"2025-01-17T07:54:06+00:00","og_image":[{"width":800,"height":800,"url":"https:\/\/www.erresse-shop.it\/wp-content\/uploads\/2024\/05\/JOSEPH-JOSEPH-Tota-Cesto-da-Biancheria-90-litri-Ecru.png","type":"image\/png"}],"twitter_card":"summary_large_image","schema":{"@context":"https:\/\/schema.org","@graph":[{"@type":"WebPage","@id":"https:\/\/www.erresse-shop.it\/de\/shop\/einrichtung-haus\/badezimmer\/joseph-joseph-tota-waeschekorb-90-liter-ecru\/","url":"https:\/\/www.erresse-shop.it\/de\/shop\/einrichtung-haus\/badezimmer\/joseph-joseph-tota-waeschekorb-90-liter-ecru\/","name":"JOSEPH JOSEPH Tota W\u00e4schekorb 90 Liter Ecru","isPartOf":{"@id":"https:\/\/www.erresse-shop.it\/de\/#website"},"datePublished":"2024-05-29T13:43:58+00:00","dateModified":"2025-01-17T07:54:06+00:00","description":"Entdecken Sie JOSEPH JOSEPH Tota W\u00e4schekorb 90 Liter Ecru bei ErresseShop. Qualit\u00e4t, Stil und Funktionalit\u00e4t \u2013 jetzt online bestellen!","breadcrumb":{"@id":"https:\/\/www.erresse-shop.it\/de\/shop\/einrichtung-haus\/badezimmer\/joseph-joseph-tota-waeschekorb-90-liter-ecru\/#breadcrumb"},"inLanguage":"de-DE","potentialAction":[{"@type":"ReadAction","target":["https:\/\/www.erresse-shop.it\/de\/shop\/einrichtung-haus\/badezimmer\/joseph-joseph-tota-waeschekorb-90-liter-ecru\/"]}]},{"@type":"BreadcrumbList","@id":"https:\/\/www.erresse-shop.it\/de\/shop\/einrichtung-haus\/badezimmer\/joseph-joseph-tota-waeschekorb-90-liter-ecru\/#breadcrumb","itemListElement":[{"@type":"ListItem","position":1,"name":"Home","item":"https:\/\/www.erresse-shop.it\/de\/"},{"@type":"ListItem","position":2,"name":"Shop","item":"https:\/\/www.erresse-shop.it\/de\/shop\/"},{"@type":"ListItem","position":3,"name":"JOSEPH JOSEPH Tota W\u00e4schekorb 90 Liter Ecru"}]},{"@type":"WebSite","@id":"https:\/\/www.erresse-shop.it\/de\/#website","url":"https:\/\/www.erresse-shop.it\/de\/","name":"Erresse Shop","description":"Articoli di qualit\u00e0 per la casa","potentialAction":[{"@type":"SearchAction","target":{"@type":"EntryPoint","urlTemplate":"https:\/\/www.erresse-shop.it\/de\/?s={search_term_string}"},"query-input":"required name=search_term_string"}],"inLanguage":"de-DE"}]}},"df_price":109.95,"df_sale_price":109.95,"df_regular_price":139.99,"df_image_link":"https:\/\/www.erresse-shop.it\/wp-content\/uploads\/2024\/05\/JOSEPH-JOSEPH-Tota-Cesto-da-Biancheria-90-litri-Ecru-300x300.jpg","_links":{"self":[{"href":"https:\/\/www.erresse-shop.it\/de\/wp-json\/wp\/v2\/product\/409787"}],"collection":[{"href":"https:\/\/www.erresse-shop.it\/de\/wp-json\/wp\/v2\/product"}],"about":[{"href":"https:\/\/www.erresse-shop.it\/de\/wp-json\/wp\/v2\/types\/product"}],"wp:featuredmedia":[{"embeddable":true,"href":"https:\/\/www.erresse-shop.it\/de\/wp-json\/wp\/v2\/media\/506933"}],"wp:attachment":[{"href":"https:\/\/www.erresse-shop.it\/de\/wp-json\/wp\/v2\/media?parent=409787"}],"wp:term":[{"taxonomy":"product_cat","embeddable":true,"href":"https:\/\/www.erresse-shop.it\/de\/wp-json\/wp\/v2\/product_cat?post=409787"},{"taxonomy":"product_tag","embeddable":true,"href":"https:\/\/www.erresse-shop.it\/de\/wp-json\/wp\/v2\/product_tag?post=409787"}],"curies":[{"name":"wp","href":"https:\/\/api.w.org\/{rel}","templated":true}]}}