{"id":409737,"date":"2024-05-29T13:20:42","date_gmt":"2024-05-29T13:20:44","guid":{"rendered":"https:\/\/www.erresse-shop.it\/?post_type=product&#038;p=409737"},"modified":"2025-01-17T07:54:05","modified_gmt":"2025-01-17T07:54:05","slug":"joseph-joseph-brotkorb-mit-bambus-deckel-schwarz","status":"publish","type":"product","link":"https:\/\/www.erresse-shop.it\/de\/shop\/tisch\/koerbe-und-schalen\/joseph-joseph-brotkorb-mit-bambus-deckel-schwarz\/","title":{"rendered":"JOSEPH JOSEPH Brotkorb mit Bambus-Deckel Schwarz"},"content":{"rendered":"<p>Mit diesem eleganten Brotbeh\u00e4lter k\u00f6nnen Sie Brot, Br\u00f6tchen und Geb\u00e4ck l\u00e4nger aufbewahren. Der speziell entwickelte Bambusdeckel dient als Schneidebrett zum Zerkleinern von Brot.<\/p>\n<ul>\n<li>Leicht zu reinigender Beh\u00e4lter mit rutschfestem Boden<\/li>\n<li>Umkehrbarer Bambusdeckel als Schneidebrett<\/li>\n<li>Kr\u00fcmelsammelrillen an der Seite des Schneidebretts<\/li>\n<li>Leicht zu hebender Griff<\/li>\n<\/ul>\n<p><strong>Pflege und Verwendung:<\/strong><\/p>\n<ul>\n<li>Nur f\u00fcr die Aufbewahrung von Trockenfutter<\/li>\n<li>Boden und Deckel &#8211; von Hand waschen und trocknen<\/li>\n<li>Den Deckel nicht einweichen<\/li>\n<li>\u00d6len Sie den Bambus regelm\u00e4\u00dfig mit einem mineralischen Speise\u00f6l, um ihn in gutem Zustand zu halten.<\/li>\n<li>Sicherstellen, dass der Deckel vor der Aufbewahrung vollst\u00e4ndig trocken ist<\/li>\n<li>BPA-frei<\/li>\n<\/ul>\n<p><strong>Abmessungen:<\/strong><\/p>\n<p>H18 x B37 x T22cm (H7 x B14\u00bd x T8\u00be Zoll)<\/p>\n<p><strong>Gewicht:<\/strong><\/p>\n<p>1.5kg<\/p>\n<p><strong>Entworfen von Morph f\u00fcr Joseph Joseph<\/strong><\/p>\n","protected":false},"excerpt":{"rendered":"<p>Mit diesem eleganten Brotbeh\u00e4lter k\u00f6nnen Sie Brot, Br\u00f6tchen und Geb\u00e4ck l\u00e4nger aufbewahren. Der speziell entwickelte Bambusdeckel dient als Schneidebrett zum<\/p>\n","protected":false},"featured_media":467735,"template":"","meta":{"_acf_changed":false,"inline_featured_image":false},"product_cat":[6787,14243],"product_tag":[25027,21607,13487,11471,25022],"acf":[],"yoast_head":"<!-- This site is optimized with the Yoast SEO Premium plugin v18.6 (Yoast SEO v19.13) - https:\/\/yoast.com\/wordpress\/plugins\/seo\/ -->\n<title>JOSEPH JOSEPH Brotkorb mit Bambus-Deckel Schwarz<\/title>\n<meta name=\"description\" content=\"Entdecken Sie JOSEPH JOSEPH Brotkorb mit Bambus-Deckel Schwarz bei ErresseShop. Qualit\u00e4t, Stil und Funktionalit\u00e4t \u2013 jetzt online bestellen!\" \/>\n<meta name=\"robots\" content=\"index, follow, max-snippet:-1, max-image-preview:large, max-video-preview:-1\" \/>\n<link rel=\"canonical\" href=\"https:\/\/www.erresse-shop.it\/de\/shop\/tisch\/koerbe-und-schalen\/joseph-joseph-brotkorb-mit-bambus-deckel-schwarz\/\" \/>\n<meta property=\"og:locale\" content=\"de_DE\" \/>\n<meta property=\"og:type\" content=\"article\" \/>\n<meta property=\"og:title\" content=\"JOSEPH JOSEPH Brotkorb mit Bambus-Deckel Schwarz\" \/>\n<meta property=\"og:description\" content=\"Entdecken Sie JOSEPH JOSEPH Brotkorb mit Bambus-Deckel Schwarz bei ErresseShop. Qualit\u00e4t, Stil und Funktionalit\u00e4t \u2013 jetzt online bestellen!\" \/>\n<meta property=\"og:url\" content=\"https:\/\/www.erresse-shop.it\/de\/shop\/tisch\/koerbe-und-schalen\/joseph-joseph-brotkorb-mit-bambus-deckel-schwarz\/\" \/>\n<meta property=\"og:site_name\" content=\"Erresse Shop\" \/>\n<meta property=\"article:modified_time\" content=\"2025-01-17T07:54:05+00:00\" \/>\n<meta property=\"og:image\" content=\"https:\/\/www.erresse-shop.it\/wp-content\/uploads\/2024\/05\/JOSEPH-JOSEPH-Cestino-per-Pane-con-Coperchio-in-Bambu-Nero.png\" \/>\n\t<meta property=\"og:image:width\" content=\"800\" \/>\n\t<meta property=\"og:image:height\" content=\"800\" \/>\n\t<meta property=\"og:image:type\" content=\"image\/png\" \/>\n<meta name=\"twitter:card\" content=\"summary_large_image\" \/>\n<script type=\"application\/ld+json\" class=\"yoast-schema-graph\">{\"@context\":\"https:\/\/schema.org\",\"@graph\":[{\"@type\":\"WebPage\",\"@id\":\"https:\/\/www.erresse-shop.it\/de\/shop\/tisch\/koerbe-und-schalen\/joseph-joseph-brotkorb-mit-bambus-deckel-schwarz\/\",\"url\":\"https:\/\/www.erresse-shop.it\/de\/shop\/tisch\/koerbe-und-schalen\/joseph-joseph-brotkorb-mit-bambus-deckel-schwarz\/\",\"name\":\"JOSEPH JOSEPH Brotkorb mit Bambus-Deckel Schwarz\",\"isPartOf\":{\"@id\":\"https:\/\/www.erresse-shop.it\/de\/#website\"},\"datePublished\":\"2024-05-29T13:20:44+00:00\",\"dateModified\":\"2025-01-17T07:54:05+00:00\",\"description\":\"Entdecken Sie JOSEPH JOSEPH Brotkorb mit Bambus-Deckel Schwarz bei ErresseShop. Qualit\u00e4t, Stil und Funktionalit\u00e4t \u2013 jetzt online bestellen!\",\"breadcrumb\":{\"@id\":\"https:\/\/www.erresse-shop.it\/de\/shop\/tisch\/koerbe-und-schalen\/joseph-joseph-brotkorb-mit-bambus-deckel-schwarz\/#breadcrumb\"},\"inLanguage\":\"de-DE\",\"potentialAction\":[{\"@type\":\"ReadAction\",\"target\":[\"https:\/\/www.erresse-shop.it\/de\/shop\/tisch\/koerbe-und-schalen\/joseph-joseph-brotkorb-mit-bambus-deckel-schwarz\/\"]}]},{\"@type\":\"BreadcrumbList\",\"@id\":\"https:\/\/www.erresse-shop.it\/de\/shop\/tisch\/koerbe-und-schalen\/joseph-joseph-brotkorb-mit-bambus-deckel-schwarz\/#breadcrumb\",\"itemListElement\":[{\"@type\":\"ListItem\",\"position\":1,\"name\":\"Home\",\"item\":\"https:\/\/www.erresse-shop.it\/de\/\"},{\"@type\":\"ListItem\",\"position\":2,\"name\":\"Shop\",\"item\":\"https:\/\/www.erresse-shop.it\/de\/shop\/\"},{\"@type\":\"ListItem\",\"position\":3,\"name\":\"JOSEPH JOSEPH Brotkorb mit Bambus-Deckel Schwarz\"}]},{\"@type\":\"WebSite\",\"@id\":\"https:\/\/www.erresse-shop.it\/de\/#website\",\"url\":\"https:\/\/www.erresse-shop.it\/de\/\",\"name\":\"Erresse Shop\",\"description\":\"Articoli di qualit\u00e0 per la casa\",\"potentialAction\":[{\"@type\":\"SearchAction\",\"target\":{\"@type\":\"EntryPoint\",\"urlTemplate\":\"https:\/\/www.erresse-shop.it\/de\/?s={search_term_string}\"},\"query-input\":\"required name=search_term_string\"}],\"inLanguage\":\"de-DE\"}]}<\/script>\n<!-- \/ Yoast SEO Premium plugin. -->","yoast_head_json":{"title":"JOSEPH JOSEPH Brotkorb mit Bambus-Deckel Schwarz","description":"Entdecken Sie JOSEPH JOSEPH Brotkorb mit Bambus-Deckel Schwarz bei ErresseShop. Qualit\u00e4t, Stil und Funktionalit\u00e4t \u2013 jetzt online bestellen!","robots":{"index":"index","follow":"follow","max-snippet":"max-snippet:-1","max-image-preview":"max-image-preview:large","max-video-preview":"max-video-preview:-1"},"canonical":"https:\/\/www.erresse-shop.it\/de\/shop\/tisch\/koerbe-und-schalen\/joseph-joseph-brotkorb-mit-bambus-deckel-schwarz\/","og_locale":"de_DE","og_type":"article","og_title":"JOSEPH JOSEPH Brotkorb mit Bambus-Deckel Schwarz","og_description":"Entdecken Sie JOSEPH JOSEPH Brotkorb mit Bambus-Deckel Schwarz bei ErresseShop. Qualit\u00e4t, Stil und Funktionalit\u00e4t \u2013 jetzt online bestellen!","og_url":"https:\/\/www.erresse-shop.it\/de\/shop\/tisch\/koerbe-und-schalen\/joseph-joseph-brotkorb-mit-bambus-deckel-schwarz\/","og_site_name":"Erresse Shop","article_modified_time":"2025-01-17T07:54:05+00:00","og_image":[{"width":800,"height":800,"url":"https:\/\/www.erresse-shop.it\/wp-content\/uploads\/2024\/05\/JOSEPH-JOSEPH-Cestino-per-Pane-con-Coperchio-in-Bambu-Nero.png","type":"image\/png"}],"twitter_card":"summary_large_image","schema":{"@context":"https:\/\/schema.org","@graph":[{"@type":"WebPage","@id":"https:\/\/www.erresse-shop.it\/de\/shop\/tisch\/koerbe-und-schalen\/joseph-joseph-brotkorb-mit-bambus-deckel-schwarz\/","url":"https:\/\/www.erresse-shop.it\/de\/shop\/tisch\/koerbe-und-schalen\/joseph-joseph-brotkorb-mit-bambus-deckel-schwarz\/","name":"JOSEPH JOSEPH Brotkorb mit Bambus-Deckel Schwarz","isPartOf":{"@id":"https:\/\/www.erresse-shop.it\/de\/#website"},"datePublished":"2024-05-29T13:20:44+00:00","dateModified":"2025-01-17T07:54:05+00:00","description":"Entdecken Sie JOSEPH JOSEPH Brotkorb mit Bambus-Deckel Schwarz bei ErresseShop. Qualit\u00e4t, Stil und Funktionalit\u00e4t \u2013 jetzt online bestellen!","breadcrumb":{"@id":"https:\/\/www.erresse-shop.it\/de\/shop\/tisch\/koerbe-und-schalen\/joseph-joseph-brotkorb-mit-bambus-deckel-schwarz\/#breadcrumb"},"inLanguage":"de-DE","potentialAction":[{"@type":"ReadAction","target":["https:\/\/www.erresse-shop.it\/de\/shop\/tisch\/koerbe-und-schalen\/joseph-joseph-brotkorb-mit-bambus-deckel-schwarz\/"]}]},{"@type":"BreadcrumbList","@id":"https:\/\/www.erresse-shop.it\/de\/shop\/tisch\/koerbe-und-schalen\/joseph-joseph-brotkorb-mit-bambus-deckel-schwarz\/#breadcrumb","itemListElement":[{"@type":"ListItem","position":1,"name":"Home","item":"https:\/\/www.erresse-shop.it\/de\/"},{"@type":"ListItem","position":2,"name":"Shop","item":"https:\/\/www.erresse-shop.it\/de\/shop\/"},{"@type":"ListItem","position":3,"name":"JOSEPH JOSEPH Brotkorb mit Bambus-Deckel Schwarz"}]},{"@type":"WebSite","@id":"https:\/\/www.erresse-shop.it\/de\/#website","url":"https:\/\/www.erresse-shop.it\/de\/","name":"Erresse Shop","description":"Articoli di qualit\u00e0 per la casa","potentialAction":[{"@type":"SearchAction","target":{"@type":"EntryPoint","urlTemplate":"https:\/\/www.erresse-shop.it\/de\/?s={search_term_string}"},"query-input":"required name=search_term_string"}],"inLanguage":"de-DE"}]}},"df_price":34.995,"df_sale_price":34.995,"df_regular_price":69.99,"df_image_link":"https:\/\/www.erresse-shop.it\/wp-content\/uploads\/2024\/05\/JOSEPH-JOSEPH-Cestino-per-Pane-con-Coperchio-in-Bambu-Nero-300x300.jpg","_links":{"self":[{"href":"https:\/\/www.erresse-shop.it\/de\/wp-json\/wp\/v2\/product\/409737"}],"collection":[{"href":"https:\/\/www.erresse-shop.it\/de\/wp-json\/wp\/v2\/product"}],"about":[{"href":"https:\/\/www.erresse-shop.it\/de\/wp-json\/wp\/v2\/types\/product"}],"wp:featuredmedia":[{"embeddable":true,"href":"https:\/\/www.erresse-shop.it\/de\/wp-json\/wp\/v2\/media\/467735"}],"wp:attachment":[{"href":"https:\/\/www.erresse-shop.it\/de\/wp-json\/wp\/v2\/media?parent=409737"}],"wp:term":[{"taxonomy":"product_cat","embeddable":true,"href":"https:\/\/www.erresse-shop.it\/de\/wp-json\/wp\/v2\/product_cat?post=409737"},{"taxonomy":"product_tag","embeddable":true,"href":"https:\/\/www.erresse-shop.it\/de\/wp-json\/wp\/v2\/product_tag?post=409737"}],"curies":[{"name":"wp","href":"https:\/\/api.w.org\/{rel}","templated":true}]}}