{"id":409687,"date":"2024-05-29T12:45:46","date_gmt":"2024-05-29T12:45:48","guid":{"rendered":"https:\/\/www.erresse-shop.it\/?post_type=product&#038;p=409687"},"modified":"2025-05-21T08:45:31","modified_gmt":"2025-05-21T08:45:31","slug":"joseph-joseph-folio-4er-set-schneidebretter-mit-stahlkoffer-grau","status":"publish","type":"product","link":"https:\/\/www.erresse-shop.it\/de\/shop\/kuche\/schneidebretter\/joseph-joseph-folio-4er-set-schneidebretter-mit-stahlkoffer-grau\/","title":{"rendered":"JOSEPH JOSEPH Folio 4er-Set Schneidebretter mit Stahlkoffer Grau"},"content":{"rendered":"<p>Jede gute Mahlzeit beginnt mit einem Schneidebrett. Deshalb haben wir Folio\u2122 entwickelt, um die Essenszubereitung effizienter und angenehmer zu gestalten. Unser Schneidebrettset umfasst vier farbcodierte Schneidebretter mit messerfreundlichen Oberfl\u00e4chen und rutschfesten F\u00fc\u00dfen f\u00fcr sicheres Schneiden, Hacken und W\u00fcrfeln. Edelstahlstangen erleichtern die Auswahl des gew\u00fcnschten Schneidebretts aus dem schlanken Etui.<\/p>\n<ul>\n<li>Schlankes Geh\u00e4use f\u00fcr eine organisierte Aufbewahrung<\/li>\n<li>Mehrstufiges Design und Edelstahlstangen an den Brettern f\u00fcr eine einfache Auswahl<\/li>\n<li>Doppelseitige Bretter mit strukturierten, messerfreundlichen Schneidefl\u00e4chen und rutschfesten F\u00fc\u00dfen<\/li>\n<li>Der St\u00e4nder h\u00e4lt die Bretter voneinander getrennt, damit die Luft zirkulieren kann<\/li>\n<\/ul>\n<p><strong>Pflege und Gebrauch:<\/strong><\/p>\n<ul>\n<li>Schneidebretter: sp\u00fclmaschinengeeignet<\/li>\n<li>Geh\u00e4use: mit einem weichen, feuchten Tuch reinigen.<\/li>\n<li>Die messerfreundliche Oberfl\u00e4che der Bretter ist so konzipiert, dass sie sich w\u00e4hrend des Gebrauchs leicht abzeichnet<\/li>\n<\/ul>\n<p><strong>Abmessungen:<\/strong><\/p>\n<p>H22 x B31,8 x T7,5 cm (H8\u00be x L12\u00bd x T3 Zoll)<\/p>\n<p><strong>Gewicht:<\/strong><\/p>\n<p>1,8 kg<\/p>\n","protected":false},"excerpt":{"rendered":"<p>Jede gute Mahlzeit beginnt mit einem Schneidebrett. Deshalb haben wir Folio\u2122 entwickelt, um die Essenszubereitung effizienter und angenehmer zu gestalten.<\/p>\n","protected":false},"featured_media":499888,"template":"","meta":{"_acf_changed":false,"inline_featured_image":false},"product_cat":[6742,6769],"product_tag":[25027,21536,21533,21265,25022,21534,21535],"acf":[],"yoast_head":"<!-- This site is optimized with the Yoast SEO Premium plugin v18.6 (Yoast SEO v19.13) - https:\/\/yoast.com\/wordpress\/plugins\/seo\/ -->\n<title>JOSEPH JOSEPH Folio\u2122 4er-Set Schneidebretter mit Stahlkoffer Grau<\/title>\n<meta name=\"description\" content=\"Entdecken Sie JOSEPH JOSEPH Folio\u2122 4er-Set Schneidebretter mit Stahlkoffer Grau bei ErresseShop. Qualit\u00e4t, Stil und Funktionalit\u00e4t \u2013 jetzt online bestellen!\" \/>\n<meta name=\"robots\" content=\"index, follow, max-snippet:-1, max-image-preview:large, max-video-preview:-1\" \/>\n<link rel=\"canonical\" href=\"https:\/\/www.erresse-shop.it\/de\/shop\/kuche\/schneidebretter\/joseph-joseph-folio-4er-set-schneidebretter-mit-stahlkoffer-grau\/\" \/>\n<meta property=\"og:locale\" content=\"de_DE\" \/>\n<meta property=\"og:type\" content=\"article\" \/>\n<meta property=\"og:title\" content=\"JOSEPH JOSEPH Folio 4er-Set Schneidebretter mit Stahlkoffer Grau\" \/>\n<meta property=\"og:description\" content=\"Entdecken Sie JOSEPH JOSEPH Folio\u2122 4er-Set Schneidebretter mit Stahlkoffer Grau bei ErresseShop. Qualit\u00e4t, Stil und Funktionalit\u00e4t \u2013 jetzt online bestellen!\" \/>\n<meta property=\"og:url\" content=\"https:\/\/www.erresse-shop.it\/de\/shop\/kuche\/schneidebretter\/joseph-joseph-folio-4er-set-schneidebretter-mit-stahlkoffer-grau\/\" \/>\n<meta property=\"og:site_name\" content=\"Erresse Shop\" \/>\n<meta property=\"article:modified_time\" content=\"2025-05-21T08:45:31+00:00\" \/>\n<meta property=\"og:image\" content=\"https:\/\/www.erresse-shop.it\/wp-content\/uploads\/2024\/05\/JOSEPH-JOSEPH-Set-4-Taglieri-con-Custodia-in-Acciaio-Grigio.jpg\" \/>\n\t<meta property=\"og:image:width\" content=\"1200\" \/>\n\t<meta property=\"og:image:height\" content=\"1200\" \/>\n\t<meta property=\"og:image:type\" content=\"image\/jpeg\" \/>\n<meta name=\"twitter:card\" content=\"summary_large_image\" \/>\n<script type=\"application\/ld+json\" class=\"yoast-schema-graph\">{\"@context\":\"https:\/\/schema.org\",\"@graph\":[{\"@type\":\"WebPage\",\"@id\":\"https:\/\/www.erresse-shop.it\/de\/shop\/kuche\/schneidebretter\/joseph-joseph-folio-4er-set-schneidebretter-mit-stahlkoffer-grau\/\",\"url\":\"https:\/\/www.erresse-shop.it\/de\/shop\/kuche\/schneidebretter\/joseph-joseph-folio-4er-set-schneidebretter-mit-stahlkoffer-grau\/\",\"name\":\"JOSEPH JOSEPH Folio\u2122 4er-Set Schneidebretter mit Stahlkoffer Grau\",\"isPartOf\":{\"@id\":\"https:\/\/www.erresse-shop.it\/de\/#website\"},\"datePublished\":\"2024-05-29T12:45:48+00:00\",\"dateModified\":\"2025-05-21T08:45:31+00:00\",\"description\":\"Entdecken Sie JOSEPH JOSEPH Folio\u2122 4er-Set Schneidebretter mit Stahlkoffer Grau bei ErresseShop. Qualit\u00e4t, Stil und Funktionalit\u00e4t \u2013 jetzt online bestellen!\",\"breadcrumb\":{\"@id\":\"https:\/\/www.erresse-shop.it\/de\/shop\/kuche\/schneidebretter\/joseph-joseph-folio-4er-set-schneidebretter-mit-stahlkoffer-grau\/#breadcrumb\"},\"inLanguage\":\"de-DE\",\"potentialAction\":[{\"@type\":\"ReadAction\",\"target\":[\"https:\/\/www.erresse-shop.it\/de\/shop\/kuche\/schneidebretter\/joseph-joseph-folio-4er-set-schneidebretter-mit-stahlkoffer-grau\/\"]}]},{\"@type\":\"BreadcrumbList\",\"@id\":\"https:\/\/www.erresse-shop.it\/de\/shop\/kuche\/schneidebretter\/joseph-joseph-folio-4er-set-schneidebretter-mit-stahlkoffer-grau\/#breadcrumb\",\"itemListElement\":[{\"@type\":\"ListItem\",\"position\":1,\"name\":\"Home\",\"item\":\"https:\/\/www.erresse-shop.it\/de\/\"},{\"@type\":\"ListItem\",\"position\":2,\"name\":\"Shop\",\"item\":\"https:\/\/www.erresse-shop.it\/de\/shop\/\"},{\"@type\":\"ListItem\",\"position\":3,\"name\":\"JOSEPH JOSEPH Folio 4er-Set Schneidebretter mit Stahlkoffer Grau\"}]},{\"@type\":\"WebSite\",\"@id\":\"https:\/\/www.erresse-shop.it\/de\/#website\",\"url\":\"https:\/\/www.erresse-shop.it\/de\/\",\"name\":\"Erresse Shop\",\"description\":\"Articoli di qualit\u00e0 per la casa\",\"potentialAction\":[{\"@type\":\"SearchAction\",\"target\":{\"@type\":\"EntryPoint\",\"urlTemplate\":\"https:\/\/www.erresse-shop.it\/de\/?s={search_term_string}\"},\"query-input\":\"required name=search_term_string\"}],\"inLanguage\":\"de-DE\"}]}<\/script>\n<!-- \/ Yoast SEO Premium plugin. -->","yoast_head_json":{"title":"JOSEPH JOSEPH Folio\u2122 4er-Set Schneidebretter mit Stahlkoffer Grau","description":"Entdecken Sie JOSEPH JOSEPH Folio\u2122 4er-Set Schneidebretter mit Stahlkoffer Grau bei ErresseShop. Qualit\u00e4t, Stil und Funktionalit\u00e4t \u2013 jetzt online bestellen!","robots":{"index":"index","follow":"follow","max-snippet":"max-snippet:-1","max-image-preview":"max-image-preview:large","max-video-preview":"max-video-preview:-1"},"canonical":"https:\/\/www.erresse-shop.it\/de\/shop\/kuche\/schneidebretter\/joseph-joseph-folio-4er-set-schneidebretter-mit-stahlkoffer-grau\/","og_locale":"de_DE","og_type":"article","og_title":"JOSEPH JOSEPH Folio 4er-Set Schneidebretter mit Stahlkoffer Grau","og_description":"Entdecken Sie JOSEPH JOSEPH Folio\u2122 4er-Set Schneidebretter mit Stahlkoffer Grau bei ErresseShop. Qualit\u00e4t, Stil und Funktionalit\u00e4t \u2013 jetzt online bestellen!","og_url":"https:\/\/www.erresse-shop.it\/de\/shop\/kuche\/schneidebretter\/joseph-joseph-folio-4er-set-schneidebretter-mit-stahlkoffer-grau\/","og_site_name":"Erresse Shop","article_modified_time":"2025-05-21T08:45:31+00:00","og_image":[{"width":1200,"height":1200,"url":"https:\/\/www.erresse-shop.it\/wp-content\/uploads\/2024\/05\/JOSEPH-JOSEPH-Set-4-Taglieri-con-Custodia-in-Acciaio-Grigio.jpg","type":"image\/jpeg"}],"twitter_card":"summary_large_image","schema":{"@context":"https:\/\/schema.org","@graph":[{"@type":"WebPage","@id":"https:\/\/www.erresse-shop.it\/de\/shop\/kuche\/schneidebretter\/joseph-joseph-folio-4er-set-schneidebretter-mit-stahlkoffer-grau\/","url":"https:\/\/www.erresse-shop.it\/de\/shop\/kuche\/schneidebretter\/joseph-joseph-folio-4er-set-schneidebretter-mit-stahlkoffer-grau\/","name":"JOSEPH JOSEPH Folio\u2122 4er-Set Schneidebretter mit Stahlkoffer Grau","isPartOf":{"@id":"https:\/\/www.erresse-shop.it\/de\/#website"},"datePublished":"2024-05-29T12:45:48+00:00","dateModified":"2025-05-21T08:45:31+00:00","description":"Entdecken Sie JOSEPH JOSEPH Folio\u2122 4er-Set Schneidebretter mit Stahlkoffer Grau bei ErresseShop. Qualit\u00e4t, Stil und Funktionalit\u00e4t \u2013 jetzt online bestellen!","breadcrumb":{"@id":"https:\/\/www.erresse-shop.it\/de\/shop\/kuche\/schneidebretter\/joseph-joseph-folio-4er-set-schneidebretter-mit-stahlkoffer-grau\/#breadcrumb"},"inLanguage":"de-DE","potentialAction":[{"@type":"ReadAction","target":["https:\/\/www.erresse-shop.it\/de\/shop\/kuche\/schneidebretter\/joseph-joseph-folio-4er-set-schneidebretter-mit-stahlkoffer-grau\/"]}]},{"@type":"BreadcrumbList","@id":"https:\/\/www.erresse-shop.it\/de\/shop\/kuche\/schneidebretter\/joseph-joseph-folio-4er-set-schneidebretter-mit-stahlkoffer-grau\/#breadcrumb","itemListElement":[{"@type":"ListItem","position":1,"name":"Home","item":"https:\/\/www.erresse-shop.it\/de\/"},{"@type":"ListItem","position":2,"name":"Shop","item":"https:\/\/www.erresse-shop.it\/de\/shop\/"},{"@type":"ListItem","position":3,"name":"JOSEPH JOSEPH Folio 4er-Set Schneidebretter mit Stahlkoffer Grau"}]},{"@type":"WebSite","@id":"https:\/\/www.erresse-shop.it\/de\/#website","url":"https:\/\/www.erresse-shop.it\/de\/","name":"Erresse Shop","description":"Articoli di qualit\u00e0 per la casa","potentialAction":[{"@type":"SearchAction","target":{"@type":"EntryPoint","urlTemplate":"https:\/\/www.erresse-shop.it\/de\/?s={search_term_string}"},"query-input":"required name=search_term_string"}],"inLanguage":"de-DE"}]}},"df_price":32.495,"df_sale_price":32.495,"df_regular_price":64.99,"df_image_link":"https:\/\/www.erresse-shop.it\/wp-content\/uploads\/2024\/05\/JOSEPH-JOSEPH-Set-4-Taglieri-con-Custodia-in-Acciaio-Grigio-300x300.jpg","_links":{"self":[{"href":"https:\/\/www.erresse-shop.it\/de\/wp-json\/wp\/v2\/product\/409687"}],"collection":[{"href":"https:\/\/www.erresse-shop.it\/de\/wp-json\/wp\/v2\/product"}],"about":[{"href":"https:\/\/www.erresse-shop.it\/de\/wp-json\/wp\/v2\/types\/product"}],"wp:featuredmedia":[{"embeddable":true,"href":"https:\/\/www.erresse-shop.it\/de\/wp-json\/wp\/v2\/media\/499888"}],"wp:attachment":[{"href":"https:\/\/www.erresse-shop.it\/de\/wp-json\/wp\/v2\/media?parent=409687"}],"wp:term":[{"taxonomy":"product_cat","embeddable":true,"href":"https:\/\/www.erresse-shop.it\/de\/wp-json\/wp\/v2\/product_cat?post=409687"},{"taxonomy":"product_tag","embeddable":true,"href":"https:\/\/www.erresse-shop.it\/de\/wp-json\/wp\/v2\/product_tag?post=409687"}],"curies":[{"name":"wp","href":"https:\/\/api.w.org\/{rel}","templated":true}]}}