{"id":409627,"date":"2024-05-29T10:53:14","date_gmt":"2024-05-29T10:53:16","guid":{"rendered":"https:\/\/www.erresse-shop.it\/?post_type=product&#038;p=409627"},"modified":"2025-09-28T14:40:08","modified_gmt":"2025-09-28T14:40:08","slug":"joseph-joseph-glide-compact-bugelbrett-grau-copia","status":"publish","type":"product","link":"https:\/\/www.erresse-shop.it\/de\/shop\/einrichtung-haus\/buegelbretter\/joseph-joseph-glide-compact-bugelbrett-grau-copia\/","title":{"rendered":"JOSEPH  JOSEPH Glide Plus B\u00fcgeltisch Ecru"},"content":{"rendered":"<p>Dieser revolution\u00e4re B\u00fcgeltisch in voller Gr\u00f6\u00dfe verf\u00fcgt \u00fcber ein einzigartiges Standdesign, das ihn im zusammengeklappten Zustand kompakter macht als andere herk\u00f6mmliche B\u00fcgeltische.<\/p>\n<ul>\n<li>Kompakt und schlank im zusammengeklappten Zustand<\/li>\n<li>Er l\u00e4sst sich schnell und einfach aufstellen und ist in sieben H\u00f6henpositionen verstellbar, von 84 cm (33 Zoll) bis maximal 99 cm (39 Zoll).<\/li>\n<li>Fortschrittlicher, leicht austauschbarer Deckel mit DripShield\u2122-Technologie und hitzebest\u00e4ndiger Silikonb\u00fcgelablage<\/li>\n<li>Separater Aufh\u00e4ngehaken zur einfachen Aufbewahrung im Lieferumfang enthalten<\/li>\n<li>Leicht austauschbarer Deckel mit Kabelhaken<\/li>\n<\/ul>\n<p><strong>Pflege und Gebrauch:<\/strong><\/p>\n<ul>\n<li>Deckel &#8211; nur mit einem Tuch abwischen, nicht in der Maschine waschen.<\/li>\n<li>Rahmen &#8211; mit einem feuchten Tuch reinigen, keine scheuernden T\u00fccher oder starke chemische Reinigungsmittel verwenden.<\/li>\n<li>Vorsicht! Lassen Sie das hei\u00dfe B\u00fcgeleisen nicht unbeaufsichtigt auf der Silikonb\u00fcgelablage stehen.<\/li>\n<li>Halten Sie Kinder vom B\u00fcgelbrett fern, wenn Sie es benutzen, und bewahren Sie es nach dem Gebrauch sicher auf.<\/li>\n<li>Auf den Rahmen gew\u00e4hren wir 5 Jahre Garantie gegen Herstellungsfehler, auf alle anderen Teile 2 Jahre.<\/li>\n<\/ul>\n<p><strong>Abmessungen:<\/strong><\/p>\n<p>Ma\u00dfe des Brettes: H130 x B38cm (51\u00bc x 15 Zoll)<\/p>\n<p>Geschlossen (einschlie\u00dflich Beine): H136 x B38 x T8,5cm (H53\u00bd x L15 x T3\u00bd Zoll)<\/p>\n<p><strong>Gewicht<\/strong>: 6,4 kg<\/p>\n","protected":false},"excerpt":{"rendered":"<p>Dieser revolution\u00e4re B\u00fcgeltisch in voller Gr\u00f6\u00dfe verf\u00fcgt \u00fcber ein einzigartiges Standdesign, das ihn im zusammengeklappten Zustand kompakter macht als andere<\/p>\n","protected":false},"featured_media":509124,"template":"","meta":{"_acf_changed":false,"inline_featured_image":false},"product_cat":[6817,18096],"product_tag":[25027,14058,25022,18475],"acf":[],"yoast_head":"<!-- This site is optimized with the Yoast SEO Premium plugin v18.6 (Yoast SEO v19.13) - https:\/\/yoast.com\/wordpress\/plugins\/seo\/ -->\n<title>JOSEPH JOSEPH Glide Plus B\u00fcgeltisch Ecru<\/title>\n<meta name=\"description\" content=\"Entdecken Sie JOSEPH\u00a0 JOSEPH Glide Plus B\u00fcgeltisch Ecru bei ErresseShop. Qualit\u00e4t, Stil und Funktionalit\u00e4t \u2013 jetzt online bestellen!\" \/>\n<meta name=\"robots\" content=\"index, follow, max-snippet:-1, max-image-preview:large, max-video-preview:-1\" \/>\n<link rel=\"canonical\" href=\"https:\/\/www.erresse-shop.it\/de\/shop\/einrichtung-haus\/buegelbretter\/joseph-joseph-glide-compact-bugelbrett-grau-copia\/\" \/>\n<meta property=\"og:locale\" content=\"de_DE\" \/>\n<meta property=\"og:type\" content=\"article\" \/>\n<meta property=\"og:title\" content=\"JOSEPH JOSEPH Glide Plus B\u00fcgeltisch Ecru\" \/>\n<meta property=\"og:description\" content=\"Entdecken Sie JOSEPH\u00a0 JOSEPH Glide Plus B\u00fcgeltisch Ecru bei ErresseShop. Qualit\u00e4t, Stil und Funktionalit\u00e4t \u2013 jetzt online bestellen!\" \/>\n<meta property=\"og:url\" content=\"https:\/\/www.erresse-shop.it\/de\/shop\/einrichtung-haus\/buegelbretter\/joseph-joseph-glide-compact-bugelbrett-grau-copia\/\" \/>\n<meta property=\"og:site_name\" content=\"Erresse Shop\" \/>\n<meta property=\"article:modified_time\" content=\"2025-09-28T14:40:08+00:00\" \/>\n<meta property=\"og:image\" content=\"https:\/\/www.erresse-shop.it\/wp-content\/uploads\/2024\/05\/JOSEPH-JOSEPH-Glide-Compact-Asse-da-Stiro-Ecru.png\" \/>\n\t<meta property=\"og:image:width\" content=\"800\" \/>\n\t<meta property=\"og:image:height\" content=\"800\" \/>\n\t<meta property=\"og:image:type\" content=\"image\/png\" \/>\n<meta name=\"twitter:card\" content=\"summary_large_image\" \/>\n<script type=\"application\/ld+json\" class=\"yoast-schema-graph\">{\"@context\":\"https:\/\/schema.org\",\"@graph\":[{\"@type\":\"WebPage\",\"@id\":\"https:\/\/www.erresse-shop.it\/de\/shop\/einrichtung-haus\/buegelbretter\/joseph-joseph-glide-compact-bugelbrett-grau-copia\/\",\"url\":\"https:\/\/www.erresse-shop.it\/de\/shop\/einrichtung-haus\/buegelbretter\/joseph-joseph-glide-compact-bugelbrett-grau-copia\/\",\"name\":\"JOSEPH JOSEPH Glide Plus B\u00fcgeltisch Ecru\",\"isPartOf\":{\"@id\":\"https:\/\/www.erresse-shop.it\/de\/#website\"},\"datePublished\":\"2024-05-29T10:53:16+00:00\",\"dateModified\":\"2025-09-28T14:40:08+00:00\",\"description\":\"Entdecken Sie JOSEPH\u00a0 JOSEPH Glide Plus B\u00fcgeltisch Ecru bei ErresseShop. Qualit\u00e4t, Stil und Funktionalit\u00e4t \u2013 jetzt online bestellen!\",\"breadcrumb\":{\"@id\":\"https:\/\/www.erresse-shop.it\/de\/shop\/einrichtung-haus\/buegelbretter\/joseph-joseph-glide-compact-bugelbrett-grau-copia\/#breadcrumb\"},\"inLanguage\":\"de-DE\",\"potentialAction\":[{\"@type\":\"ReadAction\",\"target\":[\"https:\/\/www.erresse-shop.it\/de\/shop\/einrichtung-haus\/buegelbretter\/joseph-joseph-glide-compact-bugelbrett-grau-copia\/\"]}]},{\"@type\":\"BreadcrumbList\",\"@id\":\"https:\/\/www.erresse-shop.it\/de\/shop\/einrichtung-haus\/buegelbretter\/joseph-joseph-glide-compact-bugelbrett-grau-copia\/#breadcrumb\",\"itemListElement\":[{\"@type\":\"ListItem\",\"position\":1,\"name\":\"Home\",\"item\":\"https:\/\/www.erresse-shop.it\/de\/\"},{\"@type\":\"ListItem\",\"position\":2,\"name\":\"Shop\",\"item\":\"https:\/\/www.erresse-shop.it\/de\/shop\/\"},{\"@type\":\"ListItem\",\"position\":3,\"name\":\"JOSEPH JOSEPH Glide Plus B\u00fcgeltisch Ecru\"}]},{\"@type\":\"WebSite\",\"@id\":\"https:\/\/www.erresse-shop.it\/de\/#website\",\"url\":\"https:\/\/www.erresse-shop.it\/de\/\",\"name\":\"Erresse Shop\",\"description\":\"Articoli di qualit\u00e0 per la casa\",\"potentialAction\":[{\"@type\":\"SearchAction\",\"target\":{\"@type\":\"EntryPoint\",\"urlTemplate\":\"https:\/\/www.erresse-shop.it\/de\/?s={search_term_string}\"},\"query-input\":\"required name=search_term_string\"}],\"inLanguage\":\"de-DE\"}]}<\/script>\n<!-- \/ Yoast SEO Premium plugin. -->","yoast_head_json":{"title":"JOSEPH JOSEPH Glide Plus B\u00fcgeltisch Ecru","description":"Entdecken Sie JOSEPH\u00a0 JOSEPH Glide Plus B\u00fcgeltisch Ecru bei ErresseShop. Qualit\u00e4t, Stil und Funktionalit\u00e4t \u2013 jetzt online bestellen!","robots":{"index":"index","follow":"follow","max-snippet":"max-snippet:-1","max-image-preview":"max-image-preview:large","max-video-preview":"max-video-preview:-1"},"canonical":"https:\/\/www.erresse-shop.it\/de\/shop\/einrichtung-haus\/buegelbretter\/joseph-joseph-glide-compact-bugelbrett-grau-copia\/","og_locale":"de_DE","og_type":"article","og_title":"JOSEPH JOSEPH Glide Plus B\u00fcgeltisch Ecru","og_description":"Entdecken Sie JOSEPH\u00a0 JOSEPH Glide Plus B\u00fcgeltisch Ecru bei ErresseShop. Qualit\u00e4t, Stil und Funktionalit\u00e4t \u2013 jetzt online bestellen!","og_url":"https:\/\/www.erresse-shop.it\/de\/shop\/einrichtung-haus\/buegelbretter\/joseph-joseph-glide-compact-bugelbrett-grau-copia\/","og_site_name":"Erresse Shop","article_modified_time":"2025-09-28T14:40:08+00:00","og_image":[{"width":800,"height":800,"url":"https:\/\/www.erresse-shop.it\/wp-content\/uploads\/2024\/05\/JOSEPH-JOSEPH-Glide-Compact-Asse-da-Stiro-Ecru.png","type":"image\/png"}],"twitter_card":"summary_large_image","schema":{"@context":"https:\/\/schema.org","@graph":[{"@type":"WebPage","@id":"https:\/\/www.erresse-shop.it\/de\/shop\/einrichtung-haus\/buegelbretter\/joseph-joseph-glide-compact-bugelbrett-grau-copia\/","url":"https:\/\/www.erresse-shop.it\/de\/shop\/einrichtung-haus\/buegelbretter\/joseph-joseph-glide-compact-bugelbrett-grau-copia\/","name":"JOSEPH JOSEPH Glide Plus B\u00fcgeltisch Ecru","isPartOf":{"@id":"https:\/\/www.erresse-shop.it\/de\/#website"},"datePublished":"2024-05-29T10:53:16+00:00","dateModified":"2025-09-28T14:40:08+00:00","description":"Entdecken Sie JOSEPH\u00a0 JOSEPH Glide Plus B\u00fcgeltisch Ecru bei ErresseShop. Qualit\u00e4t, Stil und Funktionalit\u00e4t \u2013 jetzt online bestellen!","breadcrumb":{"@id":"https:\/\/www.erresse-shop.it\/de\/shop\/einrichtung-haus\/buegelbretter\/joseph-joseph-glide-compact-bugelbrett-grau-copia\/#breadcrumb"},"inLanguage":"de-DE","potentialAction":[{"@type":"ReadAction","target":["https:\/\/www.erresse-shop.it\/de\/shop\/einrichtung-haus\/buegelbretter\/joseph-joseph-glide-compact-bugelbrett-grau-copia\/"]}]},{"@type":"BreadcrumbList","@id":"https:\/\/www.erresse-shop.it\/de\/shop\/einrichtung-haus\/buegelbretter\/joseph-joseph-glide-compact-bugelbrett-grau-copia\/#breadcrumb","itemListElement":[{"@type":"ListItem","position":1,"name":"Home","item":"https:\/\/www.erresse-shop.it\/de\/"},{"@type":"ListItem","position":2,"name":"Shop","item":"https:\/\/www.erresse-shop.it\/de\/shop\/"},{"@type":"ListItem","position":3,"name":"JOSEPH JOSEPH Glide Plus B\u00fcgeltisch Ecru"}]},{"@type":"WebSite","@id":"https:\/\/www.erresse-shop.it\/de\/#website","url":"https:\/\/www.erresse-shop.it\/de\/","name":"Erresse Shop","description":"Articoli di qualit\u00e0 per la casa","potentialAction":[{"@type":"SearchAction","target":{"@type":"EntryPoint","urlTemplate":"https:\/\/www.erresse-shop.it\/de\/?s={search_term_string}"},"query-input":"required name=search_term_string"}],"inLanguage":"de-DE"}]}},"df_price":139.95,"df_sale_price":139.95,"df_regular_price":179.99,"df_image_link":"https:\/\/www.erresse-shop.it\/wp-content\/uploads\/2024\/05\/JOSEPH-JOSEPH-Glide-Plus-Asse-da-Stiro-Ecru-300x300.jpg","_links":{"self":[{"href":"https:\/\/www.erresse-shop.it\/de\/wp-json\/wp\/v2\/product\/409627"}],"collection":[{"href":"https:\/\/www.erresse-shop.it\/de\/wp-json\/wp\/v2\/product"}],"about":[{"href":"https:\/\/www.erresse-shop.it\/de\/wp-json\/wp\/v2\/types\/product"}],"wp:featuredmedia":[{"embeddable":true,"href":"https:\/\/www.erresse-shop.it\/de\/wp-json\/wp\/v2\/media\/509124"}],"wp:attachment":[{"href":"https:\/\/www.erresse-shop.it\/de\/wp-json\/wp\/v2\/media?parent=409627"}],"wp:term":[{"taxonomy":"product_cat","embeddable":true,"href":"https:\/\/www.erresse-shop.it\/de\/wp-json\/wp\/v2\/product_cat?post=409627"},{"taxonomy":"product_tag","embeddable":true,"href":"https:\/\/www.erresse-shop.it\/de\/wp-json\/wp\/v2\/product_tag?post=409627"}],"curies":[{"name":"wp","href":"https:\/\/api.w.org\/{rel}","templated":true}]}}