{"id":409584,"date":"2024-05-29T10:03:30","date_gmt":"2024-05-29T10:03:32","guid":{"rendered":"https:\/\/www.erresse-shop.it\/?post_type=product&#038;p=409584"},"modified":"2025-09-05T21:00:08","modified_gmt":"2025-09-05T21:00:08","slug":"joseph-joseph-glide-compact-buegelbrett-grau","status":"publish","type":"product","link":"https:\/\/www.erresse-shop.it\/de\/shop\/einrichtung-haus\/buegelbretter\/joseph-joseph-glide-compact-buegelbrett-grau\/","title":{"rendered":"JOSEPH JOSEPH Glide B\u00fcgelbrett Grau"},"content":{"rendered":"<p>Dieser revolution\u00e4re B\u00fcgeltisch in voller Gr\u00f6\u00dfe verf\u00fcgt \u00fcber ein einzigartiges Standdesign, das ihn bei der Aufbewahrung kompakter macht als andere herk\u00f6mmliche B\u00fcgeltische.<\/p>\n<ul>\n<li>Das einzigartige Design nimmt bei der Aufbewahrung viel weniger Platz ein als andere B\u00fcgeltische<\/li>\n<li>Schnell und einfach zu montieren, mit 7 verstellbaren H\u00f6henpositionen von 84 cm (33 Zoll) bis 99 cm (39 Zoll).<\/li>\n<li>Separater Haken zur einfachen Aufbewahrung des Tisches oder zum Aufh\u00e4ngen hinter einer T\u00fcr im Lieferumfang enthalten<\/li>\n<li>Der leicht austauschbare Bezug enth\u00e4lt einen Kabelring und eine hitzebest\u00e4ndige Silikonb\u00fcgelauflage<\/li>\n<\/ul>\n<p><strong>Pflege und Gebrauch:<\/strong><\/p>\n<ul>\n<li>Bezug &#8211; nur mit einem Tuch abwischen, nicht in der Maschine waschen.<\/li>\n<li>Rahmen &#8211; mit einem feuchten Tuch reinigen, keine scheuernden T\u00fccher oder starke chemische Reinigungsmittel verwenden.<\/li>\n<li>Vorsicht! Lassen Sie das hei\u00dfe B\u00fcgeleisen nicht unbeaufsichtigt auf der Silikonb\u00fcgelablage.<\/li>\n<li>Halten Sie Kinder vom B\u00fcgelbrett fern, wenn Sie es benutzen, und bewahren Sie es nach dem Gebrauch sicher auf.<\/li>\n<li>Auf das Gestell gew\u00e4hren wir 3 Jahre Garantie gegen Herstellungsfehler. Alle Einzelheiten finden Sie auf der Garantieseite hier, f\u00fcr alle anderen Teile gilt eine Garantie von 2 Jahren.<\/li>\n<\/ul>\n<p><strong>Abmessungen:<\/strong><\/p>\n<p>Achsabmessungen: H130 x B38cm (51\u00bc x 15 Zoll)<\/p>\n<p>Geschlossen (einschlie\u00dflich Beine): H136 x B38 x T8,5cm (H53\u00bd x L15 x T3\u00bd Zoll)<\/p>\n<p><strong>Gewicht:<\/strong> 6,4 kg<\/p>\n","protected":false},"excerpt":{"rendered":"<p><br data-mce-bogus=\"1\"><\/p>\n","protected":false},"featured_media":467195,"template":"","meta":{"_acf_changed":false,"inline_featured_image":false},"product_cat":[6817,18096],"product_tag":[25027,14058,25022,18475],"acf":[],"yoast_head":"<!-- This site is optimized with the Yoast SEO Premium plugin v18.6 (Yoast SEO v19.13) - https:\/\/yoast.com\/wordpress\/plugins\/seo\/ -->\n<title>JOSEPH JOSEPH Glide B\u00fcgelbrett Grau<\/title>\n<meta name=\"description\" content=\"Entdecken Sie JOSEPH JOSEPH Glide B\u00fcgelbrett Grau bei ErresseShop. Qualit\u00e4t, Stil und Funktionalit\u00e4t \u2013 jetzt online bestellen!\" \/>\n<meta name=\"robots\" content=\"index, follow, max-snippet:-1, max-image-preview:large, max-video-preview:-1\" \/>\n<link rel=\"canonical\" href=\"https:\/\/www.erresse-shop.it\/de\/shop\/einrichtung-haus\/buegelbretter\/joseph-joseph-glide-compact-buegelbrett-grau\/\" \/>\n<meta property=\"og:locale\" content=\"de_DE\" \/>\n<meta property=\"og:type\" content=\"article\" \/>\n<meta property=\"og:title\" content=\"JOSEPH JOSEPH Glide B\u00fcgelbrett Grau\" \/>\n<meta property=\"og:description\" content=\"Entdecken Sie JOSEPH JOSEPH Glide B\u00fcgelbrett Grau bei ErresseShop. Qualit\u00e4t, Stil und Funktionalit\u00e4t \u2013 jetzt online bestellen!\" \/>\n<meta property=\"og:url\" content=\"https:\/\/www.erresse-shop.it\/de\/shop\/einrichtung-haus\/buegelbretter\/joseph-joseph-glide-compact-buegelbrett-grau\/\" \/>\n<meta property=\"og:site_name\" content=\"Erresse Shop\" \/>\n<meta property=\"article:modified_time\" content=\"2025-09-05T21:00:08+00:00\" \/>\n<meta property=\"og:image\" content=\"https:\/\/www.erresse-shop.it\/wp-content\/uploads\/2024\/05\/JOSEPH-JOSEPH-Glide-Compact-Asse-da-Stiro-Grigio.png\" \/>\n\t<meta property=\"og:image:width\" content=\"800\" \/>\n\t<meta property=\"og:image:height\" content=\"800\" \/>\n\t<meta property=\"og:image:type\" content=\"image\/png\" \/>\n<meta name=\"twitter:card\" content=\"summary_large_image\" \/>\n<script type=\"application\/ld+json\" class=\"yoast-schema-graph\">{\"@context\":\"https:\/\/schema.org\",\"@graph\":[{\"@type\":\"WebPage\",\"@id\":\"https:\/\/www.erresse-shop.it\/de\/shop\/einrichtung-haus\/buegelbretter\/joseph-joseph-glide-compact-buegelbrett-grau\/\",\"url\":\"https:\/\/www.erresse-shop.it\/de\/shop\/einrichtung-haus\/buegelbretter\/joseph-joseph-glide-compact-buegelbrett-grau\/\",\"name\":\"JOSEPH JOSEPH Glide B\u00fcgelbrett Grau\",\"isPartOf\":{\"@id\":\"https:\/\/www.erresse-shop.it\/de\/#website\"},\"datePublished\":\"2024-05-29T10:03:32+00:00\",\"dateModified\":\"2025-09-05T21:00:08+00:00\",\"description\":\"Entdecken Sie JOSEPH JOSEPH Glide B\u00fcgelbrett Grau bei ErresseShop. Qualit\u00e4t, Stil und Funktionalit\u00e4t \u2013 jetzt online bestellen!\",\"breadcrumb\":{\"@id\":\"https:\/\/www.erresse-shop.it\/de\/shop\/einrichtung-haus\/buegelbretter\/joseph-joseph-glide-compact-buegelbrett-grau\/#breadcrumb\"},\"inLanguage\":\"de-DE\",\"potentialAction\":[{\"@type\":\"ReadAction\",\"target\":[\"https:\/\/www.erresse-shop.it\/de\/shop\/einrichtung-haus\/buegelbretter\/joseph-joseph-glide-compact-buegelbrett-grau\/\"]}]},{\"@type\":\"BreadcrumbList\",\"@id\":\"https:\/\/www.erresse-shop.it\/de\/shop\/einrichtung-haus\/buegelbretter\/joseph-joseph-glide-compact-buegelbrett-grau\/#breadcrumb\",\"itemListElement\":[{\"@type\":\"ListItem\",\"position\":1,\"name\":\"Home\",\"item\":\"https:\/\/www.erresse-shop.it\/de\/\"},{\"@type\":\"ListItem\",\"position\":2,\"name\":\"Shop\",\"item\":\"https:\/\/www.erresse-shop.it\/de\/shop\/\"},{\"@type\":\"ListItem\",\"position\":3,\"name\":\"JOSEPH JOSEPH Glide B\u00fcgelbrett Grau\"}]},{\"@type\":\"WebSite\",\"@id\":\"https:\/\/www.erresse-shop.it\/de\/#website\",\"url\":\"https:\/\/www.erresse-shop.it\/de\/\",\"name\":\"Erresse Shop\",\"description\":\"Articoli di qualit\u00e0 per la casa\",\"potentialAction\":[{\"@type\":\"SearchAction\",\"target\":{\"@type\":\"EntryPoint\",\"urlTemplate\":\"https:\/\/www.erresse-shop.it\/de\/?s={search_term_string}\"},\"query-input\":\"required name=search_term_string\"}],\"inLanguage\":\"de-DE\"}]}<\/script>\n<!-- \/ Yoast SEO Premium plugin. -->","yoast_head_json":{"title":"JOSEPH JOSEPH Glide B\u00fcgelbrett Grau","description":"Entdecken Sie JOSEPH JOSEPH Glide B\u00fcgelbrett Grau bei ErresseShop. Qualit\u00e4t, Stil und Funktionalit\u00e4t \u2013 jetzt online bestellen!","robots":{"index":"index","follow":"follow","max-snippet":"max-snippet:-1","max-image-preview":"max-image-preview:large","max-video-preview":"max-video-preview:-1"},"canonical":"https:\/\/www.erresse-shop.it\/de\/shop\/einrichtung-haus\/buegelbretter\/joseph-joseph-glide-compact-buegelbrett-grau\/","og_locale":"de_DE","og_type":"article","og_title":"JOSEPH JOSEPH Glide B\u00fcgelbrett Grau","og_description":"Entdecken Sie JOSEPH JOSEPH Glide B\u00fcgelbrett Grau bei ErresseShop. Qualit\u00e4t, Stil und Funktionalit\u00e4t \u2013 jetzt online bestellen!","og_url":"https:\/\/www.erresse-shop.it\/de\/shop\/einrichtung-haus\/buegelbretter\/joseph-joseph-glide-compact-buegelbrett-grau\/","og_site_name":"Erresse Shop","article_modified_time":"2025-09-05T21:00:08+00:00","og_image":[{"width":800,"height":800,"url":"https:\/\/www.erresse-shop.it\/wp-content\/uploads\/2024\/05\/JOSEPH-JOSEPH-Glide-Compact-Asse-da-Stiro-Grigio.png","type":"image\/png"}],"twitter_card":"summary_large_image","schema":{"@context":"https:\/\/schema.org","@graph":[{"@type":"WebPage","@id":"https:\/\/www.erresse-shop.it\/de\/shop\/einrichtung-haus\/buegelbretter\/joseph-joseph-glide-compact-buegelbrett-grau\/","url":"https:\/\/www.erresse-shop.it\/de\/shop\/einrichtung-haus\/buegelbretter\/joseph-joseph-glide-compact-buegelbrett-grau\/","name":"JOSEPH JOSEPH Glide B\u00fcgelbrett Grau","isPartOf":{"@id":"https:\/\/www.erresse-shop.it\/de\/#website"},"datePublished":"2024-05-29T10:03:32+00:00","dateModified":"2025-09-05T21:00:08+00:00","description":"Entdecken Sie JOSEPH JOSEPH Glide B\u00fcgelbrett Grau bei ErresseShop. Qualit\u00e4t, Stil und Funktionalit\u00e4t \u2013 jetzt online bestellen!","breadcrumb":{"@id":"https:\/\/www.erresse-shop.it\/de\/shop\/einrichtung-haus\/buegelbretter\/joseph-joseph-glide-compact-buegelbrett-grau\/#breadcrumb"},"inLanguage":"de-DE","potentialAction":[{"@type":"ReadAction","target":["https:\/\/www.erresse-shop.it\/de\/shop\/einrichtung-haus\/buegelbretter\/joseph-joseph-glide-compact-buegelbrett-grau\/"]}]},{"@type":"BreadcrumbList","@id":"https:\/\/www.erresse-shop.it\/de\/shop\/einrichtung-haus\/buegelbretter\/joseph-joseph-glide-compact-buegelbrett-grau\/#breadcrumb","itemListElement":[{"@type":"ListItem","position":1,"name":"Home","item":"https:\/\/www.erresse-shop.it\/de\/"},{"@type":"ListItem","position":2,"name":"Shop","item":"https:\/\/www.erresse-shop.it\/de\/shop\/"},{"@type":"ListItem","position":3,"name":"JOSEPH JOSEPH Glide B\u00fcgelbrett Grau"}]},{"@type":"WebSite","@id":"https:\/\/www.erresse-shop.it\/de\/#website","url":"https:\/\/www.erresse-shop.it\/de\/","name":"Erresse Shop","description":"Articoli di qualit\u00e0 per la casa","potentialAction":[{"@type":"SearchAction","target":{"@type":"EntryPoint","urlTemplate":"https:\/\/www.erresse-shop.it\/de\/?s={search_term_string}"},"query-input":"required name=search_term_string"}],"inLanguage":"de-DE"}]}},"df_price":119.95,"df_sale_price":119.95,"df_regular_price":159.99,"df_image_link":"https:\/\/www.erresse-shop.it\/wp-content\/uploads\/2024\/05\/JOSEPH-JOSEPH-Glide-Asse-da-Stiro-Grigio-300x300.jpg","_links":{"self":[{"href":"https:\/\/www.erresse-shop.it\/de\/wp-json\/wp\/v2\/product\/409584"}],"collection":[{"href":"https:\/\/www.erresse-shop.it\/de\/wp-json\/wp\/v2\/product"}],"about":[{"href":"https:\/\/www.erresse-shop.it\/de\/wp-json\/wp\/v2\/types\/product"}],"wp:featuredmedia":[{"embeddable":true,"href":"https:\/\/www.erresse-shop.it\/de\/wp-json\/wp\/v2\/media\/467195"}],"wp:attachment":[{"href":"https:\/\/www.erresse-shop.it\/de\/wp-json\/wp\/v2\/media?parent=409584"}],"wp:term":[{"taxonomy":"product_cat","embeddable":true,"href":"https:\/\/www.erresse-shop.it\/de\/wp-json\/wp\/v2\/product_cat?post=409584"},{"taxonomy":"product_tag","embeddable":true,"href":"https:\/\/www.erresse-shop.it\/de\/wp-json\/wp\/v2\/product_tag?post=409584"}],"curies":[{"name":"wp","href":"https:\/\/api.w.org\/{rel}","templated":true}]}}