{"id":409557,"date":"2024-05-29T09:49:01","date_gmt":"2024-05-29T09:49:02","guid":{"rendered":"https:\/\/www.erresse-shop.it\/?post_type=product&#038;p=409557"},"modified":"2025-05-21T08:51:00","modified_gmt":"2025-05-21T08:51:00","slug":"joseph-joseph-y-rack-2-stoeckiger-geschirrstaender-grau","status":"publish","type":"product","link":"https:\/\/www.erresse-shop.it\/de\/shop\/kuche\/abtropfgestelle\/joseph-joseph-y-rack-2-stoeckiger-geschirrstaender-grau\/","title":{"rendered":"JOSEPH JOSEPH Y-Rack 2-st\u00f6ckiger Geschirrst\u00e4nder Grau"},"content":{"rendered":"<p>Wenn der Platz f\u00fcr den Geschirrst\u00e4nder in den meisten K\u00fcchen begrenzt ist, maximiert dieser clevere Geschirrst\u00e4nder den verf\u00fcgbaren Platz, indem er den vertikalen Bereich \u00fcber dem Geschirrst\u00e4nder nutzt.<\/p>\n<ul>\n<li>Gro\u00dfes Fassungsverm\u00f6gen des Geschirrkorbs bei geringer Stellfl\u00e4che<\/li>\n<li>Kann bis zu 4 Gedecke abtropfen lassen<\/li>\n<li>Gro\u00dfer, selbstentleerender Utensilienbeh\u00e4lter<\/li>\n<li>Der Boden hat einen integrierten Ausguss<\/li>\n<li>Schr\u00e4ge Rippen lassen das Wasser frei ablaufen und die Luft zirkulieren<\/li>\n<li>Kann zur einfachen Reinigung zerlegt werden<\/li>\n<\/ul>\n<p><strong>Pflege und Gebrauch:<\/strong><\/p>\n<ul>\n<li>Nur von Hand waschen<\/li>\n<li>Schwere oder gro\u00dfe Gegenst\u00e4nde sollten nur auf die untere Ablage gestellt werden.<\/li>\n<\/ul>\n<p><strong>Abmessungen:<\/strong><\/p>\n<p>H35,8 x B30,3 x T28,5 cm (H14 x B12 x T11\u00bc Zoll)<\/p>\n<p><strong>Entworfen von Studio17 Design<\/strong><\/p>\n","protected":false},"excerpt":{"rendered":"<p>Wenn der Platz f\u00fcr den Geschirrst\u00e4nder in den meisten K\u00fcchen begrenzt ist, maximiert dieser clevere Geschirrst\u00e4nder den verf\u00fcgbaren Platz, indem<\/p>\n","protected":false},"featured_media":499923,"template":"","meta":{"_acf_changed":false,"inline_featured_image":false},"product_cat":[6742,14050],"product_tag":[25027,11728,25022],"acf":[],"yoast_head":"<!-- This site is optimized with the Yoast SEO Premium plugin v18.6 (Yoast SEO v19.13) - https:\/\/yoast.com\/wordpress\/plugins\/seo\/ -->\n<title>JOSEPH JOSEPH Y-Rack\u2122 2-st\u00f6ckiger Geschirrst\u00e4nder Grau<\/title>\n<meta name=\"description\" content=\"Entdecken Sie JOSEPH JOSEPH Y-Rack\u2122 2-st\u00f6ckiger Geschirrst\u00e4nder Grau bei ErresseShop. Qualit\u00e4t, Stil und Funktionalit\u00e4t \u2013 jetzt online bestellen!\" \/>\n<meta name=\"robots\" content=\"index, follow, max-snippet:-1, max-image-preview:large, max-video-preview:-1\" \/>\n<link rel=\"canonical\" href=\"https:\/\/www.erresse-shop.it\/de\/shop\/kuche\/abtropfgestelle\/joseph-joseph-y-rack-2-stoeckiger-geschirrstaender-grau\/\" \/>\n<meta property=\"og:locale\" content=\"de_DE\" \/>\n<meta property=\"og:type\" content=\"article\" \/>\n<meta property=\"og:title\" content=\"JOSEPH JOSEPH Y-Rack 2-st\u00f6ckiger Geschirrst\u00e4nder Grau\" \/>\n<meta property=\"og:description\" content=\"Entdecken Sie JOSEPH JOSEPH Y-Rack\u2122 2-st\u00f6ckiger Geschirrst\u00e4nder Grau bei ErresseShop. Qualit\u00e4t, Stil und Funktionalit\u00e4t \u2013 jetzt online bestellen!\" \/>\n<meta property=\"og:url\" content=\"https:\/\/www.erresse-shop.it\/de\/shop\/kuche\/abtropfgestelle\/joseph-joseph-y-rack-2-stoeckiger-geschirrstaender-grau\/\" \/>\n<meta property=\"og:site_name\" content=\"Erresse Shop\" \/>\n<meta property=\"article:modified_time\" content=\"2025-05-21T08:51:00+00:00\" \/>\n<meta property=\"og:image\" content=\"https:\/\/www.erresse-shop.it\/wp-content\/uploads\/2024\/05\/JOSEPH-JOSEPH-Scolapiatti-a-2-livelli-Grigio.jpg\" \/>\n\t<meta property=\"og:image:width\" content=\"1200\" \/>\n\t<meta property=\"og:image:height\" content=\"1200\" \/>\n\t<meta property=\"og:image:type\" content=\"image\/jpeg\" \/>\n<meta name=\"twitter:card\" content=\"summary_large_image\" \/>\n<script type=\"application\/ld+json\" class=\"yoast-schema-graph\">{\"@context\":\"https:\/\/schema.org\",\"@graph\":[{\"@type\":\"WebPage\",\"@id\":\"https:\/\/www.erresse-shop.it\/de\/shop\/kuche\/abtropfgestelle\/joseph-joseph-y-rack-2-stoeckiger-geschirrstaender-grau\/\",\"url\":\"https:\/\/www.erresse-shop.it\/de\/shop\/kuche\/abtropfgestelle\/joseph-joseph-y-rack-2-stoeckiger-geschirrstaender-grau\/\",\"name\":\"JOSEPH JOSEPH Y-Rack\u2122 2-st\u00f6ckiger Geschirrst\u00e4nder Grau\",\"isPartOf\":{\"@id\":\"https:\/\/www.erresse-shop.it\/de\/#website\"},\"datePublished\":\"2024-05-29T09:49:02+00:00\",\"dateModified\":\"2025-05-21T08:51:00+00:00\",\"description\":\"Entdecken Sie JOSEPH JOSEPH Y-Rack\u2122 2-st\u00f6ckiger Geschirrst\u00e4nder Grau bei ErresseShop. Qualit\u00e4t, Stil und Funktionalit\u00e4t \u2013 jetzt online bestellen!\",\"breadcrumb\":{\"@id\":\"https:\/\/www.erresse-shop.it\/de\/shop\/kuche\/abtropfgestelle\/joseph-joseph-y-rack-2-stoeckiger-geschirrstaender-grau\/#breadcrumb\"},\"inLanguage\":\"de-DE\",\"potentialAction\":[{\"@type\":\"ReadAction\",\"target\":[\"https:\/\/www.erresse-shop.it\/de\/shop\/kuche\/abtropfgestelle\/joseph-joseph-y-rack-2-stoeckiger-geschirrstaender-grau\/\"]}]},{\"@type\":\"BreadcrumbList\",\"@id\":\"https:\/\/www.erresse-shop.it\/de\/shop\/kuche\/abtropfgestelle\/joseph-joseph-y-rack-2-stoeckiger-geschirrstaender-grau\/#breadcrumb\",\"itemListElement\":[{\"@type\":\"ListItem\",\"position\":1,\"name\":\"Home\",\"item\":\"https:\/\/www.erresse-shop.it\/de\/\"},{\"@type\":\"ListItem\",\"position\":2,\"name\":\"Shop\",\"item\":\"https:\/\/www.erresse-shop.it\/de\/shop\/\"},{\"@type\":\"ListItem\",\"position\":3,\"name\":\"JOSEPH JOSEPH Y-Rack 2-st\u00f6ckiger Geschirrst\u00e4nder Grau\"}]},{\"@type\":\"WebSite\",\"@id\":\"https:\/\/www.erresse-shop.it\/de\/#website\",\"url\":\"https:\/\/www.erresse-shop.it\/de\/\",\"name\":\"Erresse Shop\",\"description\":\"Articoli di qualit\u00e0 per la casa\",\"potentialAction\":[{\"@type\":\"SearchAction\",\"target\":{\"@type\":\"EntryPoint\",\"urlTemplate\":\"https:\/\/www.erresse-shop.it\/de\/?s={search_term_string}\"},\"query-input\":\"required name=search_term_string\"}],\"inLanguage\":\"de-DE\"}]}<\/script>\n<!-- \/ Yoast SEO Premium plugin. -->","yoast_head_json":{"title":"JOSEPH JOSEPH Y-Rack\u2122 2-st\u00f6ckiger Geschirrst\u00e4nder Grau","description":"Entdecken Sie JOSEPH JOSEPH Y-Rack\u2122 2-st\u00f6ckiger Geschirrst\u00e4nder Grau bei ErresseShop. Qualit\u00e4t, Stil und Funktionalit\u00e4t \u2013 jetzt online bestellen!","robots":{"index":"index","follow":"follow","max-snippet":"max-snippet:-1","max-image-preview":"max-image-preview:large","max-video-preview":"max-video-preview:-1"},"canonical":"https:\/\/www.erresse-shop.it\/de\/shop\/kuche\/abtropfgestelle\/joseph-joseph-y-rack-2-stoeckiger-geschirrstaender-grau\/","og_locale":"de_DE","og_type":"article","og_title":"JOSEPH JOSEPH Y-Rack 2-st\u00f6ckiger Geschirrst\u00e4nder Grau","og_description":"Entdecken Sie JOSEPH JOSEPH Y-Rack\u2122 2-st\u00f6ckiger Geschirrst\u00e4nder Grau bei ErresseShop. Qualit\u00e4t, Stil und Funktionalit\u00e4t \u2013 jetzt online bestellen!","og_url":"https:\/\/www.erresse-shop.it\/de\/shop\/kuche\/abtropfgestelle\/joseph-joseph-y-rack-2-stoeckiger-geschirrstaender-grau\/","og_site_name":"Erresse Shop","article_modified_time":"2025-05-21T08:51:00+00:00","og_image":[{"width":1200,"height":1200,"url":"https:\/\/www.erresse-shop.it\/wp-content\/uploads\/2024\/05\/JOSEPH-JOSEPH-Scolapiatti-a-2-livelli-Grigio.jpg","type":"image\/jpeg"}],"twitter_card":"summary_large_image","schema":{"@context":"https:\/\/schema.org","@graph":[{"@type":"WebPage","@id":"https:\/\/www.erresse-shop.it\/de\/shop\/kuche\/abtropfgestelle\/joseph-joseph-y-rack-2-stoeckiger-geschirrstaender-grau\/","url":"https:\/\/www.erresse-shop.it\/de\/shop\/kuche\/abtropfgestelle\/joseph-joseph-y-rack-2-stoeckiger-geschirrstaender-grau\/","name":"JOSEPH JOSEPH Y-Rack\u2122 2-st\u00f6ckiger Geschirrst\u00e4nder Grau","isPartOf":{"@id":"https:\/\/www.erresse-shop.it\/de\/#website"},"datePublished":"2024-05-29T09:49:02+00:00","dateModified":"2025-05-21T08:51:00+00:00","description":"Entdecken Sie JOSEPH JOSEPH Y-Rack\u2122 2-st\u00f6ckiger Geschirrst\u00e4nder Grau bei ErresseShop. Qualit\u00e4t, Stil und Funktionalit\u00e4t \u2013 jetzt online bestellen!","breadcrumb":{"@id":"https:\/\/www.erresse-shop.it\/de\/shop\/kuche\/abtropfgestelle\/joseph-joseph-y-rack-2-stoeckiger-geschirrstaender-grau\/#breadcrumb"},"inLanguage":"de-DE","potentialAction":[{"@type":"ReadAction","target":["https:\/\/www.erresse-shop.it\/de\/shop\/kuche\/abtropfgestelle\/joseph-joseph-y-rack-2-stoeckiger-geschirrstaender-grau\/"]}]},{"@type":"BreadcrumbList","@id":"https:\/\/www.erresse-shop.it\/de\/shop\/kuche\/abtropfgestelle\/joseph-joseph-y-rack-2-stoeckiger-geschirrstaender-grau\/#breadcrumb","itemListElement":[{"@type":"ListItem","position":1,"name":"Home","item":"https:\/\/www.erresse-shop.it\/de\/"},{"@type":"ListItem","position":2,"name":"Shop","item":"https:\/\/www.erresse-shop.it\/de\/shop\/"},{"@type":"ListItem","position":3,"name":"JOSEPH JOSEPH Y-Rack 2-st\u00f6ckiger Geschirrst\u00e4nder Grau"}]},{"@type":"WebSite","@id":"https:\/\/www.erresse-shop.it\/de\/#website","url":"https:\/\/www.erresse-shop.it\/de\/","name":"Erresse Shop","description":"Articoli di qualit\u00e0 per la casa","potentialAction":[{"@type":"SearchAction","target":{"@type":"EntryPoint","urlTemplate":"https:\/\/www.erresse-shop.it\/de\/?s={search_term_string}"},"query-input":"required name=search_term_string"}],"inLanguage":"de-DE"}]}},"df_price":39.95,"df_sale_price":39.95,"df_regular_price":49.99,"df_image_link":"https:\/\/www.erresse-shop.it\/wp-content\/uploads\/2024\/05\/JOSEPH-JOSEPH-Scolapiatti-a-2-livelli-Grigio-300x300.jpg","_links":{"self":[{"href":"https:\/\/www.erresse-shop.it\/de\/wp-json\/wp\/v2\/product\/409557"}],"collection":[{"href":"https:\/\/www.erresse-shop.it\/de\/wp-json\/wp\/v2\/product"}],"about":[{"href":"https:\/\/www.erresse-shop.it\/de\/wp-json\/wp\/v2\/types\/product"}],"wp:featuredmedia":[{"embeddable":true,"href":"https:\/\/www.erresse-shop.it\/de\/wp-json\/wp\/v2\/media\/499923"}],"wp:attachment":[{"href":"https:\/\/www.erresse-shop.it\/de\/wp-json\/wp\/v2\/media?parent=409557"}],"wp:term":[{"taxonomy":"product_cat","embeddable":true,"href":"https:\/\/www.erresse-shop.it\/de\/wp-json\/wp\/v2\/product_cat?post=409557"},{"taxonomy":"product_tag","embeddable":true,"href":"https:\/\/www.erresse-shop.it\/de\/wp-json\/wp\/v2\/product_tag?post=409557"}],"curies":[{"name":"wp","href":"https:\/\/api.w.org\/{rel}","templated":true}]}}