{"id":409272,"date":"2024-05-28T13:48:50","date_gmt":"2024-05-28T13:48:51","guid":{"rendered":"https:\/\/www.erresse-shop.it\/?post_type=product&#038;p=409272"},"modified":"2025-01-17T10:58:40","modified_gmt":"2025-01-17T10:58:40","slug":"le-creuset-gusseisen-evolution-runde-cocotte-22-cm-marseille","status":"publish","type":"product","link":"https:\/\/www.erresse-shop.it\/de\/shop\/toepfe-pfannen\/schalldaempfer-und-kokotten\/le-creuset-gusseisen-evolution-runde-cocotte-22-cm-marseille\/","title":{"rendered":"Le Creuset Gusseisen Evolution Runde Cocotte 22 cm Marseille"},"content":{"rendered":"<p><strong>DIE K\u00d6NIGIN DER K\u00dcCHE<\/strong><br \/>\nSeit fast einem Jahrhundert begeistert sie K\u00f6che und K\u00fcchenchefs in aller Welt: die Cocotte von Le Creuset, ein echter Klassiker. Perfekt konstruiert, um aus jedem Rezept ein geschmackliches Meisterwerk zu machen, wird er Ihr untrennbarer Verb\u00fcndeter bei der Zubereitung von Eint\u00f6pfen, Braten, Suppen und Aufl\u00e4ufen, aber auch beim Backen sein.<\/p>\n<p>Die runde Cocotte Evolution von Le Creuset ist in jeder K\u00fcche unverzichtbar f\u00fcr die Zubereitung schmackhafter und gesunder Gerichte! Dank ihrer Vielseitigkeit wird die runde Cocotte von Le Creuset Ihr t\u00e4glicher Verb\u00fcndeter beim Kochen von Gem\u00fcse, Risotto, Saucen, Brot und tausend anderen Rezepten, mit denen Sie Ihre G\u00e4ste \u00fcberraschen werden.<br \/>\nEmailliertes Gusseisen ist als hervorragender W\u00e4rmeleiter eines der besten Materialien, die in der K\u00fcche verwendet werden k\u00f6nnen. Au\u00dferdem haben Boden, W\u00e4nde und Deckel die gleiche Dicke, was eine gleichm\u00e4\u00dfige W\u00e4rmeaufnahme und -verteilung gew\u00e4hrleistet, ohne dass \u00fcberhitzte Zonen entstehen. Dadurch brennen die Lebensmittel nicht an und bleiben im Inneren nicht roh. Au\u00dferdem verlieren sie beim Kochen keine Fl\u00fcssigkeit, so dass ihre N\u00e4hrstoffe und Vitamine erhalten bleiben.<\/p>\n<p>Die gusseiserne, emaillierte Cocotte von Le Creuset ist seit Generationen ein Synonym f\u00fcr gutes Kochen und hohe Qualit\u00e4t. Sie bringt gesundes Kochen auf die Tische und in die K\u00fcchen der ganzen Welt, passend zu den besten Rezepten.<\/p>\n<p><strong>Eigenschaften von emaillierten Gusseisen-Cocottes<\/strong><\/p>\n<p>&#8211; Gleichm\u00e4\u00dfige W\u00e4rmeverteilung ohne \u00dcberhitzungszonen.<br \/>\n&#8211; Hervorragende W\u00e4rmespeicherung.<br \/>\n&#8211; Knauf aus rostfreiem Stahl, best\u00e4ndig gegen alle Temperaturen.<br \/>\n&#8211; Die Griffe sind f\u00fcr optimalen Halt konzipiert.<br \/>\n&#8211; Innen- und Au\u00dfenfl\u00e4che glasiert. Nimmt keine Feuchtigkeit, keinen Geschmack oder Geruch von Lebensmitteln auf.<br \/>\n&#8211; Von Spitzenk\u00f6chen und Bloggern zum Brotbacken empfohlen.<br \/>\n&#8211; Leichte Reinigung.<br \/>\n&#8211; Au\u00dfergew\u00f6hnliche Haltbarkeit.<\/p>\n<p>Material: verglastes Gusseisen<br \/>\nHergestellt in: Frankreich<br \/>\nGarantie: lebenslang<\/p>\n<p><strong>W\u00e4rmequelle<\/strong>:<\/p>\n<ul>\n<li>Backofen<\/li>\n<li>Backofen Grill-Modus<\/li>\n<li>Kochfeld elektrisch<\/li>\n<li>Keramisches Glas<\/li>\n<li>Gas-Kochfeld<\/li>\n<li>Induktionskochfeld<\/li>\n<\/ul>\n<p><strong>Reinigung und Pflege:<\/strong><\/p>\n<p>Warten Sie, bis das Produkt abgek\u00fchlt ist, bevor Sie es reinigen.<br \/>\nReinigen Sie den Boden und die Seiten des Produkts von eventuellen R\u00fcckst\u00e4nden. Wenn Lebensmittel daran haften, f\u00fcllen Sie das Produkt mit warmer Seifenlauge und lassen Sie es 15-20 Minuten einweichen, bevor Sie es wie gewohnt waschen.<br \/>\nVerwenden Sie keine scheuernden Reinigungsmittel oder scheuernde oder sehr steife Metallschw\u00e4mme oder B\u00fcrsten f\u00fcr die Oberfl\u00e4chen.<br \/>\nNach dem Waschen gut abtrocknen und an einem trockenen Ort aufbewahren.<\/p>\n<div class=\"su-youtube su-u-responsive-media-yes\"><iframe loading=\"lazy\" width=\"500\" height=\"200\" src=\"https:\/\/www.youtube.com\/embed\/YoiKOay1xos?\" frameborder=\"0\" allowfullscreen allow=\"autoplay; encrypted-media; picture-in-picture\" title=\"\"><\/iframe><\/div>\n","protected":false},"excerpt":{"rendered":"<p>DIE K\u00d6NIGIN DER K\u00dcCHE Seit fast einem Jahrhundert begeistert sie K\u00f6che und K\u00fcchenchefs in aller Welt: die Cocotte von Le<\/p>\n","protected":false},"featured_media":465658,"template":"","meta":{"_acf_changed":false,"inline_featured_image":false},"product_cat":[6709,14793],"product_tag":[25088,11387,11381,14827,11383,11385,12315,12992,25022,12205],"acf":[],"yoast_head":"<!-- This site is optimized with the Yoast SEO Premium plugin v18.6 (Yoast SEO v19.13) - https:\/\/yoast.com\/wordpress\/plugins\/seo\/ -->\n<title>Le Creuset Gusseisen Evolution Runde Cocotte 22 cm Marseille<\/title>\n<meta name=\"description\" content=\"Entdecken Sie Le Creuset Gusseisen Evolution Runde Cocotte 22 cm Marseille bei ErresseShop. Qualit\u00e4t, Stil und Funktionalit\u00e4t \u2013 jetzt online bestellen!\" \/>\n<meta name=\"robots\" content=\"index, follow, max-snippet:-1, max-image-preview:large, max-video-preview:-1\" \/>\n<link rel=\"canonical\" href=\"https:\/\/www.erresse-shop.it\/de\/shop\/toepfe-pfannen\/schalldaempfer-und-kokotten\/le-creuset-gusseisen-evolution-runde-cocotte-22-cm-marseille\/\" \/>\n<meta property=\"og:locale\" content=\"de_DE\" \/>\n<meta property=\"og:type\" content=\"article\" \/>\n<meta property=\"og:title\" content=\"Le Creuset Gusseisen Evolution Runde Cocotte 22 cm Marseille\" \/>\n<meta property=\"og:description\" content=\"Entdecken Sie Le Creuset Gusseisen Evolution Runde Cocotte 22 cm Marseille bei ErresseShop. Qualit\u00e4t, Stil und Funktionalit\u00e4t \u2013 jetzt online bestellen!\" \/>\n<meta property=\"og:url\" content=\"https:\/\/www.erresse-shop.it\/de\/shop\/toepfe-pfannen\/schalldaempfer-und-kokotten\/le-creuset-gusseisen-evolution-runde-cocotte-22-cm-marseille\/\" \/>\n<meta property=\"og:site_name\" content=\"Erresse Shop\" \/>\n<meta property=\"article:modified_time\" content=\"2025-01-17T10:58:40+00:00\" \/>\n<meta property=\"og:image\" content=\"https:\/\/www.erresse-shop.it\/wp-content\/uploads\/2024\/05\/LE-CREUSET-Cocotte-Rotonda-Evolution-in-Ghisa-22-cm-Marseille-2.png\" \/>\n\t<meta property=\"og:image:width\" content=\"800\" \/>\n\t<meta property=\"og:image:height\" content=\"800\" \/>\n\t<meta property=\"og:image:type\" content=\"image\/png\" \/>\n<meta name=\"twitter:card\" content=\"summary_large_image\" \/>\n<script type=\"application\/ld+json\" class=\"yoast-schema-graph\">{\"@context\":\"https:\/\/schema.org\",\"@graph\":[{\"@type\":\"WebPage\",\"@id\":\"https:\/\/www.erresse-shop.it\/de\/shop\/toepfe-pfannen\/schalldaempfer-und-kokotten\/le-creuset-gusseisen-evolution-runde-cocotte-22-cm-marseille\/\",\"url\":\"https:\/\/www.erresse-shop.it\/de\/shop\/toepfe-pfannen\/schalldaempfer-und-kokotten\/le-creuset-gusseisen-evolution-runde-cocotte-22-cm-marseille\/\",\"name\":\"Le Creuset Gusseisen Evolution Runde Cocotte 22 cm Marseille\",\"isPartOf\":{\"@id\":\"https:\/\/www.erresse-shop.it\/de\/#website\"},\"datePublished\":\"2024-05-28T13:48:51+00:00\",\"dateModified\":\"2025-01-17T10:58:40+00:00\",\"description\":\"Entdecken Sie Le Creuset Gusseisen Evolution Runde Cocotte 22 cm Marseille bei ErresseShop. Qualit\u00e4t, Stil und Funktionalit\u00e4t \u2013 jetzt online bestellen!\",\"breadcrumb\":{\"@id\":\"https:\/\/www.erresse-shop.it\/de\/shop\/toepfe-pfannen\/schalldaempfer-und-kokotten\/le-creuset-gusseisen-evolution-runde-cocotte-22-cm-marseille\/#breadcrumb\"},\"inLanguage\":\"de-DE\",\"potentialAction\":[{\"@type\":\"ReadAction\",\"target\":[\"https:\/\/www.erresse-shop.it\/de\/shop\/toepfe-pfannen\/schalldaempfer-und-kokotten\/le-creuset-gusseisen-evolution-runde-cocotte-22-cm-marseille\/\"]}]},{\"@type\":\"BreadcrumbList\",\"@id\":\"https:\/\/www.erresse-shop.it\/de\/shop\/toepfe-pfannen\/schalldaempfer-und-kokotten\/le-creuset-gusseisen-evolution-runde-cocotte-22-cm-marseille\/#breadcrumb\",\"itemListElement\":[{\"@type\":\"ListItem\",\"position\":1,\"name\":\"Home\",\"item\":\"https:\/\/www.erresse-shop.it\/de\/\"},{\"@type\":\"ListItem\",\"position\":2,\"name\":\"Shop\",\"item\":\"https:\/\/www.erresse-shop.it\/de\/shop\/\"},{\"@type\":\"ListItem\",\"position\":3,\"name\":\"Le Creuset Gusseisen Evolution Runde Cocotte 22 cm Marseille\"}]},{\"@type\":\"WebSite\",\"@id\":\"https:\/\/www.erresse-shop.it\/de\/#website\",\"url\":\"https:\/\/www.erresse-shop.it\/de\/\",\"name\":\"Erresse Shop\",\"description\":\"Articoli di qualit\u00e0 per la casa\",\"potentialAction\":[{\"@type\":\"SearchAction\",\"target\":{\"@type\":\"EntryPoint\",\"urlTemplate\":\"https:\/\/www.erresse-shop.it\/de\/?s={search_term_string}\"},\"query-input\":\"required name=search_term_string\"}],\"inLanguage\":\"de-DE\"}]}<\/script>\n<!-- \/ Yoast SEO Premium plugin. -->","yoast_head_json":{"title":"Le Creuset Gusseisen Evolution Runde Cocotte 22 cm Marseille","description":"Entdecken Sie Le Creuset Gusseisen Evolution Runde Cocotte 22 cm Marseille bei ErresseShop. Qualit\u00e4t, Stil und Funktionalit\u00e4t \u2013 jetzt online bestellen!","robots":{"index":"index","follow":"follow","max-snippet":"max-snippet:-1","max-image-preview":"max-image-preview:large","max-video-preview":"max-video-preview:-1"},"canonical":"https:\/\/www.erresse-shop.it\/de\/shop\/toepfe-pfannen\/schalldaempfer-und-kokotten\/le-creuset-gusseisen-evolution-runde-cocotte-22-cm-marseille\/","og_locale":"de_DE","og_type":"article","og_title":"Le Creuset Gusseisen Evolution Runde Cocotte 22 cm Marseille","og_description":"Entdecken Sie Le Creuset Gusseisen Evolution Runde Cocotte 22 cm Marseille bei ErresseShop. Qualit\u00e4t, Stil und Funktionalit\u00e4t \u2013 jetzt online bestellen!","og_url":"https:\/\/www.erresse-shop.it\/de\/shop\/toepfe-pfannen\/schalldaempfer-und-kokotten\/le-creuset-gusseisen-evolution-runde-cocotte-22-cm-marseille\/","og_site_name":"Erresse Shop","article_modified_time":"2025-01-17T10:58:40+00:00","og_image":[{"width":800,"height":800,"url":"https:\/\/www.erresse-shop.it\/wp-content\/uploads\/2024\/05\/LE-CREUSET-Cocotte-Rotonda-Evolution-in-Ghisa-22-cm-Marseille-2.png","type":"image\/png"}],"twitter_card":"summary_large_image","schema":{"@context":"https:\/\/schema.org","@graph":[{"@type":"WebPage","@id":"https:\/\/www.erresse-shop.it\/de\/shop\/toepfe-pfannen\/schalldaempfer-und-kokotten\/le-creuset-gusseisen-evolution-runde-cocotte-22-cm-marseille\/","url":"https:\/\/www.erresse-shop.it\/de\/shop\/toepfe-pfannen\/schalldaempfer-und-kokotten\/le-creuset-gusseisen-evolution-runde-cocotte-22-cm-marseille\/","name":"Le Creuset Gusseisen Evolution Runde Cocotte 22 cm Marseille","isPartOf":{"@id":"https:\/\/www.erresse-shop.it\/de\/#website"},"datePublished":"2024-05-28T13:48:51+00:00","dateModified":"2025-01-17T10:58:40+00:00","description":"Entdecken Sie Le Creuset Gusseisen Evolution Runde Cocotte 22 cm Marseille bei ErresseShop. Qualit\u00e4t, Stil und Funktionalit\u00e4t \u2013 jetzt online bestellen!","breadcrumb":{"@id":"https:\/\/www.erresse-shop.it\/de\/shop\/toepfe-pfannen\/schalldaempfer-und-kokotten\/le-creuset-gusseisen-evolution-runde-cocotte-22-cm-marseille\/#breadcrumb"},"inLanguage":"de-DE","potentialAction":[{"@type":"ReadAction","target":["https:\/\/www.erresse-shop.it\/de\/shop\/toepfe-pfannen\/schalldaempfer-und-kokotten\/le-creuset-gusseisen-evolution-runde-cocotte-22-cm-marseille\/"]}]},{"@type":"BreadcrumbList","@id":"https:\/\/www.erresse-shop.it\/de\/shop\/toepfe-pfannen\/schalldaempfer-und-kokotten\/le-creuset-gusseisen-evolution-runde-cocotte-22-cm-marseille\/#breadcrumb","itemListElement":[{"@type":"ListItem","position":1,"name":"Home","item":"https:\/\/www.erresse-shop.it\/de\/"},{"@type":"ListItem","position":2,"name":"Shop","item":"https:\/\/www.erresse-shop.it\/de\/shop\/"},{"@type":"ListItem","position":3,"name":"Le Creuset Gusseisen Evolution Runde Cocotte 22 cm Marseille"}]},{"@type":"WebSite","@id":"https:\/\/www.erresse-shop.it\/de\/#website","url":"https:\/\/www.erresse-shop.it\/de\/","name":"Erresse Shop","description":"Articoli di qualit\u00e0 per la casa","potentialAction":[{"@type":"SearchAction","target":{"@type":"EntryPoint","urlTemplate":"https:\/\/www.erresse-shop.it\/de\/?s={search_term_string}"},"query-input":"required name=search_term_string"}],"inLanguage":"de-DE"}]}},"df_price":141.75,"df_sale_price":141.75,"df_regular_price":315,"df_image_link":"https:\/\/www.erresse-shop.it\/wp-content\/uploads\/2024\/05\/LE-CREUSET-Cocotte-Rotonda-Evolution-in-Ghisa-22-cm-Marseille-300x300.jpg","_links":{"self":[{"href":"https:\/\/www.erresse-shop.it\/de\/wp-json\/wp\/v2\/product\/409272"}],"collection":[{"href":"https:\/\/www.erresse-shop.it\/de\/wp-json\/wp\/v2\/product"}],"about":[{"href":"https:\/\/www.erresse-shop.it\/de\/wp-json\/wp\/v2\/types\/product"}],"wp:featuredmedia":[{"embeddable":true,"href":"https:\/\/www.erresse-shop.it\/de\/wp-json\/wp\/v2\/media\/465658"}],"wp:attachment":[{"href":"https:\/\/www.erresse-shop.it\/de\/wp-json\/wp\/v2\/media?parent=409272"}],"wp:term":[{"taxonomy":"product_cat","embeddable":true,"href":"https:\/\/www.erresse-shop.it\/de\/wp-json\/wp\/v2\/product_cat?post=409272"},{"taxonomy":"product_tag","embeddable":true,"href":"https:\/\/www.erresse-shop.it\/de\/wp-json\/wp\/v2\/product_tag?post=409272"}],"curies":[{"name":"wp","href":"https:\/\/api.w.org\/{rel}","templated":true}]}}