{"id":408958,"date":"2024-05-28T06:07:09","date_gmt":"2024-05-28T06:07:12","guid":{"rendered":"https:\/\/www.erresse-shop.it\/?post_type=product&#038;p=408958"},"modified":"2025-01-17T15:00:19","modified_gmt":"2025-01-17T15:00:19","slug":"smeg-dolce-gabbana-milchaufschaeumer-blau","status":"publish","type":"product","link":"https:\/\/www.erresse-shop.it\/de\/shop\/kleine-elektrogeraete\/milchaufschaumer\/smeg-dolce-gabbana-milchaufschaeumer-blau\/","title":{"rendered":"SMEG Dolce &#038; Gabbana Milchaufsch\u00e4umer Blau"},"content":{"rendered":"<p><strong>SMEG<\/strong> 50er Jahre Serie<\/p>\n<p>Symbolische Begegnungsobjekte, Ikonen, die den Raum verwandeln, die neuen Kleinen der Linie Anni &#8217;50s, die in Zusammenarbeit mit Matteo Bazzicalupo und Raffaella Mangiarotti von deepdesign entworfen wurden, erinnern an andere Zeiten und gestalten allt\u00e4gliche Orte, indem sie dem, was bereits existiert oder existiert hat, eine neue Bedeutung verleihen, wie es in der Kunst und der Erinnerung geschieht.<br \/>\nProdukte mit abgerundeten und kompakten Formen sind Protagonisten der K\u00fcche, die f\u00fcr diejenigen gedacht sind, die die Erfahrung eines K\u00fcchenchefs machen wollen, aber nicht nur. F\u00fcr diejenigen, die sich gerne mit Objekten umgeben, die einen starken \u00e4sthetischen Charakter haben, ohne dabei die hohe Qualit\u00e4t der Leistungen aus den Augen zu verlieren.<\/p>\n<p><strong>EIN DESIGNOBJEKT VOLLER TECHNOLOGIE<\/strong><br \/>\nEntwickelt f\u00fcr hohe Leistung, einfache, sichere und komfortable Bedienung. Das sichere und schnelle Induktionsheizsystem wird erst nach Auswahl der gew\u00fcnschten Zubereitungsart aktiviert und schaltet sich nach Programmende automatisch ab.<\/p>\n<p><strong>CAPPUCCINO, HEISSE MILCH ODER HEISSE SCHOKOLADE? SCHR\u00c4NKEN SIE DEN GENUSS EINER PAUSE NICHT EIN<\/strong><br \/>\nDie MFF01 ist nicht nur eine Cappuccinomaschine. Dank 6 Automatikprogrammen und einer manuellen Funktion kann er hei\u00dfe und kalte Getr\u00e4nke mit oder ohne Schaum zubereiten, ganz nach dem pers\u00f6nlichen Geschmack eines jeden Gastes. Tauschen Sie einfach den mitgelieferten Schneebesen aus, um den Milchaufsch\u00e4umer auch f\u00fcr die Zubereitung von Tee, Kr\u00e4utertees und anderen l\u00f6slichen Hei\u00dfgetr\u00e4nken, wie Gerstenkaffee, zu verwenden.<\/p>\n<p><strong>SCHOKOLADENPROGRAMM<\/strong><br \/>\nDurch die Wahl der Schokoladenfunktion und die Verwendung von Zutaten nach traditionellem Rezept &#8211; Milch und Schokoladenst\u00fcckchen &#8211; l\u00e4sst sich dank der sanften Bewegung des Quirls und der optimalen voreingestellten Temperatur m\u00fchelos eine vollmundige, zarte und echte Schokolade herstellen.<\/p>\n<p><strong>AESTHETICS<\/strong><br \/>\n<strong>Farbe<\/strong>: Dekoriert \/ Spezial<br \/>\n<strong>Ausf\u00fchrung<\/strong>: Gl\u00e4nzend<br \/>\n<strong>Serie<\/strong>: 50er Jahre Stil<br \/>\n<strong>Kollaborationen<\/strong>: Smeg &amp; Dolce&amp;Gabbana<br \/>\n<strong>Geh\u00e4usematerial<\/strong>: Rostfreier Stahl<br \/>\n<strong>Material des Deckels<\/strong>: BPA-freier Kunststoff<br \/>\n<strong>Material der Messkappe<\/strong>: BPA-freier Kunststoff<br \/>\n<strong>Material der Karaffe<\/strong>: Rostfreier Stahl<br \/>\n<strong>Grifffarbe<\/strong>: Grau innen \/ Chrom poliert au\u00dfen<br \/>\n<strong>Griffmaterial<\/strong>: Kunststoff innen \/ Edelstahl au\u00dfen<br \/>\n<strong>Material der Manschette<\/strong>: Kunststoff<br \/>\n<strong>Farbe des Sockels<\/strong>: Poliertes Chrom<br \/>\n<strong>Farbe der Manschette<\/strong>: Poliertes Chrom<br \/>\n<strong>Material der Grundplatte<\/strong>: Kunststoff<br \/>\n<strong>Farbe des Netzkabels<\/strong>: Grau<\/p>\n<p><strong>KOMMANDOS<\/strong><br \/>\n<strong>Steuerungstyp<\/strong>: Taste, Knopf<br \/>\n<strong>Material des Knopfes<\/strong>: Kunststoff<br \/>\n<strong>Material der Taste<\/strong>: Kunststoff<\/p>\n<p><strong>PROGRAMME \/ FUNKTIONEN<\/strong><br \/>\n<strong>Hei\u00dfe-Schokolade-Funktion<\/strong>: Ja<br \/>\n<strong>Hei\u00dfe-Milch-Funktion<\/strong>: Ja<br \/>\n<strong>Hei\u00dfe Milch Funktion mit leichtem Schaum<\/strong>: Ja<br \/>\n<strong>Hei\u00dfe Milch Funktion mit dickem Schaum<\/strong>: Ja<br \/>\n<strong>Eismilchfunktion mit leichtem Schaum<\/strong>: Ja<br \/>\n<strong>Funktion kalte Milch mit dickem Schaum<\/strong>: Ja<br \/>\n<strong>Manuelle Hei\u00dffunktion<\/strong>: Ja<br \/>\n<strong>Manuelle Kaltfunktion<\/strong>: Ja<\/p>\n<p><strong>TECHNISCHE MERKMALE<\/strong><br \/>\n<strong>Induktionssystem mit automatischer Abschaltung<\/strong>: Ja<br \/>\n<strong>Abnehmbare Messkappe<\/strong>: Ja<br \/>\n<strong>Abnehmbare Karaffe<\/strong>: Ja<br \/>\n<strong>Fassungsverm\u00f6gen des Milchschaumbechers<\/strong>: 250 ml \/ 1 Tasse<br \/>\n<strong>Fassungsverm\u00f6gen des Milch- und Schokoladenerw\u00e4rmungsbechers<\/strong>: 600 ml \/ 2,5 Tassen<br \/>\n<strong>Rutschfester Boden<\/strong>: Ja<br \/>\n<strong>Integrierte Kabelaufwicklung<\/strong>: Ja<\/p>\n<p><strong>ELEKTRISCHER ANSCHLUSS<\/strong><br \/>\n<strong>Spannung<\/strong>:220-240 V<br \/>\n<strong>Frequenz<\/strong>:50\/60 Hz<br \/>\n<strong>Leistung<\/strong>:500 W<br \/>\n<strong>L\u00e4nge des Netzkabels<\/strong>:1 m<\/p>\n<p><strong>MITGELIEFERTES ZUBEH\u00d6R<\/strong><br \/>\n<strong>Glatter Schneebesen f\u00fcr hei\u00dfe Milch und manuelle Funktion<\/strong>: Ja<br \/>\n<strong>Schneebesen mit Einkerbung f\u00fcr Milchaufsch\u00e4umer und manuelle Funktion<\/strong>: Ja<br \/>\n<strong>Material Schneebesen<\/strong>: Kunststoff<br \/>\n<strong>Farbe Schneebesen<\/strong>: Grau<\/p>\n<p><u style=\"font-size: 13px; line-height: 20.8px;\"><strong>Nicht zum Verkauf au\u00dferhalb Europas<\/strong><\/u><\/p>\n","protected":false},"excerpt":{"rendered":"<p>SMEG 50er Jahre Serie Symbolische Begegnungsobjekte, Ikonen, die den Raum verwandeln, die neuen Kleinen der Linie Anni &#8217;50s, die in<\/p>\n","protected":false},"featured_media":457122,"template":"","meta":{"_acf_changed":false,"inline_featured_image":false},"product_cat":[6703,20619],"product_tag":[25182,23624,11837,23564,24681,11718,20627,12357,25022],"acf":[],"yoast_head":"<!-- This site is optimized with the Yoast SEO Premium plugin v18.6 (Yoast SEO v19.13) - https:\/\/yoast.com\/wordpress\/plugins\/seo\/ -->\n<title>SMEG Dolce &amp; Gabbana Milchaufsch\u00e4umer Blau<\/title>\n<meta name=\"description\" content=\"Entdecken Sie SMEG Dolce &amp; Gabbana Milchaufsch\u00e4umer Blau bei ErresseShop. Qualit\u00e4t, Stil und Funktionalit\u00e4t \u2013 jetzt online bestellen!\" \/>\n<meta name=\"robots\" content=\"index, follow, max-snippet:-1, max-image-preview:large, max-video-preview:-1\" \/>\n<link rel=\"canonical\" href=\"https:\/\/www.erresse-shop.it\/de\/shop\/kleine-elektrogeraete\/milchaufschaumer\/smeg-dolce-gabbana-milchaufschaeumer-blau\/\" \/>\n<meta property=\"og:locale\" content=\"de_DE\" \/>\n<meta property=\"og:type\" content=\"article\" \/>\n<meta property=\"og:title\" content=\"SMEG Dolce &amp; Gabbana Milchaufsch\u00e4umer Blau\" \/>\n<meta property=\"og:description\" content=\"Entdecken Sie SMEG Dolce &amp; Gabbana Milchaufsch\u00e4umer Blau bei ErresseShop. Qualit\u00e4t, Stil und Funktionalit\u00e4t \u2013 jetzt online bestellen!\" \/>\n<meta property=\"og:url\" content=\"https:\/\/www.erresse-shop.it\/de\/shop\/kleine-elektrogeraete\/milchaufschaumer\/smeg-dolce-gabbana-milchaufschaeumer-blau\/\" \/>\n<meta property=\"og:site_name\" content=\"Erresse Shop\" \/>\n<meta property=\"article:modified_time\" content=\"2025-01-17T15:00:19+00:00\" \/>\n<meta property=\"og:image\" content=\"https:\/\/www.erresse-shop.it\/wp-content\/uploads\/2024\/05\/SMEG-Dolce-Gabbana-Montalatte-Blu.jpg\" \/>\n\t<meta property=\"og:image:width\" content=\"1200\" \/>\n\t<meta property=\"og:image:height\" content=\"1200\" \/>\n\t<meta property=\"og:image:type\" content=\"image\/jpeg\" \/>\n<meta name=\"twitter:card\" content=\"summary_large_image\" \/>\n<script type=\"application\/ld+json\" class=\"yoast-schema-graph\">{\"@context\":\"https:\/\/schema.org\",\"@graph\":[{\"@type\":\"WebPage\",\"@id\":\"https:\/\/www.erresse-shop.it\/de\/shop\/kleine-elektrogeraete\/milchaufschaumer\/smeg-dolce-gabbana-milchaufschaeumer-blau\/\",\"url\":\"https:\/\/www.erresse-shop.it\/de\/shop\/kleine-elektrogeraete\/milchaufschaumer\/smeg-dolce-gabbana-milchaufschaeumer-blau\/\",\"name\":\"SMEG Dolce & Gabbana Milchaufsch\u00e4umer Blau\",\"isPartOf\":{\"@id\":\"https:\/\/www.erresse-shop.it\/de\/#website\"},\"datePublished\":\"2024-05-28T06:07:12+00:00\",\"dateModified\":\"2025-01-17T15:00:19+00:00\",\"description\":\"Entdecken Sie SMEG Dolce & Gabbana Milchaufsch\u00e4umer Blau bei ErresseShop. Qualit\u00e4t, Stil und Funktionalit\u00e4t \u2013 jetzt online bestellen!\",\"breadcrumb\":{\"@id\":\"https:\/\/www.erresse-shop.it\/de\/shop\/kleine-elektrogeraete\/milchaufschaumer\/smeg-dolce-gabbana-milchaufschaeumer-blau\/#breadcrumb\"},\"inLanguage\":\"de-DE\",\"potentialAction\":[{\"@type\":\"ReadAction\",\"target\":[\"https:\/\/www.erresse-shop.it\/de\/shop\/kleine-elektrogeraete\/milchaufschaumer\/smeg-dolce-gabbana-milchaufschaeumer-blau\/\"]}]},{\"@type\":\"BreadcrumbList\",\"@id\":\"https:\/\/www.erresse-shop.it\/de\/shop\/kleine-elektrogeraete\/milchaufschaumer\/smeg-dolce-gabbana-milchaufschaeumer-blau\/#breadcrumb\",\"itemListElement\":[{\"@type\":\"ListItem\",\"position\":1,\"name\":\"Home\",\"item\":\"https:\/\/www.erresse-shop.it\/de\/\"},{\"@type\":\"ListItem\",\"position\":2,\"name\":\"Shop\",\"item\":\"https:\/\/www.erresse-shop.it\/de\/shop\/\"},{\"@type\":\"ListItem\",\"position\":3,\"name\":\"SMEG Dolce &#038; Gabbana Milchaufsch\u00e4umer Blau\"}]},{\"@type\":\"WebSite\",\"@id\":\"https:\/\/www.erresse-shop.it\/de\/#website\",\"url\":\"https:\/\/www.erresse-shop.it\/de\/\",\"name\":\"Erresse Shop\",\"description\":\"Articoli di qualit\u00e0 per la casa\",\"potentialAction\":[{\"@type\":\"SearchAction\",\"target\":{\"@type\":\"EntryPoint\",\"urlTemplate\":\"https:\/\/www.erresse-shop.it\/de\/?s={search_term_string}\"},\"query-input\":\"required name=search_term_string\"}],\"inLanguage\":\"de-DE\"}]}<\/script>\n<!-- \/ Yoast SEO Premium plugin. -->","yoast_head_json":{"title":"SMEG Dolce & Gabbana Milchaufsch\u00e4umer Blau","description":"Entdecken Sie SMEG Dolce & Gabbana Milchaufsch\u00e4umer Blau bei ErresseShop. Qualit\u00e4t, Stil und Funktionalit\u00e4t \u2013 jetzt online bestellen!","robots":{"index":"index","follow":"follow","max-snippet":"max-snippet:-1","max-image-preview":"max-image-preview:large","max-video-preview":"max-video-preview:-1"},"canonical":"https:\/\/www.erresse-shop.it\/de\/shop\/kleine-elektrogeraete\/milchaufschaumer\/smeg-dolce-gabbana-milchaufschaeumer-blau\/","og_locale":"de_DE","og_type":"article","og_title":"SMEG Dolce & Gabbana Milchaufsch\u00e4umer Blau","og_description":"Entdecken Sie SMEG Dolce & Gabbana Milchaufsch\u00e4umer Blau bei ErresseShop. Qualit\u00e4t, Stil und Funktionalit\u00e4t \u2013 jetzt online bestellen!","og_url":"https:\/\/www.erresse-shop.it\/de\/shop\/kleine-elektrogeraete\/milchaufschaumer\/smeg-dolce-gabbana-milchaufschaeumer-blau\/","og_site_name":"Erresse Shop","article_modified_time":"2025-01-17T15:00:19+00:00","og_image":[{"width":1200,"height":1200,"url":"https:\/\/www.erresse-shop.it\/wp-content\/uploads\/2024\/05\/SMEG-Dolce-Gabbana-Montalatte-Blu.jpg","type":"image\/jpeg"}],"twitter_card":"summary_large_image","schema":{"@context":"https:\/\/schema.org","@graph":[{"@type":"WebPage","@id":"https:\/\/www.erresse-shop.it\/de\/shop\/kleine-elektrogeraete\/milchaufschaumer\/smeg-dolce-gabbana-milchaufschaeumer-blau\/","url":"https:\/\/www.erresse-shop.it\/de\/shop\/kleine-elektrogeraete\/milchaufschaumer\/smeg-dolce-gabbana-milchaufschaeumer-blau\/","name":"SMEG Dolce & Gabbana Milchaufsch\u00e4umer Blau","isPartOf":{"@id":"https:\/\/www.erresse-shop.it\/de\/#website"},"datePublished":"2024-05-28T06:07:12+00:00","dateModified":"2025-01-17T15:00:19+00:00","description":"Entdecken Sie SMEG Dolce & Gabbana Milchaufsch\u00e4umer Blau bei ErresseShop. Qualit\u00e4t, Stil und Funktionalit\u00e4t \u2013 jetzt online bestellen!","breadcrumb":{"@id":"https:\/\/www.erresse-shop.it\/de\/shop\/kleine-elektrogeraete\/milchaufschaumer\/smeg-dolce-gabbana-milchaufschaeumer-blau\/#breadcrumb"},"inLanguage":"de-DE","potentialAction":[{"@type":"ReadAction","target":["https:\/\/www.erresse-shop.it\/de\/shop\/kleine-elektrogeraete\/milchaufschaumer\/smeg-dolce-gabbana-milchaufschaeumer-blau\/"]}]},{"@type":"BreadcrumbList","@id":"https:\/\/www.erresse-shop.it\/de\/shop\/kleine-elektrogeraete\/milchaufschaumer\/smeg-dolce-gabbana-milchaufschaeumer-blau\/#breadcrumb","itemListElement":[{"@type":"ListItem","position":1,"name":"Home","item":"https:\/\/www.erresse-shop.it\/de\/"},{"@type":"ListItem","position":2,"name":"Shop","item":"https:\/\/www.erresse-shop.it\/de\/shop\/"},{"@type":"ListItem","position":3,"name":"SMEG Dolce &#038; Gabbana Milchaufsch\u00e4umer Blau"}]},{"@type":"WebSite","@id":"https:\/\/www.erresse-shop.it\/de\/#website","url":"https:\/\/www.erresse-shop.it\/de\/","name":"Erresse Shop","description":"Articoli di qualit\u00e0 per la casa","potentialAction":[{"@type":"SearchAction","target":{"@type":"EntryPoint","urlTemplate":"https:\/\/www.erresse-shop.it\/de\/?s={search_term_string}"},"query-input":"required name=search_term_string"}],"inLanguage":"de-DE"}]}},"df_price":514.95,"df_sale_price":514.95,"df_regular_price":599,"df_image_link":"https:\/\/www.erresse-shop.it\/wp-content\/uploads\/2024\/05\/SMEG-Dolce-Gabbana-Montalatte-Blu-300x300.jpg","_links":{"self":[{"href":"https:\/\/www.erresse-shop.it\/de\/wp-json\/wp\/v2\/product\/408958"}],"collection":[{"href":"https:\/\/www.erresse-shop.it\/de\/wp-json\/wp\/v2\/product"}],"about":[{"href":"https:\/\/www.erresse-shop.it\/de\/wp-json\/wp\/v2\/types\/product"}],"wp:featuredmedia":[{"embeddable":true,"href":"https:\/\/www.erresse-shop.it\/de\/wp-json\/wp\/v2\/media\/457122"}],"wp:attachment":[{"href":"https:\/\/www.erresse-shop.it\/de\/wp-json\/wp\/v2\/media?parent=408958"}],"wp:term":[{"taxonomy":"product_cat","embeddable":true,"href":"https:\/\/www.erresse-shop.it\/de\/wp-json\/wp\/v2\/product_cat?post=408958"},{"taxonomy":"product_tag","embeddable":true,"href":"https:\/\/www.erresse-shop.it\/de\/wp-json\/wp\/v2\/product_tag?post=408958"}],"curies":[{"name":"wp","href":"https:\/\/api.w.org\/{rel}","templated":true}]}}